{"id":7944,"date":"2023-05-21T23:46:35","date_gmt":"2023-05-22T02:46:35","guid":{"rendered":"https:\/\/universofamilia.com\/?page_id=2"},"modified":"2025-11-04T11:43:55","modified_gmt":"2025-11-04T14:43:55","slug":"quienes-somos","status":"publish","type":"page","link":"http:\/\/universofamilia.com\/bn\/quienes-somos\/","title":{"rendered":"\u0986\u09ae\u09b0\u09be \u0995\u09be\u09b0\u09be"},"content":{"rendered":"<p>\u09ad\u09bf\u09a4\u09b0\u09c7 <strong>\u09aa\u09be\u09b0\u09bf\u09ac\u09be\u09b0\u09bf\u0995 \u09ae\u09b9\u09be\u09ac\u09bf\u09b6\u09cd\u09ac<\/strong>\u0986\u09ae\u09b0\u09be \u09ac\u09bf\u09b6\u09cd\u09ac\u09be\u09b8 \u0995\u09b0\u09bf \u09af\u09c7 \u099c\u09cd\u099e\u09be\u09a8 \u098f\u09ac\u0982 \u09aa\u09be\u09b0\u09bf\u09ac\u09be\u09b0\u09bf\u0995 \u0990\u0995\u09cd\u09af \u09ac\u09bf\u09b6\u09cd\u09ac\u0995\u09c7 \u09ac\u09a6\u09b2\u09c7 \u09a6\u09bf\u09a4\u09c7 \u09aa\u09be\u09b0\u09c7\u0964 \u0986\u09ae\u09b0\u09be \u098f\u0995\u099f\u09bf \u09a1\u09bf\u099c\u09bf\u099f\u09be\u09b2 \u09b8\u09cd\u09a5\u09be\u09a8 \u09af\u09be \u0986\u09a7\u09c1\u09a8\u09bf\u0995 \u09aa\u09b0\u09bf\u09ac\u09be\u09b0\u0997\u09c1\u09b2\u09bf\u0995\u09c7 \u09a4\u09be\u09a6\u09c7\u09b0 \u09a6\u09c8\u09a8\u09a8\u09cd\u09a6\u09bf\u09a8 \u099c\u09c0\u09ac\u09a8\u09c7 \u0985\u09a8\u09c1\u09aa\u09cd\u09b0\u09be\u09a3\u09bf\u09a4, \u09a4\u09a5\u09cd\u09af \u09aa\u09cd\u09b0\u09a6\u09be\u09a8 \u098f\u09ac\u0982 \u09b8\u09b9\u09be\u09af\u09bc\u09a4\u09be \u0995\u09b0\u09be\u09b0 \u099c\u09a8\u09cd\u09af \u09a4\u09c8\u09b0\u09bf \u0995\u09b0\u09be \u09b9\u09af\u09bc\u09c7\u099b\u09c7, \u09af\u09be \u09b8\u09ae\u09cd\u09aa\u09b0\u09cd\u0995\u09c7 \u09ae\u09be\u09a8\u09b8\u09ae\u09cd\u09aa\u09a8\u09cd\u09a8 \u09b8\u09be\u09ae\u0997\u09cd\u09b0\u09c0 \u09b8\u09b0\u09ac\u09b0\u09be\u09b9 \u0995\u09b0\u09c7 <strong>\u09aa\u09cd\u09b0\u09af\u09c1\u0995\u09cd\u09a4\u09bf, \u0995\u09cd\u09af\u09be\u09b0\u09bf\u09af\u09bc\u09be\u09b0\u09c7\u09b0 \u09aa\u09a5, \u098f\u09ac\u0982 \u09ac\u09be\u09b8\u09cd\u09a4\u09ac \u099c\u09c0\u09ac\u09a8\u0995\u09c7 \u09aa\u09cd\u09b0\u09ad\u09be\u09ac\u09bf\u09a4 \u0995\u09b0\u09c7 \u098f\u09ae\u09a8 \u09b8\u0982\u09ac\u09be\u09a6<\/strong>.<\/p>\n\n\n\n<p>\u0986\u09ae\u09be\u09a6\u09c7\u09b0 \u09b2\u0995\u09cd\u09b7\u09cd\u09af \u09b9\u09b2 \u09aa\u09cd\u09b0\u09a4\u09bf\u099f\u09bf \u09aa\u09be\u09a0\u0995\u0995\u09c7 \u09a8\u09a4\u09c1\u09a8 \u09a8\u09a4\u09c1\u09a8 \u09b9\u09be\u09a4\u09bf\u09af\u09bc\u09be\u09b0, \u09a7\u09be\u09b0\u09a3\u09be \u098f\u09ac\u0982 \u09a6\u09c3\u09b7\u09cd\u099f\u09bf\u09ad\u0999\u09cd\u0997\u09bf \u0986\u09ac\u09bf\u09b7\u09cd\u0995\u09be\u09b0 \u0995\u09b0\u09a4\u09c7 \u09b8\u09be\u09b9\u09be\u09af\u09cd\u09af \u0995\u09b0\u09be \u09af\u09be \u09a4\u09be\u09a6\u09c7\u09b0 \u099c\u09c0\u09ac\u09a8\u0995\u09c7 \u09b8\u09b9\u099c \u0995\u09b0\u09c7 \u09a4\u09cb\u09b2\u09c7, \u09a4\u09be\u09a6\u09c7\u09b0 \u09ae\u0999\u09cd\u0997\u09b2 \u0989\u09a8\u09cd\u09a8\u09a4 \u0995\u09b0\u09c7 \u098f\u09ac\u0982 \u09aa\u09be\u09b0\u09bf\u09ac\u09be\u09b0\u09bf\u0995 \u09ac\u09a8\u09cd\u09a7\u09a8\u0995\u09c7 \u09b6\u0995\u09cd\u09a4\u09bf\u09b6\u09be\u09b2\u09c0 \u0995\u09b0\u09c7, \u098f\u09ac\u0982 \u098f\u0995\u0987 \u09b8\u09be\u09a5\u09c7 \u0986\u09a7\u09c1\u09a8\u09bf\u0995 \u09ac\u09bf\u09b6\u09cd\u09ac\u09c7\u09b0 \u0985\u0997\u09cd\u09b0\u0997\u09a4\u09bf\u09b0 \u09b8\u09be\u09a5\u09c7 \u09a4\u09be\u09b2 \u09ae\u09bf\u09b2\u09bf\u09af\u09bc\u09c7 \u099a\u09b2\u09a4\u09c7 \u09b8\u09be\u09b9\u09be\u09af\u09cd\u09af \u0995\u09b0\u09c7\u0964<\/p>\n\n\n\n<h2 class=\"wp-block-heading\"><strong>\u0986\u09ae\u09be\u09a6\u09c7\u09b0 \u09b2\u0995\u09cd\u09b7\u09cd\u09af<\/strong><\/h2>\n\n\n\n<p>\u0986\u09ae\u09be\u09a6\u09c7\u09b0 \u09b2\u0995\u09cd\u09b7\u09cd\u09af \u09b9\u09b2 <strong>\u09a6\u09b0\u0995\u09be\u09b0\u09c0 \u098f\u09ac\u0982 \u09a8\u09bf\u09b0\u09cd\u09ad\u09b0\u09af\u09cb\u0997\u09cd\u09af \u09a4\u09a5\u09cd\u09af \u0986\u09b0\u0993 \u0995\u09be\u099b\u09c7 \u0986\u09a8\u09a4\u09c7<\/strong> \u0986\u09ae\u09b0\u09be \u09b8\u0995\u09b2 \u09ac\u09af\u09bc\u09b8\u09c7\u09b0 \u09ae\u09be\u09a8\u09c1\u09b7\u09c7\u09b0 \u0995\u09be\u099b\u09c7 \u09b8\u09cd\u09aa\u09b7\u09cd\u099f, \u09b8\u09b9\u099c\u09b2\u09ad\u09cd\u09af \u098f\u09ac\u0982 \u09b9\u09be\u09b2\u09a8\u09be\u0997\u09be\u09a6 \u09a4\u09a5\u09cd\u09af \u09aa\u09cd\u09b0\u09a6\u09be\u09a8\u09c7\u09b0 \u09b2\u0995\u09cd\u09b7\u09cd\u09af \u09b0\u09be\u0996\u09bf\u0964 \u0986\u09ae\u09b0\u09be \u099a\u09be\u0987 \u0987\u0989\u09a8\u09bf\u09ad\u09be\u09b0\u09cd\u09b8\u09cb \u09ab\u09cd\u09af\u09be\u09ae\u09bf\u09b2\u09bf\u09af\u09bc\u09be\u09af\u09bc \u09aa\u09cd\u09b0\u09a4\u09bf\u099f\u09bf \u09ad\u09cd\u09b0\u09ae\u09a3 \u098f\u0995\u099f\u09bf \u09b8\u09ae\u09c3\u09a6\u09cd\u09a7 \u0985\u09ad\u09bf\u099c\u09cd\u099e\u09a4\u09be \u09b9\u09cb\u0995, \u09af\u09c7\u0996\u09be\u09a8\u09c7 \u0986\u09aa\u09a8\u09bf \u09a8\u09a4\u09c1\u09a8 \u0995\u09bf\u099b\u09c1 \u09b6\u09bf\u0996\u09ac\u09c7\u09a8 \u098f\u09ac\u0982 \u0986\u09aa\u09a8\u09be\u09b0 \u09ac\u09cd\u09af\u0995\u09cd\u09a4\u09bf\u0997\u09a4 \u098f\u09ac\u0982 \u09aa\u09c7\u09b6\u09be\u09a6\u09be\u09b0 \u09b2\u0995\u09cd\u09b7\u09cd\u09af \u0985\u09b0\u09cd\u099c\u09a8\u09c7\u09b0 \u099c\u09a8\u09cd\u09af \u0985\u09a8\u09c1\u09aa\u09cd\u09b0\u09c7\u09b0\u09a3\u09be \u09aa\u09be\u09ac\u09c7\u09a8\u0964<\/p>\n\n\n\n<h2 class=\"wp-block-heading\"><strong>\u0986\u09ae\u09be\u09a6\u09c7\u09b0 \u09a6\u09c3\u09b7\u09cd\u099f\u09bf\u09ad\u0999\u09cd\u0997\u09bf<\/strong><\/h2>\n\n\n\n<p>\u09b8\u09cd\u09aa\u09cd\u09af\u09be\u09a8\u09bf\u09b6 \u09ad\u09be\u09b7\u09be\u09b0 \u09b8\u09ac\u099a\u09c7\u09af\u09bc\u09c7 \u09ac\u09bf\u09b6\u09cd\u09ac\u09b8\u09cd\u09a4 \u09a1\u09bf\u099c\u09bf\u099f\u09be\u09b2 \u09b8\u09ae\u09cd\u09aa\u09cd\u09b0\u09a6\u09be\u09af\u09bc\u0997\u09c1\u09b2\u09bf\u09b0 \u09ae\u09a7\u09cd\u09af\u09c7 \u098f\u0995\u099f\u09bf \u09b9\u09a4\u09c7, \u09af\u09c7\u0996\u09be\u09a8\u09c7 \u09aa\u09b0\u09bf\u09ac\u09be\u09b0\u0997\u09c1\u09b2\u09bf \u0985\u09a8\u09c1\u09aa\u09cd\u09b0\u09c7\u09b0\u09a3\u09be, \u09aa\u09cd\u09b0\u09af\u09c1\u0995\u09cd\u09a4\u09bf\u0997\u09a4 \u09b8\u09ae\u09be\u09a7\u09be\u09a8, \u099a\u09be\u0995\u09b0\u09bf \u09ac\u09c3\u09a6\u09cd\u09a7\u09bf\u09b0 \u09b8\u09c1\u09af\u09cb\u0997 \u098f\u09ac\u0982 \u09b8\u09b0\u09cd\u09ac\u09b6\u09c7\u09b7 \u09b8\u0982\u09ac\u09be\u09a6 \u0996\u09c1\u0981\u099c\u09c7 \u09aa\u09be\u09af\u09bc \u09af\u09be \u09b8\u09a4\u09cd\u09af\u09bf\u0987 \u0997\u09c1\u09b0\u09c1\u09a4\u09cd\u09ac\u09aa\u09c2\u09b0\u09cd\u09a3\u0964<br>\u0986\u09aa\u09a8\u09bf \u09af\u0996\u09a8 \u0985\u09a8\u09c1\u09b8\u09a8\u09cd\u09a7\u09be\u09a8 \u0995\u09b0\u09ac\u09c7\u09a8 \u09a4\u0996\u09a8 \u0986\u09ae\u09b0\u09be \u0986\u09aa\u09a8\u09be\u09b0 \u09a4\u09a5\u09cd\u09af\u09c7\u09b0 \u09aa\u09cd\u09b0\u09a5\u09ae \u0989\u09ce\u09b8 \u09b9\u09a4\u09c7 \u099a\u09be\u0987 <strong>\u09aa\u09cd\u09b0\u09af\u09c1\u0995\u09cd\u09a4\u09bf \u098f\u09ac\u0982 \u09b6\u09bf\u0995\u09cd\u09b7\u09be\u09b0 \u09b8\u09be\u09b9\u09be\u09af\u09cd\u09af\u09c7 \u0995\u09c0\u09ad\u09be\u09ac\u09c7 \u0986\u09aa\u09a8\u09be\u09b0 \u099c\u09c0\u09ac\u09a8 \u0989\u09a8\u09cd\u09a8\u09a4 \u0995\u09b0\u09ac\u09c7\u09a8<\/strong>.<\/p>\n\n\n\n<h2 class=\"wp-block-heading\"><strong>\u0986\u09ae\u09be\u09a6\u09c7\u09b0 \u09ae\u09c2\u09b2\u09cd\u09af\u09ac\u09cb\u09a7<\/strong><\/h2>\n\n\n\n<ul>\n<li><strong>\u09b8\u09cd\u09ac\u099a\u09cd\u099b\u09a4\u09be:<\/strong> \u0986\u09ae\u09b0\u09be \u09a8\u09bf\u09b0\u09cd\u09ad\u09b0\u09af\u09cb\u0997\u09cd\u09af \u0989\u09ce\u09b8 \u098f\u09ac\u0982 \u09b8\u09ce \u09ad\u09be\u09b7\u09be \u09ac\u09cd\u09af\u09ac\u09b9\u09be\u09b0 \u0995\u09b0\u09c7 \u09af\u09be\u099a\u09be\u0987\u0995\u09c3\u09a4 \u09ac\u09bf\u09b7\u09af\u09bc\u09ac\u09b8\u09cd\u09a4\u09c1 \u09aa\u09cd\u09b0\u0995\u09be\u09b6 \u0995\u09b0\u09bf\u0964<\/li>\n\n\n\n<li><strong>\u09b6\u09bf\u0995\u09cd\u09b7\u09be:<\/strong> \u0986\u09ae\u09b0\u09be \u09aa\u09cd\u09b0\u09af\u09c1\u0995\u09cd\u09a4\u09bf\u0997\u09a4 \u09b8\u09b0\u099e\u09cd\u099c\u09be\u09ae \u098f\u09ac\u0982 \u09ac\u09cd\u09af\u09ac\u09b9\u09be\u09b0\u09bf\u0995 \u09aa\u09b0\u09be\u09ae\u09b0\u09cd\u09b6\u09c7\u09b0 \u09ae\u09be\u09a7\u09cd\u09af\u09ae\u09c7 \u0995\u09cd\u09b0\u09ae\u09be\u0997\u09a4 \u09b6\u09c7\u0996\u09be\u09b0 \u09aa\u09cd\u09b0\u099a\u09be\u09b0 \u0995\u09b0\u09bf\u0964<\/li>\n\n\n\n<li><strong>\u0998\u09a8\u09bf\u09b7\u09cd\u09a0\u09a4\u09be:<\/strong> \u0986\u09ae\u09b0\u09be \u09ac\u09a8\u09cd\u09a7\u09c1\u09a4\u09cd\u09ac\u09aa\u09c2\u09b0\u09cd\u09a3, \u09ae\u09be\u09a8\u09ac\u09bf\u0995 \u09b8\u09c1\u09b0\u09c7 \u0995\u09a5\u09be \u09ac\u09b2\u09bf \u09af\u09be \u09b8\u0995\u09b2\u09c7\u09b0 \u0995\u09be\u099b\u09c7 \u09ac\u09cb\u09a7\u0997\u09ae\u09cd\u09af\u0964<\/li>\n\n\n\n<li><strong>\u0989\u09a6\u09cd\u09ad\u09be\u09ac\u09a8:<\/strong> \u0986\u09ae\u09b0\u09be \u09a6\u09c8\u09a8\u09a8\u09cd\u09a6\u09bf\u09a8 \u099c\u09c0\u09ac\u09a8\u0995\u09c7 \u09b8\u09b9\u099c \u0995\u09b0\u09be\u09b0 \u099c\u09a8\u09cd\u09af \u09aa\u09cd\u09b0\u09af\u09c1\u0995\u09cd\u09a4\u09bf\u09b0 \u09b6\u0995\u09cd\u09a4\u09bf\u09a4\u09c7 \u09ac\u09bf\u09b6\u09cd\u09ac\u09be\u09b8 \u0995\u09b0\u09bf\u0964<\/li>\n\n\n\n<li><strong>\u09aa\u09b0\u09bf\u09ac\u09be\u09b0:<\/strong> \u0986\u09ae\u09b0\u09be \u09af\u09be \u0995\u09bf\u099b\u09c1 \u0995\u09b0\u09bf \u09a4\u09be \u09ad\u09be\u09b2\u09cb\u09ac\u09be\u09b8\u09be, \u09b6\u09cd\u09b0\u09a6\u09cd\u09a7\u09be \u098f\u09ac\u0982 \u09aa\u09b0\u09bf\u09ac\u09be\u09b0\u0997\u09c1\u09b2\u09bf\u0995\u09c7 \u098f\u0995\u09b8\u09be\u09a5\u09c7 \u09ac\u09c7\u09a1\u09bc\u09c7 \u0993\u09a0\u09be \u098f\u09ac\u0982 \u09b8\u09c1\u0996\u09c0 \u09a6\u09c7\u0996\u09be\u09b0 \u0986\u0995\u09be\u0999\u09cd\u0995\u09cd\u09b7\u09be \u09a5\u09c7\u0995\u09c7 \u0989\u09a6\u09cd\u09ad\u09c2\u09a4 \u09b9\u09af\u09bc\u0964<\/li>\n<\/ul>\n\n\n\n<h2 class=\"wp-block-heading\"><strong>\u09ab\u09cd\u09af\u09be\u09ae\u09bf\u09b2\u09bf \u0987\u0989\u09a8\u09bf\u09ad\u09be\u09b0\u09cd\u09b8\u09c7 \u0986\u09aa\u09a8\u09bf \u09af\u09be \u09aa\u09be\u09ac\u09c7\u09a8<\/strong><\/h2>\n\n\n\n<p>\u0986\u09ae\u09be\u09a6\u09c7\u09b0 \u09ac\u09bf\u09ad\u09be\u0997\u0997\u09c1\u09b2\u09bf\u09a4\u09c7, \u0986\u09aa\u09a8\u09bf \u09a8\u09bf\u09b7\u09cd\u09a0\u09be\u09b0 \u09b8\u09be\u09a5\u09c7 \u09a4\u09c8\u09b0\u09bf \u09b8\u09be\u09ae\u0997\u09cd\u09b0\u09c0\u09b0 \u098f\u0995 \u099c\u0997\u09a4 \u0986\u09ac\u09bf\u09b7\u09cd\u0995\u09be\u09b0 \u0995\u09b0\u09ac\u09c7\u09a8\u0964<\/p>\n\n\n\n<h3 class=\"wp-block-heading\"><strong>\u09aa\u09cd\u09b0\u09af\u09c1\u0995\u09cd\u09a4\u09bf<\/strong><\/h3>\n\n\n\n<p>\u09a8\u09a4\u09c1\u09a8 \u09a1\u09bf\u099c\u09bf\u099f\u09be\u09b2 \u099f\u09c1\u09b2\u0997\u09c1\u09b2\u09bf \u0995\u09c0\u09ad\u09be\u09ac\u09c7 \u0986\u09aa\u09a8\u09be\u09b0 \u099c\u09c0\u09ac\u09a8\u0995\u09c7 \u09b8\u0982\u0997\u09a0\u09bf\u09a4 \u0995\u09b0\u09a4\u09c7, \u0986\u09aa\u09a8\u09be\u09b0 \u09aa\u09b0\u09bf\u09ac\u09be\u09b0\u0995\u09c7 \u09b8\u09c1\u09b0\u0995\u09cd\u09b7\u09bf\u09a4 \u0995\u09b0\u09a4\u09c7 \u098f\u09ac\u0982 \u0986\u09aa\u09a8\u09be\u09b0 \u0989\u09ce\u09aa\u09be\u09a6\u09a8\u09b6\u09c0\u09b2\u09a4\u09be \u0989\u09a8\u09cd\u09a8\u09a4 \u0995\u09b0\u09a4\u09c7 \u09b8\u09be\u09b9\u09be\u09af\u09cd\u09af \u0995\u09b0\u09a4\u09c7 \u09aa\u09be\u09b0\u09c7 \u09a4\u09be \u099c\u09be\u09a8\u09c1\u09a8\u0964 \u0986\u09aa\u09a8\u09be\u09b0 \u09ab\u09cb\u09a8 \u09ac\u09be \u0995\u09ae\u09cd\u09aa\u09bf\u0989\u099f\u09be\u09b0 \u09a5\u09c7\u0995\u09c7 \u09b8\u09b0\u09cd\u09ac\u09be\u09a7\u09bf\u0995 \u09b8\u09c1\u09ac\u09bf\u09a7\u09be \u09aa\u09be\u0993\u09af\u09bc\u09be\u09b0 \u099c\u09a8\u09cd\u09af \u09a6\u09b0\u0995\u09be\u09b0\u09c0 \u0985\u09cd\u09af\u09be\u09aa \u09a5\u09c7\u0995\u09c7 \u09b6\u09c1\u09b0\u09c1 \u0995\u09b0\u09c7 \u09ac\u09cd\u09af\u09ac\u09b9\u09be\u09b0\u09bf\u0995 \u09a8\u09bf\u09b0\u09cd\u09a6\u09c7\u09b6\u09bf\u0995\u09be \u09aa\u09b0\u09cd\u09af\u09a8\u09cd\u09a4\u0964<\/p>\n\n\n\n<h3 class=\"wp-block-heading\"><strong>\u0995\u09c7\u09b0\u09bf\u09af\u09bc\u09be\u09b0<\/strong><\/h3>\n\n\n\n<p>\u0986\u09ae\u09b0\u09be \u0986\u09aa\u09a8\u09be\u0995\u09c7 \u09aa\u09c7\u09b6\u09be\u09a6\u09be\u09b0\u09ad\u09be\u09ac\u09c7 \u09ac\u09c7\u09a1\u09bc\u09c7 \u0989\u09a0\u09a4\u09c7 \u09b8\u09be\u09b9\u09be\u09af\u09cd\u09af \u0995\u09b0\u09be\u09b0 \u099c\u09a8\u09cd\u09af \u099f\u09bf\u09aa\u09b8 \u098f\u09ac\u0982 \u09b0\u09bf\u09b8\u09cb\u09b0\u09cd\u09b8 \u0985\u09ab\u09be\u09b0 \u0995\u09b0\u09bf\u0964 \u09b8\u09c7\u09b0\u09be \u0985\u09a8\u09b2\u09be\u0987\u09a8 \u09b2\u09be\u09b0\u09cd\u09a8\u09bf\u0982 \u09aa\u09cd\u09b2\u09cd\u09af\u09be\u099f\u09ab\u09b0\u09cd\u09ae\u0997\u09c1\u09b2\u09bf, \u09b8\u09be\u0995\u09cd\u09b7\u09be\u09ce\u0995\u09be\u09b0\u09c7\u09b0 \u099c\u09a8\u09cd\u09af \u0995\u09c0\u09ad\u09be\u09ac\u09c7 \u09aa\u09cd\u09b0\u09b8\u09cd\u09a4\u09c1\u09a4\u09bf \u09a8\u09bf\u09a4\u09c7 \u09b9\u09af\u09bc \u098f\u09ac\u0982 \u09a1\u09bf\u099c\u09bf\u099f\u09be\u09b2 \u099c\u0997\u09a4\u09c7 \u099a\u09be\u0995\u09b0\u09bf\u09b0 \u09b8\u09c1\u09af\u09cb\u0997\u0997\u09c1\u09b2\u09bf \u0995\u09c0\u09ad\u09be\u09ac\u09c7 \u0995\u09be\u099c\u09c7 \u09b2\u09be\u0997\u09be\u09a4\u09c7 \u09b9\u09af\u09bc \u09a4\u09be \u0986\u09ac\u09bf\u09b7\u09cd\u0995\u09be\u09b0 \u0995\u09b0\u09c1\u09a8\u0964<\/p>\n\n\n\n<h3 class=\"wp-block-heading\"><strong>\u0996\u09ac\u09b0<\/strong><\/h3>\n\n\n\n<p>\u09b6\u09bf\u0995\u09cd\u09b7\u09be, \u0989\u09a6\u09cd\u09ad\u09be\u09ac\u09a8, \u09b8\u09c1\u09b8\u09cd\u09a5\u09a4\u09be \u098f\u09ac\u0982 \u09aa\u09be\u09b0\u09bf\u09ac\u09be\u09b0\u09bf\u0995 \u0993 \u09aa\u09c7\u09b6\u09be\u0997\u09a4 \u099c\u09c0\u09ac\u09a8\u0995\u09c7 \u09b8\u09b0\u09be\u09b8\u09b0\u09bf \u09aa\u09cd\u09b0\u09ad\u09be\u09ac\u09bf\u09a4 \u0995\u09b0\u09c7 \u098f\u09ae\u09a8 \u09ac\u09bf\u09b6\u09cd\u09ac\u09ac\u09cd\u09af\u09be\u09aa\u09c0 \u09aa\u09cd\u09b0\u09ac\u09a3\u09a4\u09be \u09b8\u09ae\u09cd\u09aa\u09b0\u09cd\u0995\u09c7 \u09b8\u09b0\u09cd\u09ac\u09b6\u09c7\u09b7 \u0996\u09ac\u09b0 \u09b8\u09ae\u09cd\u09aa\u09b0\u09cd\u0995\u09c7 \u0985\u09ac\u0997\u09a4 \u09a5\u09be\u0995\u09c1\u09a8\u0964<\/p>\n\n\n\n<h2 class=\"wp-block-heading\"><strong>\u0986\u09ae\u09b0\u09be \u0995\u09c7\u09a8 \u09ac\u09bf\u09a6\u09cd\u09af\u09ae\u09be\u09a8?<\/strong><\/h2>\n\n\n\n<p>\u0986\u09ae\u09b0\u09be \u098f\u0995\u099f\u09bf \u0989\u09a6\u09cd\u09a6\u09c7\u09b6\u09cd\u09af \u09a8\u09bf\u09af\u09bc\u09c7 \u099c\u09a8\u09cd\u09ae\u0997\u09cd\u09b0\u09b9\u09a3 \u0995\u09b0\u09c7\u099b\u09bf: <strong>\u098f\u0995\u099f\u09bf \u0987\u09a4\u09bf\u09ac\u09be\u099a\u0995, \u09b6\u09bf\u0995\u09cd\u09b7\u09be\u09ae\u09c2\u09b2\u0995 \u098f\u09ac\u0982 \u09ac\u09bf\u09b6\u09cd\u09ac\u09be\u09b8\u09af\u09cb\u0997\u09cd\u09af \u09b8\u09cd\u09a5\u09be\u09a8 \u09a4\u09c8\u09b0\u09bf \u0995\u09b0\u09c1\u09a8<\/strong>\u09af\u09c7\u0996\u09be\u09a8\u09c7 \u09b8\u09ac\u09be\u0987 \u0985\u09a8\u09c1\u09aa\u09cd\u09b0\u09c7\u09b0\u09a3\u09be \u098f\u09ac\u0982 \u09ac\u09cd\u09af\u09ac\u09b9\u09be\u09b0\u09bf\u0995 \u099c\u09cd\u099e\u09be\u09a8 \u0996\u09c1\u0981\u099c\u09c7 \u09aa\u09c7\u09a4\u09c7 \u09aa\u09be\u09b0\u09c7\u0964<br>\u0995\u09be\u09b0\u09a3 \u0986\u09ae\u09b0\u09be \u09ac\u09bf\u09b6\u09cd\u09ac\u09be\u09b8 \u0995\u09b0\u09bf \u09af\u09c7 <strong>\u098f\u0995\u099f\u09bf \u099c\u09cd\u099e\u09be\u09a8\u09c0 \u098f\u09ac\u0982 \u09b8\u0982\u09af\u09c1\u0995\u09cd\u09a4 \u09aa\u09b0\u09bf\u09ac\u09be\u09b0 \u098f\u0995\u099f\u09bf \u09b6\u0995\u09cd\u09a4\u09bf\u09b6\u09be\u09b2\u09c0 \u09aa\u09b0\u09bf\u09ac\u09be\u09b0<\/strong>\u098f\u09ac\u0982 \u0995\u09cd\u09b0\u09ae\u09be\u0997\u09a4 \u09b6\u09c7\u0996\u09be \u098f\u0995\u099f\u09bf \u0989\u09a8\u09cd\u09a8\u09a4 \u09ad\u09ac\u09bf\u09b7\u09cd\u09af\u09a4 \u0997\u09a1\u09bc\u09be\u09b0 \u09ae\u09c2\u09b2 \u099a\u09be\u09ac\u09bf\u0995\u09be\u09a0\u09bf\u0964<\/p>","protected":false},"excerpt":{"rendered":"<p>En Universo Familia, creemos que el conocimiento y la uni\u00f3n familiar pueden transformar el mundo. Somos un espacio digital creado para inspirar, informar y acompa\u00f1ar a las familias modernas en su d\u00eda a d\u00eda, brindando contenidos de calidad sobre tecnolog\u00eda, carrera profesional y noticias que impactan la vida real. Nuestro objetivo es ayudar a cada [&hellip;]<\/p>","protected":false},"author":139,"featured_media":1605,"parent":0,"menu_order":0,"comment_status":"closed","ping_status":"closed","template":"page-nosidebar.php","meta":{"footnotes":""},"yoast_head":"<!-- This site is optimized with the Yoast SEO plugin v23.3 - https:\/\/yoast.com\/wordpress\/plugins\/seo\/ -->\n<title>Qui\u00e9nes somos - Universo Fam\u00edlia<\/title>\n<meta name=\"description\" content=\"Qui\u00e9nes somos\" \/>\n<meta name=\"robots\" content=\"index, follow, max-snippet:-1, max-image-preview:large, max-video-preview:-1\" \/>\n<link rel=\"canonical\" href=\"http:\/\/universofamilia.com\/bn\/quienes-somos\/\" \/>\n<meta property=\"og:locale\" content=\"en_US\" \/>\n<meta property=\"og:type\" content=\"article\" \/>\n<meta property=\"og:title\" content=\"Qui\u00e9nes somos - Universo Fam\u00edlia\" \/>\n<meta property=\"og:description\" content=\"Qui\u00e9nes somos\" \/>\n<meta property=\"og:url\" content=\"http:\/\/universofamilia.com\/bn\/quienes-somos\/\" \/>\n<meta property=\"og:site_name\" content=\"Universo Fam\u00edlia\" \/>\n<meta property=\"article:modified_time\" content=\"2025-11-04T14:43:55+00:00\" \/>\n<meta property=\"og:image\" content=\"https:\/\/universofamilia.com\/wp-content\/uploads\/sites\/148\/2023\/05\/universo-familia-sobre-familia-2.png\" \/>\n\t<meta property=\"og:image:width\" content=\"550\" \/>\n\t<meta property=\"og:image:height\" content=\"350\" \/>\n\t<meta property=\"og:image:type\" content=\"image\/png\" \/>\n<meta name=\"twitter:card\" content=\"summary_large_image\" \/>\n<meta name=\"twitter:label1\" content=\"Est. reading time\" \/>\n\t<meta name=\"twitter:data1\" content=\"3 \u09ae\u09bf\u09a8\u09bf\u099f\" \/>\n<script type=\"application\/ld+json\" class=\"yoast-schema-graph\">{\"@context\":\"https:\/\/schema.org\",\"@graph\":[{\"@type\":\"WebPage\",\"@id\":\"https:\/\/universofamilia.com\/quienes-somos\/\",\"url\":\"https:\/\/universofamilia.com\/quienes-somos\/\",\"name\":\"Qui\u00e9nes somos - Universo Fam\u00edlia\",\"isPartOf\":{\"@id\":\"https:\/\/universofamilia.com\/el\/#website\"},\"primaryImageOfPage\":{\"@id\":\"https:\/\/universofamilia.com\/quienes-somos\/#primaryimage\"},\"image\":{\"@id\":\"https:\/\/universofamilia.com\/quienes-somos\/#primaryimage\"},\"thumbnailUrl\":\"http:\/\/universofamilia.com\/wp-content\/uploads\/sites\/148\/2023\/05\/universo-familia-sobre-familia-2.png\",\"datePublished\":\"2023-05-22T02:46:35+00:00\",\"dateModified\":\"2025-11-04T14:43:55+00:00\",\"description\":\"Qui\u00e9nes somos\",\"breadcrumb\":{\"@id\":\"https:\/\/universofamilia.com\/quienes-somos\/#breadcrumb\"},\"inLanguage\":\"bn-BD\",\"potentialAction\":[{\"@type\":\"ReadAction\",\"target\":[\"https:\/\/universofamilia.com\/quienes-somos\/\"]}]},{\"@type\":\"ImageObject\",\"inLanguage\":\"bn-BD\",\"@id\":\"https:\/\/universofamilia.com\/quienes-somos\/#primaryimage\",\"url\":\"http:\/\/universofamilia.com\/wp-content\/uploads\/sites\/148\/2023\/05\/universo-familia-sobre-familia-2.png\",\"contentUrl\":\"http:\/\/universofamilia.com\/wp-content\/uploads\/sites\/148\/2023\/05\/universo-familia-sobre-familia-2.png\",\"width\":550,\"height\":350},{\"@type\":\"BreadcrumbList\",\"@id\":\"https:\/\/universofamilia.com\/quienes-somos\/#breadcrumb\",\"itemListElement\":[{\"@type\":\"ListItem\",\"position\":1,\"name\":\"Home\",\"item\":\"https:\/\/universofamilia.com\/el\/\"},{\"@type\":\"ListItem\",\"position\":2,\"name\":\"Qui\u00e9nes somos\"}]},{\"@type\":\"WebSite\",\"@id\":\"https:\/\/universofamilia.com\/el\/#website\",\"url\":\"https:\/\/universofamilia.com\/el\/\",\"name\":\"Universo Fam\u00edlia\",\"description\":\"\",\"potentialAction\":[{\"@type\":\"SearchAction\",\"target\":{\"@type\":\"EntryPoint\",\"urlTemplate\":\"https:\/\/universofamilia.com\/el\/?s={search_term_string}\"},\"query-input\":\"required name=search_term_string\"}],\"inLanguage\":\"bn-BD\"}]}<\/script>\n<!-- \/ Yoast SEO plugin. -->","yoast_head_json":{"title":"Qui\u00e9nes somos - Universo Fam\u00edlia","description":"Qui\u00e9nes somos","robots":{"index":"index","follow":"follow","max-snippet":"max-snippet:-1","max-image-preview":"max-image-preview:large","max-video-preview":"max-video-preview:-1"},"canonical":"http:\/\/universofamilia.com\/bn\/quienes-somos\/","og_locale":"en_US","og_type":"article","og_title":"Qui\u00e9nes somos - Universo Fam\u00edlia","og_description":"Qui\u00e9nes somos","og_url":"http:\/\/universofamilia.com\/bn\/quienes-somos\/","og_site_name":"Universo Fam\u00edlia","article_modified_time":"2025-11-04T14:43:55+00:00","og_image":[{"width":550,"height":350,"url":"https:\/\/universofamilia.com\/wp-content\/uploads\/sites\/148\/2023\/05\/universo-familia-sobre-familia-2.png","type":"image\/png"}],"twitter_card":"summary_large_image","twitter_misc":{"Est. reading time":"3 \u09ae\u09bf\u09a8\u09bf\u099f"},"schema":{"@context":"https:\/\/schema.org","@graph":[{"@type":"WebPage","@id":"https:\/\/universofamilia.com\/quienes-somos\/","url":"https:\/\/universofamilia.com\/quienes-somos\/","name":"Qui\u00e9nes somos - Universo Fam\u00edlia","isPartOf":{"@id":"https:\/\/universofamilia.com\/el\/#website"},"primaryImageOfPage":{"@id":"https:\/\/universofamilia.com\/quienes-somos\/#primaryimage"},"image":{"@id":"https:\/\/universofamilia.com\/quienes-somos\/#primaryimage"},"thumbnailUrl":"http:\/\/universofamilia.com\/wp-content\/uploads\/sites\/148\/2023\/05\/universo-familia-sobre-familia-2.png","datePublished":"2023-05-22T02:46:35+00:00","dateModified":"2025-11-04T14:43:55+00:00","description":"Qui\u00e9nes somos","breadcrumb":{"@id":"https:\/\/universofamilia.com\/quienes-somos\/#breadcrumb"},"inLanguage":"bn-BD","potentialAction":[{"@type":"ReadAction","target":["https:\/\/universofamilia.com\/quienes-somos\/"]}]},{"@type":"ImageObject","inLanguage":"bn-BD","@id":"https:\/\/universofamilia.com\/quienes-somos\/#primaryimage","url":"http:\/\/universofamilia.com\/wp-content\/uploads\/sites\/148\/2023\/05\/universo-familia-sobre-familia-2.png","contentUrl":"http:\/\/universofamilia.com\/wp-content\/uploads\/sites\/148\/2023\/05\/universo-familia-sobre-familia-2.png","width":550,"height":350},{"@type":"BreadcrumbList","@id":"https:\/\/universofamilia.com\/quienes-somos\/#breadcrumb","itemListElement":[{"@type":"ListItem","position":1,"name":"Home","item":"https:\/\/universofamilia.com\/el\/"},{"@type":"ListItem","position":2,"name":"Qui\u00e9nes somos"}]},{"@type":"WebSite","@id":"https:\/\/universofamilia.com\/el\/#website","url":"https:\/\/universofamilia.com\/el\/","name":"Universo Fam\u00edlia","description":"","potentialAction":[{"@type":"SearchAction","target":{"@type":"EntryPoint","urlTemplate":"https:\/\/universofamilia.com\/el\/?s={search_term_string}"},"query-input":"required name=search_term_string"}],"inLanguage":"bn-BD"}]}},"_links":{"self":[{"href":"http:\/\/universofamilia.com\/bn\/wp-json\/wp\/v2\/pages\/7944"}],"collection":[{"href":"http:\/\/universofamilia.com\/bn\/wp-json\/wp\/v2\/pages"}],"about":[{"href":"http:\/\/universofamilia.com\/bn\/wp-json\/wp\/v2\/types\/page"}],"author":[{"embeddable":true,"href":"http:\/\/universofamilia.com\/bn\/wp-json\/wp\/v2\/users\/139"}],"replies":[{"embeddable":true,"href":"http:\/\/universofamilia.com\/bn\/wp-json\/wp\/v2\/comments?post=7944"}],"version-history":[{"count":3,"href":"http:\/\/universofamilia.com\/bn\/wp-json\/wp\/v2\/pages\/7944\/revisions"}],"predecessor-version":[{"id":10273,"href":"http:\/\/universofamilia.com\/bn\/wp-json\/wp\/v2\/pages\/7944\/revisions\/10273"}],"wp:featuredmedia":[{"embeddable":true,"href":"http:\/\/universofamilia.com\/bn\/wp-json\/wp\/v2\/media\/1605"}],"wp:attachment":[{"href":"http:\/\/universofamilia.com\/bn\/wp-json\/wp\/v2\/media?parent=7944"}],"curies":[{"name":"wp","href":"https:\/\/api.w.org\/{rel}","templated":true}]}}