{"id":1961,"date":"2023-05-26T20:33:14","date_gmt":"2023-05-26T20:33:14","guid":{"rendered":"https:\/\/universofamilia.com\/?page_id=1961"},"modified":"2026-03-18T15:10:50","modified_gmt":"2026-03-18T18:10:50","slug":"condiciones-de-uso","status":"publish","type":"page","link":"http:\/\/universofamilia.com\/cs\/condiciones-de-uso\/","title":{"rendered":"Podm\u00ednky pou\u017eit\u00ed"},"content":{"rendered":"<h2>1. Podm\u00ednky<\/h2>\n<p data-start=\"199\" data-end=\"430\">P\u0159i p\u0159\u00edstupu na webov\u00e9 str\u00e1nky <a href=\"http:\/\/universofamilia.com\/cs\/\">Rodinn\u00fd vesm\u00edr<\/a>Pou\u017e\u00edv\u00e1n\u00edm t\u00e9to slu\u017eby souhlas\u00edte s dodr\u017eov\u00e1n\u00edm t\u011bchto podm\u00ednek pou\u017e\u00edv\u00e1n\u00ed a v\u0161ech platn\u00fdch z\u00e1kon\u016f a p\u0159edpis\u016f. Berete tak\u00e9 na v\u011bdom\u00ed, \u017ee jste zodpov\u011bdn\u00ed za dodr\u017eov\u00e1n\u00ed v\u0161ech platn\u00fdch m\u00edstn\u00edch z\u00e1kon\u016f.<\/p>\n<p data-start=\"432\" data-end=\"532\">Pokud s n\u011bkterou z t\u011bchto podm\u00ednek nesouhlas\u00edte, je v\u00e1m zak\u00e1z\u00e1no tyto str\u00e1nky pou\u017e\u00edvat nebo k nim p\u0159istupovat.<\/p>\n<p data-start=\"534\" data-end=\"672\">Obsah a materi\u00e1ly dostupn\u00e9 na t\u011bchto str\u00e1nk\u00e1ch jsou chr\u00e1n\u011bny platn\u00fdmi autorsk\u00fdmi pr\u00e1vy a z\u00e1kony o ochrann\u00fdch zn\u00e1mk\u00e1ch.<\/p>\n<h2>2. Pou\u017e\u00edv\u00e1n\u00ed licence<\/h2>\n<p>Je ud\u011bleno povolen\u00ed k do\u010dasn\u00e9mu sta\u017een\u00ed jedn\u00e9 kopie materi\u00e1l\u016f (informac\u00ed nebo softwaru) na webov\u00fdch str\u00e1nk\u00e1ch Universo Fam\u00edlia pouze pro osobn\u00ed, nekomer\u010dn\u00ed a p\u0159echodn\u00e9 prohl\u00ed\u017een\u00ed. Jedn\u00e1 se o ud\u011blen\u00ed licence, nikoli o p\u0159evod vlastnictv\u00ed, a na z\u00e1klad\u011b t\u00e9to licence nesm\u00edte:<\/p>\n<ol>\n<li>upravovat nebo kop\u00edrovat materi\u00e1ly;<\/li>\n<li>pou\u017e\u00edvat materi\u00e1ly pro jak\u00e9koli komer\u010dn\u00ed \u00fa\u010dely nebo pro ve\u0159ejn\u00e9 vystaven\u00ed (komer\u010dn\u00ed \u010di nekomer\u010dn\u00ed);<\/li>\n<li>pokou\u0161et se dekompilovat nebo zp\u011btn\u011b analyzovat jak\u00fdkoli software obsa\u017een\u00fd na webov\u00fdch str\u00e1nk\u00e1ch Universo Fam\u00edlia;<\/li>\n<li>odstranit z materi\u00e1l\u016f jak\u00e9koli pozn\u00e1mky o autorsk\u00fdch pr\u00e1vech nebo jin\u00e9 ochrann\u00e9 zn\u00e1mky; nebo<\/li>\n<li>p\u0159ev\u00e1d\u011bt materi\u00e1ly jin\u00e9 osob\u011b ani je \u201ezrcadlit\u201c na jak\u00e9mkoli jin\u00e9m serveru.<\/li>\n<\/ol>\n<p>Tato licence automaticky zanikne, pokud poru\u0161\u00edte kter\u00e9koli z t\u011bchto omezen\u00ed, a Universo Fam\u00edlia ji m\u016f\u017ee kdykoli ukon\u010dit. Po ukon\u010den\u00ed prohl\u00ed\u017een\u00ed t\u011bchto materi\u00e1l\u016f nebo po ukon\u010den\u00ed t\u00e9to licence mus\u00edte smazat ve\u0161ker\u00e9 sta\u017een\u00e9 materi\u00e1ly, kter\u00e9 m\u00e1te k dispozici, a\u0165 u\u017e v elektronick\u00e9 nebo ti\u0161t\u011bn\u00e9 podob\u011b.<\/p>\n<h2>3. Prohl\u00e1\u0161en\u00ed o vylou\u010den\u00ed odpov\u011bdnosti<\/h2>\n<ol>\n<li>Materi\u00e1ly na webov\u00fdch str\u00e1nk\u00e1ch Universe Family jsou poskytov\u00e1ny \u201etak, jak jsou\u201c. Universe Family neposkytuje \u017e\u00e1dn\u00e9 z\u00e1ruky, v\u00fdslovn\u00e9 ani implicitn\u00ed, a t\u00edmto se z\u0159\u00edk\u00e1 a pop\u00edr\u00e1 v\u0161echny ostatn\u00ed z\u00e1ruky, v\u010detn\u011b, bez omezen\u00ed, implicitn\u00edch z\u00e1ruk nebo podm\u00ednek prodejnosti, vhodnosti pro konkr\u00e9tn\u00ed \u00fa\u010del nebo neporu\u0161en\u00ed du\u0161evn\u00edho vlastnictv\u00ed \u010di jin\u00e9ho poru\u0161en\u00ed pr\u00e1v.<\/li>\n<li>Universo Fam\u00edlia d\u00e1le nezaru\u010duje ani neposkytuje \u017e\u00e1dn\u00e1 prohl\u00e1\u0161en\u00ed t\u00fdkaj\u00edc\u00ed se p\u0159esnosti, pravd\u011bpodobn\u00fdch v\u00fdsledk\u016f nebo spolehlivosti pou\u017eit\u00ed materi\u00e1l\u016f na sv\u00fdch webov\u00fdch str\u00e1nk\u00e1ch nebo jinak souvisej\u00edc\u00edch s t\u011bmito materi\u00e1ly nebo na jak\u00fdchkoli str\u00e1nk\u00e1ch odkazovan\u00fdch na tyto str\u00e1nky.<\/li>\n<\/ol>\n<h2>4. Omezen\u00ed<\/h2>\n<p>Spole\u010dnost Universo Fam\u00edlia ani jej\u00ed dodavatel\u00e9 nenesou v \u017e\u00e1dn\u00e9m p\u0159\u00edpad\u011b odpov\u011bdnost za jak\u00e9koli \u0161kody (v\u010detn\u011b, mimo jin\u00e9, \u0161kod zp\u016fsoben\u00fdch ztr\u00e1tou dat nebo zisku nebo v d\u016fsledku p\u0159eru\u0161en\u00ed obchodn\u00ed \u010dinnosti) vznikl\u00e9 v d\u016fsledku pou\u017eit\u00ed nebo nemo\u017enosti pou\u017eit\u00ed materi\u00e1l\u016f na Universo Fam\u00edlia, a to i v p\u0159\u00edpad\u011b, \u017ee spole\u010dnost Universo Fam\u00edlia nebo jej\u00ed opr\u00e1vn\u011bn\u00fd z\u00e1stupce byli \u00fastn\u011b nebo p\u00edsemn\u011b informov\u00e1ni o mo\u017enosti vzniku takov\u00e9 \u0161kody. Vzhledem k tomu, \u017ee n\u011bkter\u00e9 jurisdikce neumo\u017e\u0148uj\u00ed omezen\u00ed implicitn\u00edch z\u00e1ruk ani omezen\u00ed odpov\u011bdnosti za n\u00e1sledn\u00e9 nebo n\u00e1hodn\u00e9 \u0161kody, nemus\u00ed se na v\u00e1s tato omezen\u00ed vztahovat.<\/p>\n<h2>5. P\u0159esnost materi\u00e1lu<\/h2>\n<p>Materi\u00e1ly uveden\u00e9 na webov\u00fdch str\u00e1nk\u00e1ch Universo Fam\u00edlia mohou obsahovat technick\u00e9, typografick\u00e9 nebo fotografick\u00e9 chyby. Universo Fam\u00edlia nezaru\u010duje, \u017ee materi\u00e1ly na jej\u00edch webov\u00fdch str\u00e1nk\u00e1ch jsou p\u0159esn\u00e9, \u00fapln\u00e9 nebo aktu\u00e1ln\u00ed. Universo Fam\u00edlia m\u016f\u017ee kdykoli bez p\u0159edchoz\u00edho upozorn\u011bn\u00ed prov\u00e1d\u011bt zm\u011bny v materi\u00e1lech obsa\u017een\u00fdch na sv\u00fdch webov\u00fdch str\u00e1nk\u00e1ch. Universo Family se v\u0161ak nezavazuje k aktualizaci materi\u00e1l\u016f.<\/p>\n<h2>6. Odkazy<\/h2>\n<p>Universo Fam\u00edlia nekontrolovala v\u0161echny str\u00e1nky odkazovan\u00e9 na jej\u00ed webov\u00e9 str\u00e1nky a nenese odpov\u011bdnost za obsah \u017e\u00e1dn\u00fdch takov\u00fdch odkazovan\u00fdch str\u00e1nek. Zahrnut\u00ed jak\u00e9hokoli odkazu neznamen\u00e1, \u017ee Universo Fam\u00edlia tyto str\u00e1nky schvaluje. Pou\u017e\u00edv\u00e1n\u00ed odkazovan\u00fdch str\u00e1nek je na vlastn\u00ed nebezpe\u010d\u00ed u\u017eivatele.<\/p>\n<h3>Modifikace<\/h3>\n<p>Universo Fam\u00edlia si vyhrazuje pr\u00e1vo kdykoli bez p\u0159edchoz\u00edho upozorn\u011bn\u00ed revidovat tyto podm\u00ednky pou\u017e\u00edv\u00e1n\u00ed webov\u00fdch str\u00e1nek. Pou\u017e\u00edv\u00e1n\u00edm t\u011bchto webov\u00fdch str\u00e1nek souhlas\u00edte s t\u00edm, \u017ee budete v\u00e1z\u00e1ni aktu\u00e1ln\u00ed verz\u00ed t\u011bchto podm\u00ednek pou\u017e\u00edv\u00e1n\u00ed.<\/p>\n<h3>Rozhodn\u00e9 pr\u00e1vo<\/h3>\n<p>Tyto obchodn\u00ed podm\u00ednky se \u0159\u00edd\u00ed a vykl\u00e1daj\u00ed v souladu se z\u00e1kony Spojen\u00fdch st\u00e1t\u016f americk\u00fdch a vy se neodvolateln\u011b pod\u0159izujete v\u00fdlu\u010dn\u00e9 jurisdikci soud\u016f v dan\u00e9m st\u00e1t\u011b nebo lokalit\u011b.<\/p>","protected":false},"excerpt":{"rendered":"<p>1. T\u00e9rminos Al acceder al sitio web de Universo Familia, usted acepta cumplir con estos t\u00e9rminos de uso, as\u00ed como con todas las leyes y regulaciones aplicables. Asimismo, reconoce que es responsable de cumplir con la legislaci\u00f3n local vigente. Si no est\u00e1 de acuerdo con alguno de estos t\u00e9rminos, tiene prohibido utilizar o acceder a [&hellip;]<\/p>","protected":false},"author":139,"featured_media":0,"parent":0,"menu_order":0,"comment_status":"closed","ping_status":"closed","template":"page-nosidebar.php","meta":{"footnotes":""},"yoast_head":"<!-- This site is optimized with the Yoast SEO plugin v23.3 - https:\/\/yoast.com\/wordpress\/plugins\/seo\/ -->\n<title>Condiciones de uso - Universo Fam\u00edlia<\/title>\n<meta name=\"description\" content=\"Condiciones de uso\" \/>\n<meta name=\"robots\" content=\"index, follow, max-snippet:-1, max-image-preview:large, max-video-preview:-1\" \/>\n<link rel=\"canonical\" href=\"http:\/\/universofamilia.com\/cs\/condiciones-de-uso\/\" \/>\n<meta property=\"og:locale\" content=\"cs_CZ\" \/>\n<meta property=\"og:type\" content=\"article\" \/>\n<meta property=\"og:title\" content=\"Condiciones de uso - Universo Fam\u00edlia\" \/>\n<meta property=\"og:description\" content=\"Condiciones de uso\" \/>\n<meta property=\"og:url\" content=\"http:\/\/universofamilia.com\/cs\/condiciones-de-uso\/\" \/>\n<meta property=\"og:site_name\" content=\"Universo Fam\u00edlia\" \/>\n<meta property=\"article:modified_time\" content=\"2026-03-18T18:10:50+00:00\" \/>\n<meta name=\"twitter:card\" content=\"summary_large_image\" \/>\n<meta name=\"twitter:label1\" content=\"Est. reading time\" \/>\n\t<meta name=\"twitter:data1\" content=\"4 minuty\" \/>\n<script type=\"application\/ld+json\" class=\"yoast-schema-graph\">{\"@context\":\"https:\/\/schema.org\",\"@graph\":[{\"@type\":\"WebPage\",\"@id\":\"https:\/\/universofamilia.com\/condiciones-de-uso\/\",\"url\":\"https:\/\/universofamilia.com\/condiciones-de-uso\/\",\"name\":\"Condiciones de uso - Universo Fam\u00edlia\",\"isPartOf\":{\"@id\":\"https:\/\/universofamilia.com\/el\/#website\"},\"datePublished\":\"2023-05-26T20:33:14+00:00\",\"dateModified\":\"2026-03-18T18:10:50+00:00\",\"description\":\"Condiciones de uso\",\"breadcrumb\":{\"@id\":\"https:\/\/universofamilia.com\/condiciones-de-uso\/#breadcrumb\"},\"inLanguage\":\"cs\",\"potentialAction\":[{\"@type\":\"ReadAction\",\"target\":[\"https:\/\/universofamilia.com\/condiciones-de-uso\/\"]}]},{\"@type\":\"BreadcrumbList\",\"@id\":\"https:\/\/universofamilia.com\/condiciones-de-uso\/#breadcrumb\",\"itemListElement\":[{\"@type\":\"ListItem\",\"position\":1,\"name\":\"Home\",\"item\":\"https:\/\/universofamilia.com\/el\/\"},{\"@type\":\"ListItem\",\"position\":2,\"name\":\"Condiciones de uso\"}]},{\"@type\":\"WebSite\",\"@id\":\"https:\/\/universofamilia.com\/el\/#website\",\"url\":\"https:\/\/universofamilia.com\/el\/\",\"name\":\"Universo Fam\u00edlia\",\"description\":\"\",\"potentialAction\":[{\"@type\":\"SearchAction\",\"target\":{\"@type\":\"EntryPoint\",\"urlTemplate\":\"https:\/\/universofamilia.com\/el\/?s={search_term_string}\"},\"query-input\":\"required name=search_term_string\"}],\"inLanguage\":\"cs\"}]}<\/script>\n<!-- \/ Yoast SEO plugin. -->","yoast_head_json":{"title":"Condiciones de uso - Universo Fam\u00edlia","description":"Condiciones de uso","robots":{"index":"index","follow":"follow","max-snippet":"max-snippet:-1","max-image-preview":"max-image-preview:large","max-video-preview":"max-video-preview:-1"},"canonical":"http:\/\/universofamilia.com\/cs\/condiciones-de-uso\/","og_locale":"cs_CZ","og_type":"article","og_title":"Condiciones de uso - Universo Fam\u00edlia","og_description":"Condiciones de uso","og_url":"http:\/\/universofamilia.com\/cs\/condiciones-de-uso\/","og_site_name":"Universo Fam\u00edlia","article_modified_time":"2026-03-18T18:10:50+00:00","twitter_card":"summary_large_image","twitter_misc":{"Est. reading time":"4 minuty"},"schema":{"@context":"https:\/\/schema.org","@graph":[{"@type":"WebPage","@id":"https:\/\/universofamilia.com\/condiciones-de-uso\/","url":"https:\/\/universofamilia.com\/condiciones-de-uso\/","name":"Condiciones de uso - Universo Fam\u00edlia","isPartOf":{"@id":"https:\/\/universofamilia.com\/el\/#website"},"datePublished":"2023-05-26T20:33:14+00:00","dateModified":"2026-03-18T18:10:50+00:00","description":"Condiciones de uso","breadcrumb":{"@id":"https:\/\/universofamilia.com\/condiciones-de-uso\/#breadcrumb"},"inLanguage":"cs","potentialAction":[{"@type":"ReadAction","target":["https:\/\/universofamilia.com\/condiciones-de-uso\/"]}]},{"@type":"BreadcrumbList","@id":"https:\/\/universofamilia.com\/condiciones-de-uso\/#breadcrumb","itemListElement":[{"@type":"ListItem","position":1,"name":"Home","item":"https:\/\/universofamilia.com\/el\/"},{"@type":"ListItem","position":2,"name":"Condiciones de uso"}]},{"@type":"WebSite","@id":"https:\/\/universofamilia.com\/el\/#website","url":"https:\/\/universofamilia.com\/el\/","name":"Universo Fam\u00edlia","description":"","potentialAction":[{"@type":"SearchAction","target":{"@type":"EntryPoint","urlTemplate":"https:\/\/universofamilia.com\/el\/?s={search_term_string}"},"query-input":"required name=search_term_string"}],"inLanguage":"cs"}]}},"_links":{"self":[{"href":"http:\/\/universofamilia.com\/cs\/wp-json\/wp\/v2\/pages\/1961"}],"collection":[{"href":"http:\/\/universofamilia.com\/cs\/wp-json\/wp\/v2\/pages"}],"about":[{"href":"http:\/\/universofamilia.com\/cs\/wp-json\/wp\/v2\/types\/page"}],"author":[{"embeddable":true,"href":"http:\/\/universofamilia.com\/cs\/wp-json\/wp\/v2\/users\/139"}],"replies":[{"embeddable":true,"href":"http:\/\/universofamilia.com\/cs\/wp-json\/wp\/v2\/comments?post=1961"}],"version-history":[{"count":3,"href":"http:\/\/universofamilia.com\/cs\/wp-json\/wp\/v2\/pages\/1961\/revisions"}],"predecessor-version":[{"id":10550,"href":"http:\/\/universofamilia.com\/cs\/wp-json\/wp\/v2\/pages\/1961\/revisions\/10550"}],"wp:attachment":[{"href":"http:\/\/universofamilia.com\/cs\/wp-json\/wp\/v2\/media?parent=1961"}],"curies":[{"name":"wp","href":"https:\/\/api.w.org\/{rel}","templated":true}]}}