{"id":7944,"date":"2023-05-21T23:46:35","date_gmt":"2023-05-22T02:46:35","guid":{"rendered":"https:\/\/universofamilia.com\/?page_id=2"},"modified":"2025-11-04T11:43:55","modified_gmt":"2025-11-04T14:43:55","slug":"quienes-somos","status":"publish","type":"page","link":"http:\/\/universofamilia.com\/cs\/quienes-somos\/","title":{"rendered":"Kdo jsme"},"content":{"rendered":"<p>V <strong>Rodinn\u00fd vesm\u00edr<\/strong>V\u011b\u0159\u00edme, \u017ee znalosti a jednota rodiny mohou zm\u011bnit sv\u011bt. Jsme digit\u00e1ln\u00ed prostor vytvo\u0159en\u00fd s c\u00edlem inspirovat, informovat a podporovat modern\u00ed rodiny v jejich ka\u017edodenn\u00edm \u017eivot\u011b a poskytovat kvalitn\u00ed obsah o... <strong>Technologie, kari\u00e9rn\u00ed dr\u00e1hy a zpr\u00e1vy, kter\u00e9 ovliv\u0148uj\u00ed skute\u010dn\u00fd \u017eivot<\/strong>.<\/p>\n\n\n\n<p>Na\u0161\u00edm c\u00edlem je pomoci ka\u017ed\u00e9mu \u010dten\u00e1\u0159i objevit nov\u00e9 n\u00e1stroje, n\u00e1pady a perspektivy, kter\u00e9 mu usnadn\u00ed \u017eivot, zlep\u0161\u00ed jeho pohodu a pos\u00edl\u00ed rodinn\u00e9 vazby, a to v\u0161e p\u0159i zachov\u00e1n\u00ed souladu s pokrokem modern\u00edho sv\u011bta.<\/p>\n\n\n\n<h2 class=\"wp-block-heading\"><strong>Na\u0161e posl\u00e1n\u00ed<\/strong><\/h2>\n\n\n\n<p>Na\u0161\u00edm posl\u00e1n\u00edm je <strong>p\u0159ibl\u00ed\u017eit u\u017eite\u010dn\u00e9 a spolehliv\u00e9 informace<\/strong> Na\u0161\u00edm c\u00edlem je poskytovat jasn\u00e9, p\u0159\u00edstupn\u00e9 a aktu\u00e1ln\u00ed informace lidem v\u0161ech v\u011bkov\u00fdch kategori\u00ed. Chceme, aby ka\u017ed\u00e1 n\u00e1v\u0161t\u011bva Universo Familia byla obohacuj\u00edc\u00edm z\u00e1\u017eitkem, kde se nau\u010d\u00edte n\u011bco nov\u00e9ho a najdete motivaci k dosa\u017een\u00ed sv\u00fdch osobn\u00edch i profesn\u00edch c\u00edl\u016f.<\/p>\n\n\n\n<h2 class=\"wp-block-heading\"><strong>Na\u0161e vize<\/strong><\/h2>\n\n\n\n<p>B\u00fdt jednou z nejd\u016fv\u011bryhodn\u011bj\u0161\u00edch digit\u00e1ln\u00edch komunit ve \u0161pan\u011bl\u0161tin\u011b, kde rodiny nach\u00e1zej\u00ed inspiraci, technologick\u00e1 \u0159e\u0161en\u00ed, p\u0159\u00edle\u017eitosti k kari\u00e9rn\u00edmu r\u016fstu a nejnov\u011bj\u0161\u00ed zpr\u00e1vy, na kter\u00fdch skute\u010dn\u011b z\u00e1le\u017e\u00ed.<br>Chceme b\u00fdt va\u0161\u00edm prvn\u00edm zdrojem informac\u00ed p\u0159i vyhled\u00e1v\u00e1n\u00ed <strong>Jak si zlep\u0161it \u017eivot s pomoc\u00ed technologi\u00ed a vzd\u011bl\u00e1v\u00e1n\u00ed<\/strong>.<\/p>\n\n\n\n<h2 class=\"wp-block-heading\"><strong>Na\u0161e hodnoty<\/strong><\/h2>\n\n\n\n<ul>\n<li><strong>Pr\u016fhlednost:<\/strong> Publikujeme ov\u011b\u0159en\u00fd obsah, ze spolehliv\u00fdch zdroj\u016f a s up\u0159\u00edmn\u00fdm jazykem.<\/li>\n\n\n\n<li><strong>\u0160kolstv\u00ed:<\/strong> Podporujeme neust\u00e1l\u00e9 vzd\u011bl\u00e1v\u00e1n\u00ed prost\u0159ednictv\u00edm technologick\u00fdch n\u00e1stroj\u016f a praktick\u00fdch rad.<\/li>\n\n\n\n<li><strong>Bl\u00edzkost:<\/strong> Mluv\u00edme p\u0159\u00e1telsk\u00fdm, lidsk\u00fdm t\u00f3nem, kter\u00e9mu rozum\u00ed ka\u017ed\u00fd.<\/li>\n\n\n\n<li><strong>Inovace:<\/strong> V\u011b\u0159\u00edme v s\u00edlu technologi\u00ed zjednodu\u0161it ka\u017edodenn\u00ed \u017eivot.<\/li>\n\n\n\n<li><strong>Rodina:<\/strong> V\u0161echno, co d\u011bl\u00e1me, vych\u00e1z\u00ed z l\u00e1sky, respektu a touhy vid\u011bt rodiny r\u016fst spole\u010dn\u011b a \u0161\u0165astn\u011b.<\/li>\n<\/ul>\n\n\n\n<h2 class=\"wp-block-heading\"><strong>Co najdete ve Family Universe<\/strong><\/h2>\n\n\n\n<p>V na\u0161ich sekc\u00edch objev\u00edte vesm\u00edr obsahu vytvo\u0159en\u00e9ho s nasazen\u00edm.<\/p>\n\n\n\n<h3 class=\"wp-block-heading\"><strong>Technologie<\/strong><\/h3>\n\n\n\n<p>Zjist\u011bte, jak v\u00e1m nov\u00e9 digit\u00e1ln\u00ed n\u00e1stroje mohou pomoci zorganizovat si \u017eivot, ochr\u00e1nit rodinu a zv\u00fd\u0161it produktivitu. Od u\u017eite\u010dn\u00fdch aplikac\u00ed a\u017e po praktick\u00e9 pr\u016fvodce, jak co nejl\u00e9pe vyu\u017e\u00edt sv\u016fj telefon nebo po\u010d\u00edta\u010d.<\/p>\n\n\n\n<h3 class=\"wp-block-heading\"><strong>Kari\u00e9ra<\/strong><\/h3>\n\n\n\n<p>Nab\u00edz\u00edme tipy a zdroje, kter\u00e9 v\u00e1m pomohou s profesn\u00edm r\u016fstem. Objevte nejlep\u0161\u00ed online vzd\u011bl\u00e1vac\u00ed platformy, jak se p\u0159ipravit na pohovory a jak vyu\u017e\u00edt pracovn\u00edch p\u0159\u00edle\u017eitost\u00ed v digit\u00e1ln\u00edm sv\u011bt\u011b.<\/p>\n\n\n\n<h3 class=\"wp-block-heading\"><strong>Zpr\u00e1vy<\/strong><\/h3>\n\n\n\n<p>Z\u016fsta\u0148te informov\u00e1ni o nejnov\u011bj\u0161\u00edch zpr\u00e1v\u00e1ch ze sv\u011bta vzd\u011bl\u00e1v\u00e1n\u00ed, inovac\u00ed, pohody a glob\u00e1ln\u00edch trend\u016f, kter\u00e9 p\u0159\u00edmo ovliv\u0148uj\u00ed rodinn\u00fd a profesn\u00ed \u017eivot.<\/p>\n\n\n\n<h2 class=\"wp-block-heading\"><strong>Pro\u010d existujeme?<\/strong><\/h2>\n\n\n\n<p>Narodili jsme se s ur\u010dit\u00fdm \u00fa\u010delem: <strong>vytvo\u0159it pozitivn\u00ed, vzd\u011bl\u00e1vac\u00ed a d\u016fv\u011bryhodn\u00fd prostor<\/strong>kde ka\u017ed\u00fd m\u016f\u017ee naj\u00edt inspiraci a praktick\u00e9 znalosti.<br>Proto\u017ee v\u011b\u0159\u00edme, \u017ee <strong>Informovan\u00e1 a propojen\u00e1 rodina je siln\u011bj\u0161\u00ed rodina<\/strong>a \u017ee neust\u00e1l\u00e9 u\u010den\u00ed je kl\u00ed\u010dem k budov\u00e1n\u00ed lep\u0161\u00ed budoucnosti.<\/p>","protected":false},"excerpt":{"rendered":"<p>En Universo Familia, creemos que el conocimiento y la uni\u00f3n familiar pueden transformar el mundo. Somos un espacio digital creado para inspirar, informar y acompa\u00f1ar a las familias modernas en su d\u00eda a d\u00eda, brindando contenidos de calidad sobre tecnolog\u00eda, carrera profesional y noticias que impactan la vida real. Nuestro objetivo es ayudar a cada [&hellip;]<\/p>","protected":false},"author":139,"featured_media":1605,"parent":0,"menu_order":0,"comment_status":"closed","ping_status":"closed","template":"page-nosidebar.php","meta":{"footnotes":""},"yoast_head":"<!-- This site is optimized with the Yoast SEO plugin v23.3 - https:\/\/yoast.com\/wordpress\/plugins\/seo\/ -->\n<title>Qui\u00e9nes somos - Universo Fam\u00edlia<\/title>\n<meta name=\"description\" content=\"Qui\u00e9nes somos\" \/>\n<meta name=\"robots\" content=\"index, follow, max-snippet:-1, max-image-preview:large, max-video-preview:-1\" \/>\n<link rel=\"canonical\" href=\"http:\/\/universofamilia.com\/cs\/quienes-somos\/\" \/>\n<meta property=\"og:locale\" content=\"cs_CZ\" \/>\n<meta property=\"og:type\" content=\"article\" \/>\n<meta property=\"og:title\" content=\"Qui\u00e9nes somos - Universo Fam\u00edlia\" \/>\n<meta property=\"og:description\" content=\"Qui\u00e9nes somos\" \/>\n<meta property=\"og:url\" content=\"http:\/\/universofamilia.com\/cs\/quienes-somos\/\" \/>\n<meta property=\"og:site_name\" content=\"Universo Fam\u00edlia\" \/>\n<meta property=\"article:modified_time\" content=\"2025-11-04T14:43:55+00:00\" \/>\n<meta property=\"og:image\" content=\"https:\/\/universofamilia.com\/wp-content\/uploads\/sites\/148\/2023\/05\/universo-familia-sobre-familia-2.png\" \/>\n\t<meta property=\"og:image:width\" content=\"550\" \/>\n\t<meta property=\"og:image:height\" content=\"350\" \/>\n\t<meta property=\"og:image:type\" content=\"image\/png\" \/>\n<meta name=\"twitter:card\" content=\"summary_large_image\" \/>\n<meta name=\"twitter:label1\" content=\"Est. reading time\" \/>\n\t<meta name=\"twitter:data1\" content=\"3 minuty\" \/>\n<script type=\"application\/ld+json\" class=\"yoast-schema-graph\">{\"@context\":\"https:\/\/schema.org\",\"@graph\":[{\"@type\":\"WebPage\",\"@id\":\"https:\/\/universofamilia.com\/quienes-somos\/\",\"url\":\"https:\/\/universofamilia.com\/quienes-somos\/\",\"name\":\"Qui\u00e9nes somos - Universo Fam\u00edlia\",\"isPartOf\":{\"@id\":\"https:\/\/universofamilia.com\/el\/#website\"},\"primaryImageOfPage\":{\"@id\":\"https:\/\/universofamilia.com\/quienes-somos\/#primaryimage\"},\"image\":{\"@id\":\"https:\/\/universofamilia.com\/quienes-somos\/#primaryimage\"},\"thumbnailUrl\":\"http:\/\/universofamilia.com\/wp-content\/uploads\/sites\/148\/2023\/05\/universo-familia-sobre-familia-2.png\",\"datePublished\":\"2023-05-22T02:46:35+00:00\",\"dateModified\":\"2025-11-04T14:43:55+00:00\",\"description\":\"Qui\u00e9nes somos\",\"breadcrumb\":{\"@id\":\"https:\/\/universofamilia.com\/quienes-somos\/#breadcrumb\"},\"inLanguage\":\"cs\",\"potentialAction\":[{\"@type\":\"ReadAction\",\"target\":[\"https:\/\/universofamilia.com\/quienes-somos\/\"]}]},{\"@type\":\"ImageObject\",\"inLanguage\":\"cs\",\"@id\":\"https:\/\/universofamilia.com\/quienes-somos\/#primaryimage\",\"url\":\"http:\/\/universofamilia.com\/wp-content\/uploads\/sites\/148\/2023\/05\/universo-familia-sobre-familia-2.png\",\"contentUrl\":\"http:\/\/universofamilia.com\/wp-content\/uploads\/sites\/148\/2023\/05\/universo-familia-sobre-familia-2.png\",\"width\":550,\"height\":350},{\"@type\":\"BreadcrumbList\",\"@id\":\"https:\/\/universofamilia.com\/quienes-somos\/#breadcrumb\",\"itemListElement\":[{\"@type\":\"ListItem\",\"position\":1,\"name\":\"Home\",\"item\":\"https:\/\/universofamilia.com\/el\/\"},{\"@type\":\"ListItem\",\"position\":2,\"name\":\"Qui\u00e9nes somos\"}]},{\"@type\":\"WebSite\",\"@id\":\"https:\/\/universofamilia.com\/el\/#website\",\"url\":\"https:\/\/universofamilia.com\/el\/\",\"name\":\"Universo Fam\u00edlia\",\"description\":\"\",\"potentialAction\":[{\"@type\":\"SearchAction\",\"target\":{\"@type\":\"EntryPoint\",\"urlTemplate\":\"https:\/\/universofamilia.com\/el\/?s={search_term_string}\"},\"query-input\":\"required name=search_term_string\"}],\"inLanguage\":\"cs\"}]}<\/script>\n<!-- \/ Yoast SEO plugin. -->","yoast_head_json":{"title":"Qui\u00e9nes somos - Universo Fam\u00edlia","description":"Qui\u00e9nes somos","robots":{"index":"index","follow":"follow","max-snippet":"max-snippet:-1","max-image-preview":"max-image-preview:large","max-video-preview":"max-video-preview:-1"},"canonical":"http:\/\/universofamilia.com\/cs\/quienes-somos\/","og_locale":"cs_CZ","og_type":"article","og_title":"Qui\u00e9nes somos - Universo Fam\u00edlia","og_description":"Qui\u00e9nes somos","og_url":"http:\/\/universofamilia.com\/cs\/quienes-somos\/","og_site_name":"Universo Fam\u00edlia","article_modified_time":"2025-11-04T14:43:55+00:00","og_image":[{"width":550,"height":350,"url":"https:\/\/universofamilia.com\/wp-content\/uploads\/sites\/148\/2023\/05\/universo-familia-sobre-familia-2.png","type":"image\/png"}],"twitter_card":"summary_large_image","twitter_misc":{"Est. reading time":"3 minuty"},"schema":{"@context":"https:\/\/schema.org","@graph":[{"@type":"WebPage","@id":"https:\/\/universofamilia.com\/quienes-somos\/","url":"https:\/\/universofamilia.com\/quienes-somos\/","name":"Qui\u00e9nes somos - Universo Fam\u00edlia","isPartOf":{"@id":"https:\/\/universofamilia.com\/el\/#website"},"primaryImageOfPage":{"@id":"https:\/\/universofamilia.com\/quienes-somos\/#primaryimage"},"image":{"@id":"https:\/\/universofamilia.com\/quienes-somos\/#primaryimage"},"thumbnailUrl":"http:\/\/universofamilia.com\/wp-content\/uploads\/sites\/148\/2023\/05\/universo-familia-sobre-familia-2.png","datePublished":"2023-05-22T02:46:35+00:00","dateModified":"2025-11-04T14:43:55+00:00","description":"Qui\u00e9nes somos","breadcrumb":{"@id":"https:\/\/universofamilia.com\/quienes-somos\/#breadcrumb"},"inLanguage":"cs","potentialAction":[{"@type":"ReadAction","target":["https:\/\/universofamilia.com\/quienes-somos\/"]}]},{"@type":"ImageObject","inLanguage":"cs","@id":"https:\/\/universofamilia.com\/quienes-somos\/#primaryimage","url":"http:\/\/universofamilia.com\/wp-content\/uploads\/sites\/148\/2023\/05\/universo-familia-sobre-familia-2.png","contentUrl":"http:\/\/universofamilia.com\/wp-content\/uploads\/sites\/148\/2023\/05\/universo-familia-sobre-familia-2.png","width":550,"height":350},{"@type":"BreadcrumbList","@id":"https:\/\/universofamilia.com\/quienes-somos\/#breadcrumb","itemListElement":[{"@type":"ListItem","position":1,"name":"Home","item":"https:\/\/universofamilia.com\/el\/"},{"@type":"ListItem","position":2,"name":"Qui\u00e9nes somos"}]},{"@type":"WebSite","@id":"https:\/\/universofamilia.com\/el\/#website","url":"https:\/\/universofamilia.com\/el\/","name":"Universo Fam\u00edlia","description":"","potentialAction":[{"@type":"SearchAction","target":{"@type":"EntryPoint","urlTemplate":"https:\/\/universofamilia.com\/el\/?s={search_term_string}"},"query-input":"required name=search_term_string"}],"inLanguage":"cs"}]}},"_links":{"self":[{"href":"http:\/\/universofamilia.com\/cs\/wp-json\/wp\/v2\/pages\/7944"}],"collection":[{"href":"http:\/\/universofamilia.com\/cs\/wp-json\/wp\/v2\/pages"}],"about":[{"href":"http:\/\/universofamilia.com\/cs\/wp-json\/wp\/v2\/types\/page"}],"author":[{"embeddable":true,"href":"http:\/\/universofamilia.com\/cs\/wp-json\/wp\/v2\/users\/139"}],"replies":[{"embeddable":true,"href":"http:\/\/universofamilia.com\/cs\/wp-json\/wp\/v2\/comments?post=7944"}],"version-history":[{"count":3,"href":"http:\/\/universofamilia.com\/cs\/wp-json\/wp\/v2\/pages\/7944\/revisions"}],"predecessor-version":[{"id":10273,"href":"http:\/\/universofamilia.com\/cs\/wp-json\/wp\/v2\/pages\/7944\/revisions\/10273"}],"wp:featuredmedia":[{"embeddable":true,"href":"http:\/\/universofamilia.com\/cs\/wp-json\/wp\/v2\/media\/1605"}],"wp:attachment":[{"href":"http:\/\/universofamilia.com\/cs\/wp-json\/wp\/v2\/media?parent=7944"}],"curies":[{"name":"wp","href":"https:\/\/api.w.org\/{rel}","templated":true}]}}