{"id":1961,"date":"2023-05-26T20:33:14","date_gmt":"2023-05-26T20:33:14","guid":{"rendered":"https:\/\/universofamilia.com\/?page_id=1961"},"modified":"2026-03-18T15:10:50","modified_gmt":"2026-03-18T18:10:50","slug":"condiciones-de-uso","status":"publish","type":"page","link":"http:\/\/universofamilia.com\/da\/condiciones-de-uso\/","title":{"rendered":"Betingelser for brug"},"content":{"rendered":"<h2>1. Vilk\u00e5r<\/h2>\n<p data-start=\"199\" data-end=\"430\">N\u00e5r du tilg\u00e5r hjemmesiden for <a href=\"http:\/\/universofamilia.com\/da\/\">Familieunivers<\/a>Ved at bruge denne tjeneste accepterer du at overholde disse brugsbetingelser samt alle g\u00e6ldende love og bestemmelser. Du anerkender ogs\u00e5, at du er ansvarlig for at overholde alle g\u00e6ldende lokale love.<\/p>\n<p data-start=\"432\" data-end=\"532\">Hvis du ikke accepterer nogen af disse vilk\u00e5r, er det forbudt at bruge eller tilg\u00e5 dette websted.<\/p>\n<p data-start=\"534\" data-end=\"672\">Indholdet og materialerne p\u00e5 dette websted er beskyttet af g\u00e6ldende ophavsrets- og varem\u00e6rkelovgivning.<\/p>\n<h2>2. Brug af licens<\/h2>\n<p>Der gives tilladelse til midlertidigt at downloade \u00e9n kopi af materialerne (information eller software) p\u00e5 Universo Fam\u00edlias hjemmeside til personlig, ikke-kommerciel og midlertidig visning. Dette er tildeling af en licens, ikke en overdragelse af ejendomsret, og under denne licens m\u00e5 du ikke:<\/p>\n<ol>\n<li>\u00e6ndre eller kopiere materialerne;<\/li>\n<li>bruge materialerne til kommercielle form\u00e5l eller til offentlig visning (kommerciel eller ikke-kommerciel);<\/li>\n<li>fors\u00f8ge at dekompilere eller reverse engineere software p\u00e5 Universo Fam\u00edlia-webstedet;<\/li>\n<li>fjerne enhver ophavsretslig eller anden propriet\u00e6r bem\u00e6rkning fra materialerne; eller<\/li>\n<li>overf\u00f8re materialerne til en anden person eller &quot;spejle&quot; materialerne p\u00e5 en anden server.<\/li>\n<\/ol>\n<p>Denne licens oph\u00f8rer automatisk, hvis du overtr\u00e6der nogen af disse begr\u00e6nsninger, og Universo Fam\u00edlia kan til enhver tid opsige den. N\u00e5r du oph\u00f8rer med at se disse materialer, eller n\u00e5r denne licens oph\u00f8rer, skal du slette alt downloadet materiale, du er i besiddelse af, uanset om det er i elektronisk eller trykt format.<\/p>\n<h2>3. Ansvarsfraskrivelse<\/h2>\n<ol>\n<li>Materialerne p\u00e5 Universe Familys hjemmeside leveres &quot;som de er&quot;. Universe Family giver ingen garantier, hverken udtrykkelige eller underforst\u00e5ede, og fraskriver sig hermed alle andre garantier, herunder, uden begr\u00e6nsning, underforst\u00e5ede garantier eller betingelser for salgbarhed, egnethed til et bestemt form\u00e5l eller ikke-kr\u00e6nkelse af intellektuel ejendomsret eller anden kr\u00e6nkelse af rettigheder.<\/li>\n<li>Derudover garanterer eller frems\u00e6tter Universo Fam\u00edlia ingen erkl\u00e6ringer vedr\u00f8rende n\u00f8jagtigheden, sandsynlige resultater eller p\u00e5lideligheden af brugen af materialerne p\u00e5 sin hjemmeside eller p\u00e5 anden m\u00e5de relateret til s\u00e5danne materialer eller p\u00e5 websteder, der er linket til denne hjemmeside.<\/li>\n<\/ol>\n<h2>4. Begr\u00e6nsninger<\/h2>\n<p>Universo Fam\u00edlia eller dets leverand\u00f8rer er under ingen omst\u00e6ndigheder ansvarlige for skader (herunder, uden begr\u00e6nsning, skader for tab af data eller fortjeneste eller p\u00e5 grund af driftsafbrydelse), der opst\u00e5r som f\u00f8lge af brugen eller manglende evne til at bruge materialerne p\u00e5 Universo Fam\u00edlia, selvom Universo Fam\u00edlia eller en autoriseret repr\u00e6sentant fra Universo Fam\u00edlia er blevet underrettet mundtligt eller skriftligt om muligheden for s\u00e5dan skade. Da nogle jurisdiktioner ikke tillader begr\u00e6nsninger af implicitte garantier eller begr\u00e6nsninger af ansvar for f\u00f8lgeskader eller h\u00e6ndelige skader, g\u00e6lder disse begr\u00e6nsninger muligvis ikke for dig.<\/p>\n<h2>5. Materialepr\u00e6cision<\/h2>\n<p>Materialerne p\u00e5 Universo Fam\u00edlias hjemmeside kan indeholde tekniske, typografiske eller fotografiske fejl. Universo Fam\u00edlia garanterer ikke, at materialerne p\u00e5 hjemmesiden er n\u00f8jagtige, fuldst\u00e6ndige eller aktuelle. Universo Fam\u00edlia kan til enhver tid foretage \u00e6ndringer i materialerne p\u00e5 hjemmesiden uden varsel. Universe Family forpligter sig dog ikke til at opdatere materialerne.<\/p>\n<h2>6. Links<\/h2>\n<p>Universo Fam\u00edlia har ikke gennemg\u00e5et alle de websteder, der linkes til p\u00e5 deres hjemmeside, og er ikke ansvarlig for indholdet af s\u00e5danne linkede websteder. Medtagelsen af et link indeb\u00e6rer ikke, at Universo Fam\u00edlia godkender webstedet. Brug af linkede websteder sker p\u00e5 brugerens eget ansvar.<\/p>\n<h3>\u00c6ndringer<\/h3>\n<p>Universo Fam\u00edlia kan til enhver tid revidere disse hjemmesides servicevilk\u00e5r uden forudg\u00e5ende varsel. Ved at bruge denne hjemmeside accepterer du at v\u00e6re bundet af den g\u00e6ldende version af disse servicevilk\u00e5r.<\/p>\n<h3>G\u00e6ldende lov<\/h3>\n<p>Disse vilk\u00e5r og betingelser er underlagt og fortolkes i overensstemmelse med lovgivningen i USA, og du underkaster dig uigenkaldeligt domstolenes eksklusive jurisdiktion i den p\u00e5g\u00e6ldende stat eller p\u00e5 det p\u00e5g\u00e6ldende sted.<\/p>","protected":false},"excerpt":{"rendered":"<p>1. T\u00e9rminos Al acceder al sitio web de Universo Familia, usted acepta cumplir con estos t\u00e9rminos de uso, as\u00ed como con todas las leyes y regulaciones aplicables. Asimismo, reconoce que es responsable de cumplir con la legislaci\u00f3n local vigente. Si no est\u00e1 de acuerdo con alguno de estos t\u00e9rminos, tiene prohibido utilizar o acceder a [&hellip;]<\/p>","protected":false},"author":139,"featured_media":0,"parent":0,"menu_order":0,"comment_status":"closed","ping_status":"closed","template":"page-nosidebar.php","meta":{"footnotes":""},"yoast_head":"<!-- This site is optimized with the Yoast SEO plugin v23.3 - https:\/\/yoast.com\/wordpress\/plugins\/seo\/ -->\n<title>Condiciones de uso - Universo Fam\u00edlia<\/title>\n<meta name=\"description\" content=\"Condiciones de uso\" \/>\n<meta name=\"robots\" content=\"index, follow, max-snippet:-1, max-image-preview:large, max-video-preview:-1\" \/>\n<link rel=\"canonical\" href=\"http:\/\/universofamilia.com\/da\/condiciones-de-uso\/\" \/>\n<meta property=\"og:locale\" content=\"da_DK\" \/>\n<meta property=\"og:type\" content=\"article\" \/>\n<meta property=\"og:title\" content=\"Condiciones de uso - Universo Fam\u00edlia\" \/>\n<meta property=\"og:description\" content=\"Condiciones de uso\" \/>\n<meta property=\"og:url\" content=\"http:\/\/universofamilia.com\/da\/condiciones-de-uso\/\" \/>\n<meta property=\"og:site_name\" content=\"Universo Fam\u00edlia\" \/>\n<meta property=\"article:modified_time\" content=\"2026-03-18T18:10:50+00:00\" \/>\n<meta name=\"twitter:card\" content=\"summary_large_image\" \/>\n<meta name=\"twitter:label1\" content=\"Est. reading time\" \/>\n\t<meta name=\"twitter:data1\" content=\"4 minutter\" \/>\n<script type=\"application\/ld+json\" class=\"yoast-schema-graph\">{\"@context\":\"https:\/\/schema.org\",\"@graph\":[{\"@type\":\"WebPage\",\"@id\":\"https:\/\/universofamilia.com\/condiciones-de-uso\/\",\"url\":\"https:\/\/universofamilia.com\/condiciones-de-uso\/\",\"name\":\"Condiciones de uso - Universo Fam\u00edlia\",\"isPartOf\":{\"@id\":\"https:\/\/universofamilia.com\/el\/#website\"},\"datePublished\":\"2023-05-26T20:33:14+00:00\",\"dateModified\":\"2026-03-18T18:10:50+00:00\",\"description\":\"Condiciones de uso\",\"breadcrumb\":{\"@id\":\"https:\/\/universofamilia.com\/condiciones-de-uso\/#breadcrumb\"},\"inLanguage\":\"da-DK\",\"potentialAction\":[{\"@type\":\"ReadAction\",\"target\":[\"https:\/\/universofamilia.com\/condiciones-de-uso\/\"]}]},{\"@type\":\"BreadcrumbList\",\"@id\":\"https:\/\/universofamilia.com\/condiciones-de-uso\/#breadcrumb\",\"itemListElement\":[{\"@type\":\"ListItem\",\"position\":1,\"name\":\"Home\",\"item\":\"https:\/\/universofamilia.com\/el\/\"},{\"@type\":\"ListItem\",\"position\":2,\"name\":\"Condiciones de uso\"}]},{\"@type\":\"WebSite\",\"@id\":\"https:\/\/universofamilia.com\/el\/#website\",\"url\":\"https:\/\/universofamilia.com\/el\/\",\"name\":\"Universo Fam\u00edlia\",\"description\":\"\",\"potentialAction\":[{\"@type\":\"SearchAction\",\"target\":{\"@type\":\"EntryPoint\",\"urlTemplate\":\"https:\/\/universofamilia.com\/el\/?s={search_term_string}\"},\"query-input\":\"required name=search_term_string\"}],\"inLanguage\":\"da-DK\"}]}<\/script>\n<!-- \/ Yoast SEO plugin. -->","yoast_head_json":{"title":"Condiciones de uso - Universo Fam\u00edlia","description":"Condiciones de uso","robots":{"index":"index","follow":"follow","max-snippet":"max-snippet:-1","max-image-preview":"max-image-preview:large","max-video-preview":"max-video-preview:-1"},"canonical":"http:\/\/universofamilia.com\/da\/condiciones-de-uso\/","og_locale":"da_DK","og_type":"article","og_title":"Condiciones de uso - Universo Fam\u00edlia","og_description":"Condiciones de uso","og_url":"http:\/\/universofamilia.com\/da\/condiciones-de-uso\/","og_site_name":"Universo Fam\u00edlia","article_modified_time":"2026-03-18T18:10:50+00:00","twitter_card":"summary_large_image","twitter_misc":{"Est. reading time":"4 minutter"},"schema":{"@context":"https:\/\/schema.org","@graph":[{"@type":"WebPage","@id":"https:\/\/universofamilia.com\/condiciones-de-uso\/","url":"https:\/\/universofamilia.com\/condiciones-de-uso\/","name":"Condiciones de uso - Universo Fam\u00edlia","isPartOf":{"@id":"https:\/\/universofamilia.com\/el\/#website"},"datePublished":"2023-05-26T20:33:14+00:00","dateModified":"2026-03-18T18:10:50+00:00","description":"Condiciones de uso","breadcrumb":{"@id":"https:\/\/universofamilia.com\/condiciones-de-uso\/#breadcrumb"},"inLanguage":"da-DK","potentialAction":[{"@type":"ReadAction","target":["https:\/\/universofamilia.com\/condiciones-de-uso\/"]}]},{"@type":"BreadcrumbList","@id":"https:\/\/universofamilia.com\/condiciones-de-uso\/#breadcrumb","itemListElement":[{"@type":"ListItem","position":1,"name":"Home","item":"https:\/\/universofamilia.com\/el\/"},{"@type":"ListItem","position":2,"name":"Condiciones de uso"}]},{"@type":"WebSite","@id":"https:\/\/universofamilia.com\/el\/#website","url":"https:\/\/universofamilia.com\/el\/","name":"Universo Fam\u00edlia","description":"","potentialAction":[{"@type":"SearchAction","target":{"@type":"EntryPoint","urlTemplate":"https:\/\/universofamilia.com\/el\/?s={search_term_string}"},"query-input":"required name=search_term_string"}],"inLanguage":"da-DK"}]}},"_links":{"self":[{"href":"http:\/\/universofamilia.com\/da\/wp-json\/wp\/v2\/pages\/1961"}],"collection":[{"href":"http:\/\/universofamilia.com\/da\/wp-json\/wp\/v2\/pages"}],"about":[{"href":"http:\/\/universofamilia.com\/da\/wp-json\/wp\/v2\/types\/page"}],"author":[{"embeddable":true,"href":"http:\/\/universofamilia.com\/da\/wp-json\/wp\/v2\/users\/139"}],"replies":[{"embeddable":true,"href":"http:\/\/universofamilia.com\/da\/wp-json\/wp\/v2\/comments?post=1961"}],"version-history":[{"count":3,"href":"http:\/\/universofamilia.com\/da\/wp-json\/wp\/v2\/pages\/1961\/revisions"}],"predecessor-version":[{"id":10550,"href":"http:\/\/universofamilia.com\/da\/wp-json\/wp\/v2\/pages\/1961\/revisions\/10550"}],"wp:attachment":[{"href":"http:\/\/universofamilia.com\/da\/wp-json\/wp\/v2\/media?parent=1961"}],"curies":[{"name":"wp","href":"https:\/\/api.w.org\/{rel}","templated":true}]}}