{"id":7944,"date":"2023-05-21T23:46:35","date_gmt":"2023-05-22T02:46:35","guid":{"rendered":"https:\/\/universofamilia.com\/?page_id=2"},"modified":"2025-11-04T11:43:55","modified_gmt":"2025-11-04T14:43:55","slug":"quienes-somos","status":"publish","type":"page","link":"http:\/\/universofamilia.com\/da\/hvem-vi-er\/","title":{"rendered":"Hvem vi er"},"content":{"rendered":"<p>I <strong>Familieunivers<\/strong>Vi tror p\u00e5, at viden og familieenhed kan forandre verden. Vi er et digitalt rum, der er skabt til at inspirere, informere og st\u00f8tte moderne familier i deres dagligdag og levere kvalitetsindhold om <strong>Teknologi, karriereveje og nyheder, der p\u00e5virker det virkelige liv<\/strong>.<\/p>\n\n\n\n<p>Vores m\u00e5l er at hj\u00e6lpe hver l\u00e6ser med at opdage nye v\u00e6rkt\u00f8jer, ideer og perspektiver, der g\u00f8r deres liv lettere, forbedrer deres velbefindende og styrker familieb\u00e5ndene, alt imens de holder trit med den moderne verdens fremskridt.<\/p>\n\n\n\n<h2 class=\"wp-block-heading\"><strong>Vores mission<\/strong><\/h2>\n\n\n\n<p>Vores mission er <strong>at bringe nyttige og p\u00e5lidelige oplysninger t\u00e6ttere p\u00e5<\/strong> Vi str\u00e6ber efter at give klar, tilg\u00e6ngelig og opdateret information til folk i alle aldre. Vi \u00f8nsker, at hvert bes\u00f8g p\u00e5 Universo Familia skal v\u00e6re en berigende oplevelse, hvor du l\u00e6rer noget nyt og finder motivation til at n\u00e5 dine personlige og professionelle m\u00e5l.<\/p>\n\n\n\n<h2 class=\"wp-block-heading\"><strong>Vores vision<\/strong><\/h2>\n\n\n\n<p>At v\u00e6re et af de mest betroede digitale f\u00e6llesskaber i Spanien, hvor familier finder inspiration, teknologiske l\u00f8sninger, jobmuligheder og de seneste nyheder, der virkelig betyder noget.<br>Vi \u00f8nsker at v\u00e6re din f\u00f8rste informationskilde, n\u00e5r du s\u00f8ger <strong>S\u00e5dan forbedrer du dit liv ved hj\u00e6lp af teknologi og uddannelse<\/strong>.<\/p>\n\n\n\n<h2 class=\"wp-block-heading\"><strong>Vores v\u00e6rdier<\/strong><\/h2>\n\n\n\n<ul>\n<li><strong>Gennemsigtighed:<\/strong> Vi udgiver verificeret indhold med p\u00e5lidelige kilder og \u00e6rligt sprog.<\/li>\n\n\n\n<li><strong>Undervisning:<\/strong> Vi fremmer kontinuerlig l\u00e6ring gennem teknologiske v\u00e6rkt\u00f8jer og praktisk r\u00e5dgivning.<\/li>\n\n\n\n<li><strong>N\u00e6rhed:<\/strong> Vi taler i en venlig, menneskelig tone, der er forst\u00e5elig for alle.<\/li>\n\n\n\n<li><strong>Innovation:<\/strong> Vi tror p\u00e5 teknologiens kraft til at forenkle hverdagen.<\/li>\n\n\n\n<li><strong>Familie:<\/strong> Alt, hvad vi g\u00f8r, udspringer af k\u00e6rlighed, respekt og \u00f8nsket om at se familier vokse sammen og v\u00e6re lykkelige.<\/li>\n<\/ul>\n\n\n\n<h2 class=\"wp-block-heading\"><strong>Hvad du finder hos Family Universe<\/strong><\/h2>\n\n\n\n<p>I vores sektioner vil du opdage et univers af indhold skabt med dedikation.<\/p>\n\n\n\n<h3 class=\"wp-block-heading\"><strong>Teknologi<\/strong><\/h3>\n\n\n\n<p>L\u00e6r hvordan nye digitale v\u00e6rkt\u00f8jer kan hj\u00e6lpe dig med at organisere dit liv, beskytte din familie og forbedre din produktivitet. Fra nyttige apps til praktiske vejledninger til at f\u00e5 mest muligt ud af din telefon eller computer.<\/p>\n\n\n\n<h3 class=\"wp-block-heading\"><strong>Karriere<\/strong><\/h3>\n\n\n\n<p>Vi tilbyder tips og ressourcer, der hj\u00e6lper dig med at vokse professionelt. Opdag de bedste online l\u00e6ringsplatforme, hvordan du forbereder dig til jobsamtaler, og hvordan du udnytter jobmuligheder i den digitale verden.<\/p>\n\n\n\n<h3 class=\"wp-block-heading\"><strong>Nyheder<\/strong><\/h3>\n\n\n\n<p>Hold dig opdateret med de seneste nyheder om uddannelse, innovation, trivsel og globale tendenser, der direkte p\u00e5virker familie- og arbejdsliv.<\/p>\n\n\n\n<h2 class=\"wp-block-heading\"><strong>Hvorfor eksisterer vi?<\/strong><\/h2>\n\n\n\n<p>Vi blev f\u00f8dt med et form\u00e5l: <strong>skabe et positivt, l\u00e6rerigt og trov\u00e6rdigt rum<\/strong>hvor alle kan finde inspiration og praktisk viden.<br>Fordi vi tror, at <strong>En informeret og forbundet familie er en st\u00e6rkere familie<\/strong>og at kontinuerlig l\u00e6ring er n\u00f8glen til at bygge en bedre fremtid.<\/p>","protected":false},"excerpt":{"rendered":"<p>En Universo Familia, creemos que el conocimiento y la uni\u00f3n familiar pueden transformar el mundo. Somos un espacio digital creado para inspirar, informar y acompa\u00f1ar a las familias modernas en su d\u00eda a d\u00eda, brindando contenidos de calidad sobre tecnolog\u00eda, carrera profesional y noticias que impactan la vida real. Nuestro objetivo es ayudar a cada [&hellip;]<\/p>","protected":false},"author":139,"featured_media":1605,"parent":0,"menu_order":0,"comment_status":"closed","ping_status":"closed","template":"page-nosidebar.php","meta":{"footnotes":""},"yoast_head":"<!-- This site is optimized with the Yoast SEO plugin v23.3 - https:\/\/yoast.com\/wordpress\/plugins\/seo\/ -->\n<title>Qui\u00e9nes somos - Universo Fam\u00edlia<\/title>\n<meta name=\"description\" content=\"Qui\u00e9nes somos\" \/>\n<meta name=\"robots\" content=\"index, follow, max-snippet:-1, max-image-preview:large, max-video-preview:-1\" \/>\n<link rel=\"canonical\" href=\"http:\/\/universofamilia.com\/da\/hvem-vi-er\/\" \/>\n<meta property=\"og:locale\" content=\"da_DK\" \/>\n<meta property=\"og:type\" content=\"article\" \/>\n<meta property=\"og:title\" content=\"Qui\u00e9nes somos - Universo Fam\u00edlia\" \/>\n<meta property=\"og:description\" content=\"Qui\u00e9nes somos\" \/>\n<meta property=\"og:url\" content=\"http:\/\/universofamilia.com\/da\/hvem-vi-er\/\" \/>\n<meta property=\"og:site_name\" content=\"Universo Fam\u00edlia\" \/>\n<meta property=\"article:modified_time\" content=\"2025-11-04T14:43:55+00:00\" \/>\n<meta property=\"og:image\" content=\"https:\/\/universofamilia.com\/wp-content\/uploads\/sites\/148\/2023\/05\/universo-familia-sobre-familia-2.png\" \/>\n\t<meta property=\"og:image:width\" content=\"550\" \/>\n\t<meta property=\"og:image:height\" content=\"350\" \/>\n\t<meta property=\"og:image:type\" content=\"image\/png\" \/>\n<meta name=\"twitter:card\" content=\"summary_large_image\" \/>\n<meta name=\"twitter:label1\" content=\"Est. reading time\" \/>\n\t<meta name=\"twitter:data1\" content=\"3 minutter\" \/>\n<script type=\"application\/ld+json\" class=\"yoast-schema-graph\">{\"@context\":\"https:\/\/schema.org\",\"@graph\":[{\"@type\":\"WebPage\",\"@id\":\"https:\/\/universofamilia.com\/quienes-somos\/\",\"url\":\"https:\/\/universofamilia.com\/quienes-somos\/\",\"name\":\"Qui\u00e9nes somos - Universo Fam\u00edlia\",\"isPartOf\":{\"@id\":\"https:\/\/universofamilia.com\/el\/#website\"},\"primaryImageOfPage\":{\"@id\":\"https:\/\/universofamilia.com\/quienes-somos\/#primaryimage\"},\"image\":{\"@id\":\"https:\/\/universofamilia.com\/quienes-somos\/#primaryimage\"},\"thumbnailUrl\":\"http:\/\/universofamilia.com\/wp-content\/uploads\/sites\/148\/2023\/05\/universo-familia-sobre-familia-2.png\",\"datePublished\":\"2023-05-22T02:46:35+00:00\",\"dateModified\":\"2025-11-04T14:43:55+00:00\",\"description\":\"Qui\u00e9nes somos\",\"breadcrumb\":{\"@id\":\"https:\/\/universofamilia.com\/quienes-somos\/#breadcrumb\"},\"inLanguage\":\"da-DK\",\"potentialAction\":[{\"@type\":\"ReadAction\",\"target\":[\"https:\/\/universofamilia.com\/quienes-somos\/\"]}]},{\"@type\":\"ImageObject\",\"inLanguage\":\"da-DK\",\"@id\":\"https:\/\/universofamilia.com\/quienes-somos\/#primaryimage\",\"url\":\"http:\/\/universofamilia.com\/wp-content\/uploads\/sites\/148\/2023\/05\/universo-familia-sobre-familia-2.png\",\"contentUrl\":\"http:\/\/universofamilia.com\/wp-content\/uploads\/sites\/148\/2023\/05\/universo-familia-sobre-familia-2.png\",\"width\":550,\"height\":350},{\"@type\":\"BreadcrumbList\",\"@id\":\"https:\/\/universofamilia.com\/quienes-somos\/#breadcrumb\",\"itemListElement\":[{\"@type\":\"ListItem\",\"position\":1,\"name\":\"Home\",\"item\":\"https:\/\/universofamilia.com\/el\/\"},{\"@type\":\"ListItem\",\"position\":2,\"name\":\"Qui\u00e9nes somos\"}]},{\"@type\":\"WebSite\",\"@id\":\"https:\/\/universofamilia.com\/el\/#website\",\"url\":\"https:\/\/universofamilia.com\/el\/\",\"name\":\"Universo Fam\u00edlia\",\"description\":\"\",\"potentialAction\":[{\"@type\":\"SearchAction\",\"target\":{\"@type\":\"EntryPoint\",\"urlTemplate\":\"https:\/\/universofamilia.com\/el\/?s={search_term_string}\"},\"query-input\":\"required name=search_term_string\"}],\"inLanguage\":\"da-DK\"}]}<\/script>\n<!-- \/ Yoast SEO plugin. -->","yoast_head_json":{"title":"Qui\u00e9nes somos - Universo Fam\u00edlia","description":"Qui\u00e9nes somos","robots":{"index":"index","follow":"follow","max-snippet":"max-snippet:-1","max-image-preview":"max-image-preview:large","max-video-preview":"max-video-preview:-1"},"canonical":"http:\/\/universofamilia.com\/da\/hvem-vi-er\/","og_locale":"da_DK","og_type":"article","og_title":"Qui\u00e9nes somos - Universo Fam\u00edlia","og_description":"Qui\u00e9nes somos","og_url":"http:\/\/universofamilia.com\/da\/hvem-vi-er\/","og_site_name":"Universo Fam\u00edlia","article_modified_time":"2025-11-04T14:43:55+00:00","og_image":[{"width":550,"height":350,"url":"https:\/\/universofamilia.com\/wp-content\/uploads\/sites\/148\/2023\/05\/universo-familia-sobre-familia-2.png","type":"image\/png"}],"twitter_card":"summary_large_image","twitter_misc":{"Est. reading time":"3 minutter"},"schema":{"@context":"https:\/\/schema.org","@graph":[{"@type":"WebPage","@id":"https:\/\/universofamilia.com\/quienes-somos\/","url":"https:\/\/universofamilia.com\/quienes-somos\/","name":"Qui\u00e9nes somos - Universo Fam\u00edlia","isPartOf":{"@id":"https:\/\/universofamilia.com\/el\/#website"},"primaryImageOfPage":{"@id":"https:\/\/universofamilia.com\/quienes-somos\/#primaryimage"},"image":{"@id":"https:\/\/universofamilia.com\/quienes-somos\/#primaryimage"},"thumbnailUrl":"http:\/\/universofamilia.com\/wp-content\/uploads\/sites\/148\/2023\/05\/universo-familia-sobre-familia-2.png","datePublished":"2023-05-22T02:46:35+00:00","dateModified":"2025-11-04T14:43:55+00:00","description":"Qui\u00e9nes somos","breadcrumb":{"@id":"https:\/\/universofamilia.com\/quienes-somos\/#breadcrumb"},"inLanguage":"da-DK","potentialAction":[{"@type":"ReadAction","target":["https:\/\/universofamilia.com\/quienes-somos\/"]}]},{"@type":"ImageObject","inLanguage":"da-DK","@id":"https:\/\/universofamilia.com\/quienes-somos\/#primaryimage","url":"http:\/\/universofamilia.com\/wp-content\/uploads\/sites\/148\/2023\/05\/universo-familia-sobre-familia-2.png","contentUrl":"http:\/\/universofamilia.com\/wp-content\/uploads\/sites\/148\/2023\/05\/universo-familia-sobre-familia-2.png","width":550,"height":350},{"@type":"BreadcrumbList","@id":"https:\/\/universofamilia.com\/quienes-somos\/#breadcrumb","itemListElement":[{"@type":"ListItem","position":1,"name":"Home","item":"https:\/\/universofamilia.com\/el\/"},{"@type":"ListItem","position":2,"name":"Qui\u00e9nes somos"}]},{"@type":"WebSite","@id":"https:\/\/universofamilia.com\/el\/#website","url":"https:\/\/universofamilia.com\/el\/","name":"Universo Fam\u00edlia","description":"","potentialAction":[{"@type":"SearchAction","target":{"@type":"EntryPoint","urlTemplate":"https:\/\/universofamilia.com\/el\/?s={search_term_string}"},"query-input":"required name=search_term_string"}],"inLanguage":"da-DK"}]}},"_links":{"self":[{"href":"http:\/\/universofamilia.com\/da\/wp-json\/wp\/v2\/pages\/7944"}],"collection":[{"href":"http:\/\/universofamilia.com\/da\/wp-json\/wp\/v2\/pages"}],"about":[{"href":"http:\/\/universofamilia.com\/da\/wp-json\/wp\/v2\/types\/page"}],"author":[{"embeddable":true,"href":"http:\/\/universofamilia.com\/da\/wp-json\/wp\/v2\/users\/139"}],"replies":[{"embeddable":true,"href":"http:\/\/universofamilia.com\/da\/wp-json\/wp\/v2\/comments?post=7944"}],"version-history":[{"count":3,"href":"http:\/\/universofamilia.com\/da\/wp-json\/wp\/v2\/pages\/7944\/revisions"}],"predecessor-version":[{"id":10273,"href":"http:\/\/universofamilia.com\/da\/wp-json\/wp\/v2\/pages\/7944\/revisions\/10273"}],"wp:featuredmedia":[{"embeddable":true,"href":"http:\/\/universofamilia.com\/da\/wp-json\/wp\/v2\/media\/1605"}],"wp:attachment":[{"href":"http:\/\/universofamilia.com\/da\/wp-json\/wp\/v2\/media?parent=7944"}],"curies":[{"name":"wp","href":"https:\/\/api.w.org\/{rel}","templated":true}]}}