{"id":7945,"date":"2023-05-21T23:46:35","date_gmt":"2023-05-21T23:46:35","guid":{"rendered":"https:\/\/universofamilia.com\/?page_id=3"},"modified":"2026-03-18T15:04:39","modified_gmt":"2026-03-18T18:04:39","slug":"politica-de-privacidad","status":"publish","type":"page","link":"http:\/\/universofamilia.com\/da\/politica-de-privacidad\/","title":{"rendered":"Privatlivspolitik"},"content":{"rendered":"<p>Dit privatliv er vigtigt for os. Det er Universo Familias politik at respektere dit privatliv i forbindelse med alle oplysninger, vi m\u00e5tte indsamle fra dig p\u00e5 Universo Familias hjemmeside og andre websteder, vi ejer og driver.<\/p>\n\n\n\n<p>Vi anmoder kun om personlige oplysninger, n\u00e5r vi virkelig har brug for dem for at kunne levere en service til dig. Vi g\u00f8r det p\u00e5 en fair og lovlig m\u00e5de, med din viden og dit samtykke. Vi informerer dig ogs\u00e5 om, hvorfor vi indsamler dem, og hvordan de vil blive brugt.<\/p>\n\n\n\n<p>Vi opbevarer kun indsamlede oplysninger, s\u00e5 l\u00e6nge det er n\u00f8dvendigt for at levere den \u00f8nskede tjeneste. N\u00e5r vi opbevarer data, beskytter vi dem ved hj\u00e6lp af kommercielt acceptable midler for at forhindre tab og tyveri, samt uautoriseret adgang, videregivelse, kopiering, brug eller \u00e6ndring.<\/p>\n\n\n\n<p>Vi deler ikke personligt identificerbare oplysninger offentligt eller med tredjeparter, undtagen n\u00e5r det er p\u00e5kr\u00e6vet ved lov.<\/p>\n\n\n\n<p>Vores hjemmeside kan indeholde links til eksterne hjemmesider, som ikke drives af os. V\u00e6r opm\u00e6rksom p\u00e5, at vi ikke har nogen kontrol over indholdet eller praksis p\u00e5 disse hjemmesider og ikke kan p\u00e5tage os ansvar for deres respektive privatlivspolitikker.<\/p>\n\n\n\n<p>Du er velkommen til at afvise vores anmodning om personlige oplysninger, idet du er klar over, at vi muligvis ikke er i stand til at levere nogle af de \u00f8nskede tjenester til dig.<\/p>\n\n\n\n<p>Fortsat brug af vores hjemmeside vil blive betragtet som accept af vores privatlivs- og persondatapolitik. Hvis du har sp\u00f8rgsm\u00e5l om, hvordan vi h\u00e5ndterer brugerdata og personlige oplysninger, kan du kontakte os.<\/p>\n\n\n\n<p><strong>Overholdelse af den generelle lov om databeskyttelse (LGPD)<\/strong><\/p>\n\n\n\n<p>I overensstemmelse med Brasiliens generelle lov om beskyttelse af personoplysninger (LGPD \u2013 lov nr. 13.709\/2018) garanterer vi, at behandlingen af brugernes personoplysninger udf\u00f8res p\u00e5 en gennemsigtig, sikker m\u00e5de og til legitime form\u00e5l.<\/p>\n\n\n\n<p>Brugeren har ret til at:<\/p>\n\n\n\n<p>Bekr\u00e6ft eksistensen af behandling af dine data<\/p>\n\n\n\n<p>Adgang til dine personlige data<\/p>\n\n\n\n<p>Ret ufuldst\u00e6ndige, un\u00f8jagtige eller for\u00e6ldede data<\/p>\n\n\n\n<p>Anmod om anonymisering, blokering eller sletning af un\u00f8dvendige data<\/p>\n\n\n\n<p>Anmod om portabilitet af dine data<\/p>\n\n\n\n<p>Tilbagekald samtykke n\u00e5r som helst<\/p>\n\n\n\n<p>F\u00e5 oplysninger om, hvem vi deler dine data med<\/p>\n\n\n\n<p>For at ud\u00f8ve enhver af disse rettigheder kan brugeren kontakte os via de kanaler, der er tilg\u00e6ngelige p\u00e5 webstedet.<\/p>\n\n\n\n<p>Vi behandler kun personoplysninger, n\u00e5r der er et gyldigt retsgrundlag, s\u00e5som brugerens samtykke, overholdelse af juridiske forpligtelser eller udf\u00f8relse af anmodede tjenester, samt legitim interesse, hvor det er relevant, og under respekt af brugerens rettigheder.<\/p>\n\n\n\n<p><strong>Brug af cookies<\/strong><\/p>\n\n\n\n<p>Vi bruger cookies til at forbedre brugeroplevelsen og levere personligt tilpasset indhold.<\/p>\n\n\n\n<p>Disse cookies kan omfatte:<\/p>\n\n\n\n<ul>\n<li>Cookies, der er n\u00f8dvendige for webstedets drift<\/li>\n\n\n\n<li>Analysecookies til at forst\u00e5 brugeradf\u00e6rd<\/li>\n\n\n\n<li>Reklamecookies til at vise relevante annoncer<\/li>\n<\/ul>\n\n\n\n<p>Brugeren kan til enhver tid administrere eller deaktivere cookies i sine browserindstillinger.<\/p>\n\n\n\n<p><strong>Google AdSense og annoncering<\/strong><\/p>\n\n\n\n<p>Den Google AdSense-tjeneste, vi bruger til at vise annoncer, bruger en DoubleClick-cookie til at levere mere relevante annoncer p\u00e5 tv\u00e6rs af nettet og begr\u00e6nse antallet af gange, den samme annonce vises til brugeren.<\/p>\n\n\n\n<p>For mere information om Google AdSense, se de officielle ofte stillede sp\u00f8rgsm\u00e5l om privatliv i Google AdSense.<\/p>\n\n\n\n<p>Vi bruger annoncer til at udligne driftsomkostningerne p\u00e5 dette websted og finansiere fremtidig udvikling. De adf\u00e6rdsm\u00e6ssige annonceringscookies, der bruges p\u00e5 dette websted, er designet til at sikre, at du modtager de mest relevante annoncer ved anonymt at spore dine interesser og vise dig lignende indhold, der kan v\u00e6re af interesse for dig.<\/p>\n\n\n\n<p><strong>International dataoverf\u00f8rsel<\/strong><\/p>\n\n\n\n<p>Personoplysninger kan overf\u00f8res og gemmes p\u00e5 servere uden for brugerens land, herunder USA, is\u00e6r n\u00e5r vi bruger tredjepartstjenester som Google.<\/p>\n\n\n\n<p>Ved at bruge dette websted accepterer brugeren denne overf\u00f8rsel, som udf\u00f8res med passende sikkerhedsforanstaltninger og i overensstemmelse med g\u00e6ldende lov.<\/p>\n\n\n\n<p><strong>Tilknyttede selskaber og tredjeparter<\/strong><\/p>\n\n\n\n<p>Flere partnere annoncerer p\u00e5 vores vegne, og affiliate tracking cookies giver os blot mulighed for at se, om vores kunder har tilg\u00e5et webstedet via en af vores partneres websteder, s\u00e5 vi kan kreditere dem korrekt og, hvor det er relevant, give vores affiliate partnere mulighed for at tilbyde kampagner, der kan give dig fordele, n\u00e5r du foretager et k\u00f8b.<\/p>\n\n\n\n<p><strong>Brugerforpligtelse<\/strong><\/p>\n\n\n\n<p>Brugeren accepterer at g\u00f8re passende brug af indholdet og informationen, som Universo Familia tilbyder p\u00e5 webstedet, herunder, men ikke begr\u00e6nset til:<\/p>\n\n\n\n<p>A) Ikke at deltage i aktiviteter, der er ulovlige eller i strid med god tro og offentlig orden<\/p>\n\n\n\n<p>B) Spred ikke propaganda eller indhold af racistisk, fremmedfjendsk karakter, hasardspil, nogen form for ulovlig pornografi, undskyldning for terrorisme eller indhold, der kr\u00e6nker menneskerettighederne.<\/p>\n\n\n\n<p>C) Ikke at for\u00e5rsage skade p\u00e5 Universo Familias, dets leverand\u00f8rers eller tredjeparters fysiske (hardware) og logiske (software) systemer, ej heller at introducere eller sprede computervirusser eller andre systemer, der kan for\u00e5rsage skade.<\/p>\n\n\n\n<p><strong>Mere information<\/strong><\/p>\n\n\n\n<p>Vi h\u00e5ber, at det er klart, og som n\u00e6vnt f\u00f8r, hvis der er noget, du er usikker p\u00e5, er det generelt sikrere at lade cookies v\u00e6re aktiveret, hvis du interagerer med nogen af de funktioner, du bruger p\u00e5 vores websted.<\/p>\n\n\n\n<p><strong>Udl\u00f8bsdato<\/strong><\/p>\n\n\n\n<p>Denne politik tr\u00e6der i kraft fra <strong>18. marts 2026, kl. 17:53<\/strong>.<\/p>","protected":false},"excerpt":{"rendered":"<p>Tu privacidad es importante para nosotros. Es pol\u00edtica de Universo Familia respetar tu privacidad en relaci\u00f3n con cualquier informaci\u00f3n tuya que podamos recopilar en el sitio web Universo Familia y en otros sitios que poseemos y operamos. Solicitamos informaci\u00f3n personal \u00fanicamente cuando realmente la necesitamos para brindarte un servicio. Lo hacemos por medios justos y [&hellip;]<\/p>","protected":false},"author":139,"featured_media":0,"parent":0,"menu_order":0,"comment_status":"closed","ping_status":"closed","template":"page-nosidebar.php","meta":{"footnotes":""},"yoast_head":"<!-- This site is optimized with the Yoast SEO plugin v23.3 - https:\/\/yoast.com\/wordpress\/plugins\/seo\/ -->\n<title>Pol\u00edtica de Privacidad - Universo Fam\u00edlia<\/title>\n<meta name=\"description\" content=\"Pol\u00edtica Privacidade\" \/>\n<meta name=\"robots\" content=\"index, follow, max-snippet:-1, max-image-preview:large, max-video-preview:-1\" \/>\n<link rel=\"canonical\" href=\"http:\/\/universofamilia.com\/da\/politica-de-privacidad\/\" \/>\n<meta property=\"og:locale\" content=\"da_DK\" \/>\n<meta property=\"og:type\" content=\"article\" \/>\n<meta property=\"og:title\" content=\"Pol\u00edtica de Privacidad - Universo Fam\u00edlia\" \/>\n<meta property=\"og:description\" content=\"Pol\u00edtica Privacidade\" \/>\n<meta property=\"og:url\" content=\"http:\/\/universofamilia.com\/da\/politica-de-privacidad\/\" \/>\n<meta property=\"og:site_name\" content=\"Universo Fam\u00edlia\" \/>\n<meta property=\"article:modified_time\" content=\"2026-03-18T18:04:39+00:00\" \/>\n<meta name=\"twitter:card\" content=\"summary_large_image\" \/>\n<meta name=\"twitter:label1\" content=\"Est. reading time\" \/>\n\t<meta name=\"twitter:data1\" content=\"5 minutter\" \/>\n<script type=\"application\/ld+json\" class=\"yoast-schema-graph\">{\"@context\":\"https:\/\/schema.org\",\"@graph\":[{\"@type\":\"WebPage\",\"@id\":\"https:\/\/universofamilia.com\/politica-de-privacidad\/\",\"url\":\"https:\/\/universofamilia.com\/politica-de-privacidad\/\",\"name\":\"Pol\u00edtica de Privacidad - Universo Fam\u00edlia\",\"isPartOf\":{\"@id\":\"https:\/\/universofamilia.com\/el\/#website\"},\"datePublished\":\"2023-05-21T23:46:35+00:00\",\"dateModified\":\"2026-03-18T18:04:39+00:00\",\"description\":\"Pol\u00edtica Privacidade\",\"breadcrumb\":{\"@id\":\"https:\/\/universofamilia.com\/politica-de-privacidad\/#breadcrumb\"},\"inLanguage\":\"da-DK\",\"potentialAction\":[{\"@type\":\"ReadAction\",\"target\":[\"https:\/\/universofamilia.com\/politica-de-privacidad\/\"]}]},{\"@type\":\"BreadcrumbList\",\"@id\":\"https:\/\/universofamilia.com\/politica-de-privacidad\/#breadcrumb\",\"itemListElement\":[{\"@type\":\"ListItem\",\"position\":1,\"name\":\"Home\",\"item\":\"https:\/\/universofamilia.com\/el\/\"},{\"@type\":\"ListItem\",\"position\":2,\"name\":\"Pol\u00edtica de Privacidad\"}]},{\"@type\":\"WebSite\",\"@id\":\"https:\/\/universofamilia.com\/el\/#website\",\"url\":\"https:\/\/universofamilia.com\/el\/\",\"name\":\"Universo Fam\u00edlia\",\"description\":\"\",\"potentialAction\":[{\"@type\":\"SearchAction\",\"target\":{\"@type\":\"EntryPoint\",\"urlTemplate\":\"https:\/\/universofamilia.com\/el\/?s={search_term_string}\"},\"query-input\":\"required name=search_term_string\"}],\"inLanguage\":\"da-DK\"}]}<\/script>\n<!-- \/ Yoast SEO plugin. -->","yoast_head_json":{"title":"Pol\u00edtica de Privacidad - Universo Fam\u00edlia","description":"Pol\u00edtica Privacidade","robots":{"index":"index","follow":"follow","max-snippet":"max-snippet:-1","max-image-preview":"max-image-preview:large","max-video-preview":"max-video-preview:-1"},"canonical":"http:\/\/universofamilia.com\/da\/politica-de-privacidad\/","og_locale":"da_DK","og_type":"article","og_title":"Pol\u00edtica de Privacidad - Universo Fam\u00edlia","og_description":"Pol\u00edtica Privacidade","og_url":"http:\/\/universofamilia.com\/da\/politica-de-privacidad\/","og_site_name":"Universo Fam\u00edlia","article_modified_time":"2026-03-18T18:04:39+00:00","twitter_card":"summary_large_image","twitter_misc":{"Est. reading time":"5 minutter"},"schema":{"@context":"https:\/\/schema.org","@graph":[{"@type":"WebPage","@id":"https:\/\/universofamilia.com\/politica-de-privacidad\/","url":"https:\/\/universofamilia.com\/politica-de-privacidad\/","name":"Pol\u00edtica de Privacidad - Universo Fam\u00edlia","isPartOf":{"@id":"https:\/\/universofamilia.com\/el\/#website"},"datePublished":"2023-05-21T23:46:35+00:00","dateModified":"2026-03-18T18:04:39+00:00","description":"Pol\u00edtica Privacidade","breadcrumb":{"@id":"https:\/\/universofamilia.com\/politica-de-privacidad\/#breadcrumb"},"inLanguage":"da-DK","potentialAction":[{"@type":"ReadAction","target":["https:\/\/universofamilia.com\/politica-de-privacidad\/"]}]},{"@type":"BreadcrumbList","@id":"https:\/\/universofamilia.com\/politica-de-privacidad\/#breadcrumb","itemListElement":[{"@type":"ListItem","position":1,"name":"Home","item":"https:\/\/universofamilia.com\/el\/"},{"@type":"ListItem","position":2,"name":"Pol\u00edtica de Privacidad"}]},{"@type":"WebSite","@id":"https:\/\/universofamilia.com\/el\/#website","url":"https:\/\/universofamilia.com\/el\/","name":"Universo Fam\u00edlia","description":"","potentialAction":[{"@type":"SearchAction","target":{"@type":"EntryPoint","urlTemplate":"https:\/\/universofamilia.com\/el\/?s={search_term_string}"},"query-input":"required name=search_term_string"}],"inLanguage":"da-DK"}]}},"_links":{"self":[{"href":"http:\/\/universofamilia.com\/da\/wp-json\/wp\/v2\/pages\/7945"}],"collection":[{"href":"http:\/\/universofamilia.com\/da\/wp-json\/wp\/v2\/pages"}],"about":[{"href":"http:\/\/universofamilia.com\/da\/wp-json\/wp\/v2\/types\/page"}],"author":[{"embeddable":true,"href":"http:\/\/universofamilia.com\/da\/wp-json\/wp\/v2\/users\/139"}],"replies":[{"embeddable":true,"href":"http:\/\/universofamilia.com\/da\/wp-json\/wp\/v2\/comments?post=7945"}],"version-history":[{"count":5,"href":"http:\/\/universofamilia.com\/da\/wp-json\/wp\/v2\/pages\/7945\/revisions"}],"predecessor-version":[{"id":10548,"href":"http:\/\/universofamilia.com\/da\/wp-json\/wp\/v2\/pages\/7945\/revisions\/10548"}],"wp:attachment":[{"href":"http:\/\/universofamilia.com\/da\/wp-json\/wp\/v2\/media?parent=7945"}],"curies":[{"name":"wp","href":"https:\/\/api.w.org\/{rel}","templated":true}]}}