{"id":7944,"date":"2023-05-21T23:46:35","date_gmt":"2023-05-22T02:46:35","guid":{"rendered":"https:\/\/universofamilia.com\/?page_id=2"},"modified":"2025-11-04T11:43:55","modified_gmt":"2025-11-04T14:43:55","slug":"quienes-somos","status":"publish","type":"page","link":"http:\/\/universofamilia.com\/de\/quienes-somos\/","title":{"rendered":"Wer wir sind"},"content":{"rendered":"<p>In <strong>Familienuniversum<\/strong>Wir glauben, dass Wissen und famili\u00e4rer Zusammenhalt die Welt ver\u00e4ndern k\u00f6nnen. Wir sind ein digitaler Raum, der moderne Familien in ihrem Alltag inspirieren, informieren und unterst\u00fctzen soll und hochwertige Inhalte bietet \u00fcber <strong>Technologie, Karrierewege und Nachrichten, die sich auf das reale Leben auswirken<\/strong>.<\/p>\n\n\n\n<p>Unser Ziel ist es, jedem Leser neue Werkzeuge, Ideen und Perspektiven aufzuzeigen, die sein Leben erleichtern, sein Wohlbefinden verbessern und die famili\u00e4ren Bindungen st\u00e4rken, und gleichzeitig mit den Fortschritten der modernen Welt Schritt zu halten.<\/p>\n\n\n\n<h2 class=\"wp-block-heading\"><strong>Unsere Mission<\/strong><\/h2>\n\n\n\n<p>Unsere Mission ist <strong>um n\u00fctzliche und verl\u00e4ssliche Informationen n\u00e4her heranzubringen<\/strong> Unser Ziel ist es, Menschen jeden Alters klare, verst\u00e4ndliche und aktuelle Informationen bereitzustellen. Wir m\u00f6chten, dass jeder Besuch bei Universo Familia eine bereichernde Erfahrung ist, bei der Sie Neues lernen und Motivation f\u00fcr Ihre pers\u00f6nlichen und beruflichen Ziele finden.<\/p>\n\n\n\n<h2 class=\"wp-block-heading\"><strong>Unsere Vision<\/strong><\/h2>\n\n\n\n<p>Wir wollen eine der vertrauensw\u00fcrdigsten digitalen Gemeinschaften in spanischer Sprache sein, in der Familien Inspiration, technologische L\u00f6sungen, M\u00f6glichkeiten zur beruflichen Weiterentwicklung und die aktuellsten Nachrichten finden, die wirklich wichtig sind.<br>Wir m\u00f6chten Ihre erste Informationsquelle sein, wenn Sie suchen. <strong>Wie Sie Ihr Leben mithilfe von Technologie und Bildung verbessern k\u00f6nnen<\/strong>.<\/p>\n\n\n\n<h2 class=\"wp-block-heading\"><strong>Unsere Werte<\/strong><\/h2>\n\n\n\n<ul>\n<li><strong>Transparenz:<\/strong> Wir ver\u00f6ffentlichen gepr\u00fcfte Inhalte mit zuverl\u00e4ssigen Quellen und in ehrlicher Sprache.<\/li>\n\n\n\n<li><strong>Ausbildung:<\/strong> Wir f\u00f6rdern kontinuierliches Lernen durch technologische Hilfsmittel und praktische Ratschl\u00e4ge.<\/li>\n\n\n\n<li><strong>N\u00e4he:<\/strong> Wir sprechen in einem freundlichen, menschlichen Ton, der f\u00fcr jeden verst\u00e4ndlich ist.<\/li>\n\n\n\n<li><strong>Innovation:<\/strong> Wir glauben an die Kraft der Technologie, den Alltag zu vereinfachen.<\/li>\n\n\n\n<li><strong>Familie:<\/strong> Alles, was wir tun, entspringt Liebe, Respekt und dem Wunsch, Familien zusammenwachsen und gl\u00fccklich sehen zu k\u00f6nnen.<\/li>\n<\/ul>\n\n\n\n<h2 class=\"wp-block-heading\"><strong>Was Sie im Familienuniversum finden<\/strong><\/h2>\n\n\n\n<p>In unseren Rubriken entdecken Sie eine Welt voller mit viel Hingabe erstellter Inhalte.<\/p>\n\n\n\n<h3 class=\"wp-block-heading\"><strong>Technologie<\/strong><\/h3>\n\n\n\n<p>Erfahren Sie, wie neue digitale Tools Ihnen helfen k\u00f6nnen, Ihr Leben zu organisieren, Ihre Familie zu sch\u00fctzen und Ihre Produktivit\u00e4t zu steigern. Von n\u00fctzlichen Apps bis hin zu praktischen Anleitungen, um Ihr Smartphone oder Ihren Computer optimal zu nutzen.<\/p>\n\n\n\n<h3 class=\"wp-block-heading\"><strong>Karriere<\/strong><\/h3>\n\n\n\n<p>Wir bieten Ihnen Tipps und Ressourcen f\u00fcr Ihre berufliche Weiterentwicklung. Entdecken Sie die besten Online-Lernplattformen, erfahren Sie, wie Sie sich optimal auf Vorstellungsgespr\u00e4che vorbereiten und wie Sie Jobchancen in der digitalen Welt nutzen k\u00f6nnen.<\/p>\n\n\n\n<h3 class=\"wp-block-heading\"><strong>Nachricht<\/strong><\/h3>\n\n\n\n<p>Bleiben Sie informiert \u00fcber die neuesten Nachrichten aus den Bereichen Bildung, Innovation, Wohlbefinden und globale Trends, die sich direkt auf das Familien- und Berufsleben auswirken.<\/p>\n\n\n\n<h2 class=\"wp-block-heading\"><strong>Warum existieren wir?<\/strong><\/h2>\n\n\n\n<p>Wir wurden mit einem Zweck geboren: <strong>einen positiven, lehrreichen und vertrauensw\u00fcrdigen Raum schaffen<\/strong>wo jeder Inspiration und praktisches Wissen finden kann.<br>Weil wir glauben, dass <strong>Eine informierte und vernetzte Familie ist eine st\u00e4rkere Familie.<\/strong>und dass kontinuierliches Lernen der Schl\u00fcssel zum Aufbau einer besseren Zukunft ist.<\/p>","protected":false},"excerpt":{"rendered":"<p>En Universo Familia, creemos que el conocimiento y la uni\u00f3n familiar pueden transformar el mundo. Somos un espacio digital creado para inspirar, informar y acompa\u00f1ar a las familias modernas en su d\u00eda a d\u00eda, brindando contenidos de calidad sobre tecnolog\u00eda, carrera profesional y noticias que impactan la vida real. Nuestro objetivo es ayudar a cada [&hellip;]<\/p>","protected":false},"author":139,"featured_media":1605,"parent":0,"menu_order":0,"comment_status":"closed","ping_status":"closed","template":"page-nosidebar.php","meta":{"footnotes":""},"yoast_head":"<!-- This site is optimized with the Yoast SEO plugin v23.3 - https:\/\/yoast.com\/wordpress\/plugins\/seo\/ -->\n<title>Qui\u00e9nes somos - Universo Fam\u00edlia<\/title>\n<meta name=\"description\" content=\"Qui\u00e9nes somos\" \/>\n<meta name=\"robots\" content=\"index, follow, max-snippet:-1, max-image-preview:large, max-video-preview:-1\" \/>\n<link rel=\"canonical\" href=\"http:\/\/universofamilia.com\/de\/quienes-somos\/\" \/>\n<meta property=\"og:locale\" content=\"de_DE\" \/>\n<meta property=\"og:type\" content=\"article\" \/>\n<meta property=\"og:title\" content=\"Qui\u00e9nes somos - Universo Fam\u00edlia\" \/>\n<meta property=\"og:description\" content=\"Qui\u00e9nes somos\" \/>\n<meta property=\"og:url\" content=\"http:\/\/universofamilia.com\/de\/quienes-somos\/\" \/>\n<meta property=\"og:site_name\" content=\"Universo Fam\u00edlia\" \/>\n<meta property=\"article:modified_time\" content=\"2025-11-04T14:43:55+00:00\" \/>\n<meta property=\"og:image\" content=\"https:\/\/universofamilia.com\/wp-content\/uploads\/sites\/148\/2023\/05\/universo-familia-sobre-familia-2.png\" \/>\n\t<meta property=\"og:image:width\" content=\"550\" \/>\n\t<meta property=\"og:image:height\" content=\"350\" \/>\n\t<meta property=\"og:image:type\" content=\"image\/png\" \/>\n<meta name=\"twitter:card\" content=\"summary_large_image\" \/>\n<meta name=\"twitter:label1\" content=\"Est. reading time\" \/>\n\t<meta name=\"twitter:data1\" content=\"3 Minuten\" \/>\n<script type=\"application\/ld+json\" class=\"yoast-schema-graph\">{\"@context\":\"https:\/\/schema.org\",\"@graph\":[{\"@type\":\"WebPage\",\"@id\":\"https:\/\/universofamilia.com\/quienes-somos\/\",\"url\":\"https:\/\/universofamilia.com\/quienes-somos\/\",\"name\":\"Qui\u00e9nes somos - Universo Fam\u00edlia\",\"isPartOf\":{\"@id\":\"https:\/\/universofamilia.com\/el\/#website\"},\"primaryImageOfPage\":{\"@id\":\"https:\/\/universofamilia.com\/quienes-somos\/#primaryimage\"},\"image\":{\"@id\":\"https:\/\/universofamilia.com\/quienes-somos\/#primaryimage\"},\"thumbnailUrl\":\"http:\/\/universofamilia.com\/wp-content\/uploads\/sites\/148\/2023\/05\/universo-familia-sobre-familia-2.png\",\"datePublished\":\"2023-05-22T02:46:35+00:00\",\"dateModified\":\"2025-11-04T14:43:55+00:00\",\"description\":\"Qui\u00e9nes somos\",\"breadcrumb\":{\"@id\":\"https:\/\/universofamilia.com\/quienes-somos\/#breadcrumb\"},\"inLanguage\":\"de-CH\",\"potentialAction\":[{\"@type\":\"ReadAction\",\"target\":[\"https:\/\/universofamilia.com\/quienes-somos\/\"]}]},{\"@type\":\"ImageObject\",\"inLanguage\":\"de-CH\",\"@id\":\"https:\/\/universofamilia.com\/quienes-somos\/#primaryimage\",\"url\":\"http:\/\/universofamilia.com\/wp-content\/uploads\/sites\/148\/2023\/05\/universo-familia-sobre-familia-2.png\",\"contentUrl\":\"http:\/\/universofamilia.com\/wp-content\/uploads\/sites\/148\/2023\/05\/universo-familia-sobre-familia-2.png\",\"width\":550,\"height\":350},{\"@type\":\"BreadcrumbList\",\"@id\":\"https:\/\/universofamilia.com\/quienes-somos\/#breadcrumb\",\"itemListElement\":[{\"@type\":\"ListItem\",\"position\":1,\"name\":\"Home\",\"item\":\"https:\/\/universofamilia.com\/el\/\"},{\"@type\":\"ListItem\",\"position\":2,\"name\":\"Qui\u00e9nes somos\"}]},{\"@type\":\"WebSite\",\"@id\":\"https:\/\/universofamilia.com\/el\/#website\",\"url\":\"https:\/\/universofamilia.com\/el\/\",\"name\":\"Universo Fam\u00edlia\",\"description\":\"\",\"potentialAction\":[{\"@type\":\"SearchAction\",\"target\":{\"@type\":\"EntryPoint\",\"urlTemplate\":\"https:\/\/universofamilia.com\/el\/?s={search_term_string}\"},\"query-input\":\"required name=search_term_string\"}],\"inLanguage\":\"de-CH\"}]}<\/script>\n<!-- \/ Yoast SEO plugin. -->","yoast_head_json":{"title":"Qui\u00e9nes somos - Universo Fam\u00edlia","description":"Qui\u00e9nes somos","robots":{"index":"index","follow":"follow","max-snippet":"max-snippet:-1","max-image-preview":"max-image-preview:large","max-video-preview":"max-video-preview:-1"},"canonical":"http:\/\/universofamilia.com\/de\/quienes-somos\/","og_locale":"de_DE","og_type":"article","og_title":"Qui\u00e9nes somos - Universo Fam\u00edlia","og_description":"Qui\u00e9nes somos","og_url":"http:\/\/universofamilia.com\/de\/quienes-somos\/","og_site_name":"Universo Fam\u00edlia","article_modified_time":"2025-11-04T14:43:55+00:00","og_image":[{"width":550,"height":350,"url":"https:\/\/universofamilia.com\/wp-content\/uploads\/sites\/148\/2023\/05\/universo-familia-sobre-familia-2.png","type":"image\/png"}],"twitter_card":"summary_large_image","twitter_misc":{"Est. reading time":"3 Minuten"},"schema":{"@context":"https:\/\/schema.org","@graph":[{"@type":"WebPage","@id":"https:\/\/universofamilia.com\/quienes-somos\/","url":"https:\/\/universofamilia.com\/quienes-somos\/","name":"Qui\u00e9nes somos - Universo Fam\u00edlia","isPartOf":{"@id":"https:\/\/universofamilia.com\/el\/#website"},"primaryImageOfPage":{"@id":"https:\/\/universofamilia.com\/quienes-somos\/#primaryimage"},"image":{"@id":"https:\/\/universofamilia.com\/quienes-somos\/#primaryimage"},"thumbnailUrl":"http:\/\/universofamilia.com\/wp-content\/uploads\/sites\/148\/2023\/05\/universo-familia-sobre-familia-2.png","datePublished":"2023-05-22T02:46:35+00:00","dateModified":"2025-11-04T14:43:55+00:00","description":"Qui\u00e9nes somos","breadcrumb":{"@id":"https:\/\/universofamilia.com\/quienes-somos\/#breadcrumb"},"inLanguage":"de-CH","potentialAction":[{"@type":"ReadAction","target":["https:\/\/universofamilia.com\/quienes-somos\/"]}]},{"@type":"ImageObject","inLanguage":"de-CH","@id":"https:\/\/universofamilia.com\/quienes-somos\/#primaryimage","url":"http:\/\/universofamilia.com\/wp-content\/uploads\/sites\/148\/2023\/05\/universo-familia-sobre-familia-2.png","contentUrl":"http:\/\/universofamilia.com\/wp-content\/uploads\/sites\/148\/2023\/05\/universo-familia-sobre-familia-2.png","width":550,"height":350},{"@type":"BreadcrumbList","@id":"https:\/\/universofamilia.com\/quienes-somos\/#breadcrumb","itemListElement":[{"@type":"ListItem","position":1,"name":"Home","item":"https:\/\/universofamilia.com\/el\/"},{"@type":"ListItem","position":2,"name":"Qui\u00e9nes somos"}]},{"@type":"WebSite","@id":"https:\/\/universofamilia.com\/el\/#website","url":"https:\/\/universofamilia.com\/el\/","name":"Universo Fam\u00edlia","description":"","potentialAction":[{"@type":"SearchAction","target":{"@type":"EntryPoint","urlTemplate":"https:\/\/universofamilia.com\/el\/?s={search_term_string}"},"query-input":"required name=search_term_string"}],"inLanguage":"de-CH"}]}},"_links":{"self":[{"href":"http:\/\/universofamilia.com\/de\/wp-json\/wp\/v2\/pages\/7944"}],"collection":[{"href":"http:\/\/universofamilia.com\/de\/wp-json\/wp\/v2\/pages"}],"about":[{"href":"http:\/\/universofamilia.com\/de\/wp-json\/wp\/v2\/types\/page"}],"author":[{"embeddable":true,"href":"http:\/\/universofamilia.com\/de\/wp-json\/wp\/v2\/users\/139"}],"replies":[{"embeddable":true,"href":"http:\/\/universofamilia.com\/de\/wp-json\/wp\/v2\/comments?post=7944"}],"version-history":[{"count":3,"href":"http:\/\/universofamilia.com\/de\/wp-json\/wp\/v2\/pages\/7944\/revisions"}],"predecessor-version":[{"id":10273,"href":"http:\/\/universofamilia.com\/de\/wp-json\/wp\/v2\/pages\/7944\/revisions\/10273"}],"wp:featuredmedia":[{"embeddable":true,"href":"http:\/\/universofamilia.com\/de\/wp-json\/wp\/v2\/media\/1605"}],"wp:attachment":[{"href":"http:\/\/universofamilia.com\/de\/wp-json\/wp\/v2\/media?parent=7944"}],"curies":[{"name":"wp","href":"https:\/\/api.w.org\/{rel}","templated":true}]}}