{"id":7944,"date":"2023-05-21T23:46:35","date_gmt":"2023-05-22T02:46:35","guid":{"rendered":"https:\/\/universofamilia.com\/?page_id=2"},"modified":"2025-11-04T11:43:55","modified_gmt":"2025-11-04T14:43:55","slug":"quienes-somos","status":"publish","type":"page","link":"http:\/\/universofamilia.com\/fr\/quienes-somos\/","title":{"rendered":"Qui sommes-nous ?"},"content":{"rendered":"<p>Dans <strong>Univers familial<\/strong>Nous croyons que le savoir et l&#039;unit\u00e9 familiale peuvent transformer le monde. Nous sommes un espace num\u00e9rique cr\u00e9\u00e9 pour inspirer, informer et soutenir les familles modernes dans leur quotidien, en leur proposant un contenu de qualit\u00e9 sur <strong>Technologie, perspectives de carri\u00e8re et actualit\u00e9s ayant un impact sur la vie r\u00e9elle<\/strong>.<\/p>\n\n\n\n<p>Notre objectif est d&#039;aider chaque lecteur \u00e0 d\u00e9couvrir de nouveaux outils, id\u00e9es et perspectives qui lui facilitent la vie, am\u00e9liorent son bien-\u00eatre et renforcent les liens familiaux, tout en lui permettant de suivre les progr\u00e8s du monde moderne.<\/p>\n\n\n\n<h2 class=\"wp-block-heading\"><strong>Notre mission<\/strong><\/h2>\n\n\n\n<p>Notre mission est <strong>rapprocher les informations utiles et fiables<\/strong> Notre objectif est de fournir des informations claires, accessibles et actualis\u00e9es \u00e0 tous, quel que soit leur \u00e2ge. Nous souhaitons que chaque visite sur Universo Familia soit une exp\u00e9rience enrichissante, o\u00f9 vous apprenez de nouvelles choses et trouvez la motivation n\u00e9cessaire pour atteindre vos objectifs personnels et professionnels.<\/p>\n\n\n\n<h2 class=\"wp-block-heading\"><strong>Notre vision<\/strong><\/h2>\n\n\n\n<p>\u00catre l&#039;une des communaut\u00e9s num\u00e9riques les plus fiables en espagnol, o\u00f9 les familles trouvent inspiration, solutions technologiques, opportunit\u00e9s de croissance d&#039;emploi et les derni\u00e8res actualit\u00e9s qui comptent vraiment.<br>Nous voulons \u00eatre votre premi\u00e8re source d&#039;information lorsque vous effectuez une recherche. <strong>Comment am\u00e9liorer sa vie gr\u00e2ce \u00e0 la technologie et \u00e0 l&#039;\u00e9ducation<\/strong>.<\/p>\n\n\n\n<h2 class=\"wp-block-heading\"><strong>Nos valeurs<\/strong><\/h2>\n\n\n\n<ul>\n<li><strong>Transparence:<\/strong> Nous publions du contenu v\u00e9rifi\u00e9, provenant de sources fiables et r\u00e9dig\u00e9 dans un langage honn\u00eate.<\/li>\n\n\n\n<li><strong>\u00c9ducation:<\/strong> Nous favorisons l&#039;apprentissage continu gr\u00e2ce \u00e0 des outils technologiques et des conseils pratiques.<\/li>\n\n\n\n<li><strong>Proximit\u00e9:<\/strong> Nous parlons sur un ton amical et humain, compr\u00e9hensible par tous.<\/li>\n\n\n\n<li><strong>Innovation:<\/strong> Nous croyons au pouvoir de la technologie pour simplifier la vie quotidienne.<\/li>\n\n\n\n<li><strong>Famille:<\/strong> Tout ce que nous faisons d\u00e9coule de l&#039;amour, du respect et du d\u00e9sir de voir les familles grandir ensemble et heureuses.<\/li>\n<\/ul>\n\n\n\n<h2 class=\"wp-block-heading\"><strong>Ce que vous trouverez sur Family Universe<\/strong><\/h2>\n\n\n\n<p>Dans nos rubriques, vous d\u00e9couvrirez un univers de contenus cr\u00e9\u00e9s avec passion.<\/p>\n\n\n\n<h3 class=\"wp-block-heading\"><strong>Technologie<\/strong><\/h3>\n\n\n\n<p>D\u00e9couvrez comment les nouveaux outils num\u00e9riques peuvent vous aider \u00e0 organiser votre vie, \u00e0 prot\u00e9ger votre famille et \u00e0 am\u00e9liorer votre productivit\u00e9. Des applications utiles aux guides pratiques pour tirer le meilleur parti de votre t\u00e9l\u00e9phone ou de votre ordinateur.<\/p>\n\n\n\n<h3 class=\"wp-block-heading\"><strong>Carri\u00e8re<\/strong><\/h3>\n\n\n\n<p>Nous vous proposons des conseils et des ressources pour vous aider \u00e0 progresser professionnellement. D\u00e9couvrez les meilleures plateformes d&#039;apprentissage en ligne, comment vous pr\u00e9parer aux entretiens d&#039;embauche et comment tirer parti des opportunit\u00e9s d&#039;emploi dans le monde num\u00e9rique.<\/p>\n\n\n\n<h3 class=\"wp-block-heading\"><strong>Nouvelles<\/strong><\/h3>\n\n\n\n<p>Restez inform\u00e9(e) des derni\u00e8res actualit\u00e9s en mati\u00e8re d&#039;\u00e9ducation, d&#039;innovation, de bien-\u00eatre et des tendances mondiales qui ont un impact direct sur votre vie familiale et professionnelle.<\/p>\n\n\n\n<h2 class=\"wp-block-heading\"><strong>Pourquoi existons-nous ?<\/strong><\/h2>\n\n\n\n<p>Nous sommes n\u00e9s dans un but : <strong>cr\u00e9er un espace positif, \u00e9ducatif et digne de confiance<\/strong>un lieu o\u00f9 chacun peut trouver inspiration et connaissances pratiques.<br>Parce que nous croyons que <strong>Une famille inform\u00e9e et unie est une famille plus forte.<\/strong>et que l&#039;apprentissage continu est la cl\u00e9 pour b\u00e2tir un avenir meilleur.<\/p>","protected":false},"excerpt":{"rendered":"<p>En Universo Familia, creemos que el conocimiento y la uni\u00f3n familiar pueden transformar el mundo. Somos un espacio digital creado para inspirar, informar y acompa\u00f1ar a las familias modernas en su d\u00eda a d\u00eda, brindando contenidos de calidad sobre tecnolog\u00eda, carrera profesional y noticias que impactan la vida real. Nuestro objetivo es ayudar a cada [&hellip;]<\/p>","protected":false},"author":139,"featured_media":1605,"parent":0,"menu_order":0,"comment_status":"closed","ping_status":"closed","template":"page-nosidebar.php","meta":{"footnotes":""},"yoast_head":"<!-- This site is optimized with the Yoast SEO plugin v23.3 - https:\/\/yoast.com\/wordpress\/plugins\/seo\/ -->\n<title>Qui\u00e9nes somos - Universo Fam\u00edlia<\/title>\n<meta name=\"description\" content=\"Qui\u00e9nes somos\" \/>\n<meta name=\"robots\" content=\"index, follow, max-snippet:-1, max-image-preview:large, max-video-preview:-1\" \/>\n<link rel=\"canonical\" href=\"http:\/\/universofamilia.com\/fr\/quienes-somos\/\" \/>\n<meta property=\"og:locale\" content=\"fr_FR\" \/>\n<meta property=\"og:type\" content=\"article\" \/>\n<meta property=\"og:title\" content=\"Qui\u00e9nes somos - Universo Fam\u00edlia\" \/>\n<meta property=\"og:description\" content=\"Qui\u00e9nes somos\" \/>\n<meta property=\"og:url\" content=\"http:\/\/universofamilia.com\/fr\/quienes-somos\/\" \/>\n<meta property=\"og:site_name\" content=\"Universo Fam\u00edlia\" \/>\n<meta property=\"article:modified_time\" content=\"2025-11-04T14:43:55+00:00\" \/>\n<meta property=\"og:image\" content=\"https:\/\/universofamilia.com\/wp-content\/uploads\/sites\/148\/2023\/05\/universo-familia-sobre-familia-2.png\" \/>\n\t<meta property=\"og:image:width\" content=\"550\" \/>\n\t<meta property=\"og:image:height\" content=\"350\" \/>\n\t<meta property=\"og:image:type\" content=\"image\/png\" \/>\n<meta name=\"twitter:card\" content=\"summary_large_image\" \/>\n<meta name=\"twitter:label1\" content=\"Est. reading time\" \/>\n\t<meta name=\"twitter:data1\" content=\"3 minutes\" \/>\n<script type=\"application\/ld+json\" class=\"yoast-schema-graph\">{\"@context\":\"https:\/\/schema.org\",\"@graph\":[{\"@type\":\"WebPage\",\"@id\":\"https:\/\/universofamilia.com\/quienes-somos\/\",\"url\":\"https:\/\/universofamilia.com\/quienes-somos\/\",\"name\":\"Qui\u00e9nes somos - Universo Fam\u00edlia\",\"isPartOf\":{\"@id\":\"https:\/\/universofamilia.com\/el\/#website\"},\"primaryImageOfPage\":{\"@id\":\"https:\/\/universofamilia.com\/quienes-somos\/#primaryimage\"},\"image\":{\"@id\":\"https:\/\/universofamilia.com\/quienes-somos\/#primaryimage\"},\"thumbnailUrl\":\"http:\/\/universofamilia.com\/wp-content\/uploads\/sites\/148\/2023\/05\/universo-familia-sobre-familia-2.png\",\"datePublished\":\"2023-05-22T02:46:35+00:00\",\"dateModified\":\"2025-11-04T14:43:55+00:00\",\"description\":\"Qui\u00e9nes somos\",\"breadcrumb\":{\"@id\":\"https:\/\/universofamilia.com\/quienes-somos\/#breadcrumb\"},\"inLanguage\":\"fr-FR\",\"potentialAction\":[{\"@type\":\"ReadAction\",\"target\":[\"https:\/\/universofamilia.com\/quienes-somos\/\"]}]},{\"@type\":\"ImageObject\",\"inLanguage\":\"fr-FR\",\"@id\":\"https:\/\/universofamilia.com\/quienes-somos\/#primaryimage\",\"url\":\"http:\/\/universofamilia.com\/wp-content\/uploads\/sites\/148\/2023\/05\/universo-familia-sobre-familia-2.png\",\"contentUrl\":\"http:\/\/universofamilia.com\/wp-content\/uploads\/sites\/148\/2023\/05\/universo-familia-sobre-familia-2.png\",\"width\":550,\"height\":350},{\"@type\":\"BreadcrumbList\",\"@id\":\"https:\/\/universofamilia.com\/quienes-somos\/#breadcrumb\",\"itemListElement\":[{\"@type\":\"ListItem\",\"position\":1,\"name\":\"Home\",\"item\":\"https:\/\/universofamilia.com\/el\/\"},{\"@type\":\"ListItem\",\"position\":2,\"name\":\"Qui\u00e9nes somos\"}]},{\"@type\":\"WebSite\",\"@id\":\"https:\/\/universofamilia.com\/el\/#website\",\"url\":\"https:\/\/universofamilia.com\/el\/\",\"name\":\"Universo Fam\u00edlia\",\"description\":\"\",\"potentialAction\":[{\"@type\":\"SearchAction\",\"target\":{\"@type\":\"EntryPoint\",\"urlTemplate\":\"https:\/\/universofamilia.com\/el\/?s={search_term_string}\"},\"query-input\":\"required name=search_term_string\"}],\"inLanguage\":\"fr-FR\"}]}<\/script>\n<!-- \/ Yoast SEO plugin. -->","yoast_head_json":{"title":"Qui\u00e9nes somos - Universo Fam\u00edlia","description":"Qui\u00e9nes somos","robots":{"index":"index","follow":"follow","max-snippet":"max-snippet:-1","max-image-preview":"max-image-preview:large","max-video-preview":"max-video-preview:-1"},"canonical":"http:\/\/universofamilia.com\/fr\/quienes-somos\/","og_locale":"fr_FR","og_type":"article","og_title":"Qui\u00e9nes somos - Universo Fam\u00edlia","og_description":"Qui\u00e9nes somos","og_url":"http:\/\/universofamilia.com\/fr\/quienes-somos\/","og_site_name":"Universo Fam\u00edlia","article_modified_time":"2025-11-04T14:43:55+00:00","og_image":[{"width":550,"height":350,"url":"https:\/\/universofamilia.com\/wp-content\/uploads\/sites\/148\/2023\/05\/universo-familia-sobre-familia-2.png","type":"image\/png"}],"twitter_card":"summary_large_image","twitter_misc":{"Est. reading time":"3 minutes"},"schema":{"@context":"https:\/\/schema.org","@graph":[{"@type":"WebPage","@id":"https:\/\/universofamilia.com\/quienes-somos\/","url":"https:\/\/universofamilia.com\/quienes-somos\/","name":"Qui\u00e9nes somos - Universo Fam\u00edlia","isPartOf":{"@id":"https:\/\/universofamilia.com\/el\/#website"},"primaryImageOfPage":{"@id":"https:\/\/universofamilia.com\/quienes-somos\/#primaryimage"},"image":{"@id":"https:\/\/universofamilia.com\/quienes-somos\/#primaryimage"},"thumbnailUrl":"http:\/\/universofamilia.com\/wp-content\/uploads\/sites\/148\/2023\/05\/universo-familia-sobre-familia-2.png","datePublished":"2023-05-22T02:46:35+00:00","dateModified":"2025-11-04T14:43:55+00:00","description":"Qui\u00e9nes somos","breadcrumb":{"@id":"https:\/\/universofamilia.com\/quienes-somos\/#breadcrumb"},"inLanguage":"fr-FR","potentialAction":[{"@type":"ReadAction","target":["https:\/\/universofamilia.com\/quienes-somos\/"]}]},{"@type":"ImageObject","inLanguage":"fr-FR","@id":"https:\/\/universofamilia.com\/quienes-somos\/#primaryimage","url":"http:\/\/universofamilia.com\/wp-content\/uploads\/sites\/148\/2023\/05\/universo-familia-sobre-familia-2.png","contentUrl":"http:\/\/universofamilia.com\/wp-content\/uploads\/sites\/148\/2023\/05\/universo-familia-sobre-familia-2.png","width":550,"height":350},{"@type":"BreadcrumbList","@id":"https:\/\/universofamilia.com\/quienes-somos\/#breadcrumb","itemListElement":[{"@type":"ListItem","position":1,"name":"Home","item":"https:\/\/universofamilia.com\/el\/"},{"@type":"ListItem","position":2,"name":"Qui\u00e9nes somos"}]},{"@type":"WebSite","@id":"https:\/\/universofamilia.com\/el\/#website","url":"https:\/\/universofamilia.com\/el\/","name":"Universo Fam\u00edlia","description":"","potentialAction":[{"@type":"SearchAction","target":{"@type":"EntryPoint","urlTemplate":"https:\/\/universofamilia.com\/el\/?s={search_term_string}"},"query-input":"required name=search_term_string"}],"inLanguage":"fr-FR"}]}},"_links":{"self":[{"href":"http:\/\/universofamilia.com\/fr\/wp-json\/wp\/v2\/pages\/7944"}],"collection":[{"href":"http:\/\/universofamilia.com\/fr\/wp-json\/wp\/v2\/pages"}],"about":[{"href":"http:\/\/universofamilia.com\/fr\/wp-json\/wp\/v2\/types\/page"}],"author":[{"embeddable":true,"href":"http:\/\/universofamilia.com\/fr\/wp-json\/wp\/v2\/users\/139"}],"replies":[{"embeddable":true,"href":"http:\/\/universofamilia.com\/fr\/wp-json\/wp\/v2\/comments?post=7944"}],"version-history":[{"count":3,"href":"http:\/\/universofamilia.com\/fr\/wp-json\/wp\/v2\/pages\/7944\/revisions"}],"predecessor-version":[{"id":10273,"href":"http:\/\/universofamilia.com\/fr\/wp-json\/wp\/v2\/pages\/7944\/revisions\/10273"}],"wp:featuredmedia":[{"embeddable":true,"href":"http:\/\/universofamilia.com\/fr\/wp-json\/wp\/v2\/media\/1605"}],"wp:attachment":[{"href":"http:\/\/universofamilia.com\/fr\/wp-json\/wp\/v2\/media?parent=7944"}],"curies":[{"name":"wp","href":"https:\/\/api.w.org\/{rel}","templated":true}]}}