{"id":7944,"date":"2023-05-21T23:46:35","date_gmt":"2023-05-22T02:46:35","guid":{"rendered":"https:\/\/universofamilia.com\/?page_id=2"},"modified":"2025-11-04T11:43:55","modified_gmt":"2025-11-04T14:43:55","slug":"quienes-somos","status":"publish","type":"page","link":"http:\/\/universofamilia.com\/hr\/quienes-somos\/","title":{"rendered":"Tko smo mi"},"content":{"rendered":"<p>U <strong>Obiteljski svemir<\/strong>Vjerujemo da znanje i obiteljsko jedinstvo mogu transformirati svijet. Mi smo digitalni prostor stvoren da inspirira, informira i podr\u017eava moderne obitelji u njihovom svakodnevnom \u017eivotu, pru\u017eaju\u0107i kvalitetan sadr\u017eaj o... <strong>Tehnologija, karijerne putanje i vijesti koje utje\u010du na stvarni \u017eivot<\/strong>.<\/p>\n\n\n\n<p>Na\u0161 je cilj pomo\u0107i svakom \u010ditatelju da otkrije nove alate, ideje i perspektive koje \u0107e im olak\u0161ati \u017eivot, pobolj\u0161ati dobrobit i oja\u010dati obiteljske veze, a sve to uz pra\u0107enje napretka modernog svijeta.<\/p>\n\n\n\n<h2 class=\"wp-block-heading\"><strong>Na\u0161a misija<\/strong><\/h2>\n\n\n\n<p>Na\u0161a misija je <strong>pribli\u017eiti korisne i pouzdane informacije<\/strong> Cilj nam je pru\u017eiti jasne, pristupa\u010dne i a\u017eurne informacije ljudima svih dobnih skupina. \u017delimo da svaki posjet Universo Familia bude oboga\u0107uju\u0107e iskustvo, gdje nau\u010dite ne\u0161to novo i prona\u0111ete motivaciju za postizanje svojih osobnih i profesionalnih ciljeva.<\/p>\n\n\n\n<h2 class=\"wp-block-heading\"><strong>Na\u0161a vizija<\/strong><\/h2>\n\n\n\n<p>Biti jedna od najpouzdanijih digitalnih zajednica na \u0161panjolskom, gdje obitelji pronalaze inspiraciju, tehnolo\u0161ka rje\u0161enja, mogu\u0107nosti za napredovanje u karijeri i najnovije vijesti koje su zaista va\u017ene.<br>\u017delimo biti va\u0161 prvi izvor informacija kada pretra\u017eujete <strong>Kako pobolj\u0161ati svoj \u017eivot uz pomo\u0107 tehnologije i obrazovanja<\/strong>.<\/p>\n\n\n\n<h2 class=\"wp-block-heading\"><strong>Na\u0161e vrijednosti<\/strong><\/h2>\n\n\n\n<ul>\n<li><strong>Transparentnost:<\/strong> Objavljujemo provjeren sadr\u017eaj, s pouzdanim izvorima i iskrenim jezikom.<\/li>\n\n\n\n<li><strong>Obrazovanje:<\/strong> Poti\u010demo kontinuirano u\u010denje putem tehnolo\u0161kih alata i prakti\u010dnih savjeta.<\/li>\n\n\n\n<li><strong>Bliskost:<\/strong> Razgovaramo prijateljskim, ljudskim tonom koji je svima razumljiv.<\/li>\n\n\n\n<li><strong>Inovacija:<\/strong> Vjerujemo u mo\u0107 tehnologije da pojednostavi svakodnevni \u017eivot.<\/li>\n\n\n\n<li><strong>Obitelj:<\/strong> Sve \u0161to radimo proizlazi iz ljubavi, po\u0161tovanja i \u017eelje da vidimo obitelji kako rastu zajedno i sretne su.<\/li>\n<\/ul>\n\n\n\n<h2 class=\"wp-block-heading\"><strong>\u0160to \u0107ete prona\u0107i u Family Universeu<\/strong><\/h2>\n\n\n\n<p>U na\u0161im odjeljcima otkrit \u0107ete svemir sadr\u017eaja kreiranog s predano\u0161\u0107u.<\/p>\n\n\n\n<h3 class=\"wp-block-heading\"><strong>Tehnologija<\/strong><\/h3>\n\n\n\n<p>Saznajte kako vam novi digitalni alati mogu pomo\u0107i u organizaciji \u017eivota, za\u0161titi obitelji i pobolj\u0161anju produktivnosti. Od korisnih aplikacija do prakti\u010dnih vodi\u010da za maksimalno iskori\u0161tavanje telefona ili ra\u010dunala.<\/p>\n\n\n\n<h3 class=\"wp-block-heading\"><strong>Karijera<\/strong><\/h3>\n\n\n\n<p>Nudimo savjete i resurse koji \u0107e vam pomo\u0107i u profesionalnom rastu. Otkrijte najbolje platforme za online u\u010denje, kako se pripremiti za intervjue i kako iskoristiti prilike za posao u digitalnom svijetu.<\/p>\n\n\n\n<h3 class=\"wp-block-heading\"><strong>Vijesti<\/strong><\/h3>\n\n\n\n<p>Ostanite informirani o najnovijim vijestima o obrazovanju, inovacijama, dobrobiti i globalnim trendovima koji izravno utje\u010du na obiteljski i profesionalni \u017eivot.<\/p>\n\n\n\n<h2 class=\"wp-block-heading\"><strong>Za\u0161to postojimo?<\/strong><\/h2>\n\n\n\n<p>Ro\u0111eni smo sa svrhom: <strong>stvoriti pozitivan, edukativan i pouzdan prostor<\/strong>gdje svatko mo\u017ee prona\u0107i inspiraciju i prakti\u010dno znanje.<br>Jer vjerujemo da <strong>Informirana i povezana obitelj je ja\u010da obitelj<\/strong>i da je kontinuirano u\u010denje klju\u010d izgradnje bolje budu\u0107nosti.<\/p>","protected":false},"excerpt":{"rendered":"<p>U Universo Familia vjerujemo da znanje i obiteljsko jedinstvo mogu transformirati svijet. Mi smo digitalni prostor stvoren da inspirira, informira i podr\u017eava moderne obitelji u njihovom svakodnevnom \u017eivotu, pru\u017eaju\u0107i kvalitetan sadr\u017eaj o tehnologiji, karijerama i vijestima koje utje\u010du na stvarni \u017eivot. Na\u0161 je cilj pomo\u0107i svakoj obitelji [\u2026]<\/p>","protected":false},"author":139,"featured_media":1605,"parent":0,"menu_order":0,"comment_status":"closed","ping_status":"closed","template":"page-nosidebar.php","meta":{"footnotes":""},"yoast_head":"<!-- This site is optimized with the Yoast SEO plugin v23.3 - https:\/\/yoast.com\/wordpress\/plugins\/seo\/ -->\n<title>Qui\u00e9nes somos - Universo Fam\u00edlia<\/title>\n<meta name=\"description\" content=\"Qui\u00e9nes somos\" \/>\n<meta name=\"robots\" content=\"index, follow, max-snippet:-1, max-image-preview:large, max-video-preview:-1\" \/>\n<link rel=\"canonical\" href=\"http:\/\/universofamilia.com\/hr\/quienes-somos\/\" \/>\n<meta property=\"og:locale\" content=\"hr_HR\" \/>\n<meta property=\"og:type\" content=\"article\" \/>\n<meta property=\"og:title\" content=\"Qui\u00e9nes somos - Universo Fam\u00edlia\" \/>\n<meta property=\"og:description\" content=\"Qui\u00e9nes somos\" \/>\n<meta property=\"og:url\" content=\"http:\/\/universofamilia.com\/hr\/quienes-somos\/\" \/>\n<meta property=\"og:site_name\" content=\"Universo Fam\u00edlia\" \/>\n<meta property=\"article:modified_time\" content=\"2025-11-04T14:43:55+00:00\" \/>\n<meta property=\"og:image\" content=\"https:\/\/universofamilia.com\/wp-content\/uploads\/sites\/148\/2023\/05\/universo-familia-sobre-familia-2.png\" \/>\n\t<meta property=\"og:image:width\" content=\"550\" \/>\n\t<meta property=\"og:image:height\" content=\"350\" \/>\n\t<meta property=\"og:image:type\" content=\"image\/png\" \/>\n<meta name=\"twitter:card\" content=\"summary_large_image\" \/>\n<meta name=\"twitter:label1\" content=\"Est. reading time\" \/>\n\t<meta name=\"twitter:data1\" content=\"3 minute\" \/>\n<script type=\"application\/ld+json\" class=\"yoast-schema-graph\">{\"@context\":\"https:\/\/schema.org\",\"@graph\":[{\"@type\":\"WebPage\",\"@id\":\"https:\/\/universofamilia.com\/quienes-somos\/\",\"url\":\"https:\/\/universofamilia.com\/quienes-somos\/\",\"name\":\"Qui\u00e9nes somos - Universo Fam\u00edlia\",\"isPartOf\":{\"@id\":\"https:\/\/universofamilia.com\/el\/#website\"},\"primaryImageOfPage\":{\"@id\":\"https:\/\/universofamilia.com\/quienes-somos\/#primaryimage\"},\"image\":{\"@id\":\"https:\/\/universofamilia.com\/quienes-somos\/#primaryimage\"},\"thumbnailUrl\":\"http:\/\/universofamilia.com\/wp-content\/uploads\/sites\/148\/2023\/05\/universo-familia-sobre-familia-2.png\",\"datePublished\":\"2023-05-22T02:46:35+00:00\",\"dateModified\":\"2025-11-04T14:43:55+00:00\",\"description\":\"Qui\u00e9nes somos\",\"breadcrumb\":{\"@id\":\"https:\/\/universofamilia.com\/quienes-somos\/#breadcrumb\"},\"inLanguage\":\"hr\",\"potentialAction\":[{\"@type\":\"ReadAction\",\"target\":[\"https:\/\/universofamilia.com\/quienes-somos\/\"]}]},{\"@type\":\"ImageObject\",\"inLanguage\":\"hr\",\"@id\":\"https:\/\/universofamilia.com\/quienes-somos\/#primaryimage\",\"url\":\"http:\/\/universofamilia.com\/wp-content\/uploads\/sites\/148\/2023\/05\/universo-familia-sobre-familia-2.png\",\"contentUrl\":\"http:\/\/universofamilia.com\/wp-content\/uploads\/sites\/148\/2023\/05\/universo-familia-sobre-familia-2.png\",\"width\":550,\"height\":350},{\"@type\":\"BreadcrumbList\",\"@id\":\"https:\/\/universofamilia.com\/quienes-somos\/#breadcrumb\",\"itemListElement\":[{\"@type\":\"ListItem\",\"position\":1,\"name\":\"Home\",\"item\":\"https:\/\/universofamilia.com\/el\/\"},{\"@type\":\"ListItem\",\"position\":2,\"name\":\"Qui\u00e9nes somos\"}]},{\"@type\":\"WebSite\",\"@id\":\"https:\/\/universofamilia.com\/el\/#website\",\"url\":\"https:\/\/universofamilia.com\/el\/\",\"name\":\"Universo Fam\u00edlia\",\"description\":\"\",\"potentialAction\":[{\"@type\":\"SearchAction\",\"target\":{\"@type\":\"EntryPoint\",\"urlTemplate\":\"https:\/\/universofamilia.com\/el\/?s={search_term_string}\"},\"query-input\":\"required name=search_term_string\"}],\"inLanguage\":\"hr\"}]}<\/script>\n<!-- \/ Yoast SEO plugin. -->","yoast_head_json":{"title":"Qui\u00e9nes somos - Universo Fam\u00edlia","description":"Qui\u00e9nes somos","robots":{"index":"index","follow":"follow","max-snippet":"max-snippet:-1","max-image-preview":"max-image-preview:large","max-video-preview":"max-video-preview:-1"},"canonical":"http:\/\/universofamilia.com\/hr\/quienes-somos\/","og_locale":"hr_HR","og_type":"article","og_title":"Qui\u00e9nes somos - Universo Fam\u00edlia","og_description":"Qui\u00e9nes somos","og_url":"http:\/\/universofamilia.com\/hr\/quienes-somos\/","og_site_name":"Universo Fam\u00edlia","article_modified_time":"2025-11-04T14:43:55+00:00","og_image":[{"width":550,"height":350,"url":"https:\/\/universofamilia.com\/wp-content\/uploads\/sites\/148\/2023\/05\/universo-familia-sobre-familia-2.png","type":"image\/png"}],"twitter_card":"summary_large_image","twitter_misc":{"Est. reading time":"3 minute"},"schema":{"@context":"https:\/\/schema.org","@graph":[{"@type":"WebPage","@id":"https:\/\/universofamilia.com\/quienes-somos\/","url":"https:\/\/universofamilia.com\/quienes-somos\/","name":"Qui\u00e9nes somos - Universo Fam\u00edlia","isPartOf":{"@id":"https:\/\/universofamilia.com\/el\/#website"},"primaryImageOfPage":{"@id":"https:\/\/universofamilia.com\/quienes-somos\/#primaryimage"},"image":{"@id":"https:\/\/universofamilia.com\/quienes-somos\/#primaryimage"},"thumbnailUrl":"http:\/\/universofamilia.com\/wp-content\/uploads\/sites\/148\/2023\/05\/universo-familia-sobre-familia-2.png","datePublished":"2023-05-22T02:46:35+00:00","dateModified":"2025-11-04T14:43:55+00:00","description":"Qui\u00e9nes somos","breadcrumb":{"@id":"https:\/\/universofamilia.com\/quienes-somos\/#breadcrumb"},"inLanguage":"hr","potentialAction":[{"@type":"ReadAction","target":["https:\/\/universofamilia.com\/quienes-somos\/"]}]},{"@type":"ImageObject","inLanguage":"hr","@id":"https:\/\/universofamilia.com\/quienes-somos\/#primaryimage","url":"http:\/\/universofamilia.com\/wp-content\/uploads\/sites\/148\/2023\/05\/universo-familia-sobre-familia-2.png","contentUrl":"http:\/\/universofamilia.com\/wp-content\/uploads\/sites\/148\/2023\/05\/universo-familia-sobre-familia-2.png","width":550,"height":350},{"@type":"BreadcrumbList","@id":"https:\/\/universofamilia.com\/quienes-somos\/#breadcrumb","itemListElement":[{"@type":"ListItem","position":1,"name":"Home","item":"https:\/\/universofamilia.com\/el\/"},{"@type":"ListItem","position":2,"name":"Qui\u00e9nes somos"}]},{"@type":"WebSite","@id":"https:\/\/universofamilia.com\/el\/#website","url":"https:\/\/universofamilia.com\/el\/","name":"Universo Fam\u00edlia","description":"","potentialAction":[{"@type":"SearchAction","target":{"@type":"EntryPoint","urlTemplate":"https:\/\/universofamilia.com\/el\/?s={search_term_string}"},"query-input":"required name=search_term_string"}],"inLanguage":"hr"}]}},"_links":{"self":[{"href":"http:\/\/universofamilia.com\/hr\/wp-json\/wp\/v2\/pages\/7944"}],"collection":[{"href":"http:\/\/universofamilia.com\/hr\/wp-json\/wp\/v2\/pages"}],"about":[{"href":"http:\/\/universofamilia.com\/hr\/wp-json\/wp\/v2\/types\/page"}],"author":[{"embeddable":true,"href":"http:\/\/universofamilia.com\/hr\/wp-json\/wp\/v2\/users\/139"}],"replies":[{"embeddable":true,"href":"http:\/\/universofamilia.com\/hr\/wp-json\/wp\/v2\/comments?post=7944"}],"version-history":[{"count":3,"href":"http:\/\/universofamilia.com\/hr\/wp-json\/wp\/v2\/pages\/7944\/revisions"}],"predecessor-version":[{"id":10273,"href":"http:\/\/universofamilia.com\/hr\/wp-json\/wp\/v2\/pages\/7944\/revisions\/10273"}],"wp:featuredmedia":[{"embeddable":true,"href":"http:\/\/universofamilia.com\/hr\/wp-json\/wp\/v2\/media\/1605"}],"wp:attachment":[{"href":"http:\/\/universofamilia.com\/hr\/wp-json\/wp\/v2\/media?parent=7944"}],"curies":[{"name":"wp","href":"https:\/\/api.w.org\/{rel}","templated":true}]}}