{"id":662,"date":"2022-03-22T05:28:28","date_gmt":"2022-03-22T05:28:28","guid":{"rendered":"https:\/\/universofamilia.com\/contact\/"},"modified":"2026-03-18T14:50:48","modified_gmt":"2026-03-18T17:50:48","slug":"contacto","status":"publish","type":"page","link":"http:\/\/universofamilia.com\/hu\/kapcsolatfelvetel\/","title":{"rendered":"Kapcsolat"},"content":{"rendered":"<p>\u00d6r\u00f6mmel hallunk fel\u0151led! Az Universo Fam\u00edli\u00e1n\u00e1l nagyra \u00e9rt\u00e9kelj\u00fck az olvas\u00f3inkkal \u00e9s \u00fcgyfeleinkkel folytatott szoros, vil\u00e1gos \u00e9s \u0151szinte kommunik\u00e1ci\u00f3t.<\/p>\n\n\n\n<p>Ha k\u00e9rd\u00e9se, javaslata, \u00e9szrev\u00e9tele van, vagy csak szeretne vel\u00fcnk besz\u00e9lni, k\u00e9rj\u00fck, haszn\u00e1lja az al\u00e1bbi \u0171rlapot. \u00d6r\u00f6mmel hallunk \u00d6nr\u0151l.<\/p>\n\n\n\n<h3 class=\"wp-block-heading\"><strong>Besz\u00e9lj\u00fcnk<\/strong><\/h3>\n\n\n\n<p>Van b\u00e1rmilyen k\u00e9rd\u00e9se vagy javaslata? Ne habozzon kapcsolatba l\u00e9pni vel\u00fcnk az al\u00e1bbi \u0171rlap seg\u00edts\u00e9g\u00e9vel. Seg\u00edt\u00fcnk.<\/p>\n\n\n<div class=\"wpforms-container wpforms-container-full wpforms-block wpforms-block-41938fd1-46d3-4ac5-a7a9-2942d75a2330 wpforms-render-modern\" id=\"wpforms-9624\"><form id=\"wpforms-form-9624\" class=\"wpforms-validate wpforms-form wpforms-ajax-form\" data-formid=\"9624\" method=\"post\" enctype=\"multipart\/form-data\" action=\"\/hu\/wp-json\/wp\/v2\/pages\/662\" data-token=\"02159b76329422eea7f6e26467068141\" data-token-time=\"1777736883\" data-trp-original-action=\"\/hu\/wp-json\/wp\/v2\/pages\/662\"><noscript class=\"wpforms-error-noscript\">K\u00e9rj\u00fck, enged\u00e9lyezze a JavaScriptet a b\u00f6ng\u00e9sz\u0151j\u00e9ben az \u0171rlap kit\u00f6lt\u00e9s\u00e9hez.<\/noscript><div class=\"wpforms-hidden\" id=\"wpforms-error-noscript\">K\u00e9rj\u00fck, enged\u00e9lyezze a JavaScriptet a b\u00f6ng\u00e9sz\u0151j\u00e9ben az \u0171rlap kit\u00f6lt\u00e9s\u00e9hez.<\/div><div class=\"wpforms-field-container\"><div id=\"wpforms-9624-field_1-container\" class=\"wpforms-field wpforms-field-name\" data-field-id=\"1\"><label class=\"wpforms-field-label\" for=\"wpforms-9624-field_1\">N\u00e9v <span class=\"wpforms-required-label\" aria-hidden=\"true\">*<\/span><\/label><input type=\"text\" id=\"wpforms-9624-field_1\" class=\"wpforms-field-medium wpforms-field-required\" name=\"wpforms[fields][1]\" aria-errormessage=\"wpforms-9624-field_1-error\" required><\/div><div id=\"wpforms-9624-field_4-container\" class=\"wpforms-field wpforms-field-text\" data-field-id=\"4\"><label class=\"wpforms-field-label\" for=\"wpforms-9624-field_4\">\u00dcgy<\/label><input type=\"text\" id=\"wpforms-9624-field_4\" class=\"wpforms-field-medium\" name=\"wpforms[fields][4]\" aria-errormessage=\"wpforms-9624-field_4-error\" ><\/div><div id=\"wpforms-9624-field_2-container\" class=\"wpforms-field wpforms-field-email\" data-field-id=\"2\"><label class=\"wpforms-field-label\" for=\"wpforms-9624-field_2\">Email <span class=\"wpforms-required-label\" aria-hidden=\"true\">*<\/span><\/label><input type=\"email\" id=\"wpforms-9624-field_2\" class=\"wpforms-field-medium wpforms-field-required\" name=\"wpforms[fields][2]\" spellcheck=\"false\" aria-errormessage=\"wpforms-9624-field_2-error\" required><\/div>\t\t<div id=\"wpforms-9624-field_5-container\"\n\t\t\tclass=\"wpforms-field wpforms-field-text\"\n\t\t\tdata-field-type=\"text\"\n\t\t\tdata-field-id=\"5\"\n\t\t\t>\n\t\t\t<label class=\"wpforms-field-label\" for=\"wpforms-9624-field_5\" >E-mailben vagy postai \u00faton<\/label>\n\t\t\t<input type=\"text\" id=\"wpforms-9624-field_5\" class=\"wpforms-field-medium\" name=\"wpforms[fields][5]\" >\n\t\t<\/div>\n\t\t<div id=\"wpforms-9624-field_3-container\" class=\"wpforms-field wpforms-field-textarea\" data-field-id=\"3\"><label class=\"wpforms-field-label\" for=\"wpforms-9624-field_3\">Hozz\u00e1sz\u00f3l\u00e1s vagy \u00fczenet<\/label><textarea id=\"wpforms-9624-field_3\" class=\"wpforms-field-medium\" name=\"wpforms[fields][3]\" aria-errormessage=\"wpforms-9624-field_3-error\" ><\/textarea><\/div><script>\n\t\t\t\t( function() {\n\t\t\t\t\tconst style = document.createElement( 'style' );\n\t\t\t\t\tstyle.appendChild( document.createTextNode( '#wpforms-9624-field_5-container { position: absolute !important; overflow: hidden !important; display: inline !important; height: 1px !important; width: 1px !important; z-index: -1000 !important; padding: 0 !important; } #wpforms-9624-field_5-container input { visibility: hidden; } #wpforms-conversational-form-page #wpforms-9624-field_5-container label { counter-increment: none; }' ) );\n\t\t\t\t\tdocument.head.appendChild( style );\n\t\t\t\t\tdocument.currentScript?.remove();\n\t\t\t\t} )();\n\t\t\t<\/script><\/div><!-- .wpforms-field-container --><div class=\"wpforms-submit-container\" ><input type=\"hidden\" name=\"wpforms[id]\" value=\"9624\"><input type=\"hidden\" name=\"page_title\" value=\"\"><input type=\"hidden\" name=\"page_url\" value=\"http:\/\/universofamilia.com\/hu\/wp-json\/wp\/v2\/pages\/662\"><input type=\"hidden\" name=\"url_referer\" value=\"\"><button type=\"submit\" name=\"wpforms[submit]\" id=\"wpforms-submit-9624\" class=\"wpforms-submit\" data-alt-text=\"Enviando\u2026\" data-submit-text=\"Enviar\" aria-live=\"assertive\" value=\"wpforms-submit\">Elk\u00fcld<\/button><img loading=\"lazy\" decoding=\"async\" src=\"http:\/\/universofamilia.com\/wp-content\/plugins\/wpforms-lite\/assets\/images\/submit-spin.svg\" class=\"wpforms-submit-spinner\" style=\"display: none;\" width=\"26\" height=\"26\" alt=\"Terhel\u00e9s\"><\/div><input type=\"hidden\" name=\"trp-form-language\" value=\"hu\"\/><\/form><\/div>  <!-- .wpforms-container -->","protected":false},"excerpt":{"rendered":"<p>\u00d6r\u00f6mmel hallunk fel\u0151led! Az Universo Fam\u00edli\u00e1n\u00e1l nagyra \u00e9rt\u00e9kelj\u00fck az olvas\u00f3inkkal \u00e9s \u00fcgyfeleinkkel folytatott szoros, vil\u00e1gos \u00e9s \u0151szinte kommunik\u00e1ci\u00f3t. Ha k\u00e9rd\u00e9sed, javaslatod, \u00e9szrev\u00e9teled van, vagy egyszer\u0171en csak besz\u00e9lgetni szeretn\u00e9l vel\u00fcnk, k\u00e9rj\u00fck, haszn\u00e1ld az al\u00e1bbi \u0171rlapot. \u00d6r\u00f6mmel hallunk fel\u0151led. Besz\u00e9lgess\u00fcnk! Van b\u00e1rmilyen k\u00e9rd\u00e9sed vagy javaslatod? Ne habozz \u00edrni nek\u00fcnk az al\u00e1bbi \u0171rlap seg\u00edts\u00e9g\u00e9vel. [\u2026]<\/p>","protected":false},"author":139,"featured_media":0,"parent":0,"menu_order":0,"comment_status":"closed","ping_status":"closed","template":"page-nosidebar.php","meta":{"footnotes":""},"yoast_head":"<!-- This site is optimized with the Yoast SEO plugin v23.3 - https:\/\/yoast.com\/wordpress\/plugins\/seo\/ -->\n<title>Contacto - Universo Fam\u00edlia<\/title>\n<meta name=\"description\" content=\"contacto\" \/>\n<meta name=\"robots\" content=\"index, follow, max-snippet:-1, max-image-preview:large, max-video-preview:-1\" \/>\n<link rel=\"canonical\" href=\"http:\/\/universofamilia.com\/hu\/contact\/\" \/>\n<meta property=\"og:locale\" content=\"hu_HU\" \/>\n<meta property=\"og:type\" content=\"article\" \/>\n<meta property=\"og:title\" content=\"Contacto - Universo Fam\u00edlia\" \/>\n<meta property=\"og:description\" content=\"contacto\" \/>\n<meta property=\"og:url\" content=\"http:\/\/universofamilia.com\/hu\/contact\/\" \/>\n<meta property=\"og:site_name\" content=\"Universo Fam\u00edlia\" \/>\n<meta property=\"article:modified_time\" content=\"2026-03-18T17:50:48+00:00\" \/>\n<meta name=\"twitter:card\" content=\"summary_large_image\" \/>\n<meta name=\"twitter:label1\" content=\"Est. reading time\" \/>\n\t<meta name=\"twitter:data1\" content=\"1 perc\" \/>\n<script type=\"application\/ld+json\" class=\"yoast-schema-graph\">{\"@context\":\"https:\/\/schema.org\",\"@graph\":[{\"@type\":\"WebPage\",\"@id\":\"http:\/\/universofamilia.com\/en\/contact\/\",\"url\":\"http:\/\/universofamilia.com\/en\/contact\/\",\"name\":\"Contacto - Universo Fam\u00edlia\",\"isPartOf\":{\"@id\":\"https:\/\/universofamilia.com\/el\/#website\"},\"datePublished\":\"2022-03-22T05:28:28+00:00\",\"dateModified\":\"2026-03-18T17:50:48+00:00\",\"description\":\"contacto\",\"breadcrumb\":{\"@id\":\"http:\/\/universofamilia.com\/en\/contact\/#breadcrumb\"},\"inLanguage\":\"hu\",\"potentialAction\":[{\"@type\":\"ReadAction\",\"target\":[\"http:\/\/universofamilia.com\/en\/contact\/\"]}]},{\"@type\":\"BreadcrumbList\",\"@id\":\"http:\/\/universofamilia.com\/en\/contact\/#breadcrumb\",\"itemListElement\":[{\"@type\":\"ListItem\",\"position\":1,\"name\":\"Home\",\"item\":\"https:\/\/universofamilia.com\/el\/\"},{\"@type\":\"ListItem\",\"position\":2,\"name\":\"Contacto\"}]},{\"@type\":\"WebSite\",\"@id\":\"https:\/\/universofamilia.com\/el\/#website\",\"url\":\"https:\/\/universofamilia.com\/el\/\",\"name\":\"Universo Fam\u00edlia\",\"description\":\"\",\"potentialAction\":[{\"@type\":\"SearchAction\",\"target\":{\"@type\":\"EntryPoint\",\"urlTemplate\":\"https:\/\/universofamilia.com\/el\/?s={search_term_string}\"},\"query-input\":\"required name=search_term_string\"}],\"inLanguage\":\"hu\"}]}<\/script>\n<!-- \/ Yoast SEO plugin. -->","yoast_head_json":{"title":"Contacto - Universo Fam\u00edlia","description":"contacto","robots":{"index":"index","follow":"follow","max-snippet":"max-snippet:-1","max-image-preview":"max-image-preview:large","max-video-preview":"max-video-preview:-1"},"canonical":"http:\/\/universofamilia.com\/hu\/contact\/","og_locale":"hu_HU","og_type":"article","og_title":"Contacto - Universo Fam\u00edlia","og_description":"contacto","og_url":"http:\/\/universofamilia.com\/hu\/contact\/","og_site_name":"Universo Fam\u00edlia","article_modified_time":"2026-03-18T17:50:48+00:00","twitter_card":"summary_large_image","twitter_misc":{"Est. reading time":"1 perc"},"schema":{"@context":"https:\/\/schema.org","@graph":[{"@type":"WebPage","@id":"http:\/\/universofamilia.com\/en\/contact\/","url":"http:\/\/universofamilia.com\/en\/contact\/","name":"Contacto - Universo Fam\u00edlia","isPartOf":{"@id":"https:\/\/universofamilia.com\/el\/#website"},"datePublished":"2022-03-22T05:28:28+00:00","dateModified":"2026-03-18T17:50:48+00:00","description":"contacto","breadcrumb":{"@id":"http:\/\/universofamilia.com\/en\/contact\/#breadcrumb"},"inLanguage":"hu","potentialAction":[{"@type":"ReadAction","target":["http:\/\/universofamilia.com\/en\/contact\/"]}]},{"@type":"BreadcrumbList","@id":"http:\/\/universofamilia.com\/en\/contact\/#breadcrumb","itemListElement":[{"@type":"ListItem","position":1,"name":"Home","item":"https:\/\/universofamilia.com\/el\/"},{"@type":"ListItem","position":2,"name":"Contacto"}]},{"@type":"WebSite","@id":"https:\/\/universofamilia.com\/el\/#website","url":"https:\/\/universofamilia.com\/el\/","name":"Universo Fam\u00edlia","description":"","potentialAction":[{"@type":"SearchAction","target":{"@type":"EntryPoint","urlTemplate":"https:\/\/universofamilia.com\/el\/?s={search_term_string}"},"query-input":"required name=search_term_string"}],"inLanguage":"hu"}]}},"_links":{"self":[{"href":"http:\/\/universofamilia.com\/hu\/wp-json\/wp\/v2\/pages\/662"}],"collection":[{"href":"http:\/\/universofamilia.com\/hu\/wp-json\/wp\/v2\/pages"}],"about":[{"href":"http:\/\/universofamilia.com\/hu\/wp-json\/wp\/v2\/types\/page"}],"author":[{"embeddable":true,"href":"http:\/\/universofamilia.com\/hu\/wp-json\/wp\/v2\/users\/139"}],"replies":[{"embeddable":true,"href":"http:\/\/universofamilia.com\/hu\/wp-json\/wp\/v2\/comments?post=662"}],"version-history":[{"count":4,"href":"http:\/\/universofamilia.com\/hu\/wp-json\/wp\/v2\/pages\/662\/revisions"}],"predecessor-version":[{"id":10543,"href":"http:\/\/universofamilia.com\/hu\/wp-json\/wp\/v2\/pages\/662\/revisions\/10543"}],"wp:attachment":[{"href":"http:\/\/universofamilia.com\/hu\/wp-json\/wp\/v2\/media?parent=662"}],"curies":[{"name":"wp","href":"https:\/\/api.w.org\/{rel}","templated":true}]}}