{"id":7944,"date":"2023-05-21T23:46:35","date_gmt":"2023-05-22T02:46:35","guid":{"rendered":"https:\/\/universofamilia.com\/?page_id=2"},"modified":"2025-11-04T11:43:55","modified_gmt":"2025-11-04T14:43:55","slug":"quienes-somos","status":"publish","type":"page","link":"http:\/\/universofamilia.com\/ja\/\u79c1\u305f\u3061\u306f\u8ab0\u3067\u3059\u304b\/","title":{"rendered":"\u4f1a\u793e\u6982\u8981"},"content":{"rendered":"<p>\u3067 <strong>\u30d5\u30a1\u30df\u30ea\u30fc\u30e6\u30cb\u30d0\u30fc\u30b9<\/strong>\u79c1\u305f\u3061\u306f\u3001\u77e5\u8b58\u3068\u5bb6\u65cf\u306e\u7d46\u304c\u4e16\u754c\u3092\u5909\u3048\u308b\u3053\u3068\u304c\u3067\u304d\u308b\u3068\u4fe1\u3058\u3066\u3044\u307e\u3059\u3002\u79c1\u305f\u3061\u306f\u3001\u73fe\u4ee3\u306e\u5bb6\u65cf\u306e\u65e5\u3005\u306e\u751f\u6d3b\u3092\u523a\u6fc0\u3057\u3001\u60c5\u5831\u3092\u63d0\u4f9b\u3057\u3001\u30b5\u30dd\u30fc\u30c8\u3059\u308b\u305f\u3081\u306b\u4f5c\u3089\u308c\u305f\u30c7\u30b8\u30bf\u30eb\u30b9\u30da\u30fc\u30b9\u3067\u3059\u3002\u8cea\u306e\u9ad8\u3044\u30b3\u30f3\u30c6\u30f3\u30c4\u3092\u63d0\u4f9b\u3057\u3066\u3044\u307e\u3059\u3002 <strong>\u30c6\u30af\u30ce\u30ed\u30b8\u30fc\u3001\u30ad\u30e3\u30ea\u30a2\u30d1\u30b9\u3001\u305d\u3057\u3066\u5b9f\u751f\u6d3b\u306b\u5f71\u97ff\u3092\u4e0e\u3048\u308b\u30cb\u30e5\u30fc\u30b9<\/strong>.<\/p>\n\n\n\n<p>\u79c1\u305f\u3061\u306e\u76ee\u6a19\u306f\u3001\u73fe\u4ee3\u4e16\u754c\u306e\u9032\u6b69\u306b\u9045\u308c\u305a\u306b\u3064\u3044\u3066\u3044\u304d\u306a\u304c\u3089\u3001\u8aad\u8005\u4e00\u4eba\u3072\u3068\u308a\u304c\u751f\u6d3b\u3092\u697d\u306b\u3057\u3001\u5e78\u798f\u3092\u5897\u9032\u3057\u3001\u5bb6\u65cf\u306e\u7d46\u3092\u5f37\u3081\u308b\u65b0\u3057\u3044\u30c4\u30fc\u30eb\u3001\u30a2\u30a4\u30c7\u30a2\u3001\u8996\u70b9\u3092\u767a\u898b\u3067\u304d\u308b\u3088\u3046\u306b\u652f\u63f4\u3059\u308b\u3053\u3068\u3067\u3059\u3002<\/p>\n\n\n\n<h2 class=\"wp-block-heading\"><strong>\u79c1\u305f\u3061\u306e\u4f7f\u547d<\/strong><\/h2>\n\n\n\n<p>\u79c1\u305f\u3061\u306e\u4f7f\u547d\u306f <strong>\u6709\u7528\u3067\u4fe1\u983c\u3067\u304d\u308b\u60c5\u5831\u3092\u3088\u308a\u8eab\u8fd1\u306b<\/strong> \u79c1\u305f\u3061\u306f\u3001\u3042\u3089\u3086\u308b\u5e74\u9f62\u5c64\u306e\u4eba\u3005\u306b\u3001\u660e\u78ba\u3067\u30a2\u30af\u30bb\u30b9\u3057\u3084\u3059\u304f\u3001\u6700\u65b0\u306e\u60c5\u5831\u3092\u63d0\u4f9b\u3059\u308b\u3053\u3068\u3092\u76ee\u6307\u3057\u3066\u3044\u307e\u3059\u3002Universo Familia\u3092\u8a2a\u308c\u308b\u305f\u3073\u306b\u3001\u4f55\u304b\u65b0\u3057\u3044\u3053\u3068\u3092\u5b66\u3073\u3001\u500b\u4eba\u7684\u304a\u3088\u3073\u8077\u696d\u7684\u306a\u76ee\u6a19\u3092\u9054\u6210\u3059\u308b\u305f\u3081\u306e\u30e2\u30c1\u30d9\u30fc\u30b7\u30e7\u30f3\u3092\u898b\u3064\u3051\u308b\u3001\u5145\u5b9f\u3057\u305f\u4f53\u9a13\u3092\u3057\u3066\u3044\u305f\u3060\u304d\u305f\u3044\u3068\u8003\u3048\u3066\u3044\u307e\u3059\u3002<\/p>\n\n\n\n<h2 class=\"wp-block-heading\"><strong>\u79c1\u305f\u3061\u306e\u30d3\u30b8\u30e7\u30f3<\/strong><\/h2>\n\n\n\n<p>\u5bb6\u65cf\u304c\u30a4\u30f3\u30b9\u30d4\u30ec\u30fc\u30b7\u30e7\u30f3\u3001\u6280\u8853\u7684\u30bd\u30ea\u30e5\u30fc\u30b7\u30e7\u30f3\u3001\u30ad\u30e3\u30ea\u30a2\u30a2\u30c3\u30d7\u306e\u6a5f\u4f1a\u3001\u305d\u3057\u3066\u672c\u5f53\u306b\u91cd\u8981\u306a\u6700\u65b0\u30cb\u30e5\u30fc\u30b9\u3092\u898b\u3064\u3051\u308b\u3053\u3068\u304c\u3067\u304d\u308b\u3001\u30b9\u30da\u30a4\u30f3\u8a9e\u3067\u6700\u3082\u4fe1\u983c\u3055\u308c\u308b\u30c7\u30b8\u30bf\u30eb \u30b3\u30df\u30e5\u30cb\u30c6\u30a3\u306e 1 \u3064\u306b\u306a\u308b\u3053\u3068\u3002<br>\u79c1\u305f\u3061\u306f\u3001\u3042\u306a\u305f\u304c\u691c\u7d22\u3059\u308b\u969b\u306b\u6700\u521d\u306e\u60c5\u5831\u6e90\u306b\u306a\u308a\u305f\u3044\u3068\u8003\u3048\u3066\u3044\u307e\u3059 <strong>\u30c6\u30af\u30ce\u30ed\u30b8\u30fc\u3068\u6559\u80b2\u3092\u6d3b\u7528\u3057\u3066\u4eba\u751f\u3092\u5411\u4e0a\u3055\u305b\u308b\u65b9\u6cd5<\/strong>.<\/p>\n\n\n\n<h2 class=\"wp-block-heading\"><strong>\u79c1\u305f\u3061\u306e\u4fa1\u5024\u89b3<\/strong><\/h2>\n\n\n\n<ul>\n<li><strong>\u900f\u660e\u6027:<\/strong> \u5f53\u793e\u306f\u3001\u4fe1\u983c\u3067\u304d\u308b\u60c5\u5831\u6e90\u3068\u8aa0\u5b9f\u306a\u8a00\u8449\u3067\u691c\u8a3c\u3055\u308c\u305f\u30b3\u30f3\u30c6\u30f3\u30c4\u3092\u516c\u958b\u3057\u307e\u3059\u3002<\/li>\n\n\n\n<li><strong>\u6559\u80b2\uff1a<\/strong> \u79c1\u305f\u3061\u306f\u3001\u6280\u8853\u7684\u306a\u30c4\u30fc\u30eb\u3068\u5b9f\u8df5\u7684\u306a\u30a2\u30c9\u30d0\u30a4\u30b9\u3092\u901a\u3058\u3066\u7d99\u7d9a\u7684\u306a\u5b66\u7fd2\u3092\u4fc3\u9032\u3057\u307e\u3059\u3002<\/li>\n\n\n\n<li><strong>\u89aa\u5bc6\u3055:<\/strong> \u79c1\u305f\u3061\u306f\u3001\u8ab0\u306b\u3067\u3082\u7406\u89e3\u3067\u304d\u308b\u30d5\u30ec\u30f3\u30c9\u30ea\u30fc\u3067\u4eba\u9593\u7684\u306a\u53e3\u8abf\u3067\u8a71\u3057\u307e\u3059\u3002<\/li>\n\n\n\n<li><strong>\u9769\u65b0\uff1a<\/strong> \u79c1\u305f\u3061\u306f\u3001\u30c6\u30af\u30ce\u30ed\u30b8\u30fc\u304c\u65e5\u5e38\u751f\u6d3b\u3092\u7c21\u7d20\u5316\u3059\u308b\u529b\u3092\u6301\u3063\u3066\u3044\u308b\u3068\u4fe1\u3058\u3066\u3044\u307e\u3059\u3002<\/li>\n\n\n\n<li><strong>\u5bb6\u65cf\uff1a<\/strong> \u79c1\u305f\u3061\u306e\u6d3b\u52d5\u306f\u3059\u3079\u3066\u3001\u611b\u3068\u5c0a\u656c\u3001\u305d\u3057\u3066\u5bb6\u65cf\u304c\u4e00\u7dd2\u306b\u6210\u9577\u3057\u5e78\u305b\u306b\u306a\u308b\u306e\u3092\u898b\u305f\u3044\u3068\u3044\u3046\u9858\u3044\u304b\u3089\u751f\u307e\u308c\u3066\u3044\u307e\u3059\u3002<\/li>\n<\/ul>\n\n\n\n<h2 class=\"wp-block-heading\"><strong>\u30d5\u30a1\u30df\u30ea\u30fc\u30e6\u30cb\u30d0\u30fc\u30b9\u3067\u4f55\u304c\u898b\u3064\u304b\u308b\u304b<\/strong><\/h2>\n\n\n\n<p>\u79c1\u305f\u3061\u306e\u30bb\u30af\u30b7\u30e7\u30f3\u3067\u306f\u3001\u71b1\u610f\u3092\u6301\u3063\u3066\u4f5c\u6210\u3055\u308c\u305f\u30b3\u30f3\u30c6\u30f3\u30c4\u306e\u5b87\u5b99\u3092\u767a\u898b\u3067\u304d\u307e\u3059\u3002<\/p>\n\n\n\n<h3 class=\"wp-block-heading\"><strong>\u30c6\u30af\u30ce\u30ed\u30b8\u30fc<\/strong><\/h3>\n\n\n\n<p>\u65b0\u3057\u3044\u30c7\u30b8\u30bf\u30eb\u30c4\u30fc\u30eb\u304c\u3001\u751f\u6d3b\u3092\u6574\u7406\u3057\u3001\u5bb6\u65cf\u3092\u5b88\u308a\u3001\u751f\u7523\u6027\u3092\u5411\u4e0a\u3055\u305b\u308b\u65b9\u6cd5\u3092\u5b66\u3073\u307e\u3057\u3087\u3046\u3002\u4fbf\u5229\u306a\u30a2\u30d7\u30ea\u304b\u3089\u3001\u30b9\u30de\u30fc\u30c8\u30d5\u30a9\u30f3\u3084\u30d1\u30bd\u30b3\u30f3\u3092\u6700\u5927\u9650\u306b\u6d3b\u7528\u3059\u308b\u305f\u3081\u306e\u5b9f\u8df5\u7684\u306a\u30ac\u30a4\u30c9\u307e\u3067\u3001\u5e45\u5e83\u304f\u3054\u7d39\u4ecb\u3057\u3066\u3044\u307e\u3059\u3002<\/p>\n\n\n\n<h3 class=\"wp-block-heading\"><strong>\u30ad\u30e3\u30ea\u30a2<\/strong><\/h3>\n\n\n\n<p>\u30ad\u30e3\u30ea\u30a2\u30a2\u30c3\u30d7\u306b\u5f79\u7acb\u3064\u30d2\u30f3\u30c8\u3084\u30ea\u30bd\u30fc\u30b9\u3092\u3054\u63d0\u4f9b\u3057\u307e\u3059\u3002\u6700\u9069\u306a\u30aa\u30f3\u30e9\u30a4\u30f3\u5b66\u7fd2\u30d7\u30e9\u30c3\u30c8\u30d5\u30a9\u30fc\u30e0\u3001\u9762\u63a5\u306e\u6e96\u5099\u65b9\u6cd5\u3001\u30c7\u30b8\u30bf\u30eb\u4e16\u754c\u3067\u306e\u5c31\u8077\u6d3b\u52d5\u3092\u6210\u529f\u3055\u305b\u308b\u65b9\u6cd5\u306a\u3069\u3092\u3054\u7d39\u4ecb\u3057\u307e\u3059\u3002<\/p>\n\n\n\n<h3 class=\"wp-block-heading\"><strong>\u30cb\u30e5\u30fc\u30b9<\/strong><\/h3>\n\n\n\n<p>\u5bb6\u65cf\u3084\u8077\u696d\u751f\u6d3b\u306b\u76f4\u63a5\u5f71\u97ff\u3092\u4e0e\u3048\u308b\u6559\u80b2\u3001\u30a4\u30ce\u30d9\u30fc\u30b7\u30e7\u30f3\u3001\u5065\u5eb7\u3001\u4e16\u754c\u7684\u306a\u30c8\u30ec\u30f3\u30c9\u306b\u95a2\u3059\u308b\u6700\u65b0\u30cb\u30e5\u30fc\u30b9\u3092\u5165\u624b\u3057\u307e\u3057\u3087\u3046\u3002<\/p>\n\n\n\n<h2 class=\"wp-block-heading\"><strong>\u79c1\u305f\u3061\u306f\u306a\u305c\u5b58\u5728\u3059\u308b\u306e\u3067\u3057\u3087\u3046\u304b\uff1f<\/strong><\/h2>\n\n\n\n<p>\u79c1\u305f\u3061\u306f\u76ee\u7684\u3092\u6301\u3063\u3066\u751f\u307e\u308c\u307e\u3057\u305f\u3002 <strong>\u30dd\u30b8\u30c6\u30a3\u30d6\u3067\u6559\u80b2\u7684\u3001\u4fe1\u983c\u3067\u304d\u308b\u7a7a\u9593\u3092\u5275\u9020\u3059\u308b<\/strong>\u8ab0\u3082\u304c\u30a4\u30f3\u30b9\u30d4\u30ec\u30fc\u30b7\u30e7\u30f3\u3068\u5b9f\u7528\u7684\u306a\u77e5\u8b58\u3092\u898b\u3064\u3051\u308b\u3053\u3068\u304c\u3067\u304d\u308b\u5834\u6240\u3067\u3059\u3002<br>\u79c1\u305f\u3061\u306f\u305d\u3046\u4fe1\u3058\u3066\u3044\u308b\u304b\u3089 <strong>\u60c5\u5831\u306b\u901a\u3058\u3001\u3064\u306a\u304c\u308a\u306e\u3042\u308b\u5bb6\u65cf\u306f\u3088\u308a\u5f37\u3044\u5bb6\u65cf\u3067\u3059<\/strong>\u305d\u3057\u3066\u7d99\u7d9a\u7684\u306a\u5b66\u7fd2\u304c\u3088\u308a\u826f\u3044\u672a\u6765\u3092\u7bc9\u304f\u9375\u3068\u306a\u308b\u306e\u3067\u3059\u3002<\/p>","protected":false},"excerpt":{"rendered":"<p>En Universo Familia, creemos que el conocimiento y la uni\u00f3n familiar pueden transformar el mundo. Somos un espacio digital creado para inspirar, informar y acompa\u00f1ar a las familias modernas en su d\u00eda a d\u00eda, brindando contenidos de calidad sobre tecnolog\u00eda, carrera profesional y noticias que impactan la vida real. Nuestro objetivo es ayudar a cada lector a descubrir nuevas herramientas, ideas y perspectivas que faciliten su vida, mejoren su bienestar y fortalezcan los lazos familiares, todo mientras se mantienen al d\u00eda con los avances del mundo moderno. Nuestra Misi\u00f3n Nuestra misi\u00f3n es acercar la informaci\u00f3n \u00fatil y confiable a las personas de todas las edades, de manera clara, accesible y [&hellip;]<\/p>","protected":false},"author":139,"featured_media":1605,"parent":0,"menu_order":0,"comment_status":"closed","ping_status":"closed","template":"page-nosidebar.php","meta":{"footnotes":""},"yoast_head":"<!-- This site is optimized with the Yoast SEO plugin v23.3 - https:\/\/yoast.com\/wordpress\/plugins\/seo\/ -->\n<title>Qui\u00e9nes somos - Universo Fam\u00edlia<\/title>\n<meta name=\"description\" content=\"Qui\u00e9nes somos\" \/>\n<meta name=\"robots\" content=\"index, follow, max-snippet:-1, max-image-preview:large, max-video-preview:-1\" \/>\n<link rel=\"canonical\" href=\"http:\/\/universofamilia.com\/ja\/\u79c1\u305f\u3061\u306f\u8ab0\u3067\u3059\u304b\/\" \/>\n<meta property=\"og:locale\" content=\"ja_JP\" \/>\n<meta property=\"og:type\" content=\"article\" \/>\n<meta property=\"og:title\" content=\"Qui\u00e9nes somos - Universo Fam\u00edlia\" \/>\n<meta property=\"og:description\" content=\"Qui\u00e9nes somos\" \/>\n<meta property=\"og:url\" content=\"http:\/\/universofamilia.com\/ja\/\u79c1\u305f\u3061\u306f\u8ab0\u3067\u3059\u304b\/\" \/>\n<meta property=\"og:site_name\" content=\"Universo Fam\u00edlia\" \/>\n<meta property=\"article:modified_time\" content=\"2025-11-04T14:43:55+00:00\" \/>\n<meta property=\"og:image\" content=\"https:\/\/universofamilia.com\/wp-content\/uploads\/sites\/148\/2023\/05\/universo-familia-sobre-familia-2.png\" \/>\n\t<meta property=\"og:image:width\" content=\"550\" \/>\n\t<meta property=\"og:image:height\" content=\"350\" \/>\n\t<meta property=\"og:image:type\" content=\"image\/png\" \/>\n<meta name=\"twitter:card\" content=\"summary_large_image\" \/>\n<meta name=\"twitter:label1\" content=\"Est. reading time\" \/>\n\t<meta name=\"twitter:data1\" content=\"3\u5206\" \/>\n<script type=\"application\/ld+json\" class=\"yoast-schema-graph\">{\"@context\":\"https:\/\/schema.org\",\"@graph\":[{\"@type\":\"WebPage\",\"@id\":\"https:\/\/universofamilia.com\/quienes-somos\/\",\"url\":\"https:\/\/universofamilia.com\/quienes-somos\/\",\"name\":\"Qui\u00e9nes somos - Universo Fam\u00edlia\",\"isPartOf\":{\"@id\":\"https:\/\/universofamilia.com\/el\/#website\"},\"primaryImageOfPage\":{\"@id\":\"https:\/\/universofamilia.com\/quienes-somos\/#primaryimage\"},\"image\":{\"@id\":\"https:\/\/universofamilia.com\/quienes-somos\/#primaryimage\"},\"thumbnailUrl\":\"http:\/\/universofamilia.com\/wp-content\/uploads\/sites\/148\/2023\/05\/universo-familia-sobre-familia-2.png\",\"datePublished\":\"2023-05-22T02:46:35+00:00\",\"dateModified\":\"2025-11-04T14:43:55+00:00\",\"description\":\"Qui\u00e9nes somos\",\"breadcrumb\":{\"@id\":\"https:\/\/universofamilia.com\/quienes-somos\/#breadcrumb\"},\"inLanguage\":\"ja\",\"potentialAction\":[{\"@type\":\"ReadAction\",\"target\":[\"https:\/\/universofamilia.com\/quienes-somos\/\"]}]},{\"@type\":\"ImageObject\",\"inLanguage\":\"ja\",\"@id\":\"https:\/\/universofamilia.com\/quienes-somos\/#primaryimage\",\"url\":\"http:\/\/universofamilia.com\/wp-content\/uploads\/sites\/148\/2023\/05\/universo-familia-sobre-familia-2.png\",\"contentUrl\":\"http:\/\/universofamilia.com\/wp-content\/uploads\/sites\/148\/2023\/05\/universo-familia-sobre-familia-2.png\",\"width\":550,\"height\":350},{\"@type\":\"BreadcrumbList\",\"@id\":\"https:\/\/universofamilia.com\/quienes-somos\/#breadcrumb\",\"itemListElement\":[{\"@type\":\"ListItem\",\"position\":1,\"name\":\"Home\",\"item\":\"https:\/\/universofamilia.com\/el\/\"},{\"@type\":\"ListItem\",\"position\":2,\"name\":\"Qui\u00e9nes somos\"}]},{\"@type\":\"WebSite\",\"@id\":\"https:\/\/universofamilia.com\/el\/#website\",\"url\":\"https:\/\/universofamilia.com\/el\/\",\"name\":\"Universo Fam\u00edlia\",\"description\":\"\",\"potentialAction\":[{\"@type\":\"SearchAction\",\"target\":{\"@type\":\"EntryPoint\",\"urlTemplate\":\"https:\/\/universofamilia.com\/el\/?s={search_term_string}\"},\"query-input\":\"required name=search_term_string\"}],\"inLanguage\":\"ja\"}]}<\/script>\n<!-- \/ Yoast SEO plugin. -->","yoast_head_json":{"title":"Qui\u00e9nes somos - Universo Fam\u00edlia","description":"Qui\u00e9nes somos","robots":{"index":"index","follow":"follow","max-snippet":"max-snippet:-1","max-image-preview":"max-image-preview:large","max-video-preview":"max-video-preview:-1"},"canonical":"http:\/\/universofamilia.com\/ja\/\u79c1\u305f\u3061\u306f\u8ab0\u3067\u3059\u304b\/","og_locale":"ja_JP","og_type":"article","og_title":"Qui\u00e9nes somos - Universo Fam\u00edlia","og_description":"Qui\u00e9nes somos","og_url":"http:\/\/universofamilia.com\/ja\/\u79c1\u305f\u3061\u306f\u8ab0\u3067\u3059\u304b\/","og_site_name":"Universo Fam\u00edlia","article_modified_time":"2025-11-04T14:43:55+00:00","og_image":[{"width":550,"height":350,"url":"https:\/\/universofamilia.com\/wp-content\/uploads\/sites\/148\/2023\/05\/universo-familia-sobre-familia-2.png","type":"image\/png"}],"twitter_card":"summary_large_image","twitter_misc":{"Est. reading time":"3\u5206"},"schema":{"@context":"https:\/\/schema.org","@graph":[{"@type":"WebPage","@id":"https:\/\/universofamilia.com\/quienes-somos\/","url":"https:\/\/universofamilia.com\/quienes-somos\/","name":"Qui\u00e9nes somos - Universo Fam\u00edlia","isPartOf":{"@id":"https:\/\/universofamilia.com\/el\/#website"},"primaryImageOfPage":{"@id":"https:\/\/universofamilia.com\/quienes-somos\/#primaryimage"},"image":{"@id":"https:\/\/universofamilia.com\/quienes-somos\/#primaryimage"},"thumbnailUrl":"http:\/\/universofamilia.com\/wp-content\/uploads\/sites\/148\/2023\/05\/universo-familia-sobre-familia-2.png","datePublished":"2023-05-22T02:46:35+00:00","dateModified":"2025-11-04T14:43:55+00:00","description":"Qui\u00e9nes somos","breadcrumb":{"@id":"https:\/\/universofamilia.com\/quienes-somos\/#breadcrumb"},"inLanguage":"ja","potentialAction":[{"@type":"ReadAction","target":["https:\/\/universofamilia.com\/quienes-somos\/"]}]},{"@type":"ImageObject","inLanguage":"ja","@id":"https:\/\/universofamilia.com\/quienes-somos\/#primaryimage","url":"http:\/\/universofamilia.com\/wp-content\/uploads\/sites\/148\/2023\/05\/universo-familia-sobre-familia-2.png","contentUrl":"http:\/\/universofamilia.com\/wp-content\/uploads\/sites\/148\/2023\/05\/universo-familia-sobre-familia-2.png","width":550,"height":350},{"@type":"BreadcrumbList","@id":"https:\/\/universofamilia.com\/quienes-somos\/#breadcrumb","itemListElement":[{"@type":"ListItem","position":1,"name":"Home","item":"https:\/\/universofamilia.com\/el\/"},{"@type":"ListItem","position":2,"name":"Qui\u00e9nes somos"}]},{"@type":"WebSite","@id":"https:\/\/universofamilia.com\/el\/#website","url":"https:\/\/universofamilia.com\/el\/","name":"Universo Fam\u00edlia","description":"","potentialAction":[{"@type":"SearchAction","target":{"@type":"EntryPoint","urlTemplate":"https:\/\/universofamilia.com\/el\/?s={search_term_string}"},"query-input":"required name=search_term_string"}],"inLanguage":"ja"}]}},"_links":{"self":[{"href":"http:\/\/universofamilia.com\/ja\/wp-json\/wp\/v2\/pages\/7944"}],"collection":[{"href":"http:\/\/universofamilia.com\/ja\/wp-json\/wp\/v2\/pages"}],"about":[{"href":"http:\/\/universofamilia.com\/ja\/wp-json\/wp\/v2\/types\/page"}],"author":[{"embeddable":true,"href":"http:\/\/universofamilia.com\/ja\/wp-json\/wp\/v2\/users\/139"}],"replies":[{"embeddable":true,"href":"http:\/\/universofamilia.com\/ja\/wp-json\/wp\/v2\/comments?post=7944"}],"version-history":[{"count":3,"href":"http:\/\/universofamilia.com\/ja\/wp-json\/wp\/v2\/pages\/7944\/revisions"}],"predecessor-version":[{"id":10273,"href":"http:\/\/universofamilia.com\/ja\/wp-json\/wp\/v2\/pages\/7944\/revisions\/10273"}],"wp:featuredmedia":[{"embeddable":true,"href":"http:\/\/universofamilia.com\/ja\/wp-json\/wp\/v2\/media\/1605"}],"wp:attachment":[{"href":"http:\/\/universofamilia.com\/ja\/wp-json\/wp\/v2\/media?parent=7944"}],"curies":[{"name":"wp","href":"https:\/\/api.w.org\/{rel}","templated":true}]}}