{"id":7945,"date":"2023-05-21T23:46:35","date_gmt":"2023-05-21T23:46:35","guid":{"rendered":"https:\/\/universofamilia.com\/?page_id=3"},"modified":"2026-03-18T15:04:39","modified_gmt":"2026-03-18T18:04:39","slug":"politica-de-privacidad","status":"publish","type":"page","link":"http:\/\/universofamilia.com\/ko\/politica-de-privacidad\/","title":{"rendered":"\uac1c\uc778\uc815\ubcf4 \ubcf4\ud638\uc815\ucc45"},"content":{"rendered":"<p>\uc800\ud76c\ub294 \uace0\uac1d\ub2d8\uc758 \uac1c\uc778\uc815\ubcf4 \ubcf4\ud638\ub97c \uc911\uc694\ud558\uac8c \uc0dd\uac01\ud569\ub2c8\ub2e4. \uc720\ub2c8\ubca0\ub974\uc18c \ud30c\ubc00\ub9ac\uc544\ub294 \uc720\ub2c8\ubca0\ub974\uc18c \ud30c\ubc00\ub9ac\uc544 \uc6f9\uc0ac\uc774\ud2b8 \ubc0f \uc800\ud76c\uac00 \uc18c\uc720\ud558\uace0 \uc6b4\uc601\ud558\ub294 \uae30\ud0c0 \uc0ac\uc774\ud2b8\uc5d0\uc11c \uc218\uc9d1\ud558\ub294 \ubaa8\ub4e0 \uc815\ubcf4\uc5d0 \ub300\ud574 \uace0\uac1d\ub2d8\uc758 \uac1c\uc778\uc815\ubcf4\ub97c \uc874\uc911\ud558\ub294 \uac83\uc744 \uc6d0\uce59\uc73c\ub85c \ud569\ub2c8\ub2e4.<\/p>\n\n\n\n<p>\uc800\ud76c\ub294 \uc11c\ube44\uc2a4 \uc81c\uacf5\uc5d0 \uc815\ub9d0 \ud544\uc694\ud55c \uacbd\uc6b0\uc5d0\ub9cc \uac1c\uc778 \uc815\ubcf4\ub97c \uc694\uccad\ud569\ub2c8\ub2e4. \uc774\ub7ec\ud55c \uc815\ubcf4 \uc218\uc9d1\uc740 \uacf5\uc815\ud558\uace0 \ud569\ubc95\uc801\uc778 \uc808\ucc28\ub97c \ud1b5\ud574 \uadc0\ud558\uc758 \ub3d9\uc758\ub97c \uc5bb\uc5b4 \uc9c4\ud589\ub418\uba70, \uc218\uc9d1 \uc774\uc720\uc640 \uc0ac\uc6a9 \ubaa9\uc801\uc5d0 \ub300\ud574\uc11c\ub3c4 \uc54c\ub824\ub4dc\ub9bd\ub2c8\ub2e4.<\/p>\n\n\n\n<p>\uc218\uc9d1\ub41c \uc815\ubcf4\ub294 \uc694\uccad\ud558\uc2e0 \uc11c\ube44\uc2a4\ub97c \uc81c\uacf5\ud558\ub294 \ub370 \ud544\uc694\ud55c \uae30\uac04 \ub3d9\uc548\ub9cc \ubcf4\uad00\ud569\ub2c8\ub2e4. \ub370\uc774\ud130\ub97c \uc800\uc7a5\ud560 \ub54c\ub294 \uc0c1\uc5c5\uc801\uc73c\ub85c \ud5c8\uc6a9\ub418\ub294 \uc218\uc900\uc758 \ubcf4\uc548 \uc870\uce58\ub97c \uc0ac\uc6a9\ud558\uc5ec \ub370\uc774\ud130\uc758 \uc190\uc2e4, \ub3c4\ub09c, \ubb34\ub2e8 \uc811\uadfc, \uacf5\uac1c, \ubcf5\uc0ac, \uc0ac\uc6a9 \ub610\ub294 \uc218\uc815\uc744 \ubc29\uc9c0\ud569\ub2c8\ub2e4.<\/p>\n\n\n\n<p>\ubc95\ub960\uc5d0 \uc758\ud574 \uc694\uad6c\ub418\ub294 \uacbd\uc6b0\ub97c \uc81c\uc678\ud558\uace0\ub294 \uac1c\uc778 \uc2dd\ubcc4 \uc815\ubcf4\ub97c \uacf5\uac1c\uc801\uc73c\ub85c \ub610\ub294 \uc81c3\uc790\uc640 \uacf5\uc720\ud558\uc9c0 \uc54a\uc2b5\ub2c8\ub2e4.<\/p>\n\n\n\n<p>\uc800\ud76c \uc0ac\uc774\ud2b8\uc5d0\ub294 \uc800\ud76c\uac00 \uc6b4\uc601\ud558\uc9c0 \uc54a\ub294 \uc678\ubd80 \uc0ac\uc774\ud2b8\ub85c \uc5f0\uacb0\ub418\ub294 \ub9c1\ud06c\uac00 \ud3ec\ud568\ub420 \uc218 \uc788\uc2b5\ub2c8\ub2e4. \uc774\ub7ec\ud55c \uc0ac\uc774\ud2b8\uc758 \ucf58\ud150\uce20\ub098 \uc6b4\uc601 \ubc29\uc2dd\uc5d0 \ub300\ud574\uc11c\ub294 \uc800\ud76c\uac00 \ud1b5\uc81c\ud560 \uc218 \uc5c6\uc73c\uba70, \ud574\ub2f9 \uc0ac\uc774\ud2b8\uc758 \uac1c\uc778\uc815\ubcf4 \ubcf4\ud638\uc815\ucc45\uc5d0 \ub300\ud55c \ucc45\uc784\ub3c4 \uc9c0\uc9c0 \uc54a\uc2b5\ub2c8\ub2e4.<\/p>\n\n\n\n<p>\uadc0\ud558\ub294 \uac1c\uc778\uc815\ubcf4 \uc81c\uacf5 \uc694\uccad\uc744 \uac70\ubd80\ud560 \uc218 \uc788\uc9c0\ub9cc, \uc774 \uacbd\uc6b0 \uc77c\ubd80 \uc6d0\ud558\ub294 \uc11c\ube44\uc2a4\ub97c \uc81c\uacf5\ud574 \ub4dc\ub9b4 \uc218 \uc5c6\uc744 \uc218\ub3c4 \uc788\uc74c\uc744 \uc591\ud574\ud574 \uc8fc\uc2dc\uae30 \ubc14\ub78d\ub2c8\ub2e4.<\/p>\n\n\n\n<p>\ubcf8 \uc0ac\uc774\ud2b8\ub97c \uacc4\uc18d \uc774\uc6a9\ud558\uc2dc\uba74 \ub2f9\uc0ac\uc758 \uac1c\uc778\uc815\ubcf4 \ubcf4\ud638\uc815\ucc45 \ubc0f \uac1c\uc778\uc815\ubcf4 \ucc98\ub9ac\ubc29\uce68\uc5d0 \ub3d9\uc758\ud558\ub294 \uac83\uc73c\ub85c \uac04\uc8fc\ub429\ub2c8\ub2e4. \uc0ac\uc6a9\uc790 \ub370\uc774\ud130 \ubc0f \uac1c\uc778\uc815\ubcf4 \ucc98\ub9ac \ubc29\uc2dd\uc5d0 \ub300\ud55c \ubb38\uc758\uc0ac\ud56d\uc774 \uc788\uc73c\uc2dc\uba74 \uc5b8\uc81c\ub4e0\uc9c0 \uc5f0\ub77d\uc8fc\uc2dc\uae30 \ubc14\ub78d\ub2c8\ub2e4.<\/p>\n\n\n\n<p><strong>\uc77c\ubc18 \ub370\uc774\ud130 \ubcf4\ud638\ubc95(LGPD) \uc900\uc218<\/strong><\/p>\n\n\n\n<p>\ube0c\ub77c\uc9c8 \uac1c\uc778\uc815\ubcf4\ubcf4\ud638\ubc95(LGPD \u2013 \ubc95\ub960 \uc81c13.709\/2018\ud638)\uc744 \uc900\uc218\ud558\uc5ec, \ub2f9\uc0ac\ub294 \uc0ac\uc6a9\uc790\uc758 \uac1c\uc778\uc815\ubcf4 \ucc98\ub9ac\uac00 \ud22c\uba85\ud558\uace0 \uc548\uc804\ud558\uba70 \ud569\ubc95\uc801\uc778 \ubaa9\uc801\uc73c\ub85c \uc774\ub8e8\uc5b4\uc9d0\uc744 \ubcf4\uc7a5\ud569\ub2c8\ub2e4.<\/p>\n\n\n\n<p>\uc0ac\uc6a9\uc790\ub294 \ub2e4\uc74c\uacfc \uac19\uc740 \uad8c\ub9ac\ub97c \uac00\uc9d1\ub2c8\ub2e4:<\/p>\n\n\n\n<p>\ub370\uc774\ud130 \ucc98\ub9ac \uc5ec\ubd80\ub97c \ud655\uc778\ud558\uc2ed\uc2dc\uc624.<\/p>\n\n\n\n<p>\uac1c\uc778 \ub370\uc774\ud130\uc5d0 \uc561\uc138\uc2a4\ud558\uc138\uc694<\/p>\n\n\n\n<p>\ubd88\uc644\uc804\ud558\uac70\ub098 \ubd80\uc815\ud655\ud558\uac70\ub098 \uc624\ub798\ub41c \ub370\uc774\ud130\ub97c \uc218\uc815\ud558\uc2ed\uc2dc\uc624.<\/p>\n\n\n\n<p>\ubd88\ud544\uc694\ud55c \ub370\uc774\ud130\uc758 \uc775\uba85\ud654, \ucc28\ub2e8 \ub610\ub294 \uc0ad\uc81c\ub97c \uc694\uccad\ud558\uc2ed\uc2dc\uc624.<\/p>\n\n\n\n<p>\ub370\uc774\ud130 \uc774\ub3d9\uc131\uc744 \uc694\uccad\ud558\uc138\uc694<\/p>\n\n\n\n<p>\uc5b8\uc81c\ub4e0\uc9c0 \ub3d9\uc758\ub97c \ucca0\ud68c\ud560 \uc218 \uc788\uc2b5\ub2c8\ub2e4.<\/p>\n\n\n\n<p>\ub2f9\uc0ac\uac00 \uadc0\ud558\uc758 \ub370\uc774\ud130\ub97c \ub204\uad6c\uc640 \uacf5\uc720\ud558\ub294\uc9c0\uc5d0 \ub300\ud55c \uc815\ubcf4\ub97c \ud655\uc778\ud558\uc138\uc694.<\/p>\n\n\n\n<p>\uc774\ub7ec\ud55c \uad8c\ub9ac\ub97c \ud589\uc0ac\ud558\ub824\uba74 \uc0ac\uc6a9\uc790\ub294 \uc0ac\uc774\ud2b8\uc5d0 \uc81c\uacf5\ub41c \ucc44\ub110\uc744 \ud1b5\ud574 \ub2f9\uc0ac\uc5d0 \ubb38\uc758\ud560 \uc218 \uc788\uc2b5\ub2c8\ub2e4.<\/p>\n\n\n\n<p>\ub2f9\uc0ac\ub294 \uc0ac\uc6a9\uc790\uc758 \ub3d9\uc758, \ubc95\uc801 \uc758\ubb34 \uc900\uc218 \ub610\ub294 \uc694\uccad\ub41c \uc11c\ube44\uc2a4 \uc81c\uacf5\uacfc \uac19\uc740 \uc720\ud6a8\ud55c \ubc95\uc801 \uadfc\uac70\uac00 \uc788\ub294 \uacbd\uc6b0, \uadf8\ub9ac\uace0 \ud574\ub2f9\ub418\ub294 \uacbd\uc6b0 \uc815\ub2f9\ud55c \uc774\uc775\uc774 \uc788\ub294 \uacbd\uc6b0\uc5d0\ub9cc \uc0ac\uc6a9\uc790\uc758 \uad8c\ub9ac\ub97c \uc874\uc911\ud558\uba70 \uac1c\uc778 \ub370\uc774\ud130\ub97c \ucc98\ub9ac\ud569\ub2c8\ub2e4.<\/p>\n\n\n\n<p><strong>\ucfe0\ud0a4 \uc0ac\uc6a9<\/strong><\/p>\n\n\n\n<p>\uc800\ud76c\ub294 \uc0ac\uc6a9\uc790 \uacbd\ud5d8\uc744 \uac1c\uc120\ud558\uace0 \uac1c\uc778\ud654\ub41c \ucf58\ud150\uce20\ub97c \uc81c\uacf5\ud558\uae30 \uc704\ud574 \ucfe0\ud0a4\ub97c \uc0ac\uc6a9\ud569\ub2c8\ub2e4.<\/p>\n\n\n\n<p>\uc774\ub7ec\ud55c \ucfe0\ud0a4\uc5d0\ub294 \ub2e4\uc74c\uc774 \ud3ec\ud568\ub420 \uc218 \uc788\uc2b5\ub2c8\ub2e4.<\/p>\n\n\n\n<ul>\n<li>\uc0ac\uc774\ud2b8 \uc6b4\uc601\uc5d0 \ud544\uc218\uc801\uc778 \ucfe0\ud0a4<\/li>\n\n\n\n<li>\uc0ac\uc6a9\uc790 \ud589\ub3d9 \ud30c\uc545\uc744 \uc704\ud55c \ubd84\uc11d \ucfe0\ud0a4<\/li>\n\n\n\n<li>\uad00\ub828 \uad11\uace0\ub97c \ud45c\uc2dc\ud558\uae30 \uc704\ud55c \uad11\uace0 \ucfe0\ud0a4<\/li>\n<\/ul>\n\n\n\n<p>\uc0ac\uc6a9\uc790\ub294 \uc5b8\uc81c\ub4e0\uc9c0 \ube0c\ub77c\uc6b0\uc800 \uc124\uc815\uc5d0\uc11c \ucfe0\ud0a4\ub97c \uad00\ub9ac\ud558\uac70\ub098 \ube44\ud65c\uc131\ud654\ud560 \uc218 \uc788\uc2b5\ub2c8\ub2e4.<\/p>\n\n\n\n<p><strong>\uad6c\uae00 \uc560\ub4dc\uc13c\uc2a4 \ubc0f \uad11\uace0<\/strong><\/p>\n\n\n\n<p>\uc800\ud76c\uac00 \uad11\uace0\ub97c \uac8c\uc7ac\ud558\ub294 \ub370 \uc0ac\uc6a9\ud558\ub294 Google AdSense \uc11c\ube44\uc2a4\ub294 DoubleClick \ucfe0\ud0a4\ub97c \uc0ac\uc6a9\ud558\uc5ec \uc6f9 \uc804\uccb4\uc5d0 \uac78\uccd0 \ub354\uc6b1 \uad00\ub828\uc131 \ub192\uc740 \uad11\uace0\ub97c \uc81c\uacf5\ud558\uace0 \ub3d9\uc77c\ud55c \uad11\uace0\uac00 \uc0ac\uc6a9\uc790\uc5d0\uac8c \ud45c\uc2dc\ub418\ub294 \ud69f\uc218\ub97c \uc81c\ud55c\ud569\ub2c8\ub2e4.<\/p>\n\n\n\n<p>Google AdSense\uc5d0 \ub300\ud55c \uc790\uc138\ud55c \ub0b4\uc6a9\uc740 Google AdSense \uacf5\uc2dd \uac1c\uc778\uc815\ubcf4 \ubcf4\ud638 FAQ\ub97c \ucc38\uc870\ud558\uc138\uc694.<\/p>\n\n\n\n<p>\uc800\ud76c\ub294 \uc774 \uc0ac\uc774\ud2b8\uc758 \uc6b4\uc601 \ube44\uc6a9\uc744 \ucda9\ub2f9\ud558\uace0 \ud5a5\ud6c4 \uac1c\ubc1c \uc790\uae08\uc744 \ub9c8\ub828\ud558\uae30 \uc704\ud574 \uad11\uace0\ub97c \uc0ac\uc6a9\ud569\ub2c8\ub2e4. \uc774 \uc0ac\uc774\ud2b8\uc5d0\uc11c \uc0ac\uc6a9\ub418\ub294 \ud589\ub3d9 \uae30\ubc18 \uad11\uace0 \ucfe0\ud0a4\ub294 \uc0ac\uc6a9\uc790\uc758 \uad00\uc2ec\uc0ac\ub97c \uc775\uba85\uc73c\ub85c \ucd94\uc801\ud558\uc5ec \uc0ac\uc6a9\uc790\uac00 \uad00\uc2ec\uc744 \uac00\uc9c8 \ub9cc\ud55c \uc720\uc0ac\ud55c \ucf58\ud150\uce20\ub97c \ubcf4\uc5ec\uc90c\uc73c\ub85c\uc368 \uac00\uc7a5 \uad00\ub828\uc131 \ub192\uc740 \uad11\uace0\ub97c \uc81c\uacf5\ud558\ub3c4\ub85d \uc124\uacc4\ub418\uc5c8\uc2b5\ub2c8\ub2e4.<\/p>\n\n\n\n<p><strong>\uad6d\uc81c \ub370\uc774\ud130 \uc804\uc1a1<\/strong><\/p>\n\n\n\n<p>\uac1c\uc778 \ub370\uc774\ud130\ub294 \uc0ac\uc6a9\uc790\uc758 \uad6d\uac00 \uc678\ubd80\uc5d0 \uc704\uce58\ud55c \uc11c\ubc84(\ubbf8\uad6d \ud3ec\ud568)\ub85c \uc804\uc1a1 \ubc0f \uc800\uc7a5\ub420 \uc218 \uc788\uc73c\uba70, \ud2b9\ud788 Google\uacfc \uac19\uc740 \uc81c3\uc790 \uc11c\ube44\uc2a4\ub97c \uc774\uc6a9\ud558\ub294 \uacbd\uc6b0 \ub354\uc6b1 \uadf8\ub807\uc2b5\ub2c8\ub2e4.<\/p>\n\n\n\n<p>\uc774 \uc0ac\uc774\ud2b8\ub97c \uc774\uc6a9\ud568\uc73c\ub85c\uc368 \uc0ac\uc6a9\uc790\ub294 \uc801\uc808\ud55c \ubcf4\uc548 \uc870\uce58\uc640 \uad00\ub828 \ubc95\ub960\uc5d0 \ub530\ub77c \uc774\ub8e8\uc5b4\uc9c0\ub294 \uc774\ub7ec\ud55c \ub370\uc774\ud130 \uc804\uc1a1\uc5d0 \ub3d9\uc758\ud558\ub294 \uac83\uc785\ub2c8\ub2e4.<\/p>\n\n\n\n<p><strong>\uacc4\uc5f4\uc0ac \ubc0f \uc81c3\uc790<\/strong><\/p>\n\n\n\n<p>\uc5ec\ub7ec \ud30c\ud2b8\ub108\uc0ac\uac00 \ub2f9\uc0ac\ub97c \ub300\uc2e0\ud558\uc5ec \uad11\uace0\ub97c \uc9c4\ud589\ud558\uace0 \uc788\uc73c\uba70, \uc81c\ud734 \ucd94\uc801 \ucfe0\ud0a4\ub97c \ud1b5\ud574 \uace0\uac1d\uc774 \ud30c\ud2b8\ub108\uc0ac \uc0ac\uc774\ud2b8\ub97c \ud1b5\ud574 \ub2f9\uc0ac \uc0ac\uc774\ud2b8\uc5d0 \uc811\uc18d\ud588\ub294\uc9c0 \uc5ec\ubd80\ub97c \ud655\uc778\ud560 \uc218 \uc788\uc2b5\ub2c8\ub2e4. \uc774\ub97c \ud1b5\ud574 \ud30c\ud2b8\ub108\uc0ac\uc5d0\uac8c \uc801\uc808\ud55c \ud06c\ub808\ub527\uc744 \uc81c\uacf5\ud558\uace0, \ud544\uc694\ud55c \uacbd\uc6b0 \uc81c\ud734 \ud30c\ud2b8\ub108\uc0ac\uac00 \uad6c\ub9e4 \uc2dc \ud61c\ud0dd\uc744 \uc81c\uacf5\ud560 \uc218 \uc788\ub294 \ud504\ub85c\ubaa8\uc158\uc744 \uc9c4\ud589\ud560 \uc218 \uc788\ub3c4\ub85d \uc9c0\uc6d0\ud569\ub2c8\ub2e4.<\/p>\n\n\n\n<p><strong>\uc0ac\uc6a9\uc790 \ucc38\uc5ec<\/strong><\/p>\n\n\n\n<p>\uc0ac\uc6a9\uc790\ub294 Universo Familia\uac00 \uc0ac\uc774\ud2b8\uc5d0\uc11c \uc81c\uacf5\ud558\ub294 \ucf58\ud150\uce20 \ubc0f \uc815\ubcf4\ub97c \uc801\uc808\ud558\uac8c \uc0ac\uc6a9\ud558\uae30\ub85c \ub3d9\uc758\ud569\ub2c8\ub2e4. \uc5ec\uae30\uc5d0\ub294 \ub2e4\uc74c \uc0ac\ud56d\uc774 \ud3ec\ud568\ub418\uc9c0\ub9cc \uc774\uc5d0 \uad6d\ud55c\ub418\uc9c0\ub294 \uc54a\uc2b5\ub2c8\ub2e4.<\/p>\n\n\n\n<p>A) \ubd88\ubc95\uc801\uc774\uac70\ub098 \uc2e0\uc758\uc131\uc2e4 \ubc0f \uacf5\uacf5\uc9c8\uc11c\uc5d0 \ubc18\ud558\ub294 \ud65c\ub3d9\uc5d0 \ucc38\uc5ec\ud558\uc9c0 \uc54a\ub294\ub2e4.<\/p>\n\n\n\n<p>B) \uc778\uc885\ucc28\ubcc4\uc801, \uc678\uad6d\uc778 \ud610\uc624\uc801 \uc120\uc804\ubb3c\uc774\ub098 \ucf58\ud150\uce20, \ub3c4\ubc15, \ubd88\ubc95 \uc74c\ub780\ubb3c, \ud14c\ub7ec \ubbf8\ud654 \ub610\ub294 \uc778\uad8c\uc744 \uce68\ud574\ud558\ub294 \ucf58\ud150\uce20\ub97c \uc720\ud3ec\ud558\uc9c0 \ub9c8\uc2ed\uc2dc\uc624.<\/p>\n\n\n\n<p>C) \uc720\ub2c8\ubca0\ub974\uc18c \ud30c\ubc00\ub9ac\uc544, \uadf8 \uacf5\uae09\uc5c5\uccb4 \ub610\ub294 \uc81c3\uc790\uc758 \ubb3c\ub9ac\uc801(\ud558\ub4dc\uc6e8\uc5b4) \ubc0f \ub17c\ub9ac\uc801(\uc18c\ud504\ud2b8\uc6e8\uc5b4) \uc2dc\uc2a4\ud15c\uc5d0 \uc190\uc0c1\uc744 \uc785\ud788\uac70\ub098, \ucef4\ud4e8\ud130 \ubc14\uc774\ub7ec\uc2a4 \ub610\ub294 \uae30\ud0c0 \uc190\uc0c1\uc744 \uc720\ubc1c\ud560 \uc218 \uc788\ub294 \uc2dc\uc2a4\ud15c\uc744 \uc720\uc785 \ub610\ub294 \uc720\ud3ec\ud558\uc9c0 \uc54a\uc544\uc57c \ud569\ub2c8\ub2e4.<\/p>\n\n\n\n<p><strong>\ub354 \ub9ce\uc740 \uc815\ubcf4<\/strong><\/p>\n\n\n\n<p>\uc774\ud574\uac00 \ub418\uc168\uae30\ub97c \ubc14\ub77c\uba70, \uc55e\uc11c \ub9d0\uc500\ub4dc\ub9b0 \uac83\ucc98\ub7fc \ud639\uc2dc\ub77c\ub3c4 \ud655\uc2e4\ud558\uc9c0 \uc54a\uc740 \ubd80\ubd84\uc774 \uc788\ub2e4\uba74, \uc800\ud76c \uc0ac\uc774\ud2b8\uc5d0\uc11c \uc0ac\uc6a9\ud558\ub294 \uae30\ub2a5\ub4e4\uc744 \uc774\uc6a9\ud558\uc2e4 \uacbd\uc6b0\ub97c \ub300\ube44\ud558\uc5ec \ucfe0\ud0a4\ub97c \ud65c\uc131\ud654 \uc0c1\ud0dc\ub85c \uc720\uc9c0\ud558\ub294 \uac83\uc774 \uc77c\ubc18\uc801\uc73c\ub85c \ub354 \uc548\uc804\ud569\ub2c8\ub2e4.<\/p>\n\n\n\n<p><strong>\ub9cc\ub8cc\uc77c<\/strong><\/p>\n\n\n\n<p>\uc774 \uc815\ucc45\uc740 \ub2e4\uc74c \ub0a0\uc9dc\ubd80\ud130 \ud6a8\ub825\uc744 \ubc1c\ud718\ud569\ub2c8\ub2e4. <strong>2026\ub144 3\uc6d4 18\uc77c \uc624\ud6c4 5\uc2dc 53\ubd84<\/strong>.<\/p>","protected":false},"excerpt":{"rendered":"<p>Tu privacidad es importante para nosotros. Es pol\u00edtica de Universo Familia respetar tu privacidad en relaci\u00f3n con cualquier informaci\u00f3n tuya que podamos recopilar en el sitio web Universo Familia y en otros sitios que poseemos y operamos. Solicitamos informaci\u00f3n personal \u00fanicamente cuando realmente la necesitamos para brindarte un servicio. Lo hacemos por medios justos y [&hellip;]<\/p>","protected":false},"author":139,"featured_media":0,"parent":0,"menu_order":0,"comment_status":"closed","ping_status":"closed","template":"page-nosidebar.php","meta":{"footnotes":""},"yoast_head":"<!-- This site is optimized with the Yoast SEO plugin v23.3 - https:\/\/yoast.com\/wordpress\/plugins\/seo\/ -->\n<title>Pol\u00edtica de Privacidad - Universo Fam\u00edlia<\/title>\n<meta name=\"description\" content=\"Pol\u00edtica Privacidade\" \/>\n<meta name=\"robots\" content=\"index, follow, max-snippet:-1, max-image-preview:large, max-video-preview:-1\" \/>\n<link rel=\"canonical\" href=\"http:\/\/universofamilia.com\/ko\/politica-de-privacidad\/\" \/>\n<meta property=\"og:locale\" content=\"ko_KR\" \/>\n<meta property=\"og:type\" content=\"article\" \/>\n<meta property=\"og:title\" content=\"Pol\u00edtica de Privacidad - Universo Fam\u00edlia\" \/>\n<meta property=\"og:description\" content=\"Pol\u00edtica Privacidade\" \/>\n<meta property=\"og:url\" content=\"http:\/\/universofamilia.com\/ko\/politica-de-privacidad\/\" \/>\n<meta property=\"og:site_name\" content=\"Universo Fam\u00edlia\" \/>\n<meta property=\"article:modified_time\" content=\"2026-03-18T18:04:39+00:00\" \/>\n<meta name=\"twitter:card\" content=\"summary_large_image\" \/>\n<meta name=\"twitter:label1\" content=\"Est. reading time\" \/>\n\t<meta name=\"twitter:data1\" content=\"5\ubd84\" \/>\n<script type=\"application\/ld+json\" class=\"yoast-schema-graph\">{\"@context\":\"https:\/\/schema.org\",\"@graph\":[{\"@type\":\"WebPage\",\"@id\":\"https:\/\/universofamilia.com\/politica-de-privacidad\/\",\"url\":\"https:\/\/universofamilia.com\/politica-de-privacidad\/\",\"name\":\"Pol\u00edtica de Privacidad - Universo Fam\u00edlia\",\"isPartOf\":{\"@id\":\"https:\/\/universofamilia.com\/el\/#website\"},\"datePublished\":\"2023-05-21T23:46:35+00:00\",\"dateModified\":\"2026-03-18T18:04:39+00:00\",\"description\":\"Pol\u00edtica Privacidade\",\"breadcrumb\":{\"@id\":\"https:\/\/universofamilia.com\/politica-de-privacidad\/#breadcrumb\"},\"inLanguage\":\"ko-KR\",\"potentialAction\":[{\"@type\":\"ReadAction\",\"target\":[\"https:\/\/universofamilia.com\/politica-de-privacidad\/\"]}]},{\"@type\":\"BreadcrumbList\",\"@id\":\"https:\/\/universofamilia.com\/politica-de-privacidad\/#breadcrumb\",\"itemListElement\":[{\"@type\":\"ListItem\",\"position\":1,\"name\":\"Home\",\"item\":\"https:\/\/universofamilia.com\/el\/\"},{\"@type\":\"ListItem\",\"position\":2,\"name\":\"Pol\u00edtica de Privacidad\"}]},{\"@type\":\"WebSite\",\"@id\":\"https:\/\/universofamilia.com\/el\/#website\",\"url\":\"https:\/\/universofamilia.com\/el\/\",\"name\":\"Universo Fam\u00edlia\",\"description\":\"\",\"potentialAction\":[{\"@type\":\"SearchAction\",\"target\":{\"@type\":\"EntryPoint\",\"urlTemplate\":\"https:\/\/universofamilia.com\/el\/?s={search_term_string}\"},\"query-input\":\"required name=search_term_string\"}],\"inLanguage\":\"ko-KR\"}]}<\/script>\n<!-- \/ Yoast SEO plugin. -->","yoast_head_json":{"title":"Pol\u00edtica de Privacidad - Universo Fam\u00edlia","description":"Pol\u00edtica Privacidade","robots":{"index":"index","follow":"follow","max-snippet":"max-snippet:-1","max-image-preview":"max-image-preview:large","max-video-preview":"max-video-preview:-1"},"canonical":"http:\/\/universofamilia.com\/ko\/politica-de-privacidad\/","og_locale":"ko_KR","og_type":"article","og_title":"Pol\u00edtica de Privacidad - Universo Fam\u00edlia","og_description":"Pol\u00edtica Privacidade","og_url":"http:\/\/universofamilia.com\/ko\/politica-de-privacidad\/","og_site_name":"Universo Fam\u00edlia","article_modified_time":"2026-03-18T18:04:39+00:00","twitter_card":"summary_large_image","twitter_misc":{"Est. reading time":"5\ubd84"},"schema":{"@context":"https:\/\/schema.org","@graph":[{"@type":"WebPage","@id":"https:\/\/universofamilia.com\/politica-de-privacidad\/","url":"https:\/\/universofamilia.com\/politica-de-privacidad\/","name":"Pol\u00edtica de Privacidad - Universo Fam\u00edlia","isPartOf":{"@id":"https:\/\/universofamilia.com\/el\/#website"},"datePublished":"2023-05-21T23:46:35+00:00","dateModified":"2026-03-18T18:04:39+00:00","description":"Pol\u00edtica Privacidade","breadcrumb":{"@id":"https:\/\/universofamilia.com\/politica-de-privacidad\/#breadcrumb"},"inLanguage":"ko-KR","potentialAction":[{"@type":"ReadAction","target":["https:\/\/universofamilia.com\/politica-de-privacidad\/"]}]},{"@type":"BreadcrumbList","@id":"https:\/\/universofamilia.com\/politica-de-privacidad\/#breadcrumb","itemListElement":[{"@type":"ListItem","position":1,"name":"Home","item":"https:\/\/universofamilia.com\/el\/"},{"@type":"ListItem","position":2,"name":"Pol\u00edtica de Privacidad"}]},{"@type":"WebSite","@id":"https:\/\/universofamilia.com\/el\/#website","url":"https:\/\/universofamilia.com\/el\/","name":"Universo Fam\u00edlia","description":"","potentialAction":[{"@type":"SearchAction","target":{"@type":"EntryPoint","urlTemplate":"https:\/\/universofamilia.com\/el\/?s={search_term_string}"},"query-input":"required name=search_term_string"}],"inLanguage":"ko-KR"}]}},"_links":{"self":[{"href":"http:\/\/universofamilia.com\/ko\/wp-json\/wp\/v2\/pages\/7945"}],"collection":[{"href":"http:\/\/universofamilia.com\/ko\/wp-json\/wp\/v2\/pages"}],"about":[{"href":"http:\/\/universofamilia.com\/ko\/wp-json\/wp\/v2\/types\/page"}],"author":[{"embeddable":true,"href":"http:\/\/universofamilia.com\/ko\/wp-json\/wp\/v2\/users\/139"}],"replies":[{"embeddable":true,"href":"http:\/\/universofamilia.com\/ko\/wp-json\/wp\/v2\/comments?post=7945"}],"version-history":[{"count":5,"href":"http:\/\/universofamilia.com\/ko\/wp-json\/wp\/v2\/pages\/7945\/revisions"}],"predecessor-version":[{"id":10548,"href":"http:\/\/universofamilia.com\/ko\/wp-json\/wp\/v2\/pages\/7945\/revisions\/10548"}],"wp:attachment":[{"href":"http:\/\/universofamilia.com\/ko\/wp-json\/wp\/v2\/media?parent=7945"}],"curies":[{"name":"wp","href":"https:\/\/api.w.org\/{rel}","templated":true}]}}