{"id":7944,"date":"2023-05-21T23:46:35","date_gmt":"2023-05-22T02:46:35","guid":{"rendered":"https:\/\/universofamilia.com\/?page_id=2"},"modified":"2025-11-04T11:43:55","modified_gmt":"2025-11-04T14:43:55","slug":"quienes-somos","status":"publish","type":"page","link":"http:\/\/universofamilia.com\/pl\/quienes-somos\/","title":{"rendered":"Kim jeste\u015bmy"},"content":{"rendered":"<p>W <strong>Wszech\u015bwiat rodzinny<\/strong>Wierzymy, \u017ce wiedza i jedno\u015b\u0107 rodzin mog\u0105 zmieni\u0107 \u015bwiat. Jeste\u015bmy przestrzeni\u0105 cyfrow\u0105 stworzon\u0105, by inspirowa\u0107, informowa\u0107 i wspiera\u0107 wsp\u00f3\u0142czesne rodziny w ich codziennym \u017cyciu, dostarczaj\u0105c wysokiej jako\u015bci tre\u015bci na temat\u2026 <strong>Technologia, \u015bcie\u017cki kariery i wiadomo\u015bci, kt\u00f3re maj\u0105 wp\u0142yw na prawdziwe \u017cycie<\/strong>.<\/p>\n\n\n\n<p>Naszym celem jest pom\u00f3c ka\u017cdemu czytelnikowi odkry\u0107 nowe narz\u0119dzia, pomys\u0142y i perspektywy, kt\u00f3re u\u0142atwi\u0105 mu \u017cycie, wp\u0142yn\u0105 na jego samopoczucie i wzmocni\u0105 wi\u0119zi rodzinne, a jednocze\u015bnie b\u0119d\u0105 nad\u0105\u017ca\u0107 za post\u0119pem wsp\u00f3\u0142czesnego \u015bwiata.<\/p>\n\n\n\n<h2 class=\"wp-block-heading\"><strong>Nasza misja<\/strong><\/h2>\n\n\n\n<p>Nasz\u0105 misj\u0105 jest <strong>aby przybli\u017cy\u0107 przydatne i wiarygodne informacje<\/strong> Naszym celem jest dostarczanie jasnych, dost\u0119pnych i aktualnych informacji osobom w ka\u017cdym wieku. Chcemy, aby ka\u017cda wizyta w Universo Familia by\u0142a wzbogacaj\u0105cym do\u015bwiadczeniem, podczas kt\u00f3rego nauczysz si\u0119 czego\u015b nowego i znajdziesz motywacj\u0119 do osi\u0105gania cel\u00f3w osobistych i zawodowych.<\/p>\n\n\n\n<h2 class=\"wp-block-heading\"><strong>Nasza wizja<\/strong><\/h2>\n\n\n\n<p>By\u0107 jedn\u0105 z najbardziej zaufanych spo\u0142eczno\u015bci cyfrowych w j\u0119zyku hiszpa\u0144skim, w kt\u00f3rej rodziny znajd\u0105 inspiracj\u0119, rozwi\u0105zania technologiczne, mo\u017cliwo\u015bci rozwoju zawodowego i najnowsze wiadomo\u015bci, kt\u00f3re naprawd\u0119 maj\u0105 znaczenie.<br>Chcemy by\u0107 dla Ciebie pierwszym \u017ar\u00f3d\u0142em informacji podczas wyszukiwania <strong>Jak poprawi\u0107 swoje \u017cycie za pomoc\u0105 technologii i edukacji<\/strong>.<\/p>\n\n\n\n<h2 class=\"wp-block-heading\"><strong>Nasze warto\u015bci<\/strong><\/h2>\n\n\n\n<ul>\n<li><strong>Przezroczysto\u015b\u0107:<\/strong> Publikujemy sprawdzone tre\u015bci, oparte na wiarygodnych \u017ar\u00f3d\u0142ach i pos\u0142uguj\u0105ce si\u0119 uczciwym j\u0119zykiem.<\/li>\n\n\n\n<li><strong>Edukacja:<\/strong> Promujemy ci\u0105g\u0142\u0105 nauk\u0119 poprzez narz\u0119dzia technologiczne i praktyczne porady.<\/li>\n\n\n\n<li><strong>Blisko\u015b\u0107:<\/strong> M\u00f3wimy przyjaznym, ludzkim tonem, zrozumia\u0142ym dla ka\u017cdego.<\/li>\n\n\n\n<li><strong>Innowacja:<\/strong> Wierzymy w moc technologii, kt\u00f3ra mo\u017ce upro\u015bci\u0107 codzienne \u017cycie.<\/li>\n\n\n\n<li><strong>Rodzina:<\/strong> Wszystko, co robimy, wynika z mi\u0142o\u015bci, szacunku i pragnienia, aby rodziny wsp\u00f3lnie si\u0119 rozwija\u0142y i by\u0142y szcz\u0119\u015bliwe.<\/li>\n<\/ul>\n\n\n\n<h2 class=\"wp-block-heading\"><strong>Co znajdziesz w Family Universe<\/strong><\/h2>\n\n\n\n<p>W naszych sekcjach odkryjesz wszech\u015bwiat tre\u015bci tworzonych z zaanga\u017cowaniem.<\/p>\n\n\n\n<h3 class=\"wp-block-heading\"><strong>Technologia<\/strong><\/h3>\n\n\n\n<p>Dowiedz si\u0119, jak nowe narz\u0119dzia cyfrowe mog\u0105 pom\u00f3c Ci zorganizowa\u0107 \u017cycie, chroni\u0107 rodzin\u0119 i zwi\u0119kszy\u0107 produktywno\u015b\u0107. Od przydatnych aplikacji po praktyczne poradniki, jak w pe\u0142ni wykorzysta\u0107 mo\u017cliwo\u015bci telefonu lub komputera.<\/p>\n\n\n\n<h3 class=\"wp-block-heading\"><strong>Kariera<\/strong><\/h3>\n\n\n\n<p>Oferujemy wskaz\u00f3wki i zasoby, kt\u00f3re pomog\u0105 Ci rozwija\u0107 si\u0119 zawodowo. Odkryj najlepsze platformy do nauki online, dowiedz si\u0119, jak przygotowa\u0107 si\u0119 do rozm\u00f3w kwalifikacyjnych i jak wykorzysta\u0107 mo\u017cliwo\u015bci zatrudnienia w cyfrowym \u015bwiecie.<\/p>\n\n\n\n<h3 class=\"wp-block-heading\"><strong>Aktualno\u015bci<\/strong><\/h3>\n\n\n\n<p>B\u0105d\u017a na bie\u017c\u0105co z najnowszymi wiadomo\u015bciami na temat edukacji, innowacji, dobrego samopoczucia i \u015bwiatowych trend\u00f3w, kt\u00f3re bezpo\u015brednio wp\u0142ywaj\u0105 na \u017cycie rodzinne i zawodowe.<\/p>\n\n\n\n<h2 class=\"wp-block-heading\"><strong>Dlaczego istniejemy?<\/strong><\/h2>\n\n\n\n<p>Narodzili\u015bmy si\u0119 z konkretnym celem: <strong>stworzy\u0107 pozytywn\u0105, edukacyjn\u0105 i godn\u0105 zaufania przestrze\u0144<\/strong>gdzie ka\u017cdy mo\u017ce znale\u017a\u0107 inspiracj\u0119 i praktyczn\u0105 wiedz\u0119.<br>Poniewa\u017c wierzymy, \u017ce <strong>Rodzina \u015bwiadoma i zintegrowana to silniejsza rodzina<\/strong>i \u017ce ci\u0105g\u0142a nauka jest kluczem do budowania lepszej przysz\u0142o\u015bci.<\/p>","protected":false},"excerpt":{"rendered":"<p>En Universo Familia, creemos que el conocimiento y la uni\u00f3n familiar pueden transformar el mundo. Somos un espacio digital creado para inspirar, informar y acompa\u00f1ar a las familias modernas en su d\u00eda a d\u00eda, brindando contenidos de calidad sobre tecnolog\u00eda, carrera profesional y noticias que impactan la vida real. Nuestro objetivo es ayudar a cada [&hellip;]<\/p>","protected":false},"author":139,"featured_media":1605,"parent":0,"menu_order":0,"comment_status":"closed","ping_status":"closed","template":"page-nosidebar.php","meta":{"footnotes":""},"yoast_head":"<!-- This site is optimized with the Yoast SEO plugin v23.3 - https:\/\/yoast.com\/wordpress\/plugins\/seo\/ -->\n<title>Qui\u00e9nes somos - Universo Fam\u00edlia<\/title>\n<meta name=\"description\" content=\"Qui\u00e9nes somos\" \/>\n<meta name=\"robots\" content=\"index, follow, max-snippet:-1, max-image-preview:large, max-video-preview:-1\" \/>\n<link rel=\"canonical\" href=\"http:\/\/universofamilia.com\/pl\/quienes-somos\/\" \/>\n<meta property=\"og:locale\" content=\"pl_PL\" \/>\n<meta property=\"og:type\" content=\"article\" \/>\n<meta property=\"og:title\" content=\"Qui\u00e9nes somos - Universo Fam\u00edlia\" \/>\n<meta property=\"og:description\" content=\"Qui\u00e9nes somos\" \/>\n<meta property=\"og:url\" content=\"http:\/\/universofamilia.com\/pl\/quienes-somos\/\" \/>\n<meta property=\"og:site_name\" content=\"Universo Fam\u00edlia\" \/>\n<meta property=\"article:modified_time\" content=\"2025-11-04T14:43:55+00:00\" \/>\n<meta property=\"og:image\" content=\"https:\/\/universofamilia.com\/wp-content\/uploads\/sites\/148\/2023\/05\/universo-familia-sobre-familia-2.png\" \/>\n\t<meta property=\"og:image:width\" content=\"550\" \/>\n\t<meta property=\"og:image:height\" content=\"350\" \/>\n\t<meta property=\"og:image:type\" content=\"image\/png\" \/>\n<meta name=\"twitter:card\" content=\"summary_large_image\" \/>\n<meta name=\"twitter:label1\" content=\"Est. reading time\" \/>\n\t<meta name=\"twitter:data1\" content=\"3 minuty\" \/>\n<script type=\"application\/ld+json\" class=\"yoast-schema-graph\">{\"@context\":\"https:\/\/schema.org\",\"@graph\":[{\"@type\":\"WebPage\",\"@id\":\"https:\/\/universofamilia.com\/quienes-somos\/\",\"url\":\"https:\/\/universofamilia.com\/quienes-somos\/\",\"name\":\"Qui\u00e9nes somos - Universo Fam\u00edlia\",\"isPartOf\":{\"@id\":\"https:\/\/universofamilia.com\/el\/#website\"},\"primaryImageOfPage\":{\"@id\":\"https:\/\/universofamilia.com\/quienes-somos\/#primaryimage\"},\"image\":{\"@id\":\"https:\/\/universofamilia.com\/quienes-somos\/#primaryimage\"},\"thumbnailUrl\":\"http:\/\/universofamilia.com\/wp-content\/uploads\/sites\/148\/2023\/05\/universo-familia-sobre-familia-2.png\",\"datePublished\":\"2023-05-22T02:46:35+00:00\",\"dateModified\":\"2025-11-04T14:43:55+00:00\",\"description\":\"Qui\u00e9nes somos\",\"breadcrumb\":{\"@id\":\"https:\/\/universofamilia.com\/quienes-somos\/#breadcrumb\"},\"inLanguage\":\"pl-PL\",\"potentialAction\":[{\"@type\":\"ReadAction\",\"target\":[\"https:\/\/universofamilia.com\/quienes-somos\/\"]}]},{\"@type\":\"ImageObject\",\"inLanguage\":\"pl-PL\",\"@id\":\"https:\/\/universofamilia.com\/quienes-somos\/#primaryimage\",\"url\":\"http:\/\/universofamilia.com\/wp-content\/uploads\/sites\/148\/2023\/05\/universo-familia-sobre-familia-2.png\",\"contentUrl\":\"http:\/\/universofamilia.com\/wp-content\/uploads\/sites\/148\/2023\/05\/universo-familia-sobre-familia-2.png\",\"width\":550,\"height\":350},{\"@type\":\"BreadcrumbList\",\"@id\":\"https:\/\/universofamilia.com\/quienes-somos\/#breadcrumb\",\"itemListElement\":[{\"@type\":\"ListItem\",\"position\":1,\"name\":\"Home\",\"item\":\"https:\/\/universofamilia.com\/el\/\"},{\"@type\":\"ListItem\",\"position\":2,\"name\":\"Qui\u00e9nes somos\"}]},{\"@type\":\"WebSite\",\"@id\":\"https:\/\/universofamilia.com\/el\/#website\",\"url\":\"https:\/\/universofamilia.com\/el\/\",\"name\":\"Universo Fam\u00edlia\",\"description\":\"\",\"potentialAction\":[{\"@type\":\"SearchAction\",\"target\":{\"@type\":\"EntryPoint\",\"urlTemplate\":\"https:\/\/universofamilia.com\/el\/?s={search_term_string}\"},\"query-input\":\"required name=search_term_string\"}],\"inLanguage\":\"pl-PL\"}]}<\/script>\n<!-- \/ Yoast SEO plugin. -->","yoast_head_json":{"title":"Qui\u00e9nes somos - Universo Fam\u00edlia","description":"Qui\u00e9nes somos","robots":{"index":"index","follow":"follow","max-snippet":"max-snippet:-1","max-image-preview":"max-image-preview:large","max-video-preview":"max-video-preview:-1"},"canonical":"http:\/\/universofamilia.com\/pl\/quienes-somos\/","og_locale":"pl_PL","og_type":"article","og_title":"Qui\u00e9nes somos - Universo Fam\u00edlia","og_description":"Qui\u00e9nes somos","og_url":"http:\/\/universofamilia.com\/pl\/quienes-somos\/","og_site_name":"Universo Fam\u00edlia","article_modified_time":"2025-11-04T14:43:55+00:00","og_image":[{"width":550,"height":350,"url":"https:\/\/universofamilia.com\/wp-content\/uploads\/sites\/148\/2023\/05\/universo-familia-sobre-familia-2.png","type":"image\/png"}],"twitter_card":"summary_large_image","twitter_misc":{"Est. reading time":"3 minuty"},"schema":{"@context":"https:\/\/schema.org","@graph":[{"@type":"WebPage","@id":"https:\/\/universofamilia.com\/quienes-somos\/","url":"https:\/\/universofamilia.com\/quienes-somos\/","name":"Qui\u00e9nes somos - Universo Fam\u00edlia","isPartOf":{"@id":"https:\/\/universofamilia.com\/el\/#website"},"primaryImageOfPage":{"@id":"https:\/\/universofamilia.com\/quienes-somos\/#primaryimage"},"image":{"@id":"https:\/\/universofamilia.com\/quienes-somos\/#primaryimage"},"thumbnailUrl":"http:\/\/universofamilia.com\/wp-content\/uploads\/sites\/148\/2023\/05\/universo-familia-sobre-familia-2.png","datePublished":"2023-05-22T02:46:35+00:00","dateModified":"2025-11-04T14:43:55+00:00","description":"Qui\u00e9nes somos","breadcrumb":{"@id":"https:\/\/universofamilia.com\/quienes-somos\/#breadcrumb"},"inLanguage":"pl-PL","potentialAction":[{"@type":"ReadAction","target":["https:\/\/universofamilia.com\/quienes-somos\/"]}]},{"@type":"ImageObject","inLanguage":"pl-PL","@id":"https:\/\/universofamilia.com\/quienes-somos\/#primaryimage","url":"http:\/\/universofamilia.com\/wp-content\/uploads\/sites\/148\/2023\/05\/universo-familia-sobre-familia-2.png","contentUrl":"http:\/\/universofamilia.com\/wp-content\/uploads\/sites\/148\/2023\/05\/universo-familia-sobre-familia-2.png","width":550,"height":350},{"@type":"BreadcrumbList","@id":"https:\/\/universofamilia.com\/quienes-somos\/#breadcrumb","itemListElement":[{"@type":"ListItem","position":1,"name":"Home","item":"https:\/\/universofamilia.com\/el\/"},{"@type":"ListItem","position":2,"name":"Qui\u00e9nes somos"}]},{"@type":"WebSite","@id":"https:\/\/universofamilia.com\/el\/#website","url":"https:\/\/universofamilia.com\/el\/","name":"Universo Fam\u00edlia","description":"","potentialAction":[{"@type":"SearchAction","target":{"@type":"EntryPoint","urlTemplate":"https:\/\/universofamilia.com\/el\/?s={search_term_string}"},"query-input":"required name=search_term_string"}],"inLanguage":"pl-PL"}]}},"_links":{"self":[{"href":"http:\/\/universofamilia.com\/pl\/wp-json\/wp\/v2\/pages\/7944"}],"collection":[{"href":"http:\/\/universofamilia.com\/pl\/wp-json\/wp\/v2\/pages"}],"about":[{"href":"http:\/\/universofamilia.com\/pl\/wp-json\/wp\/v2\/types\/page"}],"author":[{"embeddable":true,"href":"http:\/\/universofamilia.com\/pl\/wp-json\/wp\/v2\/users\/139"}],"replies":[{"embeddable":true,"href":"http:\/\/universofamilia.com\/pl\/wp-json\/wp\/v2\/comments?post=7944"}],"version-history":[{"count":3,"href":"http:\/\/universofamilia.com\/pl\/wp-json\/wp\/v2\/pages\/7944\/revisions"}],"predecessor-version":[{"id":10273,"href":"http:\/\/universofamilia.com\/pl\/wp-json\/wp\/v2\/pages\/7944\/revisions\/10273"}],"wp:featuredmedia":[{"embeddable":true,"href":"http:\/\/universofamilia.com\/pl\/wp-json\/wp\/v2\/media\/1605"}],"wp:attachment":[{"href":"http:\/\/universofamilia.com\/pl\/wp-json\/wp\/v2\/media?parent=7944"}],"curies":[{"name":"wp","href":"https:\/\/api.w.org\/{rel}","templated":true}]}}