{"id":7945,"date":"2023-05-21T23:46:35","date_gmt":"2023-05-21T23:46:35","guid":{"rendered":"https:\/\/universofamilia.com\/?page_id=3"},"modified":"2026-03-18T15:04:39","modified_gmt":"2026-03-18T18:04:39","slug":"politica-de-privacidad","status":"publish","type":"page","link":"http:\/\/universofamilia.com\/pl\/politica-de-privacidad\/","title":{"rendered":"Polityka prywatno\u015bci"},"content":{"rendered":"<p>Twoja prywatno\u015b\u0107 jest dla nas wa\u017cna. Polityk\u0105 Universo Familia jest poszanowanie Twojej prywatno\u015bci w odniesieniu do wszelkich informacji, kt\u00f3re mo\u017cemy od Ciebie gromadzi\u0107 na stronie internetowej Universo Familia oraz na innych stronach, kt\u00f3re posiadamy i obs\u0142ugujemy.<\/p>\n\n\n\n<p>\u017b\u0105damy podania danych osobowych tylko wtedy, gdy jest to rzeczywi\u015bcie niezb\u0119dne do \u015bwiadczenia Ci us\u0142ugi. Robimy to w spos\u00f3b uczciwy i zgodny z prawem, za Twoj\u0105 wiedz\u0105 i zgod\u0105. Informujemy Ci\u0119 r\u00f3wnie\u017c, dlaczego je zbieramy i jak b\u0119d\u0105 wykorzystywane.<\/p>\n\n\n\n<p>Zebrane informacje przechowujemy tylko tak d\u0142ugo, jak jest to konieczne do \u015bwiadczenia \u017c\u0105danej us\u0142ugi. Przechowuj\u0105c dane, chronimy je za pomoc\u0105 komercyjnie akceptowalnych \u015brodk\u00f3w, aby zapobiec ich utracie i kradzie\u017cy, a tak\u017ce nieautoryzowanemu dost\u0119powi, ujawnieniu, kopiowaniu, wykorzystaniu lub modyfikacji.<\/p>\n\n\n\n<p>Nie udost\u0119pniamy danych osobowych publicznie ani osobom trzecim, chyba \u017ce wymaga tego prawo.<\/p>\n\n\n\n<p>Nasza strona mo\u017ce zawiera\u0107 linki do stron zewn\u0119trznych, kt\u00f3re nie s\u0105 przez nas obs\u0142ugiwane. Prosimy pami\u0119ta\u0107, \u017ce nie mamy kontroli nad tre\u015bci\u0105 ani praktykami stosowanymi na tych stronach i nie ponosimy odpowiedzialno\u015bci za ich polityk\u0119 prywatno\u015bci.<\/p>\n\n\n\n<p>Masz prawo odrzuci\u0107 nasz\u0105 pro\u015bb\u0119 o podanie danych osobowych, rozumiej\u0105c, \u017ce mo\u017cemy nie by\u0107 w stanie zapewni\u0107 Ci niekt\u00f3rych \u017c\u0105danych us\u0142ug.<\/p>\n\n\n\n<p>Dalsze korzystanie z naszej witryny b\u0119dzie r\u00f3wnoznaczne z akceptacj\u0105 naszych zasad dotycz\u0105cych prywatno\u015bci i danych osobowych. W razie pyta\u0144 dotycz\u0105cych sposobu przetwarzania danych u\u017cytkownik\u00f3w i danych osobowych prosimy o kontakt.<\/p>\n\n\n\n<p><strong>Zgodno\u015b\u0107 z og\u00f3lnym prawem o ochronie danych (LGPD)<\/strong><\/p>\n\n\n\n<p>Zgodnie z brazylijsk\u0105 Ustaw\u0105 o Ochronie Danych Osobowych (LGPD \u2013 Ustawa nr 13.709\/2018) gwarantujemy, \u017ce przetwarzanie danych osobowych u\u017cytkownik\u00f3w odbywa si\u0119 w spos\u00f3b przejrzysty, bezpieczny i w prawnie uzasadnionych celach.<\/p>\n\n\n\n<p>U\u017cytkownik ma prawo do:<\/p>\n\n\n\n<p>Potwierd\u017a istnienie przetwarzania Twoich danych<\/p>\n\n\n\n<p>Uzyskaj dost\u0119p do swoich danych osobowych<\/p>\n\n\n\n<p>Popraw niekompletne, niedok\u0142adne lub nieaktualne dane<\/p>\n\n\n\n<p>Popro\u015b o anonimizacj\u0119, zablokowanie lub usuni\u0119cie niepotrzebnych danych<\/p>\n\n\n\n<p>Popro\u015b o przeniesienie swoich danych<\/p>\n\n\n\n<p>Cofnij zgod\u0119 w dowolnym momencie<\/p>\n\n\n\n<p>Uzyskaj informacje o tym, z kim udost\u0119pniamy Twoje dane<\/p>\n\n\n\n<p>Aby skorzysta\u0107 z kt\u00f3regokolwiek z tych praw, u\u017cytkownik mo\u017ce skontaktowa\u0107 si\u0119 z nami za pomoc\u0105 kana\u0142\u00f3w udost\u0119pnionych na stronie.<\/p>\n\n\n\n<p>Przetwarzamy dane osobowe wy\u0142\u0105cznie wtedy, gdy istnieje ku temu wa\u017cna podstawa prawna, taka jak zgoda u\u017cytkownika, wype\u0142nienie obowi\u0105zk\u00f3w prawnych lub realizacja \u017c\u0105danych us\u0142ug, a tak\u017ce, w stosownych przypadkach, uzasadniony interes i poszanowanie praw u\u017cytkownika.<\/p>\n\n\n\n<p><strong>Wykorzystanie plik\u00f3w cookie<\/strong><\/p>\n\n\n\n<p>U\u017cywamy plik\u00f3w cookie w celu poprawy komfortu u\u017cytkowania i dostarczania spersonalizowanych tre\u015bci.<\/p>\n\n\n\n<p>Pliki cookie mog\u0105 obejmowa\u0107:<\/p>\n\n\n\n<ul>\n<li>Pliki cookie niezb\u0119dne do dzia\u0142ania witryny<\/li>\n\n\n\n<li>Pliki cookie analityczne umo\u017cliwiaj\u0105ce zrozumienie zachowa\u0144 u\u017cytkownik\u00f3w<\/li>\n\n\n\n<li>Pliki cookie reklamowe s\u0142u\u017c\u0105ce do wy\u015bwietlania trafnych reklam<\/li>\n<\/ul>\n\n\n\n<p>U\u017cytkownik mo\u017ce w ka\u017cdej chwili zarz\u0105dza\u0107 plikami cookie lub je wy\u0142\u0105czy\u0107 w ustawieniach swojej przegl\u0105darki.<\/p>\n\n\n\n<p><strong>Google AdSense i reklama<\/strong><\/p>\n\n\n\n<p>Us\u0142uga Google AdSense, z kt\u00f3rej korzystamy do wy\u015bwietlania reklam, korzysta z pliku cookie DoubleClick w celu wy\u015bwietlania trafniejszych reklam w sieci i ograniczenia liczby wy\u015bwietle\u0144 tej samej reklamy u\u017cytkownikowi.<\/p>\n\n\n\n<p>Wi\u0119cej informacji na temat us\u0142ugi Google AdSense znajdziesz w oficjalnych najcz\u0119\u015bciej zadawanych pytaniach dotycz\u0105cych prywatno\u015bci us\u0142ugi Google AdSense.<\/p>\n\n\n\n<p>U\u017cywamy reklam, aby pokry\u0107 koszty operacyjne tej witryny i zapewni\u0107 finansowanie przysz\u0142ego rozwoju. Pliki cookie reklam behawioralnych u\u017cywane w tej witrynie maj\u0105 na celu zapewnienie Ci jak najbardziej trafnych reklam poprzez anonimowe \u015bledzenie Twoich zainteresowa\u0144 i wy\u015bwietlanie podobnych tre\u015bci, kt\u00f3re mog\u0105 Ci\u0119 zainteresowa\u0107.<\/p>\n\n\n\n<p><strong>Mi\u0119dzynarodowy transfer danych<\/strong><\/p>\n\n\n\n<p>Dane osobowe mog\u0105 by\u0107 przesy\u0142ane i przechowywane na serwerach zlokalizowanych poza krajem u\u017cytkownika, w tym w Stanach Zjednoczonych, w szczeg\u00f3lno\u015bci w przypadku korzystania z us\u0142ug stron trzecich, takich jak Google.<\/p>\n\n\n\n<p>Korzystaj\u0105c z tej witryny, u\u017cytkownik akceptuje ten transfer, kt\u00f3ry odbywa si\u0119 z zachowaniem odpowiednich \u015brodk\u00f3w bezpiecze\u0144stwa i zgodnie z obowi\u0105zuj\u0105cym prawem.<\/p>\n\n\n\n<p><strong>Podmioty stowarzyszone i strony trzecie<\/strong><\/p>\n\n\n\n<p>Kilku partner\u00f3w reklamuje si\u0119 w naszym imieniu, a pliki cookie \u015bledz\u0105ce dzia\u0142ania partner\u00f3w po prostu pozwalaj\u0105 nam sprawdzi\u0107, czy nasi klienci uzyskali dost\u0119p do witryny za po\u015brednictwem witryn naszych partner\u00f3w, dzi\u0119ki czemu mo\u017cemy odpowiednio ich doceni\u0107, a w razie potrzeby umo\u017cliwi\u0107 naszym partnerom partnerskim oferowanie promocji, kt\u00f3re mog\u0105 zapewni\u0107 Ci korzy\u015bci podczas dokonywania zakup\u00f3w.<\/p>\n\n\n\n<p><strong>Zaanga\u017cowanie u\u017cytkownika<\/strong><\/p>\n\n\n\n<p>U\u017cytkownik wyra\u017ca zgod\u0119 na w\u0142a\u015bciwe wykorzystanie tre\u015bci i informacji udost\u0119pnianych przez Universo Familia na stronie internetowej, w tym mi\u0119dzy innymi:<\/p>\n\n\n\n<p>A) Nie bra\u0107 udzia\u0142u w dzia\u0142aniach niezgodnych z prawem lub z dobr\u0105 wiar\u0105 i porz\u0105dkiem publicznym<\/p>\n\n\n\n<p>B) Nie rozpowszechniaj propagandy ani tre\u015bci o charakterze rasistowskim, ksenofobicznym, hazardowym, \u017cadnego rodzaju nielegalnej pornografii, apologii terroryzmu ani tre\u015bci naruszaj\u0105cych prawa cz\u0142owieka<\/p>\n\n\n\n<p>C) Nie powodowa\u0107 uszkodze\u0144 system\u00f3w fizycznych (sprz\u0119towych) i logicznych (programowych) Universo Familia, jej dostawc\u00f3w lub os\u00f3b trzecich, ani nie wprowadza\u0107 ani nie rozprzestrzenia\u0107 wirus\u00f3w komputerowych lub jakiegokolwiek innego systemu, kt\u00f3ry mo\u017ce powodowa\u0107 uszkodzenia<\/p>\n\n\n\n<p><strong>Wi\u0119cej informacji<\/strong><\/p>\n\n\n\n<p>Mamy nadziej\u0119, \u017ce jest to jasne. Jak ju\u017c wcze\u015bniej wspomniano, je\u015bli masz jakiekolwiek w\u0105tpliwo\u015bci, na og\u00f3\u0142 bezpieczniej jest pozostawi\u0107 obs\u0142ug\u0119 plik\u00f3w cookie w\u0142\u0105czon\u0105, na wypadek gdyby\u015b chcia\u0142 korzysta\u0107 z kt\u00f3rejkolwiek z funkcji naszej witryny.<\/p>\n\n\n\n<p><strong>Data wa\u017cno\u015bci<\/strong><\/p>\n\n\n\n<p>Niniejsza polityka obowi\u0105zuje od <strong>18 marca 2026, 17:53<\/strong>.<\/p>","protected":false},"excerpt":{"rendered":"<p>Tu privacidad es importante para nosotros. Es pol\u00edtica de Universo Familia respetar tu privacidad en relaci\u00f3n con cualquier informaci\u00f3n tuya que podamos recopilar en el sitio web Universo Familia y en otros sitios que poseemos y operamos. Solicitamos informaci\u00f3n personal \u00fanicamente cuando realmente la necesitamos para brindarte un servicio. Lo hacemos por medios justos y [&hellip;]<\/p>","protected":false},"author":139,"featured_media":0,"parent":0,"menu_order":0,"comment_status":"closed","ping_status":"closed","template":"page-nosidebar.php","meta":{"footnotes":""},"yoast_head":"<!-- This site is optimized with the Yoast SEO plugin v23.3 - https:\/\/yoast.com\/wordpress\/plugins\/seo\/ -->\n<title>Pol\u00edtica de Privacidad - Universo Fam\u00edlia<\/title>\n<meta name=\"description\" content=\"Pol\u00edtica Privacidade\" \/>\n<meta name=\"robots\" content=\"index, follow, max-snippet:-1, max-image-preview:large, max-video-preview:-1\" \/>\n<link rel=\"canonical\" href=\"http:\/\/universofamilia.com\/pl\/politica-de-privacidad\/\" \/>\n<meta property=\"og:locale\" content=\"pl_PL\" \/>\n<meta property=\"og:type\" content=\"article\" \/>\n<meta property=\"og:title\" content=\"Pol\u00edtica de Privacidad - Universo Fam\u00edlia\" \/>\n<meta property=\"og:description\" content=\"Pol\u00edtica Privacidade\" \/>\n<meta property=\"og:url\" content=\"http:\/\/universofamilia.com\/pl\/politica-de-privacidad\/\" \/>\n<meta property=\"og:site_name\" content=\"Universo Fam\u00edlia\" \/>\n<meta property=\"article:modified_time\" content=\"2026-03-18T18:04:39+00:00\" \/>\n<meta name=\"twitter:card\" content=\"summary_large_image\" \/>\n<meta name=\"twitter:label1\" content=\"Est. reading time\" \/>\n\t<meta name=\"twitter:data1\" content=\"5 minut\" \/>\n<script type=\"application\/ld+json\" class=\"yoast-schema-graph\">{\"@context\":\"https:\/\/schema.org\",\"@graph\":[{\"@type\":\"WebPage\",\"@id\":\"https:\/\/universofamilia.com\/politica-de-privacidad\/\",\"url\":\"https:\/\/universofamilia.com\/politica-de-privacidad\/\",\"name\":\"Pol\u00edtica de Privacidad - Universo Fam\u00edlia\",\"isPartOf\":{\"@id\":\"https:\/\/universofamilia.com\/el\/#website\"},\"datePublished\":\"2023-05-21T23:46:35+00:00\",\"dateModified\":\"2026-03-18T18:04:39+00:00\",\"description\":\"Pol\u00edtica Privacidade\",\"breadcrumb\":{\"@id\":\"https:\/\/universofamilia.com\/politica-de-privacidad\/#breadcrumb\"},\"inLanguage\":\"pl-PL\",\"potentialAction\":[{\"@type\":\"ReadAction\",\"target\":[\"https:\/\/universofamilia.com\/politica-de-privacidad\/\"]}]},{\"@type\":\"BreadcrumbList\",\"@id\":\"https:\/\/universofamilia.com\/politica-de-privacidad\/#breadcrumb\",\"itemListElement\":[{\"@type\":\"ListItem\",\"position\":1,\"name\":\"Home\",\"item\":\"https:\/\/universofamilia.com\/el\/\"},{\"@type\":\"ListItem\",\"position\":2,\"name\":\"Pol\u00edtica de Privacidad\"}]},{\"@type\":\"WebSite\",\"@id\":\"https:\/\/universofamilia.com\/el\/#website\",\"url\":\"https:\/\/universofamilia.com\/el\/\",\"name\":\"Universo Fam\u00edlia\",\"description\":\"\",\"potentialAction\":[{\"@type\":\"SearchAction\",\"target\":{\"@type\":\"EntryPoint\",\"urlTemplate\":\"https:\/\/universofamilia.com\/el\/?s={search_term_string}\"},\"query-input\":\"required name=search_term_string\"}],\"inLanguage\":\"pl-PL\"}]}<\/script>\n<!-- \/ Yoast SEO plugin. -->","yoast_head_json":{"title":"Pol\u00edtica de Privacidad - Universo Fam\u00edlia","description":"Pol\u00edtica Privacidade","robots":{"index":"index","follow":"follow","max-snippet":"max-snippet:-1","max-image-preview":"max-image-preview:large","max-video-preview":"max-video-preview:-1"},"canonical":"http:\/\/universofamilia.com\/pl\/politica-de-privacidad\/","og_locale":"pl_PL","og_type":"article","og_title":"Pol\u00edtica de Privacidad - Universo Fam\u00edlia","og_description":"Pol\u00edtica Privacidade","og_url":"http:\/\/universofamilia.com\/pl\/politica-de-privacidad\/","og_site_name":"Universo Fam\u00edlia","article_modified_time":"2026-03-18T18:04:39+00:00","twitter_card":"summary_large_image","twitter_misc":{"Est. reading time":"5 minut"},"schema":{"@context":"https:\/\/schema.org","@graph":[{"@type":"WebPage","@id":"https:\/\/universofamilia.com\/politica-de-privacidad\/","url":"https:\/\/universofamilia.com\/politica-de-privacidad\/","name":"Pol\u00edtica de Privacidad - Universo Fam\u00edlia","isPartOf":{"@id":"https:\/\/universofamilia.com\/el\/#website"},"datePublished":"2023-05-21T23:46:35+00:00","dateModified":"2026-03-18T18:04:39+00:00","description":"Pol\u00edtica Privacidade","breadcrumb":{"@id":"https:\/\/universofamilia.com\/politica-de-privacidad\/#breadcrumb"},"inLanguage":"pl-PL","potentialAction":[{"@type":"ReadAction","target":["https:\/\/universofamilia.com\/politica-de-privacidad\/"]}]},{"@type":"BreadcrumbList","@id":"https:\/\/universofamilia.com\/politica-de-privacidad\/#breadcrumb","itemListElement":[{"@type":"ListItem","position":1,"name":"Home","item":"https:\/\/universofamilia.com\/el\/"},{"@type":"ListItem","position":2,"name":"Pol\u00edtica de Privacidad"}]},{"@type":"WebSite","@id":"https:\/\/universofamilia.com\/el\/#website","url":"https:\/\/universofamilia.com\/el\/","name":"Universo Fam\u00edlia","description":"","potentialAction":[{"@type":"SearchAction","target":{"@type":"EntryPoint","urlTemplate":"https:\/\/universofamilia.com\/el\/?s={search_term_string}"},"query-input":"required name=search_term_string"}],"inLanguage":"pl-PL"}]}},"_links":{"self":[{"href":"http:\/\/universofamilia.com\/pl\/wp-json\/wp\/v2\/pages\/7945"}],"collection":[{"href":"http:\/\/universofamilia.com\/pl\/wp-json\/wp\/v2\/pages"}],"about":[{"href":"http:\/\/universofamilia.com\/pl\/wp-json\/wp\/v2\/types\/page"}],"author":[{"embeddable":true,"href":"http:\/\/universofamilia.com\/pl\/wp-json\/wp\/v2\/users\/139"}],"replies":[{"embeddable":true,"href":"http:\/\/universofamilia.com\/pl\/wp-json\/wp\/v2\/comments?post=7945"}],"version-history":[{"count":5,"href":"http:\/\/universofamilia.com\/pl\/wp-json\/wp\/v2\/pages\/7945\/revisions"}],"predecessor-version":[{"id":10548,"href":"http:\/\/universofamilia.com\/pl\/wp-json\/wp\/v2\/pages\/7945\/revisions\/10548"}],"wp:attachment":[{"href":"http:\/\/universofamilia.com\/pl\/wp-json\/wp\/v2\/media?parent=7945"}],"curies":[{"name":"wp","href":"https:\/\/api.w.org\/{rel}","templated":true}]}}