{"id":7945,"date":"2023-05-21T23:46:35","date_gmt":"2023-05-21T23:46:35","guid":{"rendered":"https:\/\/universofamilia.com\/?page_id=3"},"modified":"2026-03-18T15:04:39","modified_gmt":"2026-03-18T18:04:39","slug":"politica-de-privacidad","status":"publish","type":"page","link":"http:\/\/universofamilia.com\/pt\/politica-de-privacidad\/","title":{"rendered":"pol\u00edtica de Privacidade"},"content":{"rendered":"<p>Sua privacidade \u00e9 importante para n\u00f3s. \u00c9 pol\u00edtica da Universo Familia respeitar sua privacidade em rela\u00e7\u00e3o a qualquer informa\u00e7\u00e3o que possamos coletar de voc\u00ea no site da Universo Familia e em outros sites que possu\u00edmos e operamos.<\/p>\n\n\n\n<p>S\u00f3 solicitamos informa\u00e7\u00f5es pessoais quando realmente precisamos delas para lhe prestar um servi\u00e7o. Fazemos isso de forma justa e legal, com o seu conhecimento e consentimento. Tamb\u00e9m informamos o motivo da coleta e como as informa\u00e7\u00f5es ser\u00e3o utilizadas.<\/p>\n\n\n\n<p>Conservamos as informa\u00e7\u00f5es coletadas apenas pelo tempo necess\u00e1rio para fornecer o servi\u00e7o solicitado. Ao armazenar dados, protegemo-los utilizando meios comercialmente aceit\u00e1veis para evitar perda e roubo, bem como acesso, divulga\u00e7\u00e3o, c\u00f3pia, uso ou modifica\u00e7\u00e3o n\u00e3o autorizados.<\/p>\n\n\n\n<p>N\u00e3o compartilhamos informa\u00e7\u00f5es de identifica\u00e7\u00e3o pessoal publicamente ou com terceiros, exceto quando exigido por lei.<\/p>\n\n\n\n<p>Nosso site pode conter links para sites externos que n\u00e3o s\u00e3o operados por n\u00f3s. Observe que n\u00e3o temos controle sobre o conte\u00fado ou as pr\u00e1ticas desses sites e n\u00e3o podemos nos responsabilizar por suas respectivas pol\u00edticas de privacidade.<\/p>\n\n\n\n<p>Voc\u00ea tem o direito de recusar nossa solicita\u00e7\u00e3o de informa\u00e7\u00f5es pessoais, ciente de que, nesse caso, talvez n\u00e3o possamos fornecer alguns dos servi\u00e7os desejados.<\/p>\n\n\n\n<p>Ao continuar a utilizar o nosso site, estar\u00e1 a aceitar as nossas pr\u00e1ticas de privacidade e de tratamento de dados pessoais. Se tiver alguma d\u00favida sobre como tratamos os dados dos utilizadores e as informa\u00e7\u00f5es pessoais, pode contactar-nos.<\/p>\n\n\n\n<p><strong>Conformidade com a Lei Geral de Prote\u00e7\u00e3o de Dados (LGPD)<\/strong><\/p>\n\n\n\n<p>Em conformidade com a Lei Geral de Prote\u00e7\u00e3o de Dados Pessoais do Brasil (LGPD \u2013 Lei n\u00ba 13.709\/2018), garantimos que o tratamento dos dados pessoais dos usu\u00e1rios \u00e9 realizado de forma transparente, segura e para fins leg\u00edtimos.<\/p>\n\n\n\n<p>O usu\u00e1rio tem o direito de:<\/p>\n\n\n\n<p>Confirme a exist\u00eancia de processamento dos seus dados.<\/p>\n\n\n\n<p>Aceda aos seus dados pessoais<\/p>\n\n\n\n<p>Corrija dados incompletos, imprecisos ou desatualizados.<\/p>\n\n\n\n<p>Solicite a anonimiza\u00e7\u00e3o, o bloqueio ou a exclus\u00e3o de dados desnecess\u00e1rios.<\/p>\n\n\n\n<p>Solicite a portabilidade dos seus dados.<\/p>\n\n\n\n<p>Retirar o consentimento a qualquer momento.<\/p>\n\n\n\n<p>Obtenha informa\u00e7\u00f5es sobre com quem compartilhamos seus dados.<\/p>\n\n\n\n<p>Para exercer qualquer um desses direitos, o usu\u00e1rio pode entrar em contato conosco atrav\u00e9s dos canais dispon\u00edveis no site.<\/p>\n\n\n\n<p>Processamos dados pessoais apenas quando existe uma base legal v\u00e1lida, como o consentimento do usu\u00e1rio, o cumprimento de obriga\u00e7\u00f5es legais ou a execu\u00e7\u00e3o dos servi\u00e7os solicitados, bem como o interesse leg\u00edtimo, quando aplic\u00e1vel, e respeitando os direitos do usu\u00e1rio.<\/p>\n\n\n\n<p><strong>Utiliza\u00e7\u00e3o de Cookies<\/strong><\/p>\n\n\n\n<p>Utilizamos cookies para melhorar a experi\u00eancia do usu\u00e1rio e fornecer conte\u00fado personalizado.<\/p>\n\n\n\n<p>Esses cookies podem incluir:<\/p>\n\n\n\n<ul>\n<li>Cookies essenciais para o funcionamento do site<\/li>\n\n\n\n<li>Cookies anal\u00edticos para entender o comportamento do usu\u00e1rio<\/li>\n\n\n\n<li>Cookies de publicidade para exibir an\u00fancios relevantes<\/li>\n<\/ul>\n\n\n\n<p>O usu\u00e1rio pode gerenciar ou desativar os cookies nas configura\u00e7\u00f5es do navegador a qualquer momento.<\/p>\n\n\n\n<p><strong>Google AdSense e publicidade<\/strong><\/p>\n\n\n\n<p>O servi\u00e7o Google AdSense que utilizamos para exibir an\u00fancios usa um cookie DoubleClick para veicular an\u00fancios mais relevantes na web e limitar o n\u00famero de vezes que o mesmo an\u00fancio \u00e9 exibido para o usu\u00e1rio.<\/p>\n\n\n\n<p>Para obter mais informa\u00e7\u00f5es sobre o Google AdSense, consulte as Perguntas frequentes sobre privacidade do Google AdSense.<\/p>\n\n\n\n<p>Utilizamos an\u00fancios para compensar os custos operacionais deste site e financiar seu desenvolvimento futuro. Os cookies de publicidade comportamental usados neste site s\u00e3o projetados para garantir que voc\u00ea receba os an\u00fancios mais relevantes poss\u00edveis, rastreando anonimamente seus interesses e mostrando conte\u00fado semelhante que possa ser do seu interesse.<\/p>\n\n\n\n<p><strong>Transfer\u00eancia Internacional de Dados<\/strong><\/p>\n\n\n\n<p>Os dados pessoais podem ser transferidos e armazenados em servidores localizados fora do pa\u00eds do usu\u00e1rio, incluindo os Estados Unidos, especialmente quando utilizamos servi\u00e7os de terceiros, como o Google.<\/p>\n\n\n\n<p>Ao utilizar este site, o usu\u00e1rio aceita esta transfer\u00eancia, que \u00e9 realizada com medidas de seguran\u00e7a adequadas e em conformidade com a legisla\u00e7\u00e3o aplic\u00e1vel.<\/p>\n\n\n\n<p><strong>Afiliados e Terceiros<\/strong><\/p>\n\n\n\n<p>Diversos parceiros anunciam em nosso nome, e os cookies de rastreamento de afiliados simplesmente nos permitem verificar se nossos clientes acessaram o site por meio de um dos sites de nossos parceiros, para que possamos credit\u00e1-los adequadamente e, quando apropriado, permitir que nossos parceiros afiliados ofere\u00e7am promo\u00e7\u00f5es que podem lhe proporcionar benef\u00edcios ao fazer uma compra.<\/p>\n\n\n\n<p><strong>Compromisso do Usu\u00e1rio<\/strong><\/p>\n\n\n\n<p>O usu\u00e1rio concorda em fazer uso adequado do conte\u00fado e das informa\u00e7\u00f5es que a Universo Familia oferece no site, incluindo, entre outros:<\/p>\n\n\n\n<p>A) N\u00e3o participar em atividades ilegais ou contr\u00e1rias \u00e0 boa-f\u00e9 e \u00e0 ordem p\u00fablica.<\/p>\n\n\n\n<p>B) N\u00e3o divulgue propaganda ou conte\u00fado de natureza racista ou xen\u00f3foba, jogos de azar, qualquer tipo de pornografia ilegal, apologia ao terrorismo ou conte\u00fado que viole os direitos humanos.<\/p>\n\n\n\n<p>C) N\u00e3o causar danos aos sistemas f\u00edsicos (hardware) e l\u00f3gicos (software) da Universo Familia, seus fornecedores ou terceiros, nem introduzir ou disseminar v\u00edrus de computador ou qualquer outro sistema que possa causar danos.<\/p>\n\n\n\n<p><strong>Mais informa\u00e7\u00f5es<\/strong><\/p>\n\n\n\n<p>Esperamos que isso esteja claro e, como mencionado anteriormente, se houver algo sobre o qual voc\u00ea n\u00e3o tenha certeza, geralmente \u00e9 mais seguro deixar os cookies ativados caso voc\u00ea interaja com algum dos recursos que utiliza em nosso site.<\/p>\n\n\n\n<p><strong>Data de validade<\/strong><\/p>\n\n\n\n<p>Esta pol\u00edtica entra em vigor a partir de <strong>18 de mar\u00e7o de 2026, 17h53<\/strong>.<\/p>","protected":false},"excerpt":{"rendered":"<p>Tu privacidad es importante para nosotros. Es pol\u00edtica de Universo Familia respetar tu privacidad en relaci\u00f3n con cualquier informaci\u00f3n tuya que podamos recopilar en el sitio web Universo Familia y en otros sitios que poseemos y operamos. Solicitamos informaci\u00f3n personal \u00fanicamente cuando realmente la necesitamos para brindarte un servicio. Lo hacemos por medios justos y [&hellip;]<\/p>","protected":false},"author":139,"featured_media":0,"parent":0,"menu_order":0,"comment_status":"closed","ping_status":"closed","template":"page-nosidebar.php","meta":{"footnotes":""},"yoast_head":"<!-- This site is optimized with the Yoast SEO plugin v23.3 - https:\/\/yoast.com\/wordpress\/plugins\/seo\/ -->\n<title>Pol\u00edtica de Privacidad - Universo Fam\u00edlia<\/title>\n<meta name=\"description\" content=\"Pol\u00edtica Privacidade\" \/>\n<meta name=\"robots\" content=\"index, follow, max-snippet:-1, max-image-preview:large, max-video-preview:-1\" \/>\n<link rel=\"canonical\" href=\"http:\/\/universofamilia.com\/pt\/politica-de-privacidad\/\" \/>\n<meta property=\"og:locale\" content=\"pt_BR\" \/>\n<meta property=\"og:type\" content=\"article\" \/>\n<meta property=\"og:title\" content=\"Pol\u00edtica de Privacidad - Universo Fam\u00edlia\" \/>\n<meta property=\"og:description\" content=\"Pol\u00edtica Privacidade\" \/>\n<meta property=\"og:url\" content=\"http:\/\/universofamilia.com\/pt\/politica-de-privacidad\/\" \/>\n<meta property=\"og:site_name\" content=\"Universo Fam\u00edlia\" \/>\n<meta property=\"article:modified_time\" content=\"2026-03-18T18:04:39+00:00\" \/>\n<meta name=\"twitter:card\" content=\"summary_large_image\" \/>\n<meta name=\"twitter:label1\" content=\"Est. reading time\" \/>\n\t<meta name=\"twitter:data1\" content=\"5 minutos\" \/>\n<script type=\"application\/ld+json\" class=\"yoast-schema-graph\">{\"@context\":\"https:\/\/schema.org\",\"@graph\":[{\"@type\":\"WebPage\",\"@id\":\"https:\/\/universofamilia.com\/politica-de-privacidad\/\",\"url\":\"https:\/\/universofamilia.com\/politica-de-privacidad\/\",\"name\":\"Pol\u00edtica de Privacidad - Universo Fam\u00edlia\",\"isPartOf\":{\"@id\":\"https:\/\/universofamilia.com\/el\/#website\"},\"datePublished\":\"2023-05-21T23:46:35+00:00\",\"dateModified\":\"2026-03-18T18:04:39+00:00\",\"description\":\"Pol\u00edtica Privacidade\",\"breadcrumb\":{\"@id\":\"https:\/\/universofamilia.com\/politica-de-privacidad\/#breadcrumb\"},\"inLanguage\":\"pt-BR\",\"potentialAction\":[{\"@type\":\"ReadAction\",\"target\":[\"https:\/\/universofamilia.com\/politica-de-privacidad\/\"]}]},{\"@type\":\"BreadcrumbList\",\"@id\":\"https:\/\/universofamilia.com\/politica-de-privacidad\/#breadcrumb\",\"itemListElement\":[{\"@type\":\"ListItem\",\"position\":1,\"name\":\"Home\",\"item\":\"https:\/\/universofamilia.com\/el\/\"},{\"@type\":\"ListItem\",\"position\":2,\"name\":\"Pol\u00edtica de Privacidad\"}]},{\"@type\":\"WebSite\",\"@id\":\"https:\/\/universofamilia.com\/el\/#website\",\"url\":\"https:\/\/universofamilia.com\/el\/\",\"name\":\"Universo Fam\u00edlia\",\"description\":\"\",\"potentialAction\":[{\"@type\":\"SearchAction\",\"target\":{\"@type\":\"EntryPoint\",\"urlTemplate\":\"https:\/\/universofamilia.com\/el\/?s={search_term_string}\"},\"query-input\":\"required name=search_term_string\"}],\"inLanguage\":\"pt-BR\"}]}<\/script>\n<!-- \/ Yoast SEO plugin. -->","yoast_head_json":{"title":"Pol\u00edtica de Privacidad - Universo Fam\u00edlia","description":"Pol\u00edtica Privacidade","robots":{"index":"index","follow":"follow","max-snippet":"max-snippet:-1","max-image-preview":"max-image-preview:large","max-video-preview":"max-video-preview:-1"},"canonical":"http:\/\/universofamilia.com\/pt\/politica-de-privacidad\/","og_locale":"pt_BR","og_type":"article","og_title":"Pol\u00edtica de Privacidad - Universo Fam\u00edlia","og_description":"Pol\u00edtica Privacidade","og_url":"http:\/\/universofamilia.com\/pt\/politica-de-privacidad\/","og_site_name":"Universo Fam\u00edlia","article_modified_time":"2026-03-18T18:04:39+00:00","twitter_card":"summary_large_image","twitter_misc":{"Est. reading time":"5 minutos"},"schema":{"@context":"https:\/\/schema.org","@graph":[{"@type":"WebPage","@id":"https:\/\/universofamilia.com\/politica-de-privacidad\/","url":"https:\/\/universofamilia.com\/politica-de-privacidad\/","name":"Pol\u00edtica de Privacidad - Universo Fam\u00edlia","isPartOf":{"@id":"https:\/\/universofamilia.com\/el\/#website"},"datePublished":"2023-05-21T23:46:35+00:00","dateModified":"2026-03-18T18:04:39+00:00","description":"Pol\u00edtica Privacidade","breadcrumb":{"@id":"https:\/\/universofamilia.com\/politica-de-privacidad\/#breadcrumb"},"inLanguage":"pt-BR","potentialAction":[{"@type":"ReadAction","target":["https:\/\/universofamilia.com\/politica-de-privacidad\/"]}]},{"@type":"BreadcrumbList","@id":"https:\/\/universofamilia.com\/politica-de-privacidad\/#breadcrumb","itemListElement":[{"@type":"ListItem","position":1,"name":"Home","item":"https:\/\/universofamilia.com\/el\/"},{"@type":"ListItem","position":2,"name":"Pol\u00edtica de Privacidad"}]},{"@type":"WebSite","@id":"https:\/\/universofamilia.com\/el\/#website","url":"https:\/\/universofamilia.com\/el\/","name":"Universo Fam\u00edlia","description":"","potentialAction":[{"@type":"SearchAction","target":{"@type":"EntryPoint","urlTemplate":"https:\/\/universofamilia.com\/el\/?s={search_term_string}"},"query-input":"required name=search_term_string"}],"inLanguage":"pt-BR"}]}},"_links":{"self":[{"href":"http:\/\/universofamilia.com\/pt\/wp-json\/wp\/v2\/pages\/7945"}],"collection":[{"href":"http:\/\/universofamilia.com\/pt\/wp-json\/wp\/v2\/pages"}],"about":[{"href":"http:\/\/universofamilia.com\/pt\/wp-json\/wp\/v2\/types\/page"}],"author":[{"embeddable":true,"href":"http:\/\/universofamilia.com\/pt\/wp-json\/wp\/v2\/users\/139"}],"replies":[{"embeddable":true,"href":"http:\/\/universofamilia.com\/pt\/wp-json\/wp\/v2\/comments?post=7945"}],"version-history":[{"count":5,"href":"http:\/\/universofamilia.com\/pt\/wp-json\/wp\/v2\/pages\/7945\/revisions"}],"predecessor-version":[{"id":10548,"href":"http:\/\/universofamilia.com\/pt\/wp-json\/wp\/v2\/pages\/7945\/revisions\/10548"}],"wp:attachment":[{"href":"http:\/\/universofamilia.com\/pt\/wp-json\/wp\/v2\/media?parent=7945"}],"curies":[{"name":"wp","href":"https:\/\/api.w.org\/{rel}","templated":true}]}}