{"id":1961,"date":"2023-05-26T20:33:14","date_gmt":"2023-05-26T20:33:14","guid":{"rendered":"https:\/\/universofamilia.com\/?page_id=1961"},"modified":"2026-03-18T15:10:50","modified_gmt":"2026-03-18T18:10:50","slug":"condiciones-de-uso","status":"publish","type":"page","link":"http:\/\/universofamilia.com\/ro\/condiciones-de-uso\/","title":{"rendered":"Condi\u021bii de utilizare"},"content":{"rendered":"<h2>1. Termeni<\/h2>\n<p data-start=\"199\" data-end=\"430\">La accesarea site-ului web al <a href=\"http:\/\/universofamilia.com\/ro\/\">Universul familiei<\/a>Prin utilizarea acestui serviciu, sunte\u021bi de acord s\u0103 respecta\u021bi ace\u0219ti termeni de utilizare, precum \u0219i toate legile \u0219i reglement\u0103rile aplicabile. De asemenea, recunoa\u0219te\u021bi c\u0103 sunte\u021bi responsabil pentru respectarea tuturor legilor locale aplicabile.<\/p>\n<p data-start=\"432\" data-end=\"532\">Dac\u0103 nu sunte\u021bi de acord cu oricare dintre ace\u0219ti termeni, v\u0103 este interzis\u0103 utilizarea sau accesarea acestui site.<\/p>\n<p data-start=\"534\" data-end=\"672\">Con\u021binutul \u0219i materialele disponibile pe acest site sunt protejate de legile aplicabile privind drepturile de autor \u0219i m\u0103rcile comerciale.<\/p>\n<h2>2. Utilizarea licen\u021bei<\/h2>\n<p>Se acord\u0103 permisiunea de a desc\u0103rca temporar o copie a materialelor (informa\u021bii sau software) de pe site-ul Universo Fam\u00edlia, doar pentru vizualizare tranzitorie personal\u0103, necomercial\u0103. Aceasta este acordarea unei licen\u021be, nu un transfer de titlu, iar \u00een baza acestei licen\u021be nu ave\u021bi dreptul:<\/p>\n<ol>\n<li>a modifica sau copia materialele;<\/li>\n<li>a utiliza materialele \u00een orice scop comercial sau pentru afi\u0219are public\u0103 (comercial\u0103 sau necomercial\u0103);<\/li>\n<li>s\u0103 \u00eencerca\u021bi s\u0103 decompila\u021bi sau s\u0103 decodifica\u021bi orice software con\u021binut pe site-ul Universo Fam\u00edlia;<\/li>\n<li>elimina\u021bi orice men\u021biuni privind drepturile de autor sau alte men\u021biuni privind proprietatea din materiale; fie<\/li>\n<li>transfera materialele c\u0103tre o alt\u0103 persoan\u0103 sau \u201eoglindi\u201d materialele pe orice alt server.<\/li>\n<\/ol>\n<p>Aceast\u0103 licen\u021b\u0103 va \u00eenceta automat dac\u0103 \u00eenc\u0103lca\u021bi oricare dintre aceste restric\u021bii \u0219i poate fi reziliat\u0103 de Universo Fam\u00edlia \u00een orice moment. La \u00eencetarea vizualiz\u0103rii acestor materiale sau la \u00eencetarea prezentei licen\u021be, trebuie s\u0103 \u0219terge\u021bi orice materiale desc\u0103rcate pe care le de\u021bine\u021bi, fie \u00een format electronic, fie tip\u0103rit.<\/p>\n<h2>3. Declinarea responsabilit\u0103\u021bii<\/h2>\n<ol>\n<li>Materialele de pe site-ul Universe Family sunt furnizate \u201eca atare\u201d. Universo Fam\u00edlia nu ofer\u0103 nicio garan\u021bie, expres\u0103 sau implicit\u0103, \u0219i prin prezenta declin\u0103 \u0219i neag\u0103 toate celelalte garan\u021bii, inclusiv, f\u0103r\u0103 limitare, garan\u021biile implicite sau condi\u021biile de vandabilitate, adecvare pentru un anumit scop sau ne\u00eenc\u0103lcare a propriet\u0103\u021bii intelectuale sau alte \u00eenc\u0103lc\u0103ri ale drepturilor.<\/li>\n<li>\u00cen plus, Universo Fam\u00edlia nu garanteaz\u0103 \u0219i nu face nicio declara\u021bie cu privire la exactitatea, rezultatele probabile sau fiabilitatea utiliz\u0103rii materialelor de pe site-ul s\u0103u web sau \u00een leg\u0103tur\u0103 cu astfel de materiale sau de pe orice site-uri legate de acest site.<\/li>\n<\/ol>\n<h2>4. Limit\u0103ri<\/h2>\n<p>\u00cen nicio circumstan\u021b\u0103, Universo Fam\u00edlia sau furnizorii s\u0103i nu vor fi r\u0103spunz\u0103tori pentru daune (inclusiv, f\u0103r\u0103 limitare, daune pentru pierderea de date sau profit sau din cauza \u00eentreruperii activit\u0103\u021bii) care decurg din utilizarea sau incapacitatea de a utiliza materialele de pe Universo Fam\u00edlia, chiar dac\u0103 Universo Fam\u00edlia sau un reprezentant autorizat al Universo Fam\u00edlia a fost notificat verbal sau \u00een scris cu privire la posibilitatea unor astfel de daune. Deoarece unele jurisdic\u021bii nu permit limit\u0103ri ale garan\u021biilor implicite sau limit\u0103ri ale r\u0103spunderii pentru daune indirecte sau incidentale, este posibil ca aceste limit\u0103ri s\u0103 nu vi se aplice.<\/p>\n<h2>5. Precizia materialului<\/h2>\n<p>Materialele care apar pe site-ul Universo Fam\u00edlia ar putea include erori tehnice, tipografice sau fotografice. Universo Fam\u00edlia nu garanteaz\u0103 c\u0103 vreun material de pe site-ul s\u0103u web este corect, complet sau actual. Universo Fam\u00edlia \u00ee\u0219i rezerv\u0103 dreptul de a modifica materialele con\u021binute pe site-ul s\u0103u web \u00een orice moment, f\u0103r\u0103 notificare prealabil\u0103. Cu toate acestea, Universe Family nu \u00ee\u0219i asum\u0103 nicio obliga\u021bie de a actualiza materialele.<\/p>\n<h2>6. Linkuri<\/h2>\n<p>Universo Fam\u00edlia nu a verificat toate site-urile la care se face trimitere prin link c\u0103tre site-ul s\u0103u web \u0219i nu este responsabil\u0103 pentru con\u021binutul niciunuia dintre aceste site-uri. Includerea oric\u0103rui link nu implic\u0103 aprobarea site-ului de c\u0103tre Universo Fam\u00edlia. Utilizarea oric\u0103rui site linkat se face pe propriul risc al utilizatorului.<\/p>\n<h3>Modific\u0103ri<\/h3>\n<p>Universo Fam\u00edlia \u00ee\u0219i rezerv\u0103 dreptul de a revizui ace\u0219ti termeni \u0219i condi\u021bii pentru site-ul s\u0103u web \u00een orice moment, f\u0103r\u0103 notificare prealabil\u0103. Prin utilizarea acestui site web, sunte\u021bi de acord s\u0103 respecta\u021bi versiunea actual\u0103 a acestor Termeni \u0219i condi\u021bii.<\/p>\n<h3>Legea aplicabil\u0103<\/h3>\n<p>Ace\u0219ti termeni \u0219i condi\u021bii sunt guverna\u021bi \u0219i interpreta\u021bi \u00een conformitate cu legile Statelor Unite \u0219i v\u0103 supune\u021bi \u00een mod irevocabil jurisdic\u021biei exclusive a instan\u021belor din statul sau loca\u021bia respectiv\u0103.<\/p>","protected":false},"excerpt":{"rendered":"<p>1. T\u00e9rminos Al acceder al sitio web de Universo Familia, usted acepta cumplir con estos t\u00e9rminos de uso, as\u00ed como con todas las leyes y regulaciones aplicables. Asimismo, reconoce que es responsable de cumplir con la legislaci\u00f3n local vigente. Si no est\u00e1 de acuerdo con alguno de estos t\u00e9rminos, tiene prohibido utilizar o acceder a [&hellip;]<\/p>","protected":false},"author":139,"featured_media":0,"parent":0,"menu_order":0,"comment_status":"closed","ping_status":"closed","template":"page-nosidebar.php","meta":{"footnotes":""},"yoast_head":"<!-- This site is optimized with the Yoast SEO plugin v23.3 - https:\/\/yoast.com\/wordpress\/plugins\/seo\/ -->\n<title>Condiciones de uso - Universo Fam\u00edlia<\/title>\n<meta name=\"description\" content=\"Condiciones de uso\" \/>\n<meta name=\"robots\" content=\"index, follow, max-snippet:-1, max-image-preview:large, max-video-preview:-1\" \/>\n<link rel=\"canonical\" href=\"http:\/\/universofamilia.com\/ro\/condiciones-de-uso\/\" \/>\n<meta property=\"og:locale\" content=\"ro_RO\" \/>\n<meta property=\"og:type\" content=\"article\" \/>\n<meta property=\"og:title\" content=\"Condiciones de uso - Universo Fam\u00edlia\" \/>\n<meta property=\"og:description\" content=\"Condiciones de uso\" \/>\n<meta property=\"og:url\" content=\"http:\/\/universofamilia.com\/ro\/condiciones-de-uso\/\" \/>\n<meta property=\"og:site_name\" content=\"Universo Fam\u00edlia\" \/>\n<meta property=\"article:modified_time\" content=\"2026-03-18T18:10:50+00:00\" \/>\n<meta name=\"twitter:card\" content=\"summary_large_image\" \/>\n<meta name=\"twitter:label1\" content=\"Est. reading time\" \/>\n\t<meta name=\"twitter:data1\" content=\"4 minute\" \/>\n<script type=\"application\/ld+json\" class=\"yoast-schema-graph\">{\"@context\":\"https:\/\/schema.org\",\"@graph\":[{\"@type\":\"WebPage\",\"@id\":\"https:\/\/universofamilia.com\/condiciones-de-uso\/\",\"url\":\"https:\/\/universofamilia.com\/condiciones-de-uso\/\",\"name\":\"Condiciones de uso - Universo Fam\u00edlia\",\"isPartOf\":{\"@id\":\"https:\/\/universofamilia.com\/el\/#website\"},\"datePublished\":\"2023-05-26T20:33:14+00:00\",\"dateModified\":\"2026-03-18T18:10:50+00:00\",\"description\":\"Condiciones de uso\",\"breadcrumb\":{\"@id\":\"https:\/\/universofamilia.com\/condiciones-de-uso\/#breadcrumb\"},\"inLanguage\":\"ro-RO\",\"potentialAction\":[{\"@type\":\"ReadAction\",\"target\":[\"https:\/\/universofamilia.com\/condiciones-de-uso\/\"]}]},{\"@type\":\"BreadcrumbList\",\"@id\":\"https:\/\/universofamilia.com\/condiciones-de-uso\/#breadcrumb\",\"itemListElement\":[{\"@type\":\"ListItem\",\"position\":1,\"name\":\"Home\",\"item\":\"https:\/\/universofamilia.com\/el\/\"},{\"@type\":\"ListItem\",\"position\":2,\"name\":\"Condiciones de uso\"}]},{\"@type\":\"WebSite\",\"@id\":\"https:\/\/universofamilia.com\/el\/#website\",\"url\":\"https:\/\/universofamilia.com\/el\/\",\"name\":\"Universo Fam\u00edlia\",\"description\":\"\",\"potentialAction\":[{\"@type\":\"SearchAction\",\"target\":{\"@type\":\"EntryPoint\",\"urlTemplate\":\"https:\/\/universofamilia.com\/el\/?s={search_term_string}\"},\"query-input\":\"required name=search_term_string\"}],\"inLanguage\":\"ro-RO\"}]}<\/script>\n<!-- \/ Yoast SEO plugin. -->","yoast_head_json":{"title":"Condiciones de uso - Universo Fam\u00edlia","description":"Condiciones de uso","robots":{"index":"index","follow":"follow","max-snippet":"max-snippet:-1","max-image-preview":"max-image-preview:large","max-video-preview":"max-video-preview:-1"},"canonical":"http:\/\/universofamilia.com\/ro\/condiciones-de-uso\/","og_locale":"ro_RO","og_type":"article","og_title":"Condiciones de uso - Universo Fam\u00edlia","og_description":"Condiciones de uso","og_url":"http:\/\/universofamilia.com\/ro\/condiciones-de-uso\/","og_site_name":"Universo Fam\u00edlia","article_modified_time":"2026-03-18T18:10:50+00:00","twitter_card":"summary_large_image","twitter_misc":{"Est. reading time":"4 minute"},"schema":{"@context":"https:\/\/schema.org","@graph":[{"@type":"WebPage","@id":"https:\/\/universofamilia.com\/condiciones-de-uso\/","url":"https:\/\/universofamilia.com\/condiciones-de-uso\/","name":"Condiciones de uso - Universo Fam\u00edlia","isPartOf":{"@id":"https:\/\/universofamilia.com\/el\/#website"},"datePublished":"2023-05-26T20:33:14+00:00","dateModified":"2026-03-18T18:10:50+00:00","description":"Condiciones de uso","breadcrumb":{"@id":"https:\/\/universofamilia.com\/condiciones-de-uso\/#breadcrumb"},"inLanguage":"ro-RO","potentialAction":[{"@type":"ReadAction","target":["https:\/\/universofamilia.com\/condiciones-de-uso\/"]}]},{"@type":"BreadcrumbList","@id":"https:\/\/universofamilia.com\/condiciones-de-uso\/#breadcrumb","itemListElement":[{"@type":"ListItem","position":1,"name":"Home","item":"https:\/\/universofamilia.com\/el\/"},{"@type":"ListItem","position":2,"name":"Condiciones de uso"}]},{"@type":"WebSite","@id":"https:\/\/universofamilia.com\/el\/#website","url":"https:\/\/universofamilia.com\/el\/","name":"Universo Fam\u00edlia","description":"","potentialAction":[{"@type":"SearchAction","target":{"@type":"EntryPoint","urlTemplate":"https:\/\/universofamilia.com\/el\/?s={search_term_string}"},"query-input":"required name=search_term_string"}],"inLanguage":"ro-RO"}]}},"_links":{"self":[{"href":"http:\/\/universofamilia.com\/ro\/wp-json\/wp\/v2\/pages\/1961"}],"collection":[{"href":"http:\/\/universofamilia.com\/ro\/wp-json\/wp\/v2\/pages"}],"about":[{"href":"http:\/\/universofamilia.com\/ro\/wp-json\/wp\/v2\/types\/page"}],"author":[{"embeddable":true,"href":"http:\/\/universofamilia.com\/ro\/wp-json\/wp\/v2\/users\/139"}],"replies":[{"embeddable":true,"href":"http:\/\/universofamilia.com\/ro\/wp-json\/wp\/v2\/comments?post=1961"}],"version-history":[{"count":3,"href":"http:\/\/universofamilia.com\/ro\/wp-json\/wp\/v2\/pages\/1961\/revisions"}],"predecessor-version":[{"id":10550,"href":"http:\/\/universofamilia.com\/ro\/wp-json\/wp\/v2\/pages\/1961\/revisions\/10550"}],"wp:attachment":[{"href":"http:\/\/universofamilia.com\/ro\/wp-json\/wp\/v2\/media?parent=1961"}],"curies":[{"name":"wp","href":"https:\/\/api.w.org\/{rel}","templated":true}]}}