{"id":7944,"date":"2023-05-21T23:46:35","date_gmt":"2023-05-22T02:46:35","guid":{"rendered":"https:\/\/universofamilia.com\/?page_id=2"},"modified":"2025-11-04T11:43:55","modified_gmt":"2025-11-04T14:43:55","slug":"quienes-somos","status":"publish","type":"page","link":"http:\/\/universofamilia.com\/ro\/quienes-somos\/","title":{"rendered":"Cine suntem"},"content":{"rendered":"<p>\u00cen <strong>Universul familiei<\/strong>Credem c\u0103 cuno\u0219tin\u021bele \u0219i unitatea familial\u0103 pot transforma lumea. Suntem un spa\u021biu digital creat pentru a inspira, informa \u0219i sprijini familiile moderne \u00een via\u021ba lor de zi cu zi, oferind con\u021binut de calitate despre... <strong>Tehnologie, cariere \u0219i \u0219tiri care au impact asupra vie\u021bii reale<\/strong>.<\/p>\n\n\n\n<p>Scopul nostru este s\u0103 ajut\u0103m fiecare cititor s\u0103 descopere noi instrumente, idei \u0219i perspective care s\u0103 \u00eei u\u0219ureze via\u021ba, s\u0103 \u00eei \u00eembun\u0103t\u0103\u021beasc\u0103 bun\u0103starea \u0219i s\u0103 consolideze leg\u0103turile familiale, \u021bin\u00e2nd \u00een acela\u0219i timp pasul cu progresele lumii moderne.<\/p>\n\n\n\n<h2 class=\"wp-block-heading\"><strong>Misiunea noastr\u0103<\/strong><\/h2>\n\n\n\n<p>Misiunea noastr\u0103 este <strong>pentru a aduce mai aproape informa\u021bii utile \u0219i fiabile<\/strong> Ne propunem s\u0103 oferim informa\u021bii clare, accesibile \u0219i actualizate persoanelor de toate v\u00e2rstele. Ne dorim ca fiecare vizit\u0103 la Universo Familia s\u0103 fie o experien\u021b\u0103 \u00eembog\u0103\u021bitoare, \u00een care s\u0103 \u00eenve\u021bi ceva nou \u0219i s\u0103 g\u0103se\u0219ti motiva\u021bia de a-\u021bi atinge obiectivele personale \u0219i profesionale.<\/p>\n\n\n\n<h2 class=\"wp-block-heading\"><strong>Viziunea noastr\u0103<\/strong><\/h2>\n\n\n\n<p>S\u0103 fim una dintre cele mai de \u00eencredere comunit\u0103\u021bi digitale \u00een limba spaniol\u0103, unde familiile g\u0103sesc inspira\u021bie, solu\u021bii tehnologice, oportunit\u0103\u021bi de cre\u0219tere a locurilor de munc\u0103 \u0219i cele mai recente \u0219tiri care conteaz\u0103 cu adev\u0103rat.<br>Vrem s\u0103 fim prima ta surs\u0103 de informa\u021bii atunci c\u00e2nd cau\u021bi <strong>Cum s\u0103-\u021bi \u00eembun\u0103t\u0103\u021be\u0219ti via\u021ba cu ajutorul tehnologiei \u0219i educa\u021biei<\/strong>.<\/p>\n\n\n\n<h2 class=\"wp-block-heading\"><strong>Valorile noastre<\/strong><\/h2>\n\n\n\n<ul>\n<li><strong>Transparen\u0163\u0103:<\/strong> Public\u0103m con\u021binut verificat, cu surse de \u00eencredere \u0219i limbaj sincer.<\/li>\n\n\n\n<li><strong>Educa\u0163ie:<\/strong> Promov\u0103m \u00eenv\u0103\u021barea continu\u0103 prin instrumente tehnologice \u0219i sfaturi practice.<\/li>\n\n\n\n<li><strong>Apropiere:<\/strong> Vorbim pe un ton prietenos, uman, pe \u00een\u021belesul tuturor.<\/li>\n\n\n\n<li><strong>Inova\u0163ie:<\/strong> Credem \u00een puterea tehnologiei de a simplifica via\u021ba de zi cu zi.<\/li>\n\n\n\n<li><strong>Familial:<\/strong> Tot ceea ce facem izvor\u0103\u0219te din dragoste, respect \u0219i dorin\u021ba de a vedea familii cresc\u00e2nd \u00eempreun\u0103 \u0219i fericite.<\/li>\n<\/ul>\n\n\n\n<h2 class=\"wp-block-heading\"><strong>Ce ve\u021bi g\u0103si la Family Universe<\/strong><\/h2>\n\n\n\n<p>\u00cen sec\u021biunile noastre, ve\u021bi descoperi un univers de con\u021binut creat cu dedicare.<\/p>\n\n\n\n<h3 class=\"wp-block-heading\"><strong>Tehnologie<\/strong><\/h3>\n\n\n\n<p>Afl\u0103 cum noile instrumente digitale te pot ajuta s\u0103-\u021bi organizezi via\u021ba, s\u0103-\u021bi protejezi familia \u0219i s\u0103-\u021bi \u00eembun\u0103t\u0103\u021be\u0219ti productivitatea. De la aplica\u021bii utile la ghiduri practice pentru a profita la maximum de telefonul sau computerul t\u0103u.<\/p>\n\n\n\n<h3 class=\"wp-block-heading\"><strong>Carier\u0103<\/strong><\/h3>\n\n\n\n<p>\u00ce\u021bi oferim sfaturi \u0219i resurse pentru a te ajuta s\u0103 te dezvol\u021bi profesional. Descoper\u0103 cele mai bune platforme de \u00eenv\u0103\u021bare online, cum s\u0103 te preg\u0103te\u0219ti pentru interviuri \u0219i cum s\u0103 profi\u021bi de oportunit\u0103\u021bile de angajare din lumea digital\u0103.<\/p>\n\n\n\n<h3 class=\"wp-block-heading\"><strong>\u015etiri<\/strong><\/h3>\n\n\n\n<p>R\u0103m\u00e2i la curent cu cele mai recente \u0219tiri despre educa\u021bie, inova\u021bie, bun\u0103stare \u0219i tendin\u021be globale care au un impact direct asupra vie\u021bii de familie \u0219i profesionale.<\/p>\n\n\n\n<h2 class=\"wp-block-heading\"><strong>De ce exist\u0103m?<\/strong><\/h2>\n\n\n\n<p>Ne-am n\u0103scut cu un scop: <strong>creeaz\u0103 un spa\u021biu pozitiv, educativ \u0219i de \u00eencredere<\/strong>unde oricine poate g\u0103si inspira\u021bie \u0219i cuno\u0219tin\u021be practice.<br>Pentru c\u0103 noi credem c\u0103 <strong>O familie informat\u0103 \u0219i conectat\u0103 este o familie mai puternic\u0103<\/strong>\u0219i c\u0103 \u00eenv\u0103\u021barea continu\u0103 este cheia construirii unui viitor mai bun.<\/p>","protected":false},"excerpt":{"rendered":"<p>En Universo Familia, creemos que el conocimiento y la uni\u00f3n familiar pueden transformar el mundo. Somos un espacio digital creado para inspirar, informar y acompa\u00f1ar a las familias modernas en su d\u00eda a d\u00eda, brindando contenidos de calidad sobre tecnolog\u00eda, carrera profesional y noticias que impactan la vida real. Nuestro objetivo es ayudar a cada [&hellip;]<\/p>","protected":false},"author":139,"featured_media":1605,"parent":0,"menu_order":0,"comment_status":"closed","ping_status":"closed","template":"page-nosidebar.php","meta":{"footnotes":""},"yoast_head":"<!-- This site is optimized with the Yoast SEO plugin v23.3 - https:\/\/yoast.com\/wordpress\/plugins\/seo\/ -->\n<title>Qui\u00e9nes somos - Universo Fam\u00edlia<\/title>\n<meta name=\"description\" content=\"Qui\u00e9nes somos\" \/>\n<meta name=\"robots\" content=\"index, follow, max-snippet:-1, max-image-preview:large, max-video-preview:-1\" \/>\n<link rel=\"canonical\" href=\"http:\/\/universofamilia.com\/ro\/quienes-somos\/\" \/>\n<meta property=\"og:locale\" content=\"ro_RO\" \/>\n<meta property=\"og:type\" content=\"article\" \/>\n<meta property=\"og:title\" content=\"Qui\u00e9nes somos - Universo Fam\u00edlia\" \/>\n<meta property=\"og:description\" content=\"Qui\u00e9nes somos\" \/>\n<meta property=\"og:url\" content=\"http:\/\/universofamilia.com\/ro\/quienes-somos\/\" \/>\n<meta property=\"og:site_name\" content=\"Universo Fam\u00edlia\" \/>\n<meta property=\"article:modified_time\" content=\"2025-11-04T14:43:55+00:00\" \/>\n<meta property=\"og:image\" content=\"https:\/\/universofamilia.com\/wp-content\/uploads\/sites\/148\/2023\/05\/universo-familia-sobre-familia-2.png\" \/>\n\t<meta property=\"og:image:width\" content=\"550\" \/>\n\t<meta property=\"og:image:height\" content=\"350\" \/>\n\t<meta property=\"og:image:type\" content=\"image\/png\" \/>\n<meta name=\"twitter:card\" content=\"summary_large_image\" \/>\n<meta name=\"twitter:label1\" content=\"Est. reading time\" \/>\n\t<meta name=\"twitter:data1\" content=\"3 minute\" \/>\n<script type=\"application\/ld+json\" class=\"yoast-schema-graph\">{\"@context\":\"https:\/\/schema.org\",\"@graph\":[{\"@type\":\"WebPage\",\"@id\":\"https:\/\/universofamilia.com\/quienes-somos\/\",\"url\":\"https:\/\/universofamilia.com\/quienes-somos\/\",\"name\":\"Qui\u00e9nes somos - Universo Fam\u00edlia\",\"isPartOf\":{\"@id\":\"https:\/\/universofamilia.com\/el\/#website\"},\"primaryImageOfPage\":{\"@id\":\"https:\/\/universofamilia.com\/quienes-somos\/#primaryimage\"},\"image\":{\"@id\":\"https:\/\/universofamilia.com\/quienes-somos\/#primaryimage\"},\"thumbnailUrl\":\"http:\/\/universofamilia.com\/wp-content\/uploads\/sites\/148\/2023\/05\/universo-familia-sobre-familia-2.png\",\"datePublished\":\"2023-05-22T02:46:35+00:00\",\"dateModified\":\"2025-11-04T14:43:55+00:00\",\"description\":\"Qui\u00e9nes somos\",\"breadcrumb\":{\"@id\":\"https:\/\/universofamilia.com\/quienes-somos\/#breadcrumb\"},\"inLanguage\":\"ro-RO\",\"potentialAction\":[{\"@type\":\"ReadAction\",\"target\":[\"https:\/\/universofamilia.com\/quienes-somos\/\"]}]},{\"@type\":\"ImageObject\",\"inLanguage\":\"ro-RO\",\"@id\":\"https:\/\/universofamilia.com\/quienes-somos\/#primaryimage\",\"url\":\"http:\/\/universofamilia.com\/wp-content\/uploads\/sites\/148\/2023\/05\/universo-familia-sobre-familia-2.png\",\"contentUrl\":\"http:\/\/universofamilia.com\/wp-content\/uploads\/sites\/148\/2023\/05\/universo-familia-sobre-familia-2.png\",\"width\":550,\"height\":350},{\"@type\":\"BreadcrumbList\",\"@id\":\"https:\/\/universofamilia.com\/quienes-somos\/#breadcrumb\",\"itemListElement\":[{\"@type\":\"ListItem\",\"position\":1,\"name\":\"Home\",\"item\":\"https:\/\/universofamilia.com\/el\/\"},{\"@type\":\"ListItem\",\"position\":2,\"name\":\"Qui\u00e9nes somos\"}]},{\"@type\":\"WebSite\",\"@id\":\"https:\/\/universofamilia.com\/el\/#website\",\"url\":\"https:\/\/universofamilia.com\/el\/\",\"name\":\"Universo Fam\u00edlia\",\"description\":\"\",\"potentialAction\":[{\"@type\":\"SearchAction\",\"target\":{\"@type\":\"EntryPoint\",\"urlTemplate\":\"https:\/\/universofamilia.com\/el\/?s={search_term_string}\"},\"query-input\":\"required name=search_term_string\"}],\"inLanguage\":\"ro-RO\"}]}<\/script>\n<!-- \/ Yoast SEO plugin. -->","yoast_head_json":{"title":"Qui\u00e9nes somos - Universo Fam\u00edlia","description":"Qui\u00e9nes somos","robots":{"index":"index","follow":"follow","max-snippet":"max-snippet:-1","max-image-preview":"max-image-preview:large","max-video-preview":"max-video-preview:-1"},"canonical":"http:\/\/universofamilia.com\/ro\/quienes-somos\/","og_locale":"ro_RO","og_type":"article","og_title":"Qui\u00e9nes somos - Universo Fam\u00edlia","og_description":"Qui\u00e9nes somos","og_url":"http:\/\/universofamilia.com\/ro\/quienes-somos\/","og_site_name":"Universo Fam\u00edlia","article_modified_time":"2025-11-04T14:43:55+00:00","og_image":[{"width":550,"height":350,"url":"https:\/\/universofamilia.com\/wp-content\/uploads\/sites\/148\/2023\/05\/universo-familia-sobre-familia-2.png","type":"image\/png"}],"twitter_card":"summary_large_image","twitter_misc":{"Est. reading time":"3 minute"},"schema":{"@context":"https:\/\/schema.org","@graph":[{"@type":"WebPage","@id":"https:\/\/universofamilia.com\/quienes-somos\/","url":"https:\/\/universofamilia.com\/quienes-somos\/","name":"Qui\u00e9nes somos - Universo Fam\u00edlia","isPartOf":{"@id":"https:\/\/universofamilia.com\/el\/#website"},"primaryImageOfPage":{"@id":"https:\/\/universofamilia.com\/quienes-somos\/#primaryimage"},"image":{"@id":"https:\/\/universofamilia.com\/quienes-somos\/#primaryimage"},"thumbnailUrl":"http:\/\/universofamilia.com\/wp-content\/uploads\/sites\/148\/2023\/05\/universo-familia-sobre-familia-2.png","datePublished":"2023-05-22T02:46:35+00:00","dateModified":"2025-11-04T14:43:55+00:00","description":"Qui\u00e9nes somos","breadcrumb":{"@id":"https:\/\/universofamilia.com\/quienes-somos\/#breadcrumb"},"inLanguage":"ro-RO","potentialAction":[{"@type":"ReadAction","target":["https:\/\/universofamilia.com\/quienes-somos\/"]}]},{"@type":"ImageObject","inLanguage":"ro-RO","@id":"https:\/\/universofamilia.com\/quienes-somos\/#primaryimage","url":"http:\/\/universofamilia.com\/wp-content\/uploads\/sites\/148\/2023\/05\/universo-familia-sobre-familia-2.png","contentUrl":"http:\/\/universofamilia.com\/wp-content\/uploads\/sites\/148\/2023\/05\/universo-familia-sobre-familia-2.png","width":550,"height":350},{"@type":"BreadcrumbList","@id":"https:\/\/universofamilia.com\/quienes-somos\/#breadcrumb","itemListElement":[{"@type":"ListItem","position":1,"name":"Home","item":"https:\/\/universofamilia.com\/el\/"},{"@type":"ListItem","position":2,"name":"Qui\u00e9nes somos"}]},{"@type":"WebSite","@id":"https:\/\/universofamilia.com\/el\/#website","url":"https:\/\/universofamilia.com\/el\/","name":"Universo Fam\u00edlia","description":"","potentialAction":[{"@type":"SearchAction","target":{"@type":"EntryPoint","urlTemplate":"https:\/\/universofamilia.com\/el\/?s={search_term_string}"},"query-input":"required name=search_term_string"}],"inLanguage":"ro-RO"}]}},"_links":{"self":[{"href":"http:\/\/universofamilia.com\/ro\/wp-json\/wp\/v2\/pages\/7944"}],"collection":[{"href":"http:\/\/universofamilia.com\/ro\/wp-json\/wp\/v2\/pages"}],"about":[{"href":"http:\/\/universofamilia.com\/ro\/wp-json\/wp\/v2\/types\/page"}],"author":[{"embeddable":true,"href":"http:\/\/universofamilia.com\/ro\/wp-json\/wp\/v2\/users\/139"}],"replies":[{"embeddable":true,"href":"http:\/\/universofamilia.com\/ro\/wp-json\/wp\/v2\/comments?post=7944"}],"version-history":[{"count":3,"href":"http:\/\/universofamilia.com\/ro\/wp-json\/wp\/v2\/pages\/7944\/revisions"}],"predecessor-version":[{"id":10273,"href":"http:\/\/universofamilia.com\/ro\/wp-json\/wp\/v2\/pages\/7944\/revisions\/10273"}],"wp:featuredmedia":[{"embeddable":true,"href":"http:\/\/universofamilia.com\/ro\/wp-json\/wp\/v2\/media\/1605"}],"wp:attachment":[{"href":"http:\/\/universofamilia.com\/ro\/wp-json\/wp\/v2\/media?parent=7944"}],"curies":[{"name":"wp","href":"https:\/\/api.w.org\/{rel}","templated":true}]}}