{"id":7945,"date":"2023-05-21T23:46:35","date_gmt":"2023-05-21T23:46:35","guid":{"rendered":"https:\/\/universofamilia.com\/?page_id=3"},"modified":"2026-03-18T15:04:39","modified_gmt":"2026-03-18T18:04:39","slug":"politica-de-privacidad","status":"publish","type":"page","link":"http:\/\/universofamilia.com\/ro\/politica-de-confidentialitate\/","title":{"rendered":"Politica de confiden\u021bialitate"},"content":{"rendered":"<p>Confiden\u021bialitatea dumneavoastr\u0103 este important\u0103 pentru noi. Politica Universo Familia este de a respecta confiden\u021bialitatea dumneavoastr\u0103 cu privire la orice informa\u021bii pe care le putem colecta de la dumneavoastr\u0103 pe site-ul Universo Familia \u0219i pe alte site-uri pe care le de\u021binem \u0219i le oper\u0103m.<\/p>\n\n\n\n<p>Solicit\u0103m informa\u021bii personale doar atunci c\u00e2nd avem cu adev\u0103rat nevoie de ele pentru a v\u0103 oferi un serviciu. Facem acest lucru prin mijloace corecte \u0219i legale, cu cuno\u0219tin\u021bele \u0219i consim\u021b\u0103m\u00e2ntul dumneavoastr\u0103. De asemenea, v\u0103 inform\u0103m de ce le colect\u0103m \u0219i cum vor fi utilizate.<\/p>\n\n\n\n<p>P\u0103str\u0103m informa\u021biile colectate doar at\u00e2t timp c\u00e2t este necesar pentru a furniza serviciul solicitat. Atunci c\u00e2nd stoc\u0103m date, le protej\u0103m folosind mijloace acceptabile din punct de vedere comercial pentru a preveni pierderea \u0219i furtul, precum \u0219i accesul, divulgarea, copierea, utilizarea sau modificarea neautorizat\u0103.<\/p>\n\n\n\n<p>Nu \u00eemp\u0103rt\u0103\u0219im informa\u021bii personale de identificare public sau cu ter\u021be p\u0103r\u021bi, cu excep\u021bia cazurilor \u00een care legea o impune.<\/p>\n\n\n\n<p>Site-ul nostru poate con\u021bine link-uri c\u0103tre site-uri externe care nu sunt operate de noi. V\u0103 rug\u0103m s\u0103 re\u021bine\u021bi c\u0103 nu avem control asupra con\u021binutului sau practicilor acestor site-uri \u0219i nu ne putem asuma responsabilitatea pentru politicile lor de confiden\u021bialitate respective.<\/p>\n\n\n\n<p>Sunte\u021bi liber s\u0103 refuza\u021bi solicitarea noastr\u0103 de informa\u021bii personale, \u00een\u021beleg\u00e2nd c\u0103 este posibil s\u0103 nu v\u0103 putem oferi unele dintre serviciile dorite.<\/p>\n\n\n\n<p>Utilizarea \u00een continuare a site-ului nostru va fi considerat\u0103 o acceptare a practicilor noastre de confiden\u021bialitate \u0219i informa\u021bii personale. Dac\u0103 ave\u021bi \u00eentreb\u0103ri despre modul \u00een care gestion\u0103m datele utilizatorilor \u0219i informa\u021biile personale, ne pute\u021bi contacta.<\/p>\n\n\n\n<p><strong>Respectarea Legii generale privind protec\u021bia datelor (LGPD)<\/strong><\/p>\n\n\n\n<p>\u00cen conformitate cu Legea general\u0103 privind protec\u021bia datelor cu caracter personal din Brazilia (LGPD \u2013 Legea nr. 13.709\/2018), garant\u0103m c\u0103 prelucrarea datelor cu caracter personal ale utilizatorilor se efectueaz\u0103 \u00eentr-un mod transparent, sigur \u0219i \u00een scopuri legitime.<\/p>\n\n\n\n<p>Utilizatorul are dreptul s\u0103:<\/p>\n\n\n\n<p>Confirma\u021bi existen\u021ba prelucr\u0103rii datelor dumneavoastr\u0103<\/p>\n\n\n\n<p>Accesa\u021bi datele dumneavoastr\u0103 personale<\/p>\n\n\n\n<p>Corectarea datelor incomplete, inexacte sau \u00eenvechite<\/p>\n\n\n\n<p>Solicita\u021bi anonimizarea, blocarea sau \u0219tergerea datelor inutile<\/p>\n\n\n\n<p>Solicita\u021bi portabilitatea datelor dumneavoastr\u0103<\/p>\n\n\n\n<p>Retrage\u021bi consim\u021b\u0103m\u00e2ntul \u00een orice moment<\/p>\n\n\n\n<p>Ob\u021bine\u021bi informa\u021bii despre cu cine partaj\u0103m datele dvs.<\/p>\n\n\n\n<p>Pentru a exercita oricare dintre aceste drepturi, utilizatorul ne poate contacta prin canalele disponibile pe site.<\/p>\n\n\n\n<p>Prelucr\u0103m datele cu caracter personal numai atunci c\u00e2nd exist\u0103 un temei juridic valid, cum ar fi consim\u021b\u0103m\u00e2ntul utilizatorului, respectarea obliga\u021biilor legale sau executarea serviciilor solicitate, precum \u0219i interesul legitim, acolo unde este cazul, \u0219i respect\u00e2nd drepturile utilizatorului.<\/p>\n\n\n\n<p><strong>Utilizarea cookie-urilor<\/strong><\/p>\n\n\n\n<p>Folosim cookie-uri pentru a \u00eembun\u0103t\u0103\u021bi experien\u021ba utilizatorului \u0219i a oferi con\u021binut personalizat.<\/p>\n\n\n\n<p>Aceste cookie-uri pot include:<\/p>\n\n\n\n<ul>\n<li>Cookie-uri esen\u021biale pentru func\u021bionarea site-ului<\/li>\n\n\n\n<li>Cookie-uri analitice pentru a \u00een\u021belege comportamentul utilizatorilor<\/li>\n\n\n\n<li>Cookie-uri publicitare pentru afi\u0219area de reclame relevante<\/li>\n<\/ul>\n\n\n\n<p>Utilizatorul poate gestiona sau dezactiva cookie-urile \u00een set\u0103rile browserului s\u0103u \u00een orice moment.<\/p>\n\n\n\n<p><strong>Google AdSense \u0219i publicitatea<\/strong><\/p>\n\n\n\n<p>Serviciul Google AdSense pe care \u00eel folosim pentru afi\u0219area reclamelor folose\u0219te un cookie DoubleClick pentru a difuza reclame mai relevante pe web \u0219i pentru a limita num\u0103rul de afi\u0219\u0103ri ale aceleia\u0219i reclame utilizatorului.<\/p>\n\n\n\n<p>Pentru mai multe informa\u021bii despre Google AdSense, consulta\u021bi \u00centreb\u0103rile frecvente oficiale privind confiden\u021bialitatea Google AdSense.<\/p>\n\n\n\n<p>Folosim reclame pentru a compensa costurile de operare ale acestui site \u0219i pentru a oferi finan\u021bare pentru dezvoltarea viitoare. Cookie-urile de publicitate comportamental\u0103 utilizate pe acest site sunt concepute pentru a v\u0103 asigura c\u0103 primi\u021bi cele mai relevante reclame posibile, urm\u0103rind anonim interesele dvs. \u0219i afi\u0219\u00e2ndu-v\u0103 con\u021binut similar care v-ar putea interesa.<\/p>\n\n\n\n<p><strong>Transfer interna\u021bional de date<\/strong><\/p>\n\n\n\n<p>Datele personale pot fi transferate \u0219i stocate pe servere situate \u00een afara \u021b\u0103rii utilizatorului, inclusiv \u00een Statele Unite, \u00een special atunci c\u00e2nd utiliz\u0103m servicii ter\u021be, cum ar fi Google.<\/p>\n\n\n\n<p>Prin utilizarea acestui site, utilizatorul accept\u0103 acest transfer, care se efectueaz\u0103 cu m\u0103suri de securitate adecvate \u0219i \u00een conformitate cu legisla\u021bia aplicabil\u0103.<\/p>\n\n\n\n<p><strong>Afilia\u021bi \u0219i ter\u021bi<\/strong><\/p>\n\n\n\n<p>Mai mul\u021bi parteneri fac reclam\u0103 \u00een numele nostru, iar cookie-urile de urm\u0103rire a afilierii ne permit pur \u0219i simplu s\u0103 vedem dac\u0103 clien\u021bii no\u0219tri au accesat site-ul prin intermediul unuia dintre site-urile partenerilor no\u0219tri, astfel \u00eenc\u00e2t s\u0103 le putem acorda credit \u00een mod corespunz\u0103tor \u0219i, acolo unde este cazul, s\u0103 permitem partenerilor no\u0219tri afilia\u021bi s\u0103 ofere promo\u021bii care v\u0103 pot oferi beneficii la efectuarea unei achizi\u021bii.<\/p>\n\n\n\n<p><strong>Angajamentul utilizatorului<\/strong><\/p>\n\n\n\n<p>Utilizatorul este de acord s\u0103 utilizeze \u00een mod corespunz\u0103tor con\u021binutul \u0219i informa\u021biile pe care Universo Familia le ofer\u0103 pe site, inclusiv, dar f\u0103r\u0103 a se limita la:<\/p>\n\n\n\n<p>A) S\u0103 nu participe la activit\u0103\u021bi ilegale sau contrare bunei-credin\u021be \u0219i ordinii publice<\/p>\n\n\n\n<p>B) Nu difuza\u021bi propagand\u0103 sau con\u021binut cu caracter rasist, xenofob, jocuri de noroc, orice tip de pornografie ilegal\u0103, apologie a terorismului sau con\u021binut care \u00eencalc\u0103 drepturile omului.<\/p>\n\n\n\n<p>C) S\u0103 nu provoace daune sistemelor fizice (hardware) \u0219i logice (software) ale Universo Familia, furnizorilor s\u0103i sau ter\u021bilor, nici s\u0103 introduc\u0103 sau s\u0103 r\u0103sp\u00e2ndeasc\u0103 viru\u0219i informatici sau orice alt sistem care poate provoca daune.<\/p>\n\n\n\n<p><strong>Informa\u021bii suplimentare<\/strong><\/p>\n\n\n\n<p>Sper\u0103m c\u0103 este clar \u0219i, a\u0219a cum am men\u021bionat anterior, dac\u0103 exist\u0103 ceva ce nu e\u0219ti sigur, este, \u00een general, mai sigur s\u0103 la\u0219i cookie-urile activate \u00een cazul \u00een care interac\u021bionezi cu oricare dintre func\u021biile pe care le utilizezi pe site-ul nostru.<\/p>\n\n\n\n<p><strong>Data expir\u0103rii<\/strong><\/p>\n\n\n\n<p>Aceast\u0103 politic\u0103 este \u00een vigoare de la <strong>18 martie 2026, 17:53<\/strong>.<\/p>","protected":false},"excerpt":{"rendered":"<p>Tu privacidad es importante para nosotros. Es pol\u00edtica de Universo Familia respetar tu privacidad en relaci\u00f3n con cualquier informaci\u00f3n tuya que podamos recopilar en el sitio web Universo Familia y en otros sitios que poseemos y operamos. Solicitamos informaci\u00f3n personal \u00fanicamente cuando realmente la necesitamos para brindarte un servicio. Lo hacemos por medios justos y [&hellip;]<\/p>","protected":false},"author":139,"featured_media":0,"parent":0,"menu_order":0,"comment_status":"closed","ping_status":"closed","template":"page-nosidebar.php","meta":{"footnotes":""},"yoast_head":"<!-- This site is optimized with the Yoast SEO plugin v23.3 - https:\/\/yoast.com\/wordpress\/plugins\/seo\/ -->\n<title>Pol\u00edtica de Privacidad - Universo Fam\u00edlia<\/title>\n<meta name=\"description\" content=\"Pol\u00edtica Privacidade\" \/>\n<meta name=\"robots\" content=\"index, follow, max-snippet:-1, max-image-preview:large, max-video-preview:-1\" \/>\n<link rel=\"canonical\" href=\"http:\/\/universofamilia.com\/ro\/politica-de-confidentialitate\/\" \/>\n<meta property=\"og:locale\" content=\"ro_RO\" \/>\n<meta property=\"og:type\" content=\"article\" \/>\n<meta property=\"og:title\" content=\"Pol\u00edtica de Privacidad - Universo Fam\u00edlia\" \/>\n<meta property=\"og:description\" content=\"Pol\u00edtica Privacidade\" \/>\n<meta property=\"og:url\" content=\"http:\/\/universofamilia.com\/ro\/politica-de-confidentialitate\/\" \/>\n<meta property=\"og:site_name\" content=\"Universo Fam\u00edlia\" \/>\n<meta property=\"article:modified_time\" content=\"2026-03-18T18:04:39+00:00\" \/>\n<meta name=\"twitter:card\" content=\"summary_large_image\" \/>\n<meta name=\"twitter:label1\" content=\"Est. reading time\" \/>\n\t<meta name=\"twitter:data1\" content=\"5 minute\" \/>\n<script type=\"application\/ld+json\" class=\"yoast-schema-graph\">{\"@context\":\"https:\/\/schema.org\",\"@graph\":[{\"@type\":\"WebPage\",\"@id\":\"https:\/\/universofamilia.com\/politica-de-privacidad\/\",\"url\":\"https:\/\/universofamilia.com\/politica-de-privacidad\/\",\"name\":\"Pol\u00edtica de Privacidad - Universo Fam\u00edlia\",\"isPartOf\":{\"@id\":\"https:\/\/universofamilia.com\/el\/#website\"},\"datePublished\":\"2023-05-21T23:46:35+00:00\",\"dateModified\":\"2026-03-18T18:04:39+00:00\",\"description\":\"Pol\u00edtica Privacidade\",\"breadcrumb\":{\"@id\":\"https:\/\/universofamilia.com\/politica-de-privacidad\/#breadcrumb\"},\"inLanguage\":\"ro-RO\",\"potentialAction\":[{\"@type\":\"ReadAction\",\"target\":[\"https:\/\/universofamilia.com\/politica-de-privacidad\/\"]}]},{\"@type\":\"BreadcrumbList\",\"@id\":\"https:\/\/universofamilia.com\/politica-de-privacidad\/#breadcrumb\",\"itemListElement\":[{\"@type\":\"ListItem\",\"position\":1,\"name\":\"Home\",\"item\":\"https:\/\/universofamilia.com\/el\/\"},{\"@type\":\"ListItem\",\"position\":2,\"name\":\"Pol\u00edtica de Privacidad\"}]},{\"@type\":\"WebSite\",\"@id\":\"https:\/\/universofamilia.com\/el\/#website\",\"url\":\"https:\/\/universofamilia.com\/el\/\",\"name\":\"Universo Fam\u00edlia\",\"description\":\"\",\"potentialAction\":[{\"@type\":\"SearchAction\",\"target\":{\"@type\":\"EntryPoint\",\"urlTemplate\":\"https:\/\/universofamilia.com\/el\/?s={search_term_string}\"},\"query-input\":\"required name=search_term_string\"}],\"inLanguage\":\"ro-RO\"}]}<\/script>\n<!-- \/ Yoast SEO plugin. -->","yoast_head_json":{"title":"Pol\u00edtica de Privacidad - Universo Fam\u00edlia","description":"Pol\u00edtica Privacidade","robots":{"index":"index","follow":"follow","max-snippet":"max-snippet:-1","max-image-preview":"max-image-preview:large","max-video-preview":"max-video-preview:-1"},"canonical":"http:\/\/universofamilia.com\/ro\/politica-de-confidentialitate\/","og_locale":"ro_RO","og_type":"article","og_title":"Pol\u00edtica de Privacidad - Universo Fam\u00edlia","og_description":"Pol\u00edtica Privacidade","og_url":"http:\/\/universofamilia.com\/ro\/politica-de-confidentialitate\/","og_site_name":"Universo Fam\u00edlia","article_modified_time":"2026-03-18T18:04:39+00:00","twitter_card":"summary_large_image","twitter_misc":{"Est. reading time":"5 minute"},"schema":{"@context":"https:\/\/schema.org","@graph":[{"@type":"WebPage","@id":"https:\/\/universofamilia.com\/politica-de-privacidad\/","url":"https:\/\/universofamilia.com\/politica-de-privacidad\/","name":"Pol\u00edtica de Privacidad - Universo Fam\u00edlia","isPartOf":{"@id":"https:\/\/universofamilia.com\/el\/#website"},"datePublished":"2023-05-21T23:46:35+00:00","dateModified":"2026-03-18T18:04:39+00:00","description":"Pol\u00edtica Privacidade","breadcrumb":{"@id":"https:\/\/universofamilia.com\/politica-de-privacidad\/#breadcrumb"},"inLanguage":"ro-RO","potentialAction":[{"@type":"ReadAction","target":["https:\/\/universofamilia.com\/politica-de-privacidad\/"]}]},{"@type":"BreadcrumbList","@id":"https:\/\/universofamilia.com\/politica-de-privacidad\/#breadcrumb","itemListElement":[{"@type":"ListItem","position":1,"name":"Home","item":"https:\/\/universofamilia.com\/el\/"},{"@type":"ListItem","position":2,"name":"Pol\u00edtica de Privacidad"}]},{"@type":"WebSite","@id":"https:\/\/universofamilia.com\/el\/#website","url":"https:\/\/universofamilia.com\/el\/","name":"Universo Fam\u00edlia","description":"","potentialAction":[{"@type":"SearchAction","target":{"@type":"EntryPoint","urlTemplate":"https:\/\/universofamilia.com\/el\/?s={search_term_string}"},"query-input":"required name=search_term_string"}],"inLanguage":"ro-RO"}]}},"_links":{"self":[{"href":"http:\/\/universofamilia.com\/ro\/wp-json\/wp\/v2\/pages\/7945"}],"collection":[{"href":"http:\/\/universofamilia.com\/ro\/wp-json\/wp\/v2\/pages"}],"about":[{"href":"http:\/\/universofamilia.com\/ro\/wp-json\/wp\/v2\/types\/page"}],"author":[{"embeddable":true,"href":"http:\/\/universofamilia.com\/ro\/wp-json\/wp\/v2\/users\/139"}],"replies":[{"embeddable":true,"href":"http:\/\/universofamilia.com\/ro\/wp-json\/wp\/v2\/comments?post=7945"}],"version-history":[{"count":5,"href":"http:\/\/universofamilia.com\/ro\/wp-json\/wp\/v2\/pages\/7945\/revisions"}],"predecessor-version":[{"id":10548,"href":"http:\/\/universofamilia.com\/ro\/wp-json\/wp\/v2\/pages\/7945\/revisions\/10548"}],"wp:attachment":[{"href":"http:\/\/universofamilia.com\/ro\/wp-json\/wp\/v2\/media?parent=7945"}],"curies":[{"name":"wp","href":"https:\/\/api.w.org\/{rel}","templated":true}]}}