{"id":1961,"date":"2023-05-26T20:33:14","date_gmt":"2023-05-26T20:33:14","guid":{"rendered":"https:\/\/universofamilia.com\/?page_id=1961"},"modified":"2026-03-18T15:10:50","modified_gmt":"2026-03-18T18:10:50","slug":"condiciones-de-uso","status":"publish","type":"page","link":"http:\/\/universofamilia.com\/sk\/condiciones-de-uso\/","title":{"rendered":"Podmienky pou\u017e\u00edvania"},"content":{"rendered":"<h2>1. Podmienky<\/h2>\n<p data-start=\"199\" data-end=\"430\">Pri pr\u00edstupe na webov\u00fa str\u00e1nku <a href=\"http:\/\/universofamilia.com\/sk\/\">Rodinn\u00fd vesm\u00edr<\/a>Pou\u017e\u00edvan\u00edm tejto slu\u017eby s\u00fahlas\u00edte s dodr\u017eiavan\u00edm t\u00fdchto podmienok pou\u017e\u00edvania, ako aj v\u0161etk\u00fdch platn\u00fdch z\u00e1konov a nariaden\u00ed. Taktie\u017e beriete na vedomie, \u017ee ste zodpovedn\u00ed za dodr\u017eiavanie v\u0161etk\u00fdch platn\u00fdch miestnych z\u00e1konov.<\/p>\n<p data-start=\"432\" data-end=\"532\">Ak nes\u00fahlas\u00edte s niektorou z t\u00fdchto podmienok, je v\u00e1m zak\u00e1zan\u00e9 pou\u017e\u00edva\u0165 t\u00fato str\u00e1nku alebo k nej pristupova\u0165.<\/p>\n<p data-start=\"534\" data-end=\"672\">Obsah a materi\u00e1ly dostupn\u00e9 na tejto str\u00e1nke s\u00fa chr\u00e1nen\u00e9 platn\u00fdmi autorsk\u00fdmi pr\u00e1vami a z\u00e1konmi o ochrann\u00fdch zn\u00e1mkach.<\/p>\n<h2>2. Pou\u017e\u00edvanie licencie<\/h2>\n<p>Ude\u013euje sa povolenie na do\u010dasn\u00e9 stiahnutie jednej k\u00f3pie materi\u00e1lov (inform\u00e1ci\u00ed alebo softv\u00e9ru) z webovej str\u00e1nky Universo Fam\u00edlia len na osobn\u00e9, nekomer\u010dn\u00e9 a prechodn\u00e9 prezeranie. Ide o udelenie licencie, nie o prevod vlastn\u00edctva, a na z\u00e1klade tejto licencie nesmiete:<\/p>\n<ol>\n<li>upravova\u0165 alebo kop\u00edrova\u0165 materi\u00e1ly;<\/li>\n<li>pou\u017e\u00edva\u0165 materi\u00e1ly na ak\u00fdko\u013evek komer\u010dn\u00fd \u00fa\u010del alebo na verejn\u00e9 vystavenie (komer\u010dn\u00e9 alebo nekomer\u010dn\u00e9);<\/li>\n<li>pok\u00fa\u0161a\u0165 sa dekompilova\u0165 alebo sp\u00e4tne analyzova\u0165 ak\u00fdko\u013evek softv\u00e9r nach\u00e1dzaj\u00faci sa na webovej str\u00e1nke Universo Fam\u00edlia;<\/li>\n<li>odstr\u00e1ni\u0165 z materi\u00e1lov ak\u00e9ko\u013evek autorsk\u00e9 pr\u00e1va alebo in\u00e9 vlastn\u00edcke pozn\u00e1mky; alebo<\/li>\n<li>prenies\u0165 materi\u00e1ly na in\u00fa osobu alebo \u201ezrkadli\u0165\u201c materi\u00e1ly na akomko\u013evek inom serveri.<\/li>\n<\/ol>\n<p>T\u00e1to licencia sa automaticky skon\u010d\u00ed, ak poru\u0161\u00edte ktor\u00e9ko\u013evek z t\u00fdchto obmedzen\u00ed, a Universo Fam\u00edlia ju m\u00f4\u017ee kedyko\u013evek ukon\u010di\u0165. Po ukon\u010den\u00ed prezerania t\u00fdchto materi\u00e1lov alebo po ukon\u010den\u00ed tejto licencie mus\u00edte vymaza\u0165 v\u0161etky stiahnut\u00e9 materi\u00e1ly, ktor\u00e9 vlastn\u00edte, \u010di u\u017e v elektronickej alebo tla\u010denej forme.<\/p>\n<h2>3. Vyhl\u00e1senie o odmietnut\u00ed zodpovednosti<\/h2>\n<ol>\n<li>Materi\u00e1ly na webovej str\u00e1nke Universe Family s\u00fa poskytovan\u00e9 \u201etak, ako s\u00fa\u201c. Universe Family neposkytuje \u017eiadne z\u00e1ruky, v\u00fdslovn\u00e9 ani implicitn\u00e9, a t\u00fdmto sa zrieka a neguje v\u0161etky ostatn\u00e9 z\u00e1ruky vr\u00e1tane, okrem in\u00e9ho, implicitn\u00fdch z\u00e1ruk alebo podmienok predajnosti, vhodnosti na konkr\u00e9tny \u00fa\u010del alebo neporu\u0161enia du\u0161evn\u00e9ho vlastn\u00edctva alebo in\u00e9ho poru\u0161enia pr\u00e1v.<\/li>\n<li>Okrem toho, Universo Fam\u00edlia nezaru\u010duje ani neposkytuje \u017eiadne vyhl\u00e1senia t\u00fdkaj\u00face sa presnosti, pravdepodobn\u00fdch v\u00fdsledkov alebo spo\u013eahlivosti pou\u017eitia materi\u00e1lov na svojej webovej str\u00e1nke alebo inak s\u00favisiacich s tak\u00fdmito materi\u00e1lmi alebo na ak\u00fdchko\u013evek str\u00e1nkach prepojen\u00fdch s touto str\u00e1nkou.<\/li>\n<\/ol>\n<h2>4. Obmedzenia<\/h2>\n<p>Spolo\u010dnos\u0165 Universo Fam\u00edlia ani jej dod\u00e1vatelia v \u017eiadnom pr\u00edpade nenes\u00fa zodpovednos\u0165 za \u017eiadne \u0161kody (vr\u00e1tane, okrem in\u00e9ho, \u0161k\u00f4d sp\u00f4soben\u00fdch stratou \u00fadajov alebo zisku alebo \u0161k\u00f4d sp\u00f4soben\u00fdch preru\u0161en\u00edm podnikania) vypl\u00fdvaj\u00face z pou\u017e\u00edvania alebo neschopnosti pou\u017e\u00edva\u0165 materi\u00e1ly na str\u00e1nke Universo Fam\u00edlia, a to ani v pr\u00edpade, \u017ee spolo\u010dnos\u0165 Universo Fam\u00edlia alebo opr\u00e1vnen\u00fd z\u00e1stupca spolo\u010dnosti Universo Fam\u00edlia boli \u00fastne alebo p\u00edsomne upozornen\u00ed na mo\u017enos\u0165 vzniku takejto \u0161kody. Ke\u010f\u017ee niektor\u00e9 jurisdikcie nepovo\u013euj\u00fa obmedzenia implicitn\u00fdch z\u00e1ruk ani obmedzenia zodpovednosti za n\u00e1sledn\u00e9 alebo n\u00e1hodn\u00e9 \u0161kody, tieto obmedzenia sa na v\u00e1s nemusia vz\u0165ahova\u0165.<\/p>\n<h2>5. Presnos\u0165 materi\u00e1lu<\/h2>\n<p>Materi\u00e1ly zobrazen\u00e9 na webovej str\u00e1nke Universo Fam\u00edlia m\u00f4\u017eu obsahova\u0165 technick\u00e9, typografick\u00e9 alebo fotografick\u00e9 chyby. Universo Fam\u00edlia nezaru\u010duje, \u017ee ak\u00e9ko\u013evek materi\u00e1ly na jej webovej str\u00e1nke s\u00fa presn\u00e9, \u00fapln\u00e9 alebo aktu\u00e1lne. Universo Fam\u00edlia m\u00f4\u017ee kedyko\u013evek bez predch\u00e1dzaj\u00faceho upozornenia vykona\u0165 zmeny v materi\u00e1loch uveden\u00fdch na jej webovej str\u00e1nke. Universe Family sa v\u0161ak nezav\u00e4zuje materi\u00e1ly aktualizova\u0165.<\/p>\n<h2>6. Odkazy<\/h2>\n<p>Universo Fam\u00edlia nepresk\u00famala v\u0161etky str\u00e1nky prepojen\u00e9 s jej webovou str\u00e1nkou a nezodpoved\u00e1 za obsah \u017eiadnej z tak\u00fdchto prepojen\u00fdch str\u00e1nok. Zahrnutie ak\u00e9hoko\u013evek odkazu neznamen\u00e1 schv\u00e1lenie str\u00e1nky spolo\u010dnos\u0165ou Universo Fam\u00edlia. Pou\u017e\u00edvanie akejko\u013evek prepojenej str\u00e1nky je na vlastn\u00e9 riziko pou\u017e\u00edvate\u013ea.<\/p>\n<h3>\u00dapravy<\/h3>\n<p>Spolo\u010dnos\u0165 Universo Fam\u00edlia m\u00f4\u017ee kedyko\u013evek bez predch\u00e1dzaj\u00faceho upozornenia zmeni\u0165 tieto podmienky pou\u017e\u00edvania webovej str\u00e1nky. Pou\u017e\u00edvan\u00edm tejto webovej str\u00e1nky s\u00fahlas\u00edte s t\u00fdm, \u017ee budete viazan\u00ed aktu\u00e1lnou verziou t\u00fdchto podmienok pou\u017e\u00edvania.<\/p>\n<h3>Rozhodn\u00e9 pr\u00e1vo<\/h3>\n<p>Tieto zmluvn\u00e9 podmienky sa riadia a vykladaj\u00fa v s\u00falade so z\u00e1konmi Spojen\u00fdch \u0161t\u00e1tov a neodvolate\u013ene sa podria\u010fujete v\u00fdlu\u010dnej jurisdikcii s\u00fadov v danom \u0161t\u00e1te alebo lokalite.<\/p>","protected":false},"excerpt":{"rendered":"<p>1. T\u00e9rminos Al acceder al sitio web de Universo Familia, usted acepta cumplir con estos t\u00e9rminos de uso, as\u00ed como con todas las leyes y regulaciones aplicables. Asimismo, reconoce que es responsable de cumplir con la legislaci\u00f3n local vigente. Si no est\u00e1 de acuerdo con alguno de estos t\u00e9rminos, tiene prohibido utilizar o acceder a [&hellip;]<\/p>","protected":false},"author":139,"featured_media":0,"parent":0,"menu_order":0,"comment_status":"closed","ping_status":"closed","template":"page-nosidebar.php","meta":{"footnotes":""},"yoast_head":"<!-- This site is optimized with the Yoast SEO plugin v23.3 - https:\/\/yoast.com\/wordpress\/plugins\/seo\/ -->\n<title>Condiciones de uso - Universo Fam\u00edlia<\/title>\n<meta name=\"description\" content=\"Condiciones de uso\" \/>\n<meta name=\"robots\" content=\"index, follow, max-snippet:-1, max-image-preview:large, max-video-preview:-1\" \/>\n<link rel=\"canonical\" href=\"http:\/\/universofamilia.com\/sk\/condiciones-de-uso\/\" \/>\n<meta property=\"og:locale\" content=\"sk_SK\" \/>\n<meta property=\"og:type\" content=\"article\" \/>\n<meta property=\"og:title\" content=\"Condiciones de uso - Universo Fam\u00edlia\" \/>\n<meta property=\"og:description\" content=\"Condiciones de uso\" \/>\n<meta property=\"og:url\" content=\"http:\/\/universofamilia.com\/sk\/condiciones-de-uso\/\" \/>\n<meta property=\"og:site_name\" content=\"Universo Fam\u00edlia\" \/>\n<meta property=\"article:modified_time\" content=\"2026-03-18T18:10:50+00:00\" \/>\n<meta name=\"twitter:card\" content=\"summary_large_image\" \/>\n<meta name=\"twitter:label1\" content=\"Est. reading time\" \/>\n\t<meta name=\"twitter:data1\" content=\"4 min\u00faty\" \/>\n<script type=\"application\/ld+json\" class=\"yoast-schema-graph\">{\"@context\":\"https:\/\/schema.org\",\"@graph\":[{\"@type\":\"WebPage\",\"@id\":\"https:\/\/universofamilia.com\/condiciones-de-uso\/\",\"url\":\"https:\/\/universofamilia.com\/condiciones-de-uso\/\",\"name\":\"Condiciones de uso - Universo Fam\u00edlia\",\"isPartOf\":{\"@id\":\"https:\/\/universofamilia.com\/el\/#website\"},\"datePublished\":\"2023-05-26T20:33:14+00:00\",\"dateModified\":\"2026-03-18T18:10:50+00:00\",\"description\":\"Condiciones de uso\",\"breadcrumb\":{\"@id\":\"https:\/\/universofamilia.com\/condiciones-de-uso\/#breadcrumb\"},\"inLanguage\":\"sk-SK\",\"potentialAction\":[{\"@type\":\"ReadAction\",\"target\":[\"https:\/\/universofamilia.com\/condiciones-de-uso\/\"]}]},{\"@type\":\"BreadcrumbList\",\"@id\":\"https:\/\/universofamilia.com\/condiciones-de-uso\/#breadcrumb\",\"itemListElement\":[{\"@type\":\"ListItem\",\"position\":1,\"name\":\"Home\",\"item\":\"https:\/\/universofamilia.com\/el\/\"},{\"@type\":\"ListItem\",\"position\":2,\"name\":\"Condiciones de uso\"}]},{\"@type\":\"WebSite\",\"@id\":\"https:\/\/universofamilia.com\/el\/#website\",\"url\":\"https:\/\/universofamilia.com\/el\/\",\"name\":\"Universo Fam\u00edlia\",\"description\":\"\",\"potentialAction\":[{\"@type\":\"SearchAction\",\"target\":{\"@type\":\"EntryPoint\",\"urlTemplate\":\"https:\/\/universofamilia.com\/el\/?s={search_term_string}\"},\"query-input\":\"required name=search_term_string\"}],\"inLanguage\":\"sk-SK\"}]}<\/script>\n<!-- \/ Yoast SEO plugin. -->","yoast_head_json":{"title":"Condiciones de uso - Universo Fam\u00edlia","description":"Condiciones de uso","robots":{"index":"index","follow":"follow","max-snippet":"max-snippet:-1","max-image-preview":"max-image-preview:large","max-video-preview":"max-video-preview:-1"},"canonical":"http:\/\/universofamilia.com\/sk\/condiciones-de-uso\/","og_locale":"sk_SK","og_type":"article","og_title":"Condiciones de uso - Universo Fam\u00edlia","og_description":"Condiciones de uso","og_url":"http:\/\/universofamilia.com\/sk\/condiciones-de-uso\/","og_site_name":"Universo Fam\u00edlia","article_modified_time":"2026-03-18T18:10:50+00:00","twitter_card":"summary_large_image","twitter_misc":{"Est. reading time":"4 min\u00faty"},"schema":{"@context":"https:\/\/schema.org","@graph":[{"@type":"WebPage","@id":"https:\/\/universofamilia.com\/condiciones-de-uso\/","url":"https:\/\/universofamilia.com\/condiciones-de-uso\/","name":"Condiciones de uso - Universo Fam\u00edlia","isPartOf":{"@id":"https:\/\/universofamilia.com\/el\/#website"},"datePublished":"2023-05-26T20:33:14+00:00","dateModified":"2026-03-18T18:10:50+00:00","description":"Condiciones de uso","breadcrumb":{"@id":"https:\/\/universofamilia.com\/condiciones-de-uso\/#breadcrumb"},"inLanguage":"sk-SK","potentialAction":[{"@type":"ReadAction","target":["https:\/\/universofamilia.com\/condiciones-de-uso\/"]}]},{"@type":"BreadcrumbList","@id":"https:\/\/universofamilia.com\/condiciones-de-uso\/#breadcrumb","itemListElement":[{"@type":"ListItem","position":1,"name":"Home","item":"https:\/\/universofamilia.com\/el\/"},{"@type":"ListItem","position":2,"name":"Condiciones de uso"}]},{"@type":"WebSite","@id":"https:\/\/universofamilia.com\/el\/#website","url":"https:\/\/universofamilia.com\/el\/","name":"Universo Fam\u00edlia","description":"","potentialAction":[{"@type":"SearchAction","target":{"@type":"EntryPoint","urlTemplate":"https:\/\/universofamilia.com\/el\/?s={search_term_string}"},"query-input":"required name=search_term_string"}],"inLanguage":"sk-SK"}]}},"_links":{"self":[{"href":"http:\/\/universofamilia.com\/sk\/wp-json\/wp\/v2\/pages\/1961"}],"collection":[{"href":"http:\/\/universofamilia.com\/sk\/wp-json\/wp\/v2\/pages"}],"about":[{"href":"http:\/\/universofamilia.com\/sk\/wp-json\/wp\/v2\/types\/page"}],"author":[{"embeddable":true,"href":"http:\/\/universofamilia.com\/sk\/wp-json\/wp\/v2\/users\/139"}],"replies":[{"embeddable":true,"href":"http:\/\/universofamilia.com\/sk\/wp-json\/wp\/v2\/comments?post=1961"}],"version-history":[{"count":3,"href":"http:\/\/universofamilia.com\/sk\/wp-json\/wp\/v2\/pages\/1961\/revisions"}],"predecessor-version":[{"id":10550,"href":"http:\/\/universofamilia.com\/sk\/wp-json\/wp\/v2\/pages\/1961\/revisions\/10550"}],"wp:attachment":[{"href":"http:\/\/universofamilia.com\/sk\/wp-json\/wp\/v2\/media?parent=1961"}],"curies":[{"name":"wp","href":"https:\/\/api.w.org\/{rel}","templated":true}]}}