{"id":7944,"date":"2023-05-21T23:46:35","date_gmt":"2023-05-22T02:46:35","guid":{"rendered":"https:\/\/universofamilia.com\/?page_id=2"},"modified":"2025-11-04T11:43:55","modified_gmt":"2025-11-04T14:43:55","slug":"quienes-somos","status":"publish","type":"page","link":"http:\/\/universofamilia.com\/sk\/quienes-somos\/","title":{"rendered":"Kto sme"},"content":{"rendered":"<p>V <strong>Rodinn\u00fd vesm\u00edr<\/strong>Ver\u00edme, \u017ee vedomosti a jednota rodiny m\u00f4\u017eu zmeni\u0165 svet. Sme digit\u00e1lny priestor vytvoren\u00fd s cie\u013eom in\u0161pirova\u0165, informova\u0165 a podporova\u0165 modern\u00e9 rodiny v ich ka\u017edodennom \u017eivote a poskytova\u0165 kvalitn\u00fd obsah o... <strong>Technol\u00f3gia, kari\u00e9rne dr\u00e1hy a spr\u00e1vy, ktor\u00e9 ovplyv\u0148uj\u00fa skuto\u010dn\u00fd \u017eivot<\/strong>.<\/p>\n\n\n\n<p>Na\u0161\u00edm cie\u013eom je pom\u00f4c\u0165 ka\u017ed\u00e9mu \u010ditate\u013eovi objavi\u0165 nov\u00e9 n\u00e1stroje, n\u00e1pady a perspekt\u00edvy, ktor\u00e9 mu u\u013eah\u010dia \u017eivot, zlep\u0161ia jeho blahobyt a posilnia rodinn\u00e9 v\u00e4zby, a z\u00e1rove\u0148 dr\u017ea\u0165 krok s pokrokom modern\u00e9ho sveta.<\/p>\n\n\n\n<h2 class=\"wp-block-heading\"><strong>Na\u0161e poslanie<\/strong><\/h2>\n\n\n\n<p>Na\u0161ou misiou je <strong>pribl\u00ed\u017ei\u0165 u\u017eito\u010dn\u00e9 a spo\u013eahliv\u00e9 inform\u00e1cie<\/strong> Na\u0161\u00edm cie\u013eom je poskytova\u0165 jasn\u00e9, dostupn\u00e9 a aktu\u00e1lne inform\u00e1cie \u013eu\u010fom v\u0161etk\u00fdch vekov\u00fdch kateg\u00f3ri\u00ed. Chceme, aby ka\u017ed\u00e1 n\u00e1v\u0161teva Universo Familia bola obohacuj\u00facim z\u00e1\u017eitkom, kde sa nau\u010d\u00edte nie\u010do nov\u00e9 a n\u00e1jdete motiv\u00e1ciu na dosiahnutie svojich osobn\u00fdch a profesion\u00e1lnych cie\u013eov.<\/p>\n\n\n\n<h2 class=\"wp-block-heading\"><strong>Na\u0161a v\u00edzia<\/strong><\/h2>\n\n\n\n<p>By\u0165 jednou z najd\u00f4veryhodnej\u0161\u00edch digit\u00e1lnych komun\u00edt v \u0161paniel\u010dine, kde rodiny nach\u00e1dzaj\u00fa in\u0161pir\u00e1ciu, technologick\u00e9 rie\u0161enia, pr\u00edle\u017eitosti na kari\u00e9rny rast a najnov\u0161ie spr\u00e1vy, na ktor\u00fdch skuto\u010dne z\u00e1le\u017e\u00ed.<br>Chceme by\u0165 va\u0161\u00edm prv\u00fdm zdrojom inform\u00e1ci\u00ed pri vyh\u013ead\u00e1van\u00ed <strong>Ako si zlep\u0161i\u0165 \u017eivot pomocou technol\u00f3gi\u00ed a vzdel\u00e1vania<\/strong>.<\/p>\n\n\n\n<h2 class=\"wp-block-heading\"><strong>Na\u0161e hodnoty<\/strong><\/h2>\n\n\n\n<ul>\n<li><strong>Transparentnos\u0165:<\/strong> Publikujeme overen\u00fd obsah so spo\u013eahliv\u00fdmi zdrojmi a \u00faprimn\u00fdm jazykom.<\/li>\n\n\n\n<li><strong>Vzdelanie:<\/strong> Podporujeme neust\u00e1le vzdel\u00e1vanie prostredn\u00edctvom technologick\u00fdch n\u00e1strojov a praktick\u00fdch r\u00e1d.<\/li>\n\n\n\n<li><strong>Bl\u00edzkos\u0165:<\/strong> Hovor\u00edme priate\u013esk\u00fdm, \u013eudsk\u00fdm t\u00f3nom, ktor\u00e9mu rozumie ka\u017ed\u00fd.<\/li>\n\n\n\n<li><strong>Inov\u00e1cia:<\/strong> Ver\u00edme v silu technol\u00f3gi\u00ed zjednodu\u0161i\u0165 ka\u017edodenn\u00fd \u017eivot.<\/li>\n\n\n\n<li><strong>Rodina:<\/strong> V\u0161etko, \u010do rob\u00edme, pramen\u00ed z l\u00e1sky, \u00facty a t\u00fa\u017eby vidie\u0165 rodiny r\u00e1s\u0165 spolu a by\u0165 \u0161\u0165astn\u00e9.<\/li>\n<\/ul>\n\n\n\n<h2 class=\"wp-block-heading\"><strong>\u010co n\u00e1jdete vo Family Universe<\/strong><\/h2>\n\n\n\n<p>V na\u0161ich sekci\u00e1ch objav\u00edte vesm\u00edr obsahu vytvoren\u00e9ho s nad\u0161en\u00edm.<\/p>\n\n\n\n<h3 class=\"wp-block-heading\"><strong>Technol\u00f3gia<\/strong><\/h3>\n\n\n\n<p>Zistite, ako v\u00e1m nov\u00e9 digit\u00e1lne n\u00e1stroje m\u00f4\u017eu pom\u00f4c\u0165 zorganizova\u0165 si \u017eivot, chr\u00e1ni\u0165 rodinu a zlep\u0161i\u0165 produktivitu. Od u\u017eito\u010dn\u00fdch aplik\u00e1ci\u00ed a\u017e po praktick\u00e9 n\u00e1vody, ako \u010do najlep\u0161ie vyu\u017ei\u0165 svoj telef\u00f3n alebo po\u010d\u00edta\u010d.<\/p>\n\n\n\n<h3 class=\"wp-block-heading\"><strong>Kari\u00e9ra<\/strong><\/h3>\n\n\n\n<p>Pon\u00fakame tipy a zdroje, ktor\u00e9 v\u00e1m pom\u00f4\u017eu profesion\u00e1lne r\u00e1s\u0165. Objavte najlep\u0161ie online vzdel\u00e1vacie platformy, ako sa pripravi\u0165 na pohovory a ako vyu\u017ei\u0165 pracovn\u00e9 pr\u00edle\u017eitosti v digit\u00e1lnom svete.<\/p>\n\n\n\n<h3 class=\"wp-block-heading\"><strong>Spr\u00e1vy<\/strong><\/h3>\n\n\n\n<p>Zosta\u0148te informovan\u00ed o najnov\u0161\u00edch spr\u00e1vach zo sveta vzdel\u00e1vania, inov\u00e1ci\u00ed, blahobytu a glob\u00e1lnych trendov, ktor\u00e9 priamo ovplyv\u0148uj\u00fa rodinn\u00fd a profesion\u00e1lny \u017eivot.<\/p>\n\n\n\n<h2 class=\"wp-block-heading\"><strong>Pre\u010do existujeme?<\/strong><\/h2>\n\n\n\n<p>Narodili sme sa s cie\u013eom: <strong>vytvori\u0165 pozit\u00edvny, vzdel\u00e1vac\u00ed a d\u00f4veryhodn\u00fd priestor<\/strong>kde ka\u017ed\u00fd n\u00e1jde in\u0161pir\u00e1ciu a praktick\u00e9 znalosti.<br>Preto\u017ee ver\u00edme, \u017ee <strong>Informovan\u00e1 a prepojen\u00e1 rodina je silnej\u0161ia rodina<\/strong>a \u017ee neust\u00e1le vzdel\u00e1vanie je k\u013e\u00fa\u010dom k budovaniu lep\u0161ej bud\u00facnosti.<\/p>","protected":false},"excerpt":{"rendered":"<p>V Universo Familia ver\u00edme, \u017ee vedomosti a jednota rodiny m\u00f4\u017eu zmeni\u0165 svet. Sme digit\u00e1lny priestor vytvoren\u00fd s cie\u013eom in\u0161pirova\u0165, informova\u0165 a podporova\u0165 modern\u00e9 rodiny v ich ka\u017edodennom \u017eivote a poskytova\u0165 kvalitn\u00fd obsah o technol\u00f3gi\u00e1ch, kari\u00e9re a spr\u00e1vach, ktor\u00e9 ovplyv\u0148uj\u00fa skuto\u010dn\u00fd \u017eivot. Na\u0161\u00edm cie\u013eom je pom\u00f4c\u0165 ka\u017edej rodine [\u2026]<\/p>","protected":false},"author":139,"featured_media":1605,"parent":0,"menu_order":0,"comment_status":"closed","ping_status":"closed","template":"page-nosidebar.php","meta":{"footnotes":""},"yoast_head":"<!-- This site is optimized with the Yoast SEO plugin v23.3 - https:\/\/yoast.com\/wordpress\/plugins\/seo\/ -->\n<title>Qui\u00e9nes somos - Universo Fam\u00edlia<\/title>\n<meta name=\"description\" content=\"Qui\u00e9nes somos\" \/>\n<meta name=\"robots\" content=\"index, follow, max-snippet:-1, max-image-preview:large, max-video-preview:-1\" \/>\n<link rel=\"canonical\" href=\"http:\/\/universofamilia.com\/sk\/quienes-somos\/\" \/>\n<meta property=\"og:locale\" content=\"sk_SK\" \/>\n<meta property=\"og:type\" content=\"article\" \/>\n<meta property=\"og:title\" content=\"Qui\u00e9nes somos - Universo Fam\u00edlia\" \/>\n<meta property=\"og:description\" content=\"Qui\u00e9nes somos\" \/>\n<meta property=\"og:url\" content=\"http:\/\/universofamilia.com\/sk\/quienes-somos\/\" \/>\n<meta property=\"og:site_name\" content=\"Universo Fam\u00edlia\" \/>\n<meta property=\"article:modified_time\" content=\"2025-11-04T14:43:55+00:00\" \/>\n<meta property=\"og:image\" content=\"https:\/\/universofamilia.com\/wp-content\/uploads\/sites\/148\/2023\/05\/universo-familia-sobre-familia-2.png\" \/>\n\t<meta property=\"og:image:width\" content=\"550\" \/>\n\t<meta property=\"og:image:height\" content=\"350\" \/>\n\t<meta property=\"og:image:type\" content=\"image\/png\" \/>\n<meta name=\"twitter:card\" content=\"summary_large_image\" \/>\n<meta name=\"twitter:label1\" content=\"Est. reading time\" \/>\n\t<meta name=\"twitter:data1\" content=\"3 min\u00faty\" \/>\n<script type=\"application\/ld+json\" class=\"yoast-schema-graph\">{\"@context\":\"https:\/\/schema.org\",\"@graph\":[{\"@type\":\"WebPage\",\"@id\":\"https:\/\/universofamilia.com\/quienes-somos\/\",\"url\":\"https:\/\/universofamilia.com\/quienes-somos\/\",\"name\":\"Qui\u00e9nes somos - Universo Fam\u00edlia\",\"isPartOf\":{\"@id\":\"https:\/\/universofamilia.com\/el\/#website\"},\"primaryImageOfPage\":{\"@id\":\"https:\/\/universofamilia.com\/quienes-somos\/#primaryimage\"},\"image\":{\"@id\":\"https:\/\/universofamilia.com\/quienes-somos\/#primaryimage\"},\"thumbnailUrl\":\"http:\/\/universofamilia.com\/wp-content\/uploads\/sites\/148\/2023\/05\/universo-familia-sobre-familia-2.png\",\"datePublished\":\"2023-05-22T02:46:35+00:00\",\"dateModified\":\"2025-11-04T14:43:55+00:00\",\"description\":\"Qui\u00e9nes somos\",\"breadcrumb\":{\"@id\":\"https:\/\/universofamilia.com\/quienes-somos\/#breadcrumb\"},\"inLanguage\":\"sk-SK\",\"potentialAction\":[{\"@type\":\"ReadAction\",\"target\":[\"https:\/\/universofamilia.com\/quienes-somos\/\"]}]},{\"@type\":\"ImageObject\",\"inLanguage\":\"sk-SK\",\"@id\":\"https:\/\/universofamilia.com\/quienes-somos\/#primaryimage\",\"url\":\"http:\/\/universofamilia.com\/wp-content\/uploads\/sites\/148\/2023\/05\/universo-familia-sobre-familia-2.png\",\"contentUrl\":\"http:\/\/universofamilia.com\/wp-content\/uploads\/sites\/148\/2023\/05\/universo-familia-sobre-familia-2.png\",\"width\":550,\"height\":350},{\"@type\":\"BreadcrumbList\",\"@id\":\"https:\/\/universofamilia.com\/quienes-somos\/#breadcrumb\",\"itemListElement\":[{\"@type\":\"ListItem\",\"position\":1,\"name\":\"Home\",\"item\":\"https:\/\/universofamilia.com\/el\/\"},{\"@type\":\"ListItem\",\"position\":2,\"name\":\"Qui\u00e9nes somos\"}]},{\"@type\":\"WebSite\",\"@id\":\"https:\/\/universofamilia.com\/el\/#website\",\"url\":\"https:\/\/universofamilia.com\/el\/\",\"name\":\"Universo Fam\u00edlia\",\"description\":\"\",\"potentialAction\":[{\"@type\":\"SearchAction\",\"target\":{\"@type\":\"EntryPoint\",\"urlTemplate\":\"https:\/\/universofamilia.com\/el\/?s={search_term_string}\"},\"query-input\":\"required name=search_term_string\"}],\"inLanguage\":\"sk-SK\"}]}<\/script>\n<!-- \/ Yoast SEO plugin. -->","yoast_head_json":{"title":"Qui\u00e9nes somos - Universo Fam\u00edlia","description":"Qui\u00e9nes somos","robots":{"index":"index","follow":"follow","max-snippet":"max-snippet:-1","max-image-preview":"max-image-preview:large","max-video-preview":"max-video-preview:-1"},"canonical":"http:\/\/universofamilia.com\/sk\/quienes-somos\/","og_locale":"sk_SK","og_type":"article","og_title":"Qui\u00e9nes somos - Universo Fam\u00edlia","og_description":"Qui\u00e9nes somos","og_url":"http:\/\/universofamilia.com\/sk\/quienes-somos\/","og_site_name":"Universo Fam\u00edlia","article_modified_time":"2025-11-04T14:43:55+00:00","og_image":[{"width":550,"height":350,"url":"https:\/\/universofamilia.com\/wp-content\/uploads\/sites\/148\/2023\/05\/universo-familia-sobre-familia-2.png","type":"image\/png"}],"twitter_card":"summary_large_image","twitter_misc":{"Est. reading time":"3 min\u00faty"},"schema":{"@context":"https:\/\/schema.org","@graph":[{"@type":"WebPage","@id":"https:\/\/universofamilia.com\/quienes-somos\/","url":"https:\/\/universofamilia.com\/quienes-somos\/","name":"Qui\u00e9nes somos - Universo Fam\u00edlia","isPartOf":{"@id":"https:\/\/universofamilia.com\/el\/#website"},"primaryImageOfPage":{"@id":"https:\/\/universofamilia.com\/quienes-somos\/#primaryimage"},"image":{"@id":"https:\/\/universofamilia.com\/quienes-somos\/#primaryimage"},"thumbnailUrl":"http:\/\/universofamilia.com\/wp-content\/uploads\/sites\/148\/2023\/05\/universo-familia-sobre-familia-2.png","datePublished":"2023-05-22T02:46:35+00:00","dateModified":"2025-11-04T14:43:55+00:00","description":"Qui\u00e9nes somos","breadcrumb":{"@id":"https:\/\/universofamilia.com\/quienes-somos\/#breadcrumb"},"inLanguage":"sk-SK","potentialAction":[{"@type":"ReadAction","target":["https:\/\/universofamilia.com\/quienes-somos\/"]}]},{"@type":"ImageObject","inLanguage":"sk-SK","@id":"https:\/\/universofamilia.com\/quienes-somos\/#primaryimage","url":"http:\/\/universofamilia.com\/wp-content\/uploads\/sites\/148\/2023\/05\/universo-familia-sobre-familia-2.png","contentUrl":"http:\/\/universofamilia.com\/wp-content\/uploads\/sites\/148\/2023\/05\/universo-familia-sobre-familia-2.png","width":550,"height":350},{"@type":"BreadcrumbList","@id":"https:\/\/universofamilia.com\/quienes-somos\/#breadcrumb","itemListElement":[{"@type":"ListItem","position":1,"name":"Home","item":"https:\/\/universofamilia.com\/el\/"},{"@type":"ListItem","position":2,"name":"Qui\u00e9nes somos"}]},{"@type":"WebSite","@id":"https:\/\/universofamilia.com\/el\/#website","url":"https:\/\/universofamilia.com\/el\/","name":"Universo Fam\u00edlia","description":"","potentialAction":[{"@type":"SearchAction","target":{"@type":"EntryPoint","urlTemplate":"https:\/\/universofamilia.com\/el\/?s={search_term_string}"},"query-input":"required name=search_term_string"}],"inLanguage":"sk-SK"}]}},"_links":{"self":[{"href":"http:\/\/universofamilia.com\/sk\/wp-json\/wp\/v2\/pages\/7944"}],"collection":[{"href":"http:\/\/universofamilia.com\/sk\/wp-json\/wp\/v2\/pages"}],"about":[{"href":"http:\/\/universofamilia.com\/sk\/wp-json\/wp\/v2\/types\/page"}],"author":[{"embeddable":true,"href":"http:\/\/universofamilia.com\/sk\/wp-json\/wp\/v2\/users\/139"}],"replies":[{"embeddable":true,"href":"http:\/\/universofamilia.com\/sk\/wp-json\/wp\/v2\/comments?post=7944"}],"version-history":[{"count":3,"href":"http:\/\/universofamilia.com\/sk\/wp-json\/wp\/v2\/pages\/7944\/revisions"}],"predecessor-version":[{"id":10273,"href":"http:\/\/universofamilia.com\/sk\/wp-json\/wp\/v2\/pages\/7944\/revisions\/10273"}],"wp:featuredmedia":[{"embeddable":true,"href":"http:\/\/universofamilia.com\/sk\/wp-json\/wp\/v2\/media\/1605"}],"wp:attachment":[{"href":"http:\/\/universofamilia.com\/sk\/wp-json\/wp\/v2\/media?parent=7944"}],"curies":[{"name":"wp","href":"https:\/\/api.w.org\/{rel}","templated":true}]}}