{"id":7944,"date":"2023-05-21T23:46:35","date_gmt":"2023-05-22T02:46:35","guid":{"rendered":"https:\/\/universofamilia.com\/?page_id=2"},"modified":"2025-11-04T11:43:55","modified_gmt":"2025-11-04T14:43:55","slug":"quienes-somos","status":"publish","type":"page","link":"http:\/\/universofamilia.com\/zh\/\u6211\u5011\u662f\u8ab0\/","title":{"rendered":"\u6211\u5011\u662f\u8ab0"},"content":{"rendered":"<p>\u5728 <strong>\u5bb6\u5ead\u5b87\u5b99<\/strong>\u6211\u5011\u76f8\u4fe1\u77e5\u8b58\u548c\u5bb6\u5ead\u5718\u7d50\u80fd\u5920\u6539\u8b8a\u4e16\u754c\u3002\u6211\u5011\u662f\u4e00\u500b\u65e8\u5728\u555f\u767c\u3001\u544a\u77e5\u548c\u652f\u6301\u73fe\u4ee3\u5bb6\u5ead\u65e5\u5e38\u751f\u6d3b\u7684\u6578\u4f4d\u5e73\u53f0\uff0c\u63d0\u4f9b\u95dc\u65bc\u5bb6\u5ead\u7684\u512a\u8cea\u5167\u5bb9\u3002 <strong>\u79d1\u6280\u3001\u8077\u696d\u9053\u8def\u4ee5\u53ca\u5f71\u97ff\u73fe\u5be6\u751f\u6d3b\u7684\u65b0\u805e<\/strong>.<\/p>\n\n\n\n<p>\u6211\u5011\u7684\u76ee\u6a19\u662f\u5e6b\u52a9\u6bcf\u4f4d\u8b80\u8005\u767c\u73fe\u65b0\u7684\u5de5\u5177\u3001\u60f3\u6cd5\u548c\u8996\u89d2\uff0c\u4f7f\u4ed6\u5011\u7684\u751f\u6d3b\u66f4\u8f15\u9b06\uff0c\u6539\u5584\u4ed6\u5011\u7684\u5e78\u798f\u611f\uff0c\u52a0\u5f37\u5bb6\u5ead\u95dc\u4fc2\uff0c\u540c\u6642\u8ddf\u4e0a\u73fe\u4ee3\u4e16\u754c\u7684\u9032\u6b65\u3002<\/p>\n\n\n\n<h2 class=\"wp-block-heading\"><strong>\u6211\u5011\u7684\u4f7f\u547d<\/strong><\/h2>\n\n\n\n<p>\u6211\u5011\u7684\u4f7f\u547d\u662f <strong>\u62c9\u8fd1\u6709\u7528\u53ef\u9760\u7684\u4fe1\u606f<\/strong> \u6211\u5011\u7684\u76ee\u6a19\u662f\u70ba\u6240\u6709\u5e74\u9f61\u5c64\u7684\u4eba\u63d0\u4f9b\u6e05\u6670\u3001\u6613\u61c2\u4e14\u6700\u65b0\u7684\u8cc7\u8a0a\u3002\u6211\u5011\u5e0c\u671b\u60a8\u6bcf\u6b21\u9020\u8a2aUniverso Familia\u90fd\u80fd\u7372\u5f97\u8c50\u5bcc\u7684\u9ad4\u9a57\uff0c\u5b78\u7fd2\u65b0\u77e5\u8b58\uff0c\u4e26\u627e\u5230\u5be6\u73fe\u500b\u4eba\u548c\u8077\u696d\u76ee\u6a19\u7684\u52d5\u529b\u3002<\/p>\n\n\n\n<h2 class=\"wp-block-heading\"><strong>\u6211\u5011\u7684\u9858\u666f<\/strong><\/h2>\n\n\n\n<p>\u6210\u70ba\u897f\u73ed\u7259\u8a9e\u4e16\u754c\u6700\u503c\u5f97\u4fe1\u8cf4\u7684\u6578\u4f4d\u793e\u7fa4\u4e4b\u4e00\uff0c\u8b93\u5bb6\u5ead\u80fd\u5920\u5728\u9019\u88e1\u627e\u5230\u9748\u611f\u3001\u6280\u8853\u89e3\u6c7a\u65b9\u6848\u3001\u5c31\u696d\u6210\u9577\u6a5f\u6703\u4ee5\u53ca\u771f\u6b63\u91cd\u8981\u7684\u6700\u65b0\u8cc7\u8a0a\u3002<br>\u6211\u5011\u5e0c\u671b\u6210\u70ba\u60a8\u641c\u5c0b\u8cc7\u8a0a\u6642\u7684\u9996\u9078\u4f86\u6e90\u3002 <strong>\u5982\u4f55\u85c9\u52a9\u79d1\u6280\u548c\u6559\u80b2\u6539\u5584\u751f\u6d3b<\/strong>.<\/p>\n\n\n\n<h2 class=\"wp-block-heading\"><strong>\u6211\u5011\u7684\u50f9\u503c\u89c0<\/strong><\/h2>\n\n\n\n<ul>\n<li><strong>\u900f\u660e\u5ea6\uff1a<\/strong> \u6211\u5011\u767c\u5e03\u7d93\u904e\u6838\u5be6\u7684\u5167\u5bb9\uff0c\u8cc7\u8a0a\u4f86\u6e90\u53ef\u9760\uff0c\u8a9e\u8a00\u771f\u8aa0\u3002<\/li>\n\n\n\n<li><strong>\u6559\u80b2\uff1a<\/strong> \u6211\u5011\u900f\u904e\u79d1\u6280\u5de5\u5177\u548c\u5be6\u7528\u5efa\u8b70\u4f86\u4fc3\u9032\u6301\u7e8c\u5b78\u7fd2\u3002<\/li>\n\n\n\n<li><strong>\u89aa\u5bc6\u5ea6\uff1a<\/strong> \u6211\u5011\u7528\u53cb\u5584\u3001\u4eba\u6027\u5316\u7684\u8a9e\u6c23\u8aaa\u8a71\uff0c\u78ba\u4fdd\u6bcf\u500b\u4eba\u90fd\u80fd\u7406\u89e3\u3002<\/li>\n\n\n\n<li><strong>\u5275\u65b0\uff1a<\/strong> \u6211\u5011\u76f8\u4fe1\u79d1\u6280\u7684\u529b\u91cf\u80fd\u5920\u7c21\u5316\u65e5\u5e38\u751f\u6d3b\u3002<\/li>\n\n\n\n<li><strong>\u5bb6\u5ead\uff1a<\/strong> \u6211\u5011\u6240\u505a\u7684\u4e00\u5207\u90fd\u6e90\u81ea\u65bc\u611b\u3001\u5c0a\u91cd\uff0c\u4ee5\u53ca\u5e0c\u671b\u770b\u5230\u5bb6\u5ead\u548c\u7766\u5e78\u798f\u5730\u6210\u9577\u3002<\/li>\n<\/ul>\n\n\n\n<h2 class=\"wp-block-heading\"><strong>\u5728\u5bb6\u5ead\u5b87\u5b99\uff0c\u60a8\u6703\u767c\u73fe\u4ec0\u9ebc<\/strong><\/h2>\n\n\n\n<p>\u5728\u6211\u5011\u7684\u5404\u500b\u7248\u584a\u4e2d\uff0c\u60a8\u5c07\u767c\u73fe\u4e00\u500b\u5145\u6eff\u5320\u5fc3\u5275\u4f5c\u7684\u5167\u5bb9\u4e16\u754c\u3002<\/p>\n\n\n\n<h3 class=\"wp-block-heading\"><strong>\u79d1\u6280<\/strong><\/h3>\n\n\n\n<p>\u4e86\u89e3\u65b0\u578b\u6578\u4f4d\u5de5\u5177\u5982\u4f55\u5e6b\u52a9\u60a8\u66f4\u597d\u5730\u5b89\u6392\u751f\u6d3b\u3001\u4fdd\u8b77\u5bb6\u4eba\u4e26\u63d0\u9ad8\u5de5\u4f5c\u6548\u7387\u3002\u5f9e\u5be6\u7528\u61c9\u7528\u7a0b\u5f0f\u5230\u5145\u5206\u5229\u7528\u624b\u6a5f\u6216\u96fb\u8166\u7684\u5be6\u7528\u6307\u5357\uff0c\u61c9\u6709\u76e1\u6709\u3002<\/p>\n\n\n\n<h3 class=\"wp-block-heading\"><strong>\u8077\u696d<\/strong><\/h3>\n\n\n\n<p>\u6211\u5011\u63d0\u4f9b\u5404\u7a2e\u6280\u5de7\u548c\u8cc7\u6e90\uff0c\u5e6b\u52a9\u60a8\u5be6\u73fe\u8077\u6daf\u767c\u5c55\u3002\u63a2\u7d22\u6700\u4f73\u7dda\u4e0a\u5b78\u7fd2\u5e73\u53f0\uff0c\u5b78\u7fd2\u5982\u4f55\u6e96\u5099\u9762\u8a66\uff0c\u4ee5\u53ca\u5982\u4f55\u638c\u63e1\u6578\u4f4d\u6642\u4ee3\u7684\u5de5\u4f5c\u6a5f\u6703\u3002<\/p>\n\n\n\n<h3 class=\"wp-block-heading\"><strong>\u8a0a\u606f<\/strong><\/h3>\n\n\n\n<p>\u96a8\u6642\u4e86\u89e3\u6559\u80b2\u3001\u5275\u65b0\u3001\u798f\u7949\u548c\u5168\u7403\u8da8\u52e2\u7684\u6700\u65b0\u6d88\u606f\uff0c\u9019\u4e9b\u90fd\u76f4\u63a5\u5f71\u97ff\u5bb6\u5ead\u548c\u8077\u696d\u751f\u6d3b\u3002<\/p>\n\n\n\n<h2 class=\"wp-block-heading\"><strong>\u6211\u5011\u5b58\u5728\u7684\u610f\u7fa9\u662f\u4ec0\u9ebc\uff1f<\/strong><\/h2>\n\n\n\n<p>\u6211\u5011\u751f\u4f86\u5c31\u6709\u4f7f\u547d\uff1a <strong>\u71df\u9020\u7a4d\u6975\u3001\u5bd3\u6559\u65bc\u6a02\u4e14\u503c\u5f97\u4fe1\u8cf4\u7684\u7a7a\u9593<\/strong>\u5728\u9019\u88e1\uff0c\u6bcf\u500b\u4eba\u90fd\u80fd\u627e\u5230\u9748\u611f\u548c\u5be6\u7528\u77e5\u8b58\u3002<br>\u56e0\u70ba\u6211\u5011\u76f8\u4fe1 <strong>\u4e00\u500b\u8cc7\u8a0a\u66a2\u901a\u3001\u7dca\u5bc6\u806f\u7e6b\u7684\u5bb6\u5ead\u6703\u66f4\u5f37\u5927\u3002<\/strong>\u6301\u7e8c\u5b78\u7fd2\u662f\u5efa\u7acb\u66f4\u7f8e\u597d\u672a\u4f86\u7684\u95dc\u9375\u3002<\/p>","protected":false},"excerpt":{"rendered":"<p>En Universo Familia, creemos que el conocimiento y la uni\u00f3n familiar pueden transformar el mundo. Somos un espacio digital creado para inspirar, informar y acompa\u00f1ar a las familias modernas en su d\u00eda a d\u00eda, brindando contenidos de calidad sobre tecnolog\u00eda, carrera profesional y noticias que impactan la vida real. Nuestro objetivo es ayudar a cada [&hellip;]<\/p>","protected":false},"author":139,"featured_media":1605,"parent":0,"menu_order":0,"comment_status":"closed","ping_status":"closed","template":"page-nosidebar.php","meta":{"footnotes":""},"yoast_head":"<!-- This site is optimized with the Yoast SEO plugin v23.3 - https:\/\/yoast.com\/wordpress\/plugins\/seo\/ -->\n<title>Qui\u00e9nes somos - Universo Fam\u00edlia<\/title>\n<meta name=\"description\" content=\"Qui\u00e9nes somos\" \/>\n<meta name=\"robots\" content=\"index, follow, max-snippet:-1, max-image-preview:large, max-video-preview:-1\" \/>\n<link rel=\"canonical\" href=\"http:\/\/universofamilia.com\/zh\/\u6211\u5011\u662f\u8ab0\/\" \/>\n<meta property=\"og:locale\" content=\"zh_TW\" \/>\n<meta property=\"og:type\" content=\"article\" \/>\n<meta property=\"og:title\" content=\"Qui\u00e9nes somos - Universo Fam\u00edlia\" \/>\n<meta property=\"og:description\" content=\"Qui\u00e9nes somos\" \/>\n<meta property=\"og:url\" content=\"http:\/\/universofamilia.com\/zh\/\u6211\u5011\u662f\u8ab0\/\" \/>\n<meta property=\"og:site_name\" content=\"Universo Fam\u00edlia\" \/>\n<meta property=\"article:modified_time\" content=\"2025-11-04T14:43:55+00:00\" \/>\n<meta property=\"og:image\" content=\"https:\/\/universofamilia.com\/wp-content\/uploads\/sites\/148\/2023\/05\/universo-familia-sobre-familia-2.png\" \/>\n\t<meta property=\"og:image:width\" content=\"550\" \/>\n\t<meta property=\"og:image:height\" content=\"350\" \/>\n\t<meta property=\"og:image:type\" content=\"image\/png\" \/>\n<meta name=\"twitter:card\" content=\"summary_large_image\" \/>\n<meta name=\"twitter:label1\" content=\"Est. reading time\" \/>\n\t<meta name=\"twitter:data1\" content=\"3 \u5206\u9418\" \/>\n<script type=\"application\/ld+json\" class=\"yoast-schema-graph\">{\"@context\":\"https:\/\/schema.org\",\"@graph\":[{\"@type\":\"WebPage\",\"@id\":\"https:\/\/universofamilia.com\/quienes-somos\/\",\"url\":\"https:\/\/universofamilia.com\/quienes-somos\/\",\"name\":\"Qui\u00e9nes somos - Universo Fam\u00edlia\",\"isPartOf\":{\"@id\":\"https:\/\/universofamilia.com\/el\/#website\"},\"primaryImageOfPage\":{\"@id\":\"https:\/\/universofamilia.com\/quienes-somos\/#primaryimage\"},\"image\":{\"@id\":\"https:\/\/universofamilia.com\/quienes-somos\/#primaryimage\"},\"thumbnailUrl\":\"http:\/\/universofamilia.com\/wp-content\/uploads\/sites\/148\/2023\/05\/universo-familia-sobre-familia-2.png\",\"datePublished\":\"2023-05-22T02:46:35+00:00\",\"dateModified\":\"2025-11-04T14:43:55+00:00\",\"description\":\"Qui\u00e9nes somos\",\"breadcrumb\":{\"@id\":\"https:\/\/universofamilia.com\/quienes-somos\/#breadcrumb\"},\"inLanguage\":\"zh-TW\",\"potentialAction\":[{\"@type\":\"ReadAction\",\"target\":[\"https:\/\/universofamilia.com\/quienes-somos\/\"]}]},{\"@type\":\"ImageObject\",\"inLanguage\":\"zh-TW\",\"@id\":\"https:\/\/universofamilia.com\/quienes-somos\/#primaryimage\",\"url\":\"http:\/\/universofamilia.com\/wp-content\/uploads\/sites\/148\/2023\/05\/universo-familia-sobre-familia-2.png\",\"contentUrl\":\"http:\/\/universofamilia.com\/wp-content\/uploads\/sites\/148\/2023\/05\/universo-familia-sobre-familia-2.png\",\"width\":550,\"height\":350},{\"@type\":\"BreadcrumbList\",\"@id\":\"https:\/\/universofamilia.com\/quienes-somos\/#breadcrumb\",\"itemListElement\":[{\"@type\":\"ListItem\",\"position\":1,\"name\":\"Home\",\"item\":\"https:\/\/universofamilia.com\/el\/\"},{\"@type\":\"ListItem\",\"position\":2,\"name\":\"Qui\u00e9nes somos\"}]},{\"@type\":\"WebSite\",\"@id\":\"https:\/\/universofamilia.com\/el\/#website\",\"url\":\"https:\/\/universofamilia.com\/el\/\",\"name\":\"Universo Fam\u00edlia\",\"description\":\"\",\"potentialAction\":[{\"@type\":\"SearchAction\",\"target\":{\"@type\":\"EntryPoint\",\"urlTemplate\":\"https:\/\/universofamilia.com\/el\/?s={search_term_string}\"},\"query-input\":\"required name=search_term_string\"}],\"inLanguage\":\"zh-TW\"}]}<\/script>\n<!-- \/ Yoast SEO plugin. -->","yoast_head_json":{"title":"Qui\u00e9nes somos - Universo Fam\u00edlia","description":"Qui\u00e9nes somos","robots":{"index":"index","follow":"follow","max-snippet":"max-snippet:-1","max-image-preview":"max-image-preview:large","max-video-preview":"max-video-preview:-1"},"canonical":"http:\/\/universofamilia.com\/zh\/\u6211\u5011\u662f\u8ab0\/","og_locale":"zh_TW","og_type":"article","og_title":"Qui\u00e9nes somos - Universo Fam\u00edlia","og_description":"Qui\u00e9nes somos","og_url":"http:\/\/universofamilia.com\/zh\/\u6211\u5011\u662f\u8ab0\/","og_site_name":"Universo Fam\u00edlia","article_modified_time":"2025-11-04T14:43:55+00:00","og_image":[{"width":550,"height":350,"url":"https:\/\/universofamilia.com\/wp-content\/uploads\/sites\/148\/2023\/05\/universo-familia-sobre-familia-2.png","type":"image\/png"}],"twitter_card":"summary_large_image","twitter_misc":{"Est. reading time":"3 \u5206\u9418"},"schema":{"@context":"https:\/\/schema.org","@graph":[{"@type":"WebPage","@id":"https:\/\/universofamilia.com\/quienes-somos\/","url":"https:\/\/universofamilia.com\/quienes-somos\/","name":"Qui\u00e9nes somos - Universo Fam\u00edlia","isPartOf":{"@id":"https:\/\/universofamilia.com\/el\/#website"},"primaryImageOfPage":{"@id":"https:\/\/universofamilia.com\/quienes-somos\/#primaryimage"},"image":{"@id":"https:\/\/universofamilia.com\/quienes-somos\/#primaryimage"},"thumbnailUrl":"http:\/\/universofamilia.com\/wp-content\/uploads\/sites\/148\/2023\/05\/universo-familia-sobre-familia-2.png","datePublished":"2023-05-22T02:46:35+00:00","dateModified":"2025-11-04T14:43:55+00:00","description":"Qui\u00e9nes somos","breadcrumb":{"@id":"https:\/\/universofamilia.com\/quienes-somos\/#breadcrumb"},"inLanguage":"zh-TW","potentialAction":[{"@type":"ReadAction","target":["https:\/\/universofamilia.com\/quienes-somos\/"]}]},{"@type":"ImageObject","inLanguage":"zh-TW","@id":"https:\/\/universofamilia.com\/quienes-somos\/#primaryimage","url":"http:\/\/universofamilia.com\/wp-content\/uploads\/sites\/148\/2023\/05\/universo-familia-sobre-familia-2.png","contentUrl":"http:\/\/universofamilia.com\/wp-content\/uploads\/sites\/148\/2023\/05\/universo-familia-sobre-familia-2.png","width":550,"height":350},{"@type":"BreadcrumbList","@id":"https:\/\/universofamilia.com\/quienes-somos\/#breadcrumb","itemListElement":[{"@type":"ListItem","position":1,"name":"Home","item":"https:\/\/universofamilia.com\/el\/"},{"@type":"ListItem","position":2,"name":"Qui\u00e9nes somos"}]},{"@type":"WebSite","@id":"https:\/\/universofamilia.com\/el\/#website","url":"https:\/\/universofamilia.com\/el\/","name":"Universo Fam\u00edlia","description":"","potentialAction":[{"@type":"SearchAction","target":{"@type":"EntryPoint","urlTemplate":"https:\/\/universofamilia.com\/el\/?s={search_term_string}"},"query-input":"required name=search_term_string"}],"inLanguage":"zh-TW"}]}},"_links":{"self":[{"href":"http:\/\/universofamilia.com\/zh\/wp-json\/wp\/v2\/pages\/7944"}],"collection":[{"href":"http:\/\/universofamilia.com\/zh\/wp-json\/wp\/v2\/pages"}],"about":[{"href":"http:\/\/universofamilia.com\/zh\/wp-json\/wp\/v2\/types\/page"}],"author":[{"embeddable":true,"href":"http:\/\/universofamilia.com\/zh\/wp-json\/wp\/v2\/users\/139"}],"replies":[{"embeddable":true,"href":"http:\/\/universofamilia.com\/zh\/wp-json\/wp\/v2\/comments?post=7944"}],"version-history":[{"count":3,"href":"http:\/\/universofamilia.com\/zh\/wp-json\/wp\/v2\/pages\/7944\/revisions"}],"predecessor-version":[{"id":10273,"href":"http:\/\/universofamilia.com\/zh\/wp-json\/wp\/v2\/pages\/7944\/revisions\/10273"}],"wp:featuredmedia":[{"embeddable":true,"href":"http:\/\/universofamilia.com\/zh\/wp-json\/wp\/v2\/media\/1605"}],"wp:attachment":[{"href":"http:\/\/universofamilia.com\/zh\/wp-json\/wp\/v2\/media?parent=7944"}],"curies":[{"name":"wp","href":"https:\/\/api.w.org\/{rel}","templated":true}]}}