{"id":7945,"date":"2023-05-21T23:46:35","date_gmt":"2023-05-21T23:46:35","guid":{"rendered":"https:\/\/universofamilia.com\/?page_id=3"},"modified":"2026-03-18T15:04:39","modified_gmt":"2026-03-18T18:04:39","slug":"politica-de-privacidad","status":"publish","type":"page","link":"https:\/\/universofamilia.com\/cs\/politica-de-privacidad\/","title":{"rendered":"Z\u00e1sady ochrany osobn\u00edch \u00fadaj\u016f"},"content":{"rendered":"<p>Va\u0161e soukrom\u00ed je pro n\u00e1s d\u016fle\u017eit\u00e9. Z\u00e1sadou Universo Familia je respektovat va\u0161e soukrom\u00ed, pokud jde o ve\u0161ker\u00e9 informace, kter\u00e9 od v\u00e1s m\u016f\u017eeme shroma\u017e\u010fovat na webov\u00fdch str\u00e1nk\u00e1ch Universo Familia a dal\u0161\u00edch str\u00e1nk\u00e1ch, kter\u00e9 vlastn\u00edme a provozujeme.<\/p>\n\n\n\n<p>Osobn\u00ed \u00fadaje po\u017eadujeme pouze tehdy, kdy\u017e je skute\u010dn\u011b pot\u0159ebujeme k poskytnut\u00ed slu\u017eby. D\u011bl\u00e1me tak spravedliv\u00fdmi a z\u00e1konn\u00fdmi prost\u0159edky s va\u0161\u00edm v\u011bdom\u00edm a souhlasem. Tak\u00e9 v\u00e1s informujeme, pro\u010d je shroma\u017e\u010fujeme a jak budou pou\u017eity.<\/p>\n\n\n\n<p>Shrom\u00e1\u017ed\u011bn\u00e9 informace uchov\u00e1v\u00e1me pouze po dobu nezbytn\u011b nutnou k poskytov\u00e1n\u00ed po\u017eadovan\u00e9 slu\u017eby. P\u0159i ukl\u00e1d\u00e1n\u00ed dat je chr\u00e1n\u00edme komer\u010dn\u011b p\u0159ijateln\u00fdmi prost\u0159edky, abychom zabr\u00e1nili ztr\u00e1t\u011b a kr\u00e1de\u017ei, jako\u017e i neopr\u00e1vn\u011bn\u00e9mu p\u0159\u00edstupu, zve\u0159ejn\u011bn\u00ed, kop\u00edrov\u00e1n\u00ed, pou\u017eit\u00ed nebo \u00faprav\u011b.<\/p>\n\n\n\n<p>Osobn\u00ed \u00fadaje nesd\u00edl\u00edme ve\u0159ejn\u011b ani s t\u0159et\u00edmi stranami, s v\u00fdjimkou p\u0159\u00edpad\u016f, kdy to vy\u017eaduje z\u00e1kon.<\/p>\n\n\n\n<p>Na\u0161e str\u00e1nky mohou obsahovat odkazy na extern\u00ed str\u00e1nky, kter\u00e9 neprovozujeme. Upozor\u0148ujeme, \u017ee nem\u00e1me \u017e\u00e1dnou kontrolu nad obsahem ani postupy t\u011bchto str\u00e1nek a nem\u016f\u017eeme n\u00e9st odpov\u011bdnost za jejich p\u0159\u00edslu\u0161n\u00e9 z\u00e1sady ochrany osobn\u00edch \u00fadaj\u016f.<\/p>\n\n\n\n<p>\u017d\u00e1dost o osobn\u00ed \u00fadaje m\u016f\u017eete odm\u00edtnout s v\u011bdom\u00edm, \u017ee v\u00e1m n\u011bkter\u00e9 z po\u017eadovan\u00fdch slu\u017eeb nemus\u00edme b\u00fdt schopni poskytnout.<\/p>\n\n\n\n<p>Pokra\u010dov\u00e1n\u00ed v pou\u017e\u00edv\u00e1n\u00ed na\u0161ich str\u00e1nek bude pova\u017eov\u00e1no za souhlas s na\u0161imi postupy ochrany osobn\u00edch \u00fadaj\u016f a ochrany osobn\u00edch \u00fadaj\u016f. M\u00e1te-li jak\u00e9koli dotazy ohledn\u011b toho, jak nakl\u00e1d\u00e1me s u\u017eivatelsk\u00fdmi \u00fadaji a osobn\u00edmi \u00fadaji, m\u016f\u017eete n\u00e1s kontaktovat.<\/p>\n\n\n\n<p><strong>Soulad s obecn\u00fdm z\u00e1konem o ochran\u011b osobn\u00edch \u00fadaj\u016f (LGPD)<\/strong><\/p>\n\n\n\n<p>V souladu s brazilsk\u00fdm obecn\u00fdm z\u00e1konem o ochran\u011b osobn\u00edch \u00fadaj\u016f (LGPD \u2013 z\u00e1kon \u010d. 13.709\/2018) garantujeme, \u017ee zpracov\u00e1n\u00ed osobn\u00edch \u00fadaj\u016f u\u017eivatel\u016f je prov\u00e1d\u011bno transparentn\u00edm, bezpe\u010dn\u00fdm zp\u016fsobem a pro legitimn\u00ed \u00fa\u010dely.<\/p>\n\n\n\n<p>U\u017eivatel m\u00e1 pr\u00e1vo:<\/p>\n\n\n\n<p>Potvr\u010fte existenci zpracov\u00e1n\u00ed va\u0161ich \u00fadaj\u016f<\/p>\n\n\n\n<p>P\u0159\u00edstup k va\u0161im osobn\u00edm \u00fadaj\u016fm<\/p>\n\n\n\n<p>Opravte ne\u00fapln\u00e9, nep\u0159esn\u00e9 nebo zastaral\u00e9 \u00fadaje<\/p>\n\n\n\n<p>Po\u017e\u00e1dejte o anonymizaci, blokov\u00e1n\u00ed nebo smaz\u00e1n\u00ed nepot\u0159ebn\u00fdch \u00fadaj\u016f<\/p>\n\n\n\n<p>Po\u017e\u00e1dejte o p\u0159enositelnost va\u0161ich \u00fadaj\u016f<\/p>\n\n\n\n<p>Souhlas m\u016f\u017eete kdykoli odvolat<\/p>\n\n\n\n<p>Z\u00edskejte informace o tom, s k\u00fdm sd\u00edl\u00edme va\u0161e data<\/p>\n\n\n\n<p>Pro uplatn\u011bn\u00ed kter\u00e9hokoli z t\u011bchto pr\u00e1v n\u00e1s u\u017eivatel m\u016f\u017ee kontaktovat prost\u0159ednictv\u00edm kan\u00e1l\u016f dostupn\u00fdch na webu.<\/p>\n\n\n\n<p>Osobn\u00ed \u00fadaje zpracov\u00e1v\u00e1me pouze tehdy, existuje-li k tomu platn\u00fd pr\u00e1vn\u00ed z\u00e1klad, nap\u0159\u00edklad souhlas u\u017eivatele, pln\u011bn\u00ed z\u00e1konn\u00fdch povinnost\u00ed nebo prov\u00e1d\u011bn\u00ed po\u017eadovan\u00fdch slu\u017eeb, a tak\u00e9 opr\u00e1vn\u011bn\u00fd z\u00e1jem, pokud je to relevantn\u00ed, a respektujeme-li pr\u00e1va u\u017eivatele.<\/p>\n\n\n\n<p><strong>Pou\u017e\u00edv\u00e1n\u00ed soubor\u016f cookie<\/strong><\/p>\n\n\n\n<p>Pro zlep\u0161en\u00ed u\u017eivatelsk\u00e9ho prost\u0159ed\u00ed a poskytov\u00e1n\u00ed personalizovan\u00e9ho obsahu pou\u017e\u00edv\u00e1me soubory cookie.<\/p>\n\n\n\n<p>Tyto soubory cookie mohou zahrnovat:<\/p>\n\n\n\n<ul>\n<li>Soubory cookie nezbytn\u00e9 pro fungov\u00e1n\u00ed webu<\/li>\n\n\n\n<li>Analytick\u00e9 soubory cookie pro pochopen\u00ed chov\u00e1n\u00ed u\u017eivatel\u016f<\/li>\n\n\n\n<li>Reklamn\u00ed soubory cookie pro zobrazov\u00e1n\u00ed relevantn\u00edch reklam<\/li>\n<\/ul>\n\n\n\n<p>U\u017eivatel m\u016f\u017ee kdykoli spravovat nebo zak\u00e1zat soubory cookie v nastaven\u00ed sv\u00e9ho prohl\u00ed\u017ee\u010de.<\/p>\n\n\n\n<p><strong>Google AdSense a reklama<\/strong><\/p>\n\n\n\n<p>Slu\u017eba Google AdSense, kterou pou\u017e\u00edv\u00e1me k zobrazov\u00e1n\u00ed reklamy, pou\u017e\u00edv\u00e1 soubor cookie DoubleClick k zobrazov\u00e1n\u00ed relevantn\u011bj\u0161\u00edch reklam na webu a k omezen\u00ed po\u010dtu zobrazen\u00ed stejn\u00e9 reklamy u\u017eivateli.<\/p>\n\n\n\n<p>Dal\u0161\u00ed informace o slu\u017eb\u011b Google AdSense naleznete v ofici\u00e1ln\u00edch nej\u010dast\u011bj\u0161\u00edch dotazech k ochran\u011b osobn\u00edch \u00fadaj\u016f v Google AdSense.<\/p>\n\n\n\n<p>Reklamy pou\u017e\u00edv\u00e1me k pokryt\u00ed provozn\u00edch n\u00e1klad\u016f t\u011bchto str\u00e1nek a k zaji\u0161t\u011bn\u00ed financov\u00e1n\u00ed budouc\u00edho rozvoje. Soubory cookie pro behavior\u00e1ln\u00ed reklamu pou\u017e\u00edvan\u00e9 na t\u011bchto str\u00e1nk\u00e1ch jsou navr\u017eeny tak, abyste dost\u00e1vali co nejrelevantn\u011bj\u0161\u00ed reklamy, anonymn\u00edm sledov\u00e1n\u00edm va\u0161ich z\u00e1jm\u016f a zobrazov\u00e1n\u00edm podobn\u00e9ho obsahu, kter\u00fd by v\u00e1s mohl zaj\u00edmat.<\/p>\n\n\n\n<p><strong>Mezin\u00e1rodn\u00ed p\u0159enos dat<\/strong><\/p>\n\n\n\n<p>Osobn\u00ed \u00fadaje mohou b\u00fdt p\u0159en\u00e1\u0161eny a ukl\u00e1d\u00e1ny na serverech um\u00edst\u011bn\u00fdch mimo zemi u\u017eivatele, v\u010detn\u011b Spojen\u00fdch st\u00e1t\u016f, zejm\u00e9na pokud vyu\u017e\u00edv\u00e1me slu\u017eby t\u0159et\u00edch stran, jako je Google.<\/p>\n\n\n\n<p>Pou\u017e\u00edv\u00e1n\u00edm t\u011bchto str\u00e1nek u\u017eivatel souhlas\u00ed s t\u00edmto p\u0159evodem, kter\u00fd je prov\u00e1d\u011bn s odpov\u00eddaj\u00edc\u00edmi bezpe\u010dnostn\u00edmi opat\u0159en\u00edmi a v souladu s platn\u00fdmi pr\u00e1vn\u00edmi p\u0159edpisy.<\/p>\n\n\n\n<p><strong>P\u0159idru\u017een\u00e9 spole\u010dnosti a t\u0159et\u00ed strany<\/strong><\/p>\n\n\n\n<p>N\u011bkolik partner\u016f inzeruje na\u0161\u00edm jm\u00e9nem a soubory cookie pro sledov\u00e1n\u00ed affiliate partner\u016f n\u00e1m jednodu\u0161e umo\u017e\u0148uj\u00ed zjistit, zda na\u0161i z\u00e1kazn\u00edci p\u0159istoupili na web prost\u0159ednictv\u00edm web\u016f jednoho z na\u0161ich partner\u016f, abychom jim mohli \u0159\u00e1dn\u011b p\u0159ipsat kredit a v p\u0159\u00edpad\u011b pot\u0159eby umo\u017enit na\u0161im affiliate partner\u016fm nab\u00edzet propaga\u010dn\u00ed akce, kter\u00e9 v\u00e1m mohou poskytnout v\u00fdhody p\u0159i n\u00e1kupu.<\/p>\n\n\n\n<p><strong>Z\u00e1vazek u\u017eivatele<\/strong><\/p>\n\n\n\n<p>U\u017eivatel souhlas\u00ed s t\u00edm, \u017ee bude vhodn\u00fdm zp\u016fsobem pou\u017e\u00edvat obsah a informace, kter\u00e9 Universo Familia nab\u00edz\u00ed na str\u00e1nk\u00e1ch, v\u010detn\u011b, ale nikoli v\u00fdhradn\u011b:<\/p>\n\n\n\n<p>A) Ne\u00fa\u010dastnit se aktivit, kter\u00e9 jsou nez\u00e1konn\u00e9 nebo v rozporu s dobrou v\u00edrou a ve\u0159ejn\u00fdm po\u0159\u00e1dkem<\/p>\n\n\n\n<p>B) Ne\u0161\u00ed\u0159it propagandu ani obsah rasistick\u00e9, xenofobn\u00ed povahy, hazardn\u00ed hry, jak\u00fdkoli druh neleg\u00e1ln\u00ed pornografie, omluvu terorismu nebo obsah poru\u0161uj\u00edc\u00ed lidsk\u00e1 pr\u00e1va<\/p>\n\n\n\n<p>C) Nepo\u0161kozovat fyzick\u00e9 (hardwarov\u00e9) a logick\u00e9 (softwarov\u00e9) syst\u00e9my spole\u010dnosti Universo Familia, jej\u00edch dodavatel\u016f ani t\u0159et\u00edch stran, ani zav\u00e1d\u011bt nebo \u0161\u00ed\u0159it po\u010d\u00edta\u010dov\u00e9 viry nebo jak\u00fdkoli jin\u00fd syst\u00e9m, kter\u00fd by mohl zp\u016fsobit \u0161kodu.<\/p>\n\n\n\n<p><strong>V\u00edce informac\u00ed<\/strong><\/p>\n\n\n\n<p>Douf\u00e1me, \u017ee je to jasn\u00e9, a jak ji\u017e bylo zm\u00edn\u011bno, pokud si nejste jisti, je obecn\u011b bezpe\u010dn\u011bj\u0161\u00ed ponechat soubory cookie povolen\u00e9 pro p\u0159\u00edpad, \u017ee byste interagovali s n\u011bkterou z funkc\u00ed, kter\u00e9 na na\u0161ich str\u00e1nk\u00e1ch pou\u017e\u00edv\u00e1te.<\/p>\n\n\n\n<p><strong>Datum spot\u0159eby<\/strong><\/p>\n\n\n\n<p>Tato politika je \u00fa\u010dinn\u00e1 od <strong>18. b\u0159ezna 2026, 17:53<\/strong>.<\/p>","protected":false},"excerpt":{"rendered":"<p>Tu privacidad es importante para nosotros. Es pol\u00edtica de Universo Familia respetar tu privacidad en relaci\u00f3n con cualquier informaci\u00f3n tuya que podamos recopilar en el sitio web Universo Familia y en otros sitios que poseemos y operamos. Solicitamos informaci\u00f3n personal \u00fanicamente cuando realmente la necesitamos para brindarte un servicio. Lo hacemos por medios justos y [&hellip;]<\/p>","protected":false},"author":139,"featured_media":0,"parent":0,"menu_order":0,"comment_status":"closed","ping_status":"closed","template":"page-nosidebar.php","meta":{"footnotes":""},"yoast_head":"<!-- This site is optimized with the Yoast SEO plugin v23.3 - https:\/\/yoast.com\/wordpress\/plugins\/seo\/ -->\n<title>Pol\u00edtica de Privacidad - Universo Fam\u00edlia<\/title>\n<meta name=\"description\" content=\"Pol\u00edtica Privacidade\" \/>\n<meta name=\"robots\" content=\"index, follow, max-snippet:-1, max-image-preview:large, max-video-preview:-1\" \/>\n<link rel=\"canonical\" href=\"https:\/\/universofamilia.com\/cs\/politica-de-privacidad\/\" \/>\n<meta property=\"og:locale\" content=\"cs_CZ\" \/>\n<meta property=\"og:type\" content=\"article\" \/>\n<meta property=\"og:title\" content=\"Pol\u00edtica de Privacidad - Universo Fam\u00edlia\" \/>\n<meta property=\"og:description\" content=\"Pol\u00edtica Privacidade\" \/>\n<meta property=\"og:url\" content=\"https:\/\/universofamilia.com\/cs\/politica-de-privacidad\/\" \/>\n<meta property=\"og:site_name\" content=\"Universo Fam\u00edlia\" \/>\n<meta property=\"article:modified_time\" content=\"2026-03-18T18:04:39+00:00\" \/>\n<meta name=\"twitter:card\" content=\"summary_large_image\" \/>\n<meta name=\"twitter:label1\" content=\"Est. reading time\" \/>\n\t<meta name=\"twitter:data1\" content=\"5 minut\" \/>\n<script type=\"application\/ld+json\" class=\"yoast-schema-graph\">{\"@context\":\"https:\/\/schema.org\",\"@graph\":[{\"@type\":\"WebPage\",\"@id\":\"https:\/\/universofamilia.com\/politica-de-privacidad\/\",\"url\":\"https:\/\/universofamilia.com\/politica-de-privacidad\/\",\"name\":\"Pol\u00edtica de Privacidad - Universo Fam\u00edlia\",\"isPartOf\":{\"@id\":\"https:\/\/universofamilia.com\/el\/#website\"},\"datePublished\":\"2023-05-21T23:46:35+00:00\",\"dateModified\":\"2026-03-18T18:04:39+00:00\",\"description\":\"Pol\u00edtica Privacidade\",\"breadcrumb\":{\"@id\":\"https:\/\/universofamilia.com\/politica-de-privacidad\/#breadcrumb\"},\"inLanguage\":\"cs\",\"potentialAction\":[{\"@type\":\"ReadAction\",\"target\":[\"https:\/\/universofamilia.com\/politica-de-privacidad\/\"]}]},{\"@type\":\"BreadcrumbList\",\"@id\":\"https:\/\/universofamilia.com\/politica-de-privacidad\/#breadcrumb\",\"itemListElement\":[{\"@type\":\"ListItem\",\"position\":1,\"name\":\"Home\",\"item\":\"https:\/\/universofamilia.com\/el\/\"},{\"@type\":\"ListItem\",\"position\":2,\"name\":\"Pol\u00edtica de Privacidad\"}]},{\"@type\":\"WebSite\",\"@id\":\"https:\/\/universofamilia.com\/el\/#website\",\"url\":\"https:\/\/universofamilia.com\/el\/\",\"name\":\"Universo Fam\u00edlia\",\"description\":\"\",\"potentialAction\":[{\"@type\":\"SearchAction\",\"target\":{\"@type\":\"EntryPoint\",\"urlTemplate\":\"https:\/\/universofamilia.com\/el\/?s={search_term_string}\"},\"query-input\":\"required name=search_term_string\"}],\"inLanguage\":\"cs\"}]}<\/script>\n<!-- \/ Yoast SEO plugin. -->","yoast_head_json":{"title":"Pol\u00edtica de Privacidad - Universo Fam\u00edlia","description":"Pol\u00edtica Privacidade","robots":{"index":"index","follow":"follow","max-snippet":"max-snippet:-1","max-image-preview":"max-image-preview:large","max-video-preview":"max-video-preview:-1"},"canonical":"https:\/\/universofamilia.com\/cs\/politica-de-privacidad\/","og_locale":"cs_CZ","og_type":"article","og_title":"Pol\u00edtica de Privacidad - Universo Fam\u00edlia","og_description":"Pol\u00edtica Privacidade","og_url":"https:\/\/universofamilia.com\/cs\/politica-de-privacidad\/","og_site_name":"Universo Fam\u00edlia","article_modified_time":"2026-03-18T18:04:39+00:00","twitter_card":"summary_large_image","twitter_misc":{"Est. reading time":"5 minut"},"schema":{"@context":"https:\/\/schema.org","@graph":[{"@type":"WebPage","@id":"https:\/\/universofamilia.com\/politica-de-privacidad\/","url":"https:\/\/universofamilia.com\/politica-de-privacidad\/","name":"Pol\u00edtica de Privacidad - Universo Fam\u00edlia","isPartOf":{"@id":"https:\/\/universofamilia.com\/el\/#website"},"datePublished":"2023-05-21T23:46:35+00:00","dateModified":"2026-03-18T18:04:39+00:00","description":"Pol\u00edtica Privacidade","breadcrumb":{"@id":"https:\/\/universofamilia.com\/politica-de-privacidad\/#breadcrumb"},"inLanguage":"cs","potentialAction":[{"@type":"ReadAction","target":["https:\/\/universofamilia.com\/politica-de-privacidad\/"]}]},{"@type":"BreadcrumbList","@id":"https:\/\/universofamilia.com\/politica-de-privacidad\/#breadcrumb","itemListElement":[{"@type":"ListItem","position":1,"name":"Home","item":"https:\/\/universofamilia.com\/el\/"},{"@type":"ListItem","position":2,"name":"Pol\u00edtica de Privacidad"}]},{"@type":"WebSite","@id":"https:\/\/universofamilia.com\/el\/#website","url":"https:\/\/universofamilia.com\/el\/","name":"Universo Fam\u00edlia","description":"","potentialAction":[{"@type":"SearchAction","target":{"@type":"EntryPoint","urlTemplate":"https:\/\/universofamilia.com\/el\/?s={search_term_string}"},"query-input":"required name=search_term_string"}],"inLanguage":"cs"}]}},"_links":{"self":[{"href":"https:\/\/universofamilia.com\/cs\/wp-json\/wp\/v2\/pages\/7945"}],"collection":[{"href":"https:\/\/universofamilia.com\/cs\/wp-json\/wp\/v2\/pages"}],"about":[{"href":"https:\/\/universofamilia.com\/cs\/wp-json\/wp\/v2\/types\/page"}],"author":[{"embeddable":true,"href":"https:\/\/universofamilia.com\/cs\/wp-json\/wp\/v2\/users\/139"}],"replies":[{"embeddable":true,"href":"https:\/\/universofamilia.com\/cs\/wp-json\/wp\/v2\/comments?post=7945"}],"version-history":[{"count":5,"href":"https:\/\/universofamilia.com\/cs\/wp-json\/wp\/v2\/pages\/7945\/revisions"}],"predecessor-version":[{"id":10548,"href":"https:\/\/universofamilia.com\/cs\/wp-json\/wp\/v2\/pages\/7945\/revisions\/10548"}],"wp:attachment":[{"href":"https:\/\/universofamilia.com\/cs\/wp-json\/wp\/v2\/media?parent=7945"}],"curies":[{"name":"wp","href":"https:\/\/api.w.org\/{rel}","templated":true}]}}