{"id":7944,"date":"2023-05-21T23:46:35","date_gmt":"2023-05-22T02:46:35","guid":{"rendered":"https:\/\/universofamilia.com\/?page_id=2"},"modified":"2025-11-04T11:43:55","modified_gmt":"2025-11-04T14:43:55","slug":"quienes-somos","status":"publish","type":"page","link":"https:\/\/universofamilia.com\/hi\/quienes-somos\/","title":{"rendered":"\u0939\u092e \u091c\u094b \u0939\u0948\u0902"},"content":{"rendered":"<p>\u092e\u0947\u0902 <strong>\u092a\u093e\u0930\u093f\u0935\u093e\u0930\u093f\u0915 \u092c\u094d\u0930\u0939\u094d\u092e\u093e\u0902\u0921<\/strong>\u0939\u092e\u093e\u0930\u093e \u092e\u093e\u0928\u0928\u093e \u0939\u0948 \u0915\u093f \u091c\u094d\u091e\u093e\u0928 \u0914\u0930 \u092a\u093e\u0930\u093f\u0935\u093e\u0930\u093f\u0915 \u090f\u0915\u0924\u093e \u0926\u0941\u0928\u093f\u092f\u093e \u0915\u094b \u092c\u0926\u0932 \u0938\u0915\u0924\u0940 \u0939\u0948\u0964 \u0939\u092e \u090f\u0915 \u0921\u093f\u091c\u093f\u091f\u0932 \u092e\u093e\u0927\u094d\u092f\u092e \u0939\u0948\u0902 \u091c\u094b \u0906\u0927\u0941\u0928\u093f\u0915 \u092a\u0930\u093f\u0935\u093e\u0930\u094b\u0902 \u0915\u094b \u0909\u0928\u0915\u0947 \u0926\u0948\u0928\u093f\u0915 \u091c\u0940\u0935\u0928 \u092e\u0947\u0902 \u092a\u094d\u0930\u0947\u0930\u093f\u0924, \u0938\u0942\u091a\u093f\u0924 \u0914\u0930 \u0938\u0939\u092f\u094b\u0917 \u0915\u0930\u0928\u0947 \u0915\u0947 \u0932\u093f\u090f \u092c\u0928\u093e\u092f\u093e \u0917\u092f\u093e \u0939\u0948, \u0914\u0930 \u0917\u0941\u0923\u0935\u0924\u094d\u0924\u093e\u092a\u0942\u0930\u094d\u0923 \u0938\u093e\u092e\u0917\u094d\u0930\u0940 \u092a\u094d\u0930\u0926\u093e\u0928 \u0915\u0930\u0924\u093e \u0939\u0948\u0964 <strong>\u092a\u094d\u0930\u094c\u0926\u094d\u092f\u094b\u0917\u093f\u0915\u0940, \u0915\u0930\u093f\u092f\u0930 \u092a\u0925 \u0914\u0930 \u0935\u093e\u0938\u094d\u0924\u0935\u093f\u0915 \u091c\u0940\u0935\u0928 \u0915\u094b \u092a\u094d\u0930\u092d\u093e\u0935\u093f\u0924 \u0915\u0930\u0928\u0947 \u0935\u093e\u0932\u0940 \u0916\u092c\u0930\u0947\u0902<\/strong>.<\/p>\n\n\n\n<p>\u0939\u092e\u093e\u0930\u093e \u0932\u0915\u094d\u0937\u094d\u092f \u092a\u094d\u0930\u0924\u094d\u092f\u0947\u0915 \u092a\u093e\u0920\u0915 \u0915\u094b \u0928\u090f \u0909\u092a\u0915\u0930\u0923, \u0935\u093f\u091a\u093e\u0930 \u0914\u0930 \u0926\u0943\u0937\u094d\u091f\u093f\u0915\u094b\u0923 \u0916\u094b\u091c\u0928\u0947 \u092e\u0947\u0902 \u092e\u0926\u0926 \u0915\u0930\u0928\u093e \u0939\u0948 \u091c\u094b \u0909\u0928\u0915\u0947 \u091c\u0940\u0935\u0928 \u0915\u094b \u0906\u0938\u093e\u0928 \u092c\u0928\u093e\u0924\u0947 \u0939\u0948\u0902, \u0909\u0928\u0915\u0940 \u092d\u0932\u093e\u0908 \u092e\u0947\u0902 \u0938\u0941\u0927\u093e\u0930 \u0915\u0930\u0924\u0947 \u0939\u0948\u0902, \u0914\u0930 \u092a\u093e\u0930\u093f\u0935\u093e\u0930\u093f\u0915 \u092c\u0902\u0927\u0928 \u0915\u094b \u092e\u091c\u092c\u0942\u0924 \u0915\u0930\u0924\u0947 \u0939\u0948\u0902, \u0914\u0930 \u0938\u093e\u0925 \u0939\u0940 \u0906\u0927\u0941\u0928\u093f\u0915 \u0926\u0941\u0928\u093f\u092f\u093e \u0915\u0940 \u092a\u094d\u0930\u0917\u0924\u093f \u0915\u0947 \u0938\u093e\u0925 \u0924\u093e\u0932\u092e\u0947\u0932 \u092c\u0928\u093e\u090f \u0930\u0916\u0924\u0947 \u0939\u0948\u0902\u0964<\/p>\n\n\n\n<h2 class=\"wp-block-heading\"><strong>\u0939\u092e\u093e\u0930\u093e \u0935\u093f\u0936\u0947\u0937 \u0915\u093e\u0930\u094d\u092f<\/strong><\/h2>\n\n\n\n<p>\u0939\u092e\u093e\u0930\u093e \u092e\u093f\u0936\u0928 \u0939\u0948 <strong>\u0909\u092a\u092f\u094b\u0917\u0940 \u0914\u0930 \u0935\u093f\u0936\u094d\u0935\u0938\u0928\u0940\u092f \u091c\u093e\u0928\u0915\u093e\u0930\u0940 \u0915\u094b \u0915\u0930\u0940\u092c \u0932\u093e\u0928\u0947 \u0915\u0947 \u0932\u093f\u090f<\/strong> \u0939\u092e\u093e\u0930\u093e \u0909\u0926\u094d\u0926\u0947\u0936\u094d\u092f \u0938\u092d\u0940 \u0909\u092e\u094d\u0930 \u0915\u0947 \u0932\u094b\u0917\u094b\u0902 \u0915\u094b \u0938\u094d\u092a\u0937\u094d\u091f, \u0938\u0941\u0932\u092d \u0914\u0930 \u0905\u0926\u094d\u092f\u0924\u0928 \u091c\u093e\u0928\u0915\u093e\u0930\u0940 \u092a\u094d\u0930\u0926\u093e\u0928 \u0915\u0930\u0928\u093e \u0939\u0948\u0964 \u0939\u092e \u091a\u093e\u0939\u0924\u0947 \u0939\u0948\u0902 \u0915\u093f \u092f\u0942\u0928\u093f\u0935\u0930\u094d\u0938\u094b \u092b\u093c\u092e\u093f\u0932\u093f\u092f\u093e \u0915\u0940 \u0939\u0930 \u092f\u093e\u0924\u094d\u0930\u093e \u090f\u0915 \u0938\u092e\u0943\u0926\u094d\u0927 \u0905\u0928\u0941\u092d\u0935 \u092c\u0928\u0947, \u091c\u0939\u093e\u0901 \u0906\u092a \u0915\u0941\u091b \u0928\u092f\u093e \u0938\u0940\u0916\u0947\u0902 \u0914\u0930 \u0905\u092a\u0928\u0947 \u0935\u094d\u092f\u0915\u094d\u0924\u093f\u0917\u0924 \u0914\u0930 \u0935\u094d\u092f\u093e\u0935\u0938\u093e\u092f\u093f\u0915 \u0932\u0915\u094d\u0937\u094d\u092f\u094b\u0902 \u0915\u094b \u092a\u094d\u0930\u093e\u092a\u094d\u0924 \u0915\u0930\u0928\u0947 \u0915\u0947 \u0932\u093f\u090f \u092a\u094d\u0930\u0947\u0930\u0923\u093e \u092a\u093e\u090f\u0901\u0964<\/p>\n\n\n\n<h2 class=\"wp-block-heading\"><strong>\u0939\u092e\u093e\u0930\u093e \u0928\u091c\u093c\u0930\u093f\u092f\u093e<\/strong><\/h2>\n\n\n\n<p>\u0938\u094d\u092a\u0947\u0928\u093f\u0936 \u092e\u0947\u0902 \u0938\u092c\u0938\u0947 \u092d\u0930\u094b\u0938\u0947\u092e\u0902\u0926 \u0921\u093f\u091c\u093f\u091f\u0932 \u0938\u092e\u0941\u0926\u093e\u092f\u094b\u0902 \u092e\u0947\u0902 \u0938\u0947 \u090f\u0915 \u092c\u0928\u0928\u093e, \u091c\u0939\u093e\u0902 \u092a\u0930\u093f\u0935\u093e\u0930\u094b\u0902 \u0915\u094b \u092a\u094d\u0930\u0947\u0930\u0923\u093e, \u0924\u0915\u0928\u0940\u0915\u0940 \u0938\u092e\u093e\u0927\u093e\u0928, \u0928\u094c\u0915\u0930\u0940 \u092e\u0947\u0902 \u0935\u0943\u0926\u094d\u0927\u093f \u0915\u0947 \u0905\u0935\u0938\u0930 \u0914\u0930 \u0928\u0935\u0940\u0928\u0924\u092e \u0938\u092e\u093e\u091a\u093e\u0930 \u092e\u093f\u0932\u0924\u0947 \u0939\u0948\u0902 \u091c\u094b \u0935\u093e\u0938\u094d\u0924\u0935 \u092e\u0947\u0902 \u092e\u093e\u092f\u0928\u0947 \u0930\u0916\u0924\u0947 \u0939\u0948\u0902\u0964<br>\u091c\u092c \u0906\u092a \u0916\u094b\u091c\u0924\u0947 \u0939\u0948\u0902 \u0924\u094b \u0939\u092e \u0906\u092a\u0915\u0940 \u091c\u093e\u0928\u0915\u093e\u0930\u0940 \u0915\u093e \u092a\u0939\u0932\u093e \u0938\u094d\u0930\u094b\u0924 \u092c\u0928\u0928\u093e \u091a\u093e\u0939\u0924\u0947 \u0939\u0948\u0902 <strong>\u0924\u0915\u0928\u0940\u0915 \u0914\u0930 \u0936\u093f\u0915\u094d\u0937\u093e \u0915\u0940 \u092e\u0926\u0926 \u0938\u0947 \u0905\u092a\u0928\u0947 \u091c\u0940\u0935\u0928 \u0915\u094b \u0915\u0948\u0938\u0947 \u092c\u0947\u0939\u0924\u0930 \u092c\u0928\u093e\u090f\u0901<\/strong>.<\/p>\n\n\n\n<h2 class=\"wp-block-heading\"><strong>\u0939\u092e\u093e\u0930\u0947 \u092e\u0942\u0932\u094d\u092f<\/strong><\/h2>\n\n\n\n<ul>\n<li><strong>\u092a\u093e\u0930\u0926\u0930\u094d\u0936\u093f\u0924\u093e:<\/strong> \u0939\u092e \u0935\u093f\u0936\u094d\u0935\u0938\u0928\u0940\u092f \u0938\u094d\u0930\u094b\u0924\u094b\u0902 \u0914\u0930 \u0908\u092e\u093e\u0928\u0926\u093e\u0930 \u092d\u093e\u0937\u093e \u0915\u0947 \u0938\u093e\u0925 \u0938\u0924\u094d\u092f\u093e\u092a\u093f\u0924 \u0938\u093e\u092e\u0917\u094d\u0930\u0940 \u092a\u094d\u0930\u0915\u093e\u0936\u093f\u0924 \u0915\u0930\u0924\u0947 \u0939\u0948\u0902\u0964<\/li>\n\n\n\n<li><strong>\u0936\u093f\u0915\u094d\u0937\u093e:<\/strong> \u0939\u092e \u0924\u0915\u0928\u0940\u0915\u0940 \u0909\u092a\u0915\u0930\u0923\u094b\u0902 \u0914\u0930 \u0935\u094d\u092f\u093e\u0935\u0939\u093e\u0930\u093f\u0915 \u0938\u0932\u093e\u0939 \u0915\u0947 \u092e\u093e\u0927\u094d\u092f\u092e \u0938\u0947 \u0928\u093f\u0930\u0902\u0924\u0930 \u0938\u0940\u0916\u0928\u0947 \u0915\u094b \u092c\u0922\u093c\u093e\u0935\u093e \u0926\u0947\u0924\u0947 \u0939\u0948\u0902\u0964<\/li>\n\n\n\n<li><strong>\u0928\u093f\u0915\u091f\u0924\u093e:<\/strong> \u0939\u092e \u092e\u0948\u0924\u094d\u0930\u0940\u092a\u0942\u0930\u094d\u0923, \u092e\u093e\u0928\u0935\u0940\u092f \u0932\u0939\u091c\u0947 \u092e\u0947\u0902 \u092c\u093e\u0924 \u0915\u0930\u0924\u0947 \u0939\u0948\u0902 \u091c\u094b \u0938\u092d\u0940 \u0915\u094b \u0938\u092e\u091d \u092e\u0947\u0902 \u0906\u0924\u093e \u0939\u0948\u0964<\/li>\n\n\n\n<li><strong>\u0928\u0935\u093e\u091a\u093e\u0930:<\/strong> \u0939\u092e \u0930\u094b\u091c\u092e\u0930\u094d\u0930\u093e \u0915\u0940 \u091c\u093f\u0902\u0926\u0917\u0940 \u0915\u094b \u0938\u0930\u0932 \u092c\u0928\u093e\u0928\u0947 \u0915\u0947 \u0932\u093f\u090f \u092a\u094d\u0930\u094c\u0926\u094d\u092f\u094b\u0917\u093f\u0915\u0940 \u0915\u0940 \u0936\u0915\u094d\u0924\u093f \u092e\u0947\u0902 \u0935\u093f\u0936\u094d\u0935\u093e\u0938 \u0915\u0930\u0924\u0947 \u0939\u0948\u0902\u0964<\/li>\n\n\n\n<li><strong>\u092a\u0930\u093f\u0935\u093e\u0930:<\/strong> \u0939\u092e \u091c\u094b \u0915\u0941\u091b \u092d\u0940 \u0915\u0930\u0924\u0947 \u0939\u0948\u0902 \u0935\u0939 \u092a\u094d\u0930\u0947\u092e, \u0938\u092e\u094d\u092e\u093e\u0928 \u0914\u0930 \u092a\u0930\u093f\u0935\u093e\u0930\u094b\u0902 \u0915\u094b \u090f\u0915 \u0938\u093e\u0925 \u092c\u0922\u093c\u0924\u0947 \u0914\u0930 \u0916\u0941\u0936 \u0926\u0947\u0916\u0928\u0947 \u0915\u0940 \u0907\u091a\u094d\u091b\u093e \u0938\u0947 \u0909\u092a\u091c\u093e \u0939\u0948\u0964<\/li>\n<\/ul>\n\n\n\n<h2 class=\"wp-block-heading\"><strong>\u092b\u0948\u092e\u093f\u0932\u0940 \u092f\u0942\u0928\u093f\u0935\u0930\u094d\u0938 \u092e\u0947\u0902 \u0906\u092a\u0915\u094b \u0915\u094d\u092f\u093e \u092e\u093f\u0932\u0947\u0917\u093e<\/strong><\/h2>\n\n\n\n<p>\u0939\u092e\u093e\u0930\u0947 \u0905\u0928\u0941\u092d\u093e\u0917\u094b\u0902 \u092e\u0947\u0902, \u0906\u092a\u0915\u094b \u0938\u092e\u0930\u094d\u092a\u0923 \u0915\u0947 \u0938\u093e\u0925 \u0928\u093f\u0930\u094d\u092e\u093f\u0924 \u0938\u093e\u092e\u0917\u094d\u0930\u0940 \u0915\u093e \u090f\u0915 \u092c\u094d\u0930\u0939\u094d\u092e\u093e\u0902\u0921 \u092e\u093f\u0932\u0947\u0917\u093e\u0964<\/p>\n\n\n\n<h3 class=\"wp-block-heading\"><strong>\u0924\u0915\u0928\u0940\u0915\u0940<\/strong><\/h3>\n\n\n\n<p>\u091c\u093e\u0928\u0947\u0902 \u0915\u093f \u0915\u0948\u0938\u0947 \u0928\u090f \u0921\u093f\u091c\u093f\u091f\u0932 \u091f\u0942\u0932 \u0906\u092a\u0915\u0947 \u091c\u0940\u0935\u0928 \u0915\u094b \u0935\u094d\u092f\u0935\u0938\u094d\u0925\u093f\u0924 \u0915\u0930\u0928\u0947, \u0906\u092a\u0915\u0947 \u092a\u0930\u093f\u0935\u093e\u0930 \u0915\u0940 \u0938\u0941\u0930\u0915\u094d\u0937\u093e \u0915\u0930\u0928\u0947 \u0914\u0930 \u0906\u092a\u0915\u0940 \u0909\u0924\u094d\u092a\u093e\u0926\u0915\u0924\u093e \u092c\u0922\u093c\u093e\u0928\u0947 \u092e\u0947\u0902 \u0906\u092a\u0915\u0940 \u092e\u0926\u0926 \u0915\u0930 \u0938\u0915\u0924\u0947 \u0939\u0948\u0902\u0964 \u0909\u092a\u092f\u094b\u0917\u0940 \u0910\u092a\u094d\u0938 \u0938\u0947 \u0932\u0947\u0915\u0930 \u0906\u092a\u0915\u0947 \u092b\u093c\u094b\u0928 \u092f\u093e \u0915\u0902\u092a\u094d\u092f\u0942\u091f\u0930 \u0915\u093e \u0905\u0927\u093f\u0915\u0924\u092e \u0932\u093e\u092d \u0909\u0920\u093e\u0928\u0947 \u0915\u0947 \u0932\u093f\u090f \u0935\u094d\u092f\u093e\u0935\u0939\u093e\u0930\u093f\u0915 \u0917\u093e\u0907\u0921 \u0924\u0915\u0964<\/p>\n\n\n\n<h3 class=\"wp-block-heading\"><strong>\u0906\u091c\u0940\u0935\u093f\u0915\u093e<\/strong><\/h3>\n\n\n\n<p>\u0939\u092e \u0906\u092a\u0915\u094b \u092a\u0947\u0936\u0947\u0935\u0930 \u0930\u0942\u092a \u0938\u0947 \u0906\u0917\u0947 \u092c\u0922\u093c\u0928\u0947 \u092e\u0947\u0902 \u092e\u0926\u0926 \u0915\u0930\u0928\u0947 \u0915\u0947 \u0932\u093f\u090f \u0938\u0941\u091d\u093e\u0935 \u0914\u0930 \u0938\u0902\u0938\u093e\u0927\u0928 \u092a\u094d\u0930\u0926\u093e\u0928 \u0915\u0930\u0924\u0947 \u0939\u0948\u0902\u0964 \u091c\u093e\u0928\u0947\u0902 \u0915\u093f \u0938\u0930\u094d\u0935\u0936\u094d\u0930\u0947\u0937\u094d\u0920 \u0911\u0928\u0932\u093e\u0907\u0928 \u0936\u093f\u0915\u094d\u0937\u0923 \u092a\u094d\u0932\u0947\u091f\u092b\u093c\u0949\u0930\u094d\u092e \u0915\u0948\u0938\u0947 \u091a\u0941\u0928\u0947\u0902, \u0907\u0902\u091f\u0930\u0935\u094d\u092f\u0942 \u0915\u0940 \u0924\u0948\u092f\u093e\u0930\u0940 \u0915\u0948\u0938\u0947 \u0915\u0930\u0947\u0902 \u0914\u0930 \u0921\u093f\u091c\u093f\u091f\u0932 \u0926\u0941\u0928\u093f\u092f\u093e \u092e\u0947\u0902 \u0928\u094c\u0915\u0930\u0940 \u0915\u0947 \u0905\u0935\u0938\u0930\u094b\u0902 \u0915\u093e \u0932\u093e\u092d \u0915\u0948\u0938\u0947 \u0909\u0920\u093e\u090f\u0901\u0964<\/p>\n\n\n\n<h3 class=\"wp-block-heading\"><strong>\u0938\u092e\u093e\u091a\u093e\u0930<\/strong><\/h3>\n\n\n\n<p>\u0936\u093f\u0915\u094d\u0937\u093e, \u0928\u0935\u093e\u091a\u093e\u0930, \u0915\u0932\u094d\u092f\u093e\u0923 \u0914\u0930 \u0935\u0948\u0936\u094d\u0935\u093f\u0915 \u0930\u0941\u091d\u093e\u0928\u094b\u0902 \u092a\u0930 \u0928\u0935\u0940\u0928\u0924\u092e \u0938\u092e\u093e\u091a\u093e\u0930\u094b\u0902 \u0938\u0947 \u0905\u0935\u0917\u0924 \u0930\u0939\u0947\u0902 \u091c\u094b \u0938\u0940\u0927\u0947 \u092a\u093e\u0930\u093f\u0935\u093e\u0930\u093f\u0915 \u0914\u0930 \u0935\u094d\u092f\u093e\u0935\u0938\u093e\u092f\u093f\u0915 \u091c\u0940\u0935\u0928 \u0915\u094b \u092a\u094d\u0930\u092d\u093e\u0935\u093f\u0924 \u0915\u0930\u0924\u0947 \u0939\u0948\u0902\u0964<\/p>\n\n\n\n<h2 class=\"wp-block-heading\"><strong>\u0939\u092e\u093e\u0930\u093e \u0905\u0938\u094d\u0924\u093f\u0924\u094d\u0935 \u0915\u094d\u092f\u094b\u0902 \u0939\u0948?<\/strong><\/h2>\n\n\n\n<p>\u0939\u092e \u090f\u0915 \u0909\u0926\u094d\u0926\u0947\u0936\u094d\u092f \u0915\u0947 \u0938\u093e\u0925 \u092a\u0948\u0926\u093e \u0939\u0941\u090f \u0939\u0948\u0902: <strong>\u090f\u0915 \u0938\u0915\u093e\u0930\u093e\u0924\u094d\u092e\u0915, \u0936\u0948\u0915\u094d\u0937\u093f\u0915 \u0914\u0930 \u092d\u0930\u094b\u0938\u0947\u092e\u0902\u0926 \u0938\u094d\u0925\u093e\u0928 \u092c\u0928\u093e\u090f\u0901<\/strong>\u091c\u0939\u093e\u0902 \u0939\u0930 \u0915\u094b\u0908 \u092a\u094d\u0930\u0947\u0930\u0923\u093e \u0914\u0930 \u0935\u094d\u092f\u093e\u0935\u0939\u093e\u0930\u093f\u0915 \u091c\u094d\u091e\u093e\u0928 \u092a\u093e \u0938\u0915\u0924\u093e \u0939\u0948\u0964<br>\u0915\u094d\u092f\u094b\u0902\u0915\u093f \u0939\u092e \u092e\u093e\u0928\u0924\u0947 \u0939\u0948\u0902 \u0915\u093f <strong>\u090f\u0915 \u091c\u093e\u0917\u0930\u0942\u0915 \u0914\u0930 \u091c\u0941\u0921\u093c\u093e \u0939\u0941\u0906 \u092a\u0930\u093f\u0935\u093e\u0930 \u090f\u0915 \u092e\u091c\u092c\u0942\u0924 \u092a\u0930\u093f\u0935\u093e\u0930 \u0939\u094b\u0924\u093e \u0939\u0948<\/strong>\u0914\u0930 \u092f\u0939 \u0915\u093f \u0928\u093f\u0930\u0902\u0924\u0930 \u0938\u0940\u0916\u0928\u093e \u092c\u0947\u0939\u0924\u0930 \u092d\u0935\u093f\u0937\u094d\u092f \u0915\u0947 \u0928\u093f\u0930\u094d\u092e\u093e\u0923 \u0915\u0940 \u0915\u0941\u0902\u091c\u0940 \u0939\u0948\u0964<\/p>","protected":false},"excerpt":{"rendered":"<p>En Universo Familia, creemos que el conocimiento y la uni\u00f3n familiar pueden transformar el mundo. Somos un espacio digital creado para inspirar, informar y acompa\u00f1ar a las familias modernas en su d\u00eda a d\u00eda, brindando contenidos de calidad sobre tecnolog\u00eda, carrera profesional y noticias que impactan la vida real. Nuestro objetivo es ayudar a cada [&hellip;]<\/p>","protected":false},"author":139,"featured_media":1605,"parent":0,"menu_order":0,"comment_status":"closed","ping_status":"closed","template":"page-nosidebar.php","meta":{"footnotes":""},"yoast_head":"<!-- This site is optimized with the Yoast SEO plugin v23.3 - https:\/\/yoast.com\/wordpress\/plugins\/seo\/ -->\n<title>Qui\u00e9nes somos - Universo Fam\u00edlia<\/title>\n<meta name=\"description\" content=\"Qui\u00e9nes somos\" \/>\n<meta name=\"robots\" content=\"index, follow, max-snippet:-1, max-image-preview:large, max-video-preview:-1\" \/>\n<link rel=\"canonical\" href=\"https:\/\/universofamilia.com\/hi\/quienes-somos\/\" \/>\n<meta property=\"og:locale\" content=\"hi_IN\" \/>\n<meta property=\"og:type\" content=\"article\" \/>\n<meta property=\"og:title\" content=\"Qui\u00e9nes somos - Universo Fam\u00edlia\" \/>\n<meta property=\"og:description\" content=\"Qui\u00e9nes somos\" \/>\n<meta property=\"og:url\" content=\"https:\/\/universofamilia.com\/hi\/quienes-somos\/\" \/>\n<meta property=\"og:site_name\" content=\"Universo Fam\u00edlia\" \/>\n<meta property=\"article:modified_time\" content=\"2025-11-04T14:43:55+00:00\" \/>\n<meta property=\"og:image\" content=\"https:\/\/universofamilia.com\/wp-content\/uploads\/sites\/148\/2023\/05\/universo-familia-sobre-familia-2.png\" \/>\n\t<meta property=\"og:image:width\" content=\"550\" \/>\n\t<meta property=\"og:image:height\" content=\"350\" \/>\n\t<meta property=\"og:image:type\" content=\"image\/png\" \/>\n<meta name=\"twitter:card\" content=\"summary_large_image\" \/>\n<meta name=\"twitter:label1\" content=\"Est. reading time\" \/>\n\t<meta name=\"twitter:data1\" content=\"3 \u092e\u093f\u0928\u091f\" \/>\n<script type=\"application\/ld+json\" class=\"yoast-schema-graph\">{\"@context\":\"https:\/\/schema.org\",\"@graph\":[{\"@type\":\"WebPage\",\"@id\":\"https:\/\/universofamilia.com\/quienes-somos\/\",\"url\":\"https:\/\/universofamilia.com\/quienes-somos\/\",\"name\":\"Qui\u00e9nes somos - Universo Fam\u00edlia\",\"isPartOf\":{\"@id\":\"https:\/\/universofamilia.com\/pt\/#website\"},\"primaryImageOfPage\":{\"@id\":\"https:\/\/universofamilia.com\/quienes-somos\/#primaryimage\"},\"image\":{\"@id\":\"https:\/\/universofamilia.com\/quienes-somos\/#primaryimage\"},\"thumbnailUrl\":\"https:\/\/universofamilia.com\/wp-content\/uploads\/sites\/148\/2023\/05\/universo-familia-sobre-familia-2.png\",\"datePublished\":\"2023-05-22T02:46:35+00:00\",\"dateModified\":\"2025-11-04T14:43:55+00:00\",\"description\":\"Qui\u00e9nes somos\",\"breadcrumb\":{\"@id\":\"https:\/\/universofamilia.com\/quienes-somos\/#breadcrumb\"},\"inLanguage\":\"hi-IN\",\"potentialAction\":[{\"@type\":\"ReadAction\",\"target\":[\"https:\/\/universofamilia.com\/quienes-somos\/\"]}]},{\"@type\":\"ImageObject\",\"inLanguage\":\"hi-IN\",\"@id\":\"https:\/\/universofamilia.com\/quienes-somos\/#primaryimage\",\"url\":\"https:\/\/universofamilia.com\/wp-content\/uploads\/sites\/148\/2023\/05\/universo-familia-sobre-familia-2.png\",\"contentUrl\":\"https:\/\/universofamilia.com\/wp-content\/uploads\/sites\/148\/2023\/05\/universo-familia-sobre-familia-2.png\",\"width\":550,\"height\":350},{\"@type\":\"BreadcrumbList\",\"@id\":\"https:\/\/universofamilia.com\/quienes-somos\/#breadcrumb\",\"itemListElement\":[{\"@type\":\"ListItem\",\"position\":1,\"name\":\"Home\",\"item\":\"https:\/\/universofamilia.com\/pt\/\"},{\"@type\":\"ListItem\",\"position\":2,\"name\":\"Qui\u00e9nes somos\"}]},{\"@type\":\"WebSite\",\"@id\":\"https:\/\/universofamilia.com\/pt\/#website\",\"url\":\"https:\/\/universofamilia.com\/pt\/\",\"name\":\"Universo Fam\u00edlia\",\"description\":\"\",\"potentialAction\":[{\"@type\":\"SearchAction\",\"target\":{\"@type\":\"EntryPoint\",\"urlTemplate\":\"https:\/\/universofamilia.com\/pt\/?s={search_term_string}\"},\"query-input\":\"required name=search_term_string\"}],\"inLanguage\":\"hi-IN\"}]}<\/script>\n<!-- \/ Yoast SEO plugin. -->","yoast_head_json":{"title":"Qui\u00e9nes somos - Universo Fam\u00edlia","description":"Qui\u00e9nes somos","robots":{"index":"index","follow":"follow","max-snippet":"max-snippet:-1","max-image-preview":"max-image-preview:large","max-video-preview":"max-video-preview:-1"},"canonical":"https:\/\/universofamilia.com\/hi\/quienes-somos\/","og_locale":"hi_IN","og_type":"article","og_title":"Qui\u00e9nes somos - Universo Fam\u00edlia","og_description":"Qui\u00e9nes somos","og_url":"https:\/\/universofamilia.com\/hi\/quienes-somos\/","og_site_name":"Universo Fam\u00edlia","article_modified_time":"2025-11-04T14:43:55+00:00","og_image":[{"width":550,"height":350,"url":"https:\/\/universofamilia.com\/wp-content\/uploads\/sites\/148\/2023\/05\/universo-familia-sobre-familia-2.png","type":"image\/png"}],"twitter_card":"summary_large_image","twitter_misc":{"Est. reading time":"3 \u092e\u093f\u0928\u091f"},"schema":{"@context":"https:\/\/schema.org","@graph":[{"@type":"WebPage","@id":"https:\/\/universofamilia.com\/quienes-somos\/","url":"https:\/\/universofamilia.com\/quienes-somos\/","name":"Qui\u00e9nes somos - Universo Fam\u00edlia","isPartOf":{"@id":"https:\/\/universofamilia.com\/pt\/#website"},"primaryImageOfPage":{"@id":"https:\/\/universofamilia.com\/quienes-somos\/#primaryimage"},"image":{"@id":"https:\/\/universofamilia.com\/quienes-somos\/#primaryimage"},"thumbnailUrl":"https:\/\/universofamilia.com\/wp-content\/uploads\/sites\/148\/2023\/05\/universo-familia-sobre-familia-2.png","datePublished":"2023-05-22T02:46:35+00:00","dateModified":"2025-11-04T14:43:55+00:00","description":"Qui\u00e9nes somos","breadcrumb":{"@id":"https:\/\/universofamilia.com\/quienes-somos\/#breadcrumb"},"inLanguage":"hi-IN","potentialAction":[{"@type":"ReadAction","target":["https:\/\/universofamilia.com\/quienes-somos\/"]}]},{"@type":"ImageObject","inLanguage":"hi-IN","@id":"https:\/\/universofamilia.com\/quienes-somos\/#primaryimage","url":"https:\/\/universofamilia.com\/wp-content\/uploads\/sites\/148\/2023\/05\/universo-familia-sobre-familia-2.png","contentUrl":"https:\/\/universofamilia.com\/wp-content\/uploads\/sites\/148\/2023\/05\/universo-familia-sobre-familia-2.png","width":550,"height":350},{"@type":"BreadcrumbList","@id":"https:\/\/universofamilia.com\/quienes-somos\/#breadcrumb","itemListElement":[{"@type":"ListItem","position":1,"name":"Home","item":"https:\/\/universofamilia.com\/pt\/"},{"@type":"ListItem","position":2,"name":"Qui\u00e9nes somos"}]},{"@type":"WebSite","@id":"https:\/\/universofamilia.com\/pt\/#website","url":"https:\/\/universofamilia.com\/pt\/","name":"Universo Fam\u00edlia","description":"","potentialAction":[{"@type":"SearchAction","target":{"@type":"EntryPoint","urlTemplate":"https:\/\/universofamilia.com\/pt\/?s={search_term_string}"},"query-input":"required name=search_term_string"}],"inLanguage":"hi-IN"}]}},"_links":{"self":[{"href":"https:\/\/universofamilia.com\/hi\/wp-json\/wp\/v2\/pages\/7944"}],"collection":[{"href":"https:\/\/universofamilia.com\/hi\/wp-json\/wp\/v2\/pages"}],"about":[{"href":"https:\/\/universofamilia.com\/hi\/wp-json\/wp\/v2\/types\/page"}],"author":[{"embeddable":true,"href":"https:\/\/universofamilia.com\/hi\/wp-json\/wp\/v2\/users\/139"}],"replies":[{"embeddable":true,"href":"https:\/\/universofamilia.com\/hi\/wp-json\/wp\/v2\/comments?post=7944"}],"version-history":[{"count":3,"href":"https:\/\/universofamilia.com\/hi\/wp-json\/wp\/v2\/pages\/7944\/revisions"}],"predecessor-version":[{"id":10273,"href":"https:\/\/universofamilia.com\/hi\/wp-json\/wp\/v2\/pages\/7944\/revisions\/10273"}],"wp:featuredmedia":[{"embeddable":true,"href":"https:\/\/universofamilia.com\/hi\/wp-json\/wp\/v2\/media\/1605"}],"wp:attachment":[{"href":"https:\/\/universofamilia.com\/hi\/wp-json\/wp\/v2\/media?parent=7944"}],"curies":[{"name":"wp","href":"https:\/\/api.w.org\/{rel}","templated":true}]}}