{"id":1961,"date":"2023-05-26T20:33:14","date_gmt":"2023-05-26T20:33:14","guid":{"rendered":"https:\/\/universofamilia.com\/?page_id=1961"},"modified":"2026-03-18T15:10:50","modified_gmt":"2026-03-18T18:10:50","slug":"condiciones-de-uso","status":"publish","type":"page","link":"https:\/\/universofamilia.com\/hu\/hasznalati-feltetelek\/","title":{"rendered":"Haszn\u00e1lati felt\u00e9telek"},"content":{"rendered":"<h2>1. Felt\u00e9telek<\/h2>\n<p data-start=\"199\" data-end=\"430\">Amikor felkeresi a weboldalt <a href=\"https:\/\/universofamilia.com\/hu\/\">Csal\u00e1di Univerzum<\/a>A szolg\u00e1ltat\u00e1s haszn\u00e1lat\u00e1val \u00d6n elfogadja, hogy betartja ezeket a felhaszn\u00e1l\u00e1si felt\u00e9teleket, valamint az \u00f6sszes vonatkoz\u00f3 t\u00f6rv\u00e9nyt \u00e9s szab\u00e1lyoz\u00e1st. \u00d6n tudom\u00e1sul veszi azt is, hogy felel\u0151s az \u00f6sszes vonatkoz\u00f3 helyi t\u00f6rv\u00e9ny betart\u00e1s\u00e1\u00e9rt.<\/p>\n<p data-start=\"432\" data-end=\"532\">Ha nem \u00e9rt egyet ezen felt\u00e9telek b\u00e1rmelyik\u00e9vel, tilos a webhely haszn\u00e1lata vagy el\u00e9r\u00e9se.<\/p>\n<p data-start=\"534\" data-end=\"672\">A weboldalon el\u00e9rhet\u0151 tartalmak \u00e9s anyagok szerz\u0151i jogi \u00e9s v\u00e9djegyt\u00f6rv\u00e9nyek v\u00e9delme alatt \u00e1llnak.<\/p>\n<h2>2. Licenchaszn\u00e1lat<\/h2>\n<p>Enged\u00e9lyezett az Universo Fam\u00edlia weboldal\u00e1n tal\u00e1lhat\u00f3 anyagok (inform\u00e1ci\u00f3k vagy szoftverek) egyetlen p\u00e9ld\u00e1ny\u00e1nak ideiglenes let\u00f6lt\u00e9se, kiz\u00e1r\u00f3lag szem\u00e9lyes, nem kereskedelmi c\u00e9l\u00fa, \u00e1tmeneti megtekint\u00e9sre. Ez egy licenc megad\u00e1sa, nem pedig a tulajdonjog \u00e1truh\u00e1z\u00e1sa, \u00e9s ezen licenc alapj\u00e1n \u00d6n nem jogosult:<\/p>\n<ol>\n<li>m\u00f3dos\u00edtani vagy m\u00e1solni az anyagokat;<\/li>\n<li>az anyagokat b\u00e1rmilyen kereskedelmi c\u00e9lra vagy nyilv\u00e1nos (kereskedelmi vagy nem kereskedelmi) bemutat\u00e1sra felhaszn\u00e1lni;<\/li>\n<li>az Universo Fam\u00edlia weboldal\u00e1n tal\u00e1lhat\u00f3 szoftverek visszafejt\u00e9s\u00e9nek vagy visszafejt\u00e9s\u00e9nek k\u00eds\u00e9rlete;<\/li>\n<li>t\u00e1vol\u00edtson el minden szerz\u0151i jogi vagy egy\u00e9b tulajdonjogi jel\u00f6l\u00e9st az anyagokb\u00f3l; b\u00e1rmelyik<\/li>\n<li>az anyagok \u00e1tad\u00e1sa egy m\u00e1sik szem\u00e9lynek, vagy az anyagok \u201et\u00fckr\u00f6z\u00e9se\u201d b\u00e1rmely m\u00e1s szerveren.<\/li>\n<\/ol>\n<p>Ez a licenc automatikusan megsz\u0171nik, ha megs\u00e9rti ezen korl\u00e1toz\u00e1sok b\u00e1rmelyik\u00e9t, \u00e9s az Universo Fam\u00edlia b\u00e1rmikor felmondhatja. Amikor befejezi ezen anyagok megtekint\u00e9s\u00e9t, vagy a jelen licenc megsz\u0171nik, t\u00f6r\u00f6lnie kell az \u00d6n birtok\u00e1ban l\u00e9v\u0151 let\u00f6lt\u00f6tt anyagokat, ak\u00e1r elektronikus, ak\u00e1r nyomtatott form\u00e1tumban vannak.<\/p>\n<h2>3. Jogi nyilatkozat<\/h2>\n<ol>\n<li>Az Universe Family weboldal\u00e1n tal\u00e1lhat\u00f3 anyagokat \u201eahogy vannak\u201d alapon biztos\u00edtjuk. Az Universo Fam\u00edlia semmilyen kifejezett vagy hallgat\u00f3lagos garanci\u00e1t nem v\u00e1llal, \u00e9s ezennel elutas\u00edt \u00e9s tagad minden egy\u00e9b garanci\u00e1t, bele\u00e9rtve korl\u00e1toz\u00e1s n\u00e9lk\u00fcl a hallgat\u00f3lagos garanci\u00e1kat vagy az eladhat\u00f3s\u00e1gra, egy adott c\u00e9lra val\u00f3 alkalmass\u00e1gra, a szellemi tulajdonjogok megs\u00e9rt\u00e9s\u00e9nek hi\u00e1ny\u00e1ra vagy egy\u00e9b jogs\u00e9rt\u00e9sekre vonatkoz\u00f3 felt\u00e9teleket.<\/li>\n<li>Tov\u00e1bb\u00e1 az Universo Fam\u00edlia nem szavatolja \u00e9s nem tesz semmilyen nyilatkozatot a weboldal\u00e1n tal\u00e1lhat\u00f3 anyagok pontoss\u00e1g\u00e1\u00e9rt, val\u00f3sz\u00edn\u0171s\u00edthet\u0151 eredm\u00e9nyei\u00e9rt vagy megb\u00edzhat\u00f3s\u00e1g\u00e1\u00e9rt, illetve az ilyen anyagokkal vagy a jelen weboldalhoz kapcsol\u00f3d\u00f3 webhelyeken tal\u00e1lhat\u00f3 anyagok felhaszn\u00e1l\u00e1s\u00e1val kapcsolatban.<\/li>\n<\/ol>\n<h2>4. Korl\u00e1toz\u00e1sok<\/h2>\n<p>Az Universo Fam\u00edlia vagy besz\u00e1ll\u00edt\u00f3i semmilyen esetben sem felel\u0151sek semmilyen k\u00e1r\u00e9rt (bele\u00e9rtve korl\u00e1toz\u00e1s n\u00e9lk\u00fcl az adatveszt\u00e9sb\u0151l vagy a nyeres\u00e9gkies\u00e9sb\u0151l, illetve az \u00fczleti tev\u00e9kenys\u00e9g megszakad\u00e1s\u00e1b\u00f3l ered\u0151 k\u00e1rokat), amely az Universo Fam\u00edli\u00e1n tal\u00e1lhat\u00f3 anyagok haszn\u00e1lat\u00e1b\u00f3l vagy a haszn\u00e1latuk lehetetlens\u00e9g\u00e9b\u0151l ered, m\u00e9g akkor sem, ha az Universo Fam\u00edli\u00e1t vagy az Universo Fam\u00edlia meghatalmazott k\u00e9pvisel\u0151j\u00e9t sz\u00f3ban vagy \u00edr\u00e1sban \u00e9rtes\u00edtett\u00e9k az ilyen k\u00e1rok lehet\u0151s\u00e9g\u00e9r\u0151l. Mivel egyes joghat\u00f3s\u00e1gok nem enged\u00e9lyezik a hallgat\u00f3lagos garanci\u00e1k korl\u00e1toz\u00e1s\u00e1t, illetve a k\u00f6vetkezm\u00e9nyes vagy v\u00e9letlenszer\u0171 k\u00e1rok\u00e9rt val\u00f3 felel\u0151ss\u00e9g korl\u00e1toz\u00e1s\u00e1t, ezek a korl\u00e1toz\u00e1sok esetleg nem vonatkoznak \u00d6nre.<\/p>\n<h2>5. Anyagprecizit\u00e1s<\/h2>\n<p>Az Universo Fam\u00edlia weboldal\u00e1n megjelen\u0151 anyagok tartalmazhatnak technikai, tipogr\u00e1fiai vagy f\u00e9nyk\u00e9p\u00e9szeti hib\u00e1kat. Az Universo Fam\u00edlia nem szavatolja, hogy a weboldal\u00e1n tal\u00e1lhat\u00f3 anyagok pontosak, teljesek vagy aktu\u00e1lisak. Az Universo Fam\u00edlia b\u00e1rmikor, el\u0151zetes \u00e9rtes\u00edt\u00e9s n\u00e9lk\u00fcl m\u00f3dos\u00edthatja a weboldal\u00e1n tal\u00e1lhat\u00f3 anyagokat. Az Universe Family azonban nem v\u00e1llal k\u00f6telezetts\u00e9get az anyagok friss\u00edt\u00e9s\u00e9re.<\/p>\n<h2>6. Linkek<\/h2>\n<p>Az Universo Fam\u00edlia nem ellen\u0151rizte a weboldal\u00e1hoz kapcsol\u00f3d\u00f3 \u00f6sszes webhelyet, \u00e9s nem v\u00e1llal felel\u0151ss\u00e9get az ilyen kapcsol\u00f3d\u00f3 webhelyek tartalm\u00e1\u00e9rt. B\u00e1rmely hivatkoz\u00e1s felt\u00fcntet\u00e9se nem jelenti azt, hogy az Universo Fam\u00edlia t\u00e1mogatja az oldalt. B\u00e1rmely hivatkozott webhely haszn\u00e1lata a felhaszn\u00e1l\u00f3 saj\u00e1t felel\u0151ss\u00e9g\u00e9re t\u00f6rt\u00e9nik.<\/p>\n<h3>m\u00f3dos\u00edt\u00e1sok<\/h3>\n<p>Az Universo Fam\u00edlia b\u00e1rmikor, el\u0151zetes \u00e9rtes\u00edt\u00e9s n\u00e9lk\u00fcl m\u00f3dos\u00edthatja weboldal\u00e1nak ezen szolg\u00e1ltat\u00e1si felt\u00e9teleit. A weboldal haszn\u00e1lat\u00e1val \u00d6n elfogadja a jelen Szolg\u00e1ltat\u00e1si Felt\u00e9telek aktu\u00e1lis verzi\u00f3j\u00e1t.<\/p>\n<h3>Alkalmazand\u00f3 jog<\/h3>\n<p>Ezeket a felt\u00e9teleket az Amerikai Egyes\u00fclt \u00c1llamok t\u00f6rv\u00e9nyei szab\u00e1lyozz\u00e1k \u00e9s \u00e9rtelmezik, \u00e9s \u00d6n visszavonhatatlanul al\u00e1veti mag\u00e1t az adott \u00e1llam vagy helysz\u00edn b\u00edr\u00f3s\u00e1gainak kiz\u00e1r\u00f3lagos joghat\u00f3s\u00e1g\u00e1nak.<\/p>","protected":false},"excerpt":{"rendered":"<p>1. T\u00e9rminos Al acceder al sitio web de Universo Familia, usted acepta cumplir con estos t\u00e9rminos de uso, as\u00ed como con todas las leyes y regulaciones aplicables. Asimismo, reconoce que es responsable de cumplir con la legislaci\u00f3n local vigente. Si no est\u00e1 de acuerdo con alguno de estos t\u00e9rminos, tiene prohibido utilizar o acceder a [&hellip;]<\/p>","protected":false},"author":139,"featured_media":0,"parent":0,"menu_order":0,"comment_status":"closed","ping_status":"closed","template":"page-nosidebar.php","meta":{"footnotes":""},"yoast_head":"<!-- This site is optimized with the Yoast SEO plugin v23.3 - https:\/\/yoast.com\/wordpress\/plugins\/seo\/ -->\n<title>Condiciones de uso - Universo Fam\u00edlia<\/title>\n<meta name=\"description\" content=\"Condiciones de uso\" \/>\n<meta name=\"robots\" content=\"index, follow, max-snippet:-1, max-image-preview:large, max-video-preview:-1\" \/>\n<link rel=\"canonical\" href=\"https:\/\/universofamilia.com\/hu\/hasznalati-feltetelek\/\" \/>\n<meta property=\"og:locale\" content=\"hu_HU\" \/>\n<meta property=\"og:type\" content=\"article\" \/>\n<meta property=\"og:title\" content=\"Condiciones de uso - Universo Fam\u00edlia\" \/>\n<meta property=\"og:description\" content=\"Condiciones de uso\" \/>\n<meta property=\"og:url\" content=\"https:\/\/universofamilia.com\/hu\/hasznalati-feltetelek\/\" \/>\n<meta property=\"og:site_name\" content=\"Universo Fam\u00edlia\" \/>\n<meta property=\"article:modified_time\" content=\"2026-03-18T18:10:50+00:00\" \/>\n<meta name=\"twitter:card\" content=\"summary_large_image\" \/>\n<meta name=\"twitter:label1\" content=\"Est. reading time\" \/>\n\t<meta name=\"twitter:data1\" content=\"4 perc\" \/>\n<script type=\"application\/ld+json\" class=\"yoast-schema-graph\">{\"@context\":\"https:\/\/schema.org\",\"@graph\":[{\"@type\":\"WebPage\",\"@id\":\"https:\/\/universofamilia.com\/condiciones-de-uso\/\",\"url\":\"https:\/\/universofamilia.com\/condiciones-de-uso\/\",\"name\":\"Condiciones de uso - Universo Fam\u00edlia\",\"isPartOf\":{\"@id\":\"https:\/\/universofamilia.com\/el\/#website\"},\"datePublished\":\"2023-05-26T20:33:14+00:00\",\"dateModified\":\"2026-03-18T18:10:50+00:00\",\"description\":\"Condiciones de uso\",\"breadcrumb\":{\"@id\":\"https:\/\/universofamilia.com\/condiciones-de-uso\/#breadcrumb\"},\"inLanguage\":\"hu\",\"potentialAction\":[{\"@type\":\"ReadAction\",\"target\":[\"https:\/\/universofamilia.com\/condiciones-de-uso\/\"]}]},{\"@type\":\"BreadcrumbList\",\"@id\":\"https:\/\/universofamilia.com\/condiciones-de-uso\/#breadcrumb\",\"itemListElement\":[{\"@type\":\"ListItem\",\"position\":1,\"name\":\"Home\",\"item\":\"https:\/\/universofamilia.com\/el\/\"},{\"@type\":\"ListItem\",\"position\":2,\"name\":\"Condiciones de uso\"}]},{\"@type\":\"WebSite\",\"@id\":\"https:\/\/universofamilia.com\/el\/#website\",\"url\":\"https:\/\/universofamilia.com\/el\/\",\"name\":\"Universo Fam\u00edlia\",\"description\":\"\",\"potentialAction\":[{\"@type\":\"SearchAction\",\"target\":{\"@type\":\"EntryPoint\",\"urlTemplate\":\"https:\/\/universofamilia.com\/el\/?s={search_term_string}\"},\"query-input\":\"required name=search_term_string\"}],\"inLanguage\":\"hu\"}]}<\/script>\n<!-- \/ Yoast SEO plugin. -->","yoast_head_json":{"title":"Condiciones de uso - Universo Fam\u00edlia","description":"Condiciones de uso","robots":{"index":"index","follow":"follow","max-snippet":"max-snippet:-1","max-image-preview":"max-image-preview:large","max-video-preview":"max-video-preview:-1"},"canonical":"https:\/\/universofamilia.com\/hu\/hasznalati-feltetelek\/","og_locale":"hu_HU","og_type":"article","og_title":"Condiciones de uso - Universo Fam\u00edlia","og_description":"Condiciones de uso","og_url":"https:\/\/universofamilia.com\/hu\/hasznalati-feltetelek\/","og_site_name":"Universo Fam\u00edlia","article_modified_time":"2026-03-18T18:10:50+00:00","twitter_card":"summary_large_image","twitter_misc":{"Est. reading time":"4 perc"},"schema":{"@context":"https:\/\/schema.org","@graph":[{"@type":"WebPage","@id":"https:\/\/universofamilia.com\/condiciones-de-uso\/","url":"https:\/\/universofamilia.com\/condiciones-de-uso\/","name":"Condiciones de uso - Universo Fam\u00edlia","isPartOf":{"@id":"https:\/\/universofamilia.com\/el\/#website"},"datePublished":"2023-05-26T20:33:14+00:00","dateModified":"2026-03-18T18:10:50+00:00","description":"Condiciones de uso","breadcrumb":{"@id":"https:\/\/universofamilia.com\/condiciones-de-uso\/#breadcrumb"},"inLanguage":"hu","potentialAction":[{"@type":"ReadAction","target":["https:\/\/universofamilia.com\/condiciones-de-uso\/"]}]},{"@type":"BreadcrumbList","@id":"https:\/\/universofamilia.com\/condiciones-de-uso\/#breadcrumb","itemListElement":[{"@type":"ListItem","position":1,"name":"Home","item":"https:\/\/universofamilia.com\/el\/"},{"@type":"ListItem","position":2,"name":"Condiciones de uso"}]},{"@type":"WebSite","@id":"https:\/\/universofamilia.com\/el\/#website","url":"https:\/\/universofamilia.com\/el\/","name":"Universo Fam\u00edlia","description":"","potentialAction":[{"@type":"SearchAction","target":{"@type":"EntryPoint","urlTemplate":"https:\/\/universofamilia.com\/el\/?s={search_term_string}"},"query-input":"required name=search_term_string"}],"inLanguage":"hu"}]}},"_links":{"self":[{"href":"https:\/\/universofamilia.com\/hu\/wp-json\/wp\/v2\/pages\/1961"}],"collection":[{"href":"https:\/\/universofamilia.com\/hu\/wp-json\/wp\/v2\/pages"}],"about":[{"href":"https:\/\/universofamilia.com\/hu\/wp-json\/wp\/v2\/types\/page"}],"author":[{"embeddable":true,"href":"https:\/\/universofamilia.com\/hu\/wp-json\/wp\/v2\/users\/139"}],"replies":[{"embeddable":true,"href":"https:\/\/universofamilia.com\/hu\/wp-json\/wp\/v2\/comments?post=1961"}],"version-history":[{"count":3,"href":"https:\/\/universofamilia.com\/hu\/wp-json\/wp\/v2\/pages\/1961\/revisions"}],"predecessor-version":[{"id":10550,"href":"https:\/\/universofamilia.com\/hu\/wp-json\/wp\/v2\/pages\/1961\/revisions\/10550"}],"wp:attachment":[{"href":"https:\/\/universofamilia.com\/hu\/wp-json\/wp\/v2\/media?parent=1961"}],"curies":[{"name":"wp","href":"https:\/\/api.w.org\/{rel}","templated":true}]}}