{"id":7944,"date":"2023-05-21T23:46:35","date_gmt":"2023-05-22T02:46:35","guid":{"rendered":"https:\/\/universofamilia.com\/?page_id=2"},"modified":"2025-11-04T11:43:55","modified_gmt":"2025-11-04T14:43:55","slug":"quienes-somos","status":"publish","type":"page","link":"https:\/\/universofamilia.com\/hu\/quienes-somos\/","title":{"rendered":"Kik vagyunk"},"content":{"rendered":"<p>Be <strong>Csal\u00e1di Univerzum<\/strong>Hisz\u00fcnk abban, hogy a tud\u00e1s \u00e9s a csal\u00e1di egys\u00e9g \u00e1talak\u00edthatja a vil\u00e1got. Digit\u00e1lis teret hoztunk l\u00e9tre, hogy inspir\u00e1ljuk, t\u00e1j\u00e9koztassuk \u00e9s t\u00e1mogassuk a modern csal\u00e1dokat a mindennapi \u00e9let\u00fckben, min\u0151s\u00e9gi tartalmakat ny\u00fajtva a t\u00e9m\u00e1ban... <strong>Technol\u00f3gia, karrierutak \u00e9s h\u00edrek, amelyek hat\u00e1ssal vannak a val\u00f3 \u00e9letre<\/strong>.<\/p>\n\n\n\n<p>C\u00e9lunk, hogy minden olvas\u00f3nk \u00faj eszk\u00f6z\u00f6ket, \u00f6tleteket \u00e9s perspekt\u00edv\u00e1kat fedezzen fel, amelyek megk\u00f6nny\u00edtik az \u00e9let\u00e9t, jav\u00edtj\u00e1k a j\u00f3l\u00e9t\u00e9t \u00e9s er\u0151s\u00edtik a csal\u00e1di k\u00f6tel\u00e9keket, mik\u00f6zben l\u00e9p\u00e9st tartanak a modern vil\u00e1g fejl\u0151d\u00e9s\u00e9vel.<\/p>\n\n\n\n<h2 class=\"wp-block-heading\"><strong>K\u00fcldet\u00e9s\u00fcnk<\/strong><\/h2>\n\n\n\n<p>K\u00fcldet\u00e9s\u00fcnk <strong>hogy hasznos \u00e9s megb\u00edzhat\u00f3 inform\u00e1ci\u00f3kat hozzon k\u00f6zelebb<\/strong> C\u00e9lunk, hogy vil\u00e1gos, hozz\u00e1f\u00e9rhet\u0151 \u00e9s naprak\u00e9sz inform\u00e1ci\u00f3kat ny\u00fajtsunk minden koroszt\u00e1ly sz\u00e1m\u00e1ra. Azt szeretn\u00e9nk, hogy minden egyes l\u00e1togat\u00e1s az Universo Famili\u00e1ba gazdag\u00edt\u00f3 \u00e9lm\u00e9ny legyen, ahol valami \u00fajat tanulhatsz, \u00e9s motiv\u00e1ci\u00f3t tal\u00e1lsz szem\u00e9lyes \u00e9s szakmai c\u00e9ljaid el\u00e9r\u00e9s\u00e9hez.<\/p>\n\n\n\n<h2 class=\"wp-block-heading\"><strong>V\u00edzi\u00f3nk<\/strong><\/h2>\n\n\n\n<p>Az egyik legmegb\u00edzhat\u00f3bb digit\u00e1lis k\u00f6z\u00f6ss\u00e9gg\u00e9 v\u00e1lni Spanyolorsz\u00e1gban, ahol a csal\u00e1dok inspir\u00e1ci\u00f3t, technol\u00f3giai megold\u00e1sokat, munkahelyteremt\u00e9si lehet\u0151s\u00e9geket \u00e9s a legfrissebb h\u00edreket tal\u00e1lj\u00e1k meg, amelyek igaz\u00e1n sz\u00e1m\u00edtanak.<br>Mi szeretn\u00e9nk lenni az els\u0151dleges inform\u00e1ci\u00f3forr\u00e1sod, amikor keresel <strong>Hogyan teheted jobb\u00e1 az \u00e9letedet a technol\u00f3gia \u00e9s az oktat\u00e1s seg\u00edts\u00e9g\u00e9vel?<\/strong>.<\/p>\n\n\n\n<h2 class=\"wp-block-heading\"><strong>\u00c9rt\u00e9keink<\/strong><\/h2>\n\n\n\n<ul>\n<li><strong>\u00c1tl\u00e1that\u00f3s\u00e1g:<\/strong> Ellen\u0151rz\u00f6tt tartalmat tesz\u00fcnk k\u00f6zz\u00e9, megb\u00edzhat\u00f3 forr\u00e1sokb\u00f3l \u00e9s \u0151szinte nyelvezettel.<\/li>\n\n\n\n<li><strong>Oktat\u00e1s:<\/strong> A folyamatos tanul\u00e1st technol\u00f3giai eszk\u00f6z\u00f6kkel \u00e9s gyakorlati tan\u00e1csokkal t\u00e1mogatjuk.<\/li>\n\n\n\n<li><strong>K\u00f6zels\u00e9g:<\/strong> Bar\u00e1ts\u00e1gos, emberi hangnemben besz\u00e9l\u00fcnk, amely mindenki sz\u00e1m\u00e1ra \u00e9rthet\u0151.<\/li>\n\n\n\n<li><strong>Innov\u00e1ci\u00f3:<\/strong> Hisz\u00fcnk a technol\u00f3gia erej\u00e9ben, amely leegyszer\u0171s\u00edti a mindennapokat.<\/li>\n\n\n\n<li><strong>Csal\u00e1d:<\/strong> Minden, amit tesz\u00fcnk, a szeretetb\u0151l, a tiszteletb\u0151l \u00e9s a v\u00e1gyb\u00f3l fakad, hogy l\u00e1ssuk a csal\u00e1dok egy\u00fctt n\u00f6vekedni \u00e9s boldogulni.<\/li>\n<\/ul>\n\n\n\n<h2 class=\"wp-block-heading\"><strong>Mit tal\u00e1lsz a Family Universe-ben?<\/strong><\/h2>\n\n\n\n<p>Rovatainkban egy odaad\u00e1ssal l\u00e9trehozott tartalomuniverzumot fedezhetsz fel.<\/p>\n\n\n\n<h3 class=\"wp-block-heading\"><strong>Technol\u00f3gia<\/strong><\/h3>\n\n\n\n<p>Ismerd meg, hogyan seg\u00edthetnek az \u00faj digit\u00e1lis eszk\u00f6z\u00f6k az \u00e9leted megszervez\u00e9s\u00e9ben, csal\u00e1dod v\u00e9delm\u00e9ben \u00e9s a termel\u00e9kenys\u00e9ged jav\u00edt\u00e1s\u00e1ban. A hasznos alkalmaz\u00e1sokt\u00f3l kezdve a gyakorlati \u00fatmutat\u00f3kig, hogy a legt\u00f6bbet hozhasd ki telefonodb\u00f3l vagy sz\u00e1m\u00edt\u00f3g\u00e9pedb\u0151l.<\/p>\n\n\n\n<h3 class=\"wp-block-heading\"><strong>Karrier<\/strong><\/h3>\n\n\n\n<p>Tippeket \u00e9s forr\u00e1sokat k\u00edn\u00e1lunk a szakmai fejl\u0151d\u00e9sedhez. Fedezd fel a legjobb online tanul\u00e1si platformokat, hogyan k\u00e9sz\u00fclj fel az interj\u00fakra, \u00e9s hogyan haszn\u00e1ld ki a digit\u00e1lis vil\u00e1gban rejl\u0151 munkalehet\u0151s\u00e9geket.<\/p>\n\n\n\n<h3 class=\"wp-block-heading\"><strong>H\u00edr<\/strong><\/h3>\n\n\n\n<p>Maradjon naprak\u00e9sz az oktat\u00e1ssal, innov\u00e1ci\u00f3val, j\u00f3l\u00e9ttel \u00e9s a csal\u00e1di \u00e9s szakmai \u00e9letre k\u00f6zvetlen\u00fcl hat\u00f3 glob\u00e1lis trendekkel kapcsolatos legfrissebb h\u00edrekkel.<\/p>\n\n\n\n<h2 class=\"wp-block-heading\"><strong>Mi\u00e9rt l\u00e9tez\u00fcnk?<\/strong><\/h2>\n\n\n\n<p>C\u00e9llal sz\u00fclett\u00fcnk: <strong>teremts pozit\u00edv, oktat\u00f3 \u00e9s megb\u00edzhat\u00f3 teret<\/strong>ahol mindenki inspir\u00e1ci\u00f3t \u00e9s gyakorlati tud\u00e1st tal\u00e1lhat.<br>Mert hisz\u00fcnk abban, hogy <strong>Egy t\u00e1j\u00e9kozott \u00e9s \u00f6sszetart\u00f3 csal\u00e1d er\u0151sebb csal\u00e1d<\/strong>\u00e9s hogy a folyamatos tanul\u00e1s a kulcs egy jobb j\u00f6v\u0151 \u00e9p\u00edt\u00e9s\u00e9hez.<\/p>","protected":false},"excerpt":{"rendered":"<p>En Universo Familia, creemos que el conocimiento y la uni\u00f3n familiar pueden transformar el mundo. Somos un espacio digital creado para inspirar, informar y acompa\u00f1ar a las familias modernas en su d\u00eda a d\u00eda, brindando contenidos de calidad sobre tecnolog\u00eda, carrera profesional y noticias que impactan la vida real. Nuestro objetivo es ayudar a cada [&hellip;]<\/p>","protected":false},"author":139,"featured_media":1605,"parent":0,"menu_order":0,"comment_status":"closed","ping_status":"closed","template":"page-nosidebar.php","meta":{"footnotes":""},"yoast_head":"<!-- This site is optimized with the Yoast SEO plugin v23.3 - https:\/\/yoast.com\/wordpress\/plugins\/seo\/ -->\n<title>Qui\u00e9nes somos - Universo Fam\u00edlia<\/title>\n<meta name=\"description\" content=\"Qui\u00e9nes somos\" \/>\n<meta name=\"robots\" content=\"index, follow, max-snippet:-1, max-image-preview:large, max-video-preview:-1\" \/>\n<link rel=\"canonical\" href=\"https:\/\/universofamilia.com\/hu\/quienes-somos\/\" \/>\n<meta property=\"og:locale\" content=\"hu_HU\" \/>\n<meta property=\"og:type\" content=\"article\" \/>\n<meta property=\"og:title\" content=\"Qui\u00e9nes somos - Universo Fam\u00edlia\" \/>\n<meta property=\"og:description\" content=\"Qui\u00e9nes somos\" \/>\n<meta property=\"og:url\" content=\"https:\/\/universofamilia.com\/hu\/quienes-somos\/\" \/>\n<meta property=\"og:site_name\" content=\"Universo Fam\u00edlia\" \/>\n<meta property=\"article:modified_time\" content=\"2025-11-04T14:43:55+00:00\" \/>\n<meta property=\"og:image\" content=\"https:\/\/universofamilia.com\/wp-content\/uploads\/sites\/148\/2023\/05\/universo-familia-sobre-familia-2.png\" \/>\n\t<meta property=\"og:image:width\" content=\"550\" \/>\n\t<meta property=\"og:image:height\" content=\"350\" \/>\n\t<meta property=\"og:image:type\" content=\"image\/png\" \/>\n<meta name=\"twitter:card\" content=\"summary_large_image\" \/>\n<meta name=\"twitter:label1\" content=\"Est. reading time\" \/>\n\t<meta name=\"twitter:data1\" content=\"3 perc\" \/>\n<script type=\"application\/ld+json\" class=\"yoast-schema-graph\">{\"@context\":\"https:\/\/schema.org\",\"@graph\":[{\"@type\":\"WebPage\",\"@id\":\"https:\/\/universofamilia.com\/quienes-somos\/\",\"url\":\"https:\/\/universofamilia.com\/quienes-somos\/\",\"name\":\"Qui\u00e9nes somos - Universo Fam\u00edlia\",\"isPartOf\":{\"@id\":\"https:\/\/universofamilia.com\/el\/#website\"},\"primaryImageOfPage\":{\"@id\":\"https:\/\/universofamilia.com\/quienes-somos\/#primaryimage\"},\"image\":{\"@id\":\"https:\/\/universofamilia.com\/quienes-somos\/#primaryimage\"},\"thumbnailUrl\":\"https:\/\/universofamilia.com\/wp-content\/uploads\/sites\/148\/2023\/05\/universo-familia-sobre-familia-2.png\",\"datePublished\":\"2023-05-22T02:46:35+00:00\",\"dateModified\":\"2025-11-04T14:43:55+00:00\",\"description\":\"Qui\u00e9nes somos\",\"breadcrumb\":{\"@id\":\"https:\/\/universofamilia.com\/quienes-somos\/#breadcrumb\"},\"inLanguage\":\"hu\",\"potentialAction\":[{\"@type\":\"ReadAction\",\"target\":[\"https:\/\/universofamilia.com\/quienes-somos\/\"]}]},{\"@type\":\"ImageObject\",\"inLanguage\":\"hu\",\"@id\":\"https:\/\/universofamilia.com\/quienes-somos\/#primaryimage\",\"url\":\"https:\/\/universofamilia.com\/wp-content\/uploads\/sites\/148\/2023\/05\/universo-familia-sobre-familia-2.png\",\"contentUrl\":\"https:\/\/universofamilia.com\/wp-content\/uploads\/sites\/148\/2023\/05\/universo-familia-sobre-familia-2.png\",\"width\":550,\"height\":350},{\"@type\":\"BreadcrumbList\",\"@id\":\"https:\/\/universofamilia.com\/quienes-somos\/#breadcrumb\",\"itemListElement\":[{\"@type\":\"ListItem\",\"position\":1,\"name\":\"Home\",\"item\":\"https:\/\/universofamilia.com\/el\/\"},{\"@type\":\"ListItem\",\"position\":2,\"name\":\"Qui\u00e9nes somos\"}]},{\"@type\":\"WebSite\",\"@id\":\"https:\/\/universofamilia.com\/el\/#website\",\"url\":\"https:\/\/universofamilia.com\/el\/\",\"name\":\"Universo Fam\u00edlia\",\"description\":\"\",\"potentialAction\":[{\"@type\":\"SearchAction\",\"target\":{\"@type\":\"EntryPoint\",\"urlTemplate\":\"https:\/\/universofamilia.com\/el\/?s={search_term_string}\"},\"query-input\":\"required name=search_term_string\"}],\"inLanguage\":\"hu\"}]}<\/script>\n<!-- \/ Yoast SEO plugin. -->","yoast_head_json":{"title":"Qui\u00e9nes somos - Universo Fam\u00edlia","description":"Qui\u00e9nes somos","robots":{"index":"index","follow":"follow","max-snippet":"max-snippet:-1","max-image-preview":"max-image-preview:large","max-video-preview":"max-video-preview:-1"},"canonical":"https:\/\/universofamilia.com\/hu\/quienes-somos\/","og_locale":"hu_HU","og_type":"article","og_title":"Qui\u00e9nes somos - Universo Fam\u00edlia","og_description":"Qui\u00e9nes somos","og_url":"https:\/\/universofamilia.com\/hu\/quienes-somos\/","og_site_name":"Universo Fam\u00edlia","article_modified_time":"2025-11-04T14:43:55+00:00","og_image":[{"width":550,"height":350,"url":"https:\/\/universofamilia.com\/wp-content\/uploads\/sites\/148\/2023\/05\/universo-familia-sobre-familia-2.png","type":"image\/png"}],"twitter_card":"summary_large_image","twitter_misc":{"Est. reading time":"3 perc"},"schema":{"@context":"https:\/\/schema.org","@graph":[{"@type":"WebPage","@id":"https:\/\/universofamilia.com\/quienes-somos\/","url":"https:\/\/universofamilia.com\/quienes-somos\/","name":"Qui\u00e9nes somos - Universo Fam\u00edlia","isPartOf":{"@id":"https:\/\/universofamilia.com\/el\/#website"},"primaryImageOfPage":{"@id":"https:\/\/universofamilia.com\/quienes-somos\/#primaryimage"},"image":{"@id":"https:\/\/universofamilia.com\/quienes-somos\/#primaryimage"},"thumbnailUrl":"https:\/\/universofamilia.com\/wp-content\/uploads\/sites\/148\/2023\/05\/universo-familia-sobre-familia-2.png","datePublished":"2023-05-22T02:46:35+00:00","dateModified":"2025-11-04T14:43:55+00:00","description":"Qui\u00e9nes somos","breadcrumb":{"@id":"https:\/\/universofamilia.com\/quienes-somos\/#breadcrumb"},"inLanguage":"hu","potentialAction":[{"@type":"ReadAction","target":["https:\/\/universofamilia.com\/quienes-somos\/"]}]},{"@type":"ImageObject","inLanguage":"hu","@id":"https:\/\/universofamilia.com\/quienes-somos\/#primaryimage","url":"https:\/\/universofamilia.com\/wp-content\/uploads\/sites\/148\/2023\/05\/universo-familia-sobre-familia-2.png","contentUrl":"https:\/\/universofamilia.com\/wp-content\/uploads\/sites\/148\/2023\/05\/universo-familia-sobre-familia-2.png","width":550,"height":350},{"@type":"BreadcrumbList","@id":"https:\/\/universofamilia.com\/quienes-somos\/#breadcrumb","itemListElement":[{"@type":"ListItem","position":1,"name":"Home","item":"https:\/\/universofamilia.com\/el\/"},{"@type":"ListItem","position":2,"name":"Qui\u00e9nes somos"}]},{"@type":"WebSite","@id":"https:\/\/universofamilia.com\/el\/#website","url":"https:\/\/universofamilia.com\/el\/","name":"Universo Fam\u00edlia","description":"","potentialAction":[{"@type":"SearchAction","target":{"@type":"EntryPoint","urlTemplate":"https:\/\/universofamilia.com\/el\/?s={search_term_string}"},"query-input":"required name=search_term_string"}],"inLanguage":"hu"}]}},"_links":{"self":[{"href":"https:\/\/universofamilia.com\/hu\/wp-json\/wp\/v2\/pages\/7944"}],"collection":[{"href":"https:\/\/universofamilia.com\/hu\/wp-json\/wp\/v2\/pages"}],"about":[{"href":"https:\/\/universofamilia.com\/hu\/wp-json\/wp\/v2\/types\/page"}],"author":[{"embeddable":true,"href":"https:\/\/universofamilia.com\/hu\/wp-json\/wp\/v2\/users\/139"}],"replies":[{"embeddable":true,"href":"https:\/\/universofamilia.com\/hu\/wp-json\/wp\/v2\/comments?post=7944"}],"version-history":[{"count":3,"href":"https:\/\/universofamilia.com\/hu\/wp-json\/wp\/v2\/pages\/7944\/revisions"}],"predecessor-version":[{"id":10273,"href":"https:\/\/universofamilia.com\/hu\/wp-json\/wp\/v2\/pages\/7944\/revisions\/10273"}],"wp:featuredmedia":[{"embeddable":true,"href":"https:\/\/universofamilia.com\/hu\/wp-json\/wp\/v2\/media\/1605"}],"wp:attachment":[{"href":"https:\/\/universofamilia.com\/hu\/wp-json\/wp\/v2\/media?parent=7944"}],"curies":[{"name":"wp","href":"https:\/\/api.w.org\/{rel}","templated":true}]}}