{"id":1961,"date":"2023-05-26T20:33:14","date_gmt":"2023-05-26T20:33:14","guid":{"rendered":"https:\/\/universofamilia.com\/?page_id=1961"},"modified":"2026-03-18T15:10:50","modified_gmt":"2026-03-18T18:10:50","slug":"condiciones-de-uso","status":"publish","type":"page","link":"https:\/\/universofamilia.com\/id\/kondisi-penggunaan\/","title":{"rendered":"Ketentuan penggunaan"},"content":{"rendered":"<h2>1. Ketentuan<\/h2>\n<p data-start=\"199\" data-end=\"430\">Saat mengakses situs web <a href=\"https:\/\/universofamilia.com\/id\/\">Keluarga Semesta<\/a>Dengan menggunakan layanan ini, Anda setuju untuk mematuhi ketentuan penggunaan ini, serta semua hukum dan peraturan yang berlaku. Anda juga mengakui bahwa Anda bertanggung jawab untuk mematuhi semua hukum setempat yang berlaku.<\/p>\n<p data-start=\"432\" data-end=\"532\">Jika Anda tidak menyetujui salah satu ketentuan ini, Anda dilarang menggunakan atau mengakses situs ini.<\/p>\n<p data-start=\"534\" data-end=\"672\">Konten dan materi yang tersedia di situs ini dilindungi oleh hukum hak cipta dan merek dagang yang berlaku.<\/p>\n<h2>2. Lisensi Penggunaan<\/h2>\n<p>Izin diberikan untuk mengunduh sementara satu salinan materi (informasi atau perangkat lunak) di situs web Universo Fam\u00edlia untuk tampilan sementara pribadi dan nonkomersial saja. Ini adalah pemberian lisensi, bukan pengalihan hak milik, dan berdasarkan lisensi ini Anda tidak boleh:<\/p>\n<ol>\n<li>mengubah atau menyalin materi;<\/li>\n<li>menggunakan materi untuk tujuan komersial atau untuk tampilan publik (komersial atau non-komersial);<\/li>\n<li>mencoba mendekompilasi atau merekayasa ulang perangkat lunak apa pun yang terdapat pada situs web Universo Fam\u00edlia;<\/li>\n<li>menghapus hak cipta atau notasi hak milik lainnya dari materi tersebut; salah satu<\/li>\n<li>mentransfer materi ke orang lain atau \u201cmencerminkan\u201d materi di server lain mana pun.<\/li>\n<\/ol>\n<p>Lisensi ini akan otomatis berakhir jika Anda melanggar salah satu batasan ini dan dapat diakhiri oleh Universo Fam\u00edlia kapan saja. Setelah mengakhiri penayangan materi ini atau setelah berakhirnya lisensi ini, Anda harus menghapus semua materi unduhan yang Anda miliki, baik dalam format elektronik maupun cetak.<\/p>\n<h2>3. Penafian<\/h2>\n<ol>\n<li>Materi di situs web Universe Family disediakan \u201capa adanya\u201d. Universo Fam\u00edlia tidak memberikan jaminan, tersurat maupun tersirat, dan dengan ini menyangkal dan meniadakan semua jaminan lainnya, termasuk namun tidak terbatas pada, jaminan atau ketentuan tersirat tentang kelayakan untuk diperjualbelikan, kesesuaian untuk tujuan tertentu, atau tidak adanya pelanggaran hak kekayaan intelektual atau pelanggaran hak lainnya.<\/li>\n<li>Lebih lanjut, Universo Fam\u00edlia tidak memberikan jaminan atau membuat pernyataan apa pun mengenai keakuratan, kemungkinan hasil, atau keandalan penggunaan materi di situs webnya atau materi yang berkaitan dengan materi tersebut atau di situs mana pun yang tertaut ke situs ini.<\/li>\n<\/ol>\n<h2>4. Keterbatasan<\/h2>\n<p>Dalam keadaan apa pun, Universo Fam\u00edlia atau para pemasoknya tidak bertanggung jawab atas segala kerusakan (termasuk, namun tidak terbatas pada, kerusakan karena hilangnya data atau keuntungan, atau akibat gangguan bisnis,) yang timbul dari penggunaan atau ketidakmampuan penggunaan materi di Universo Fam\u00edlia, bahkan jika Universo Fam\u00edlia atau wakil Universo Fam\u00edlia yang berwenang telah diberitahu secara lisan atau tertulis tentang kemungkinan kerusakan tersebut. Karena beberapa yurisdiksi tidak mengizinkan pembatasan pada jaminan tersirat, atau pembatasan tanggung jawab atas kerusakan konsekuensial atau insidental, pembatasan ini mungkin tidak berlaku bagi Anda.<\/p>\n<h2>5. Presisi material<\/h2>\n<p>Materi yang muncul di situs web Universo Fam\u00edlia dapat mencakup kesalahan teknis, tipografi, atau fotografi. Universo Fam\u00edlia tidak menjamin bahwa materi apa pun di situs webnya akurat, lengkap, atau terkini. Universo Fam\u00edlia dapat membuat perubahan pada materi yang dimuat di situs webnya kapan saja tanpa pemberitahuan. Namun, Universe Family tidak berkewajiban memperbarui materi.<\/p>\n<h2>6. Tautan<\/h2>\n<p>Universo Fam\u00edlia belum meninjau semua situs yang tertaut ke situs webnya dan tidak bertanggung jawab atas konten situs tertaut tersebut. Penyertaan tautan apapun tidak mengartikan dukungan oleh Universo Fam\u00edlia terhadap situs tersebut. Penggunaan situs apa pun yang tertaut merupakan risiko pengguna sendiri.<\/p>\n<h3>Modifikasi<\/h3>\n<p>Universo Fam\u00edlia dapat merevisi ketentuan layanan ini untuk situs webnya kapan saja tanpa pemberitahuan sebelumnya. Dengan menggunakan situs web ini, Anda setuju untuk terikat oleh versi terkini dari Ketentuan Layanan ini.<\/p>\n<h3>Hukum yang berlaku<\/h3>\n<p>Syarat dan ketentuan ini diatur dan ditafsirkan sesuai dengan hukum Amerika Serikat dan Anda secara tidak dapat ditarik kembali tunduk pada yurisdiksi eksklusif pengadilan di negara bagian atau lokasi tersebut.<\/p>","protected":false},"excerpt":{"rendered":"<p>1. T\u00e9rminos Al acceder al sitio web de Universo Familia, usted acepta cumplir con estos t\u00e9rminos de uso, as\u00ed como con todas las leyes y regulaciones aplicables. Asimismo, reconoce que es responsable de cumplir con la legislaci\u00f3n local vigente. Si no est\u00e1 de acuerdo con alguno de estos t\u00e9rminos, tiene prohibido utilizar o acceder a [&hellip;]<\/p>","protected":false},"author":139,"featured_media":0,"parent":0,"menu_order":0,"comment_status":"closed","ping_status":"closed","template":"page-nosidebar.php","meta":{"footnotes":""},"yoast_head":"<!-- This site is optimized with the Yoast SEO plugin v23.3 - https:\/\/yoast.com\/wordpress\/plugins\/seo\/ -->\n<title>Condiciones de uso - Universo Fam\u00edlia<\/title>\n<meta name=\"description\" content=\"Condiciones de uso\" \/>\n<meta name=\"robots\" content=\"index, follow, max-snippet:-1, max-image-preview:large, max-video-preview:-1\" \/>\n<link rel=\"canonical\" href=\"https:\/\/universofamilia.com\/id\/kondisi-penggunaan\/\" \/>\n<meta property=\"og:locale\" content=\"id_ID\" \/>\n<meta property=\"og:type\" content=\"article\" \/>\n<meta property=\"og:title\" content=\"Condiciones de uso - Universo Fam\u00edlia\" \/>\n<meta property=\"og:description\" content=\"Condiciones de uso\" \/>\n<meta property=\"og:url\" content=\"https:\/\/universofamilia.com\/id\/kondisi-penggunaan\/\" \/>\n<meta property=\"og:site_name\" content=\"Universo Fam\u00edlia\" \/>\n<meta property=\"article:modified_time\" content=\"2026-03-18T18:10:50+00:00\" \/>\n<meta name=\"twitter:card\" content=\"summary_large_image\" \/>\n<meta name=\"twitter:label1\" content=\"Est. reading time\" \/>\n\t<meta name=\"twitter:data1\" content=\"4 menit\" \/>\n<script type=\"application\/ld+json\" class=\"yoast-schema-graph\">{\"@context\":\"https:\/\/schema.org\",\"@graph\":[{\"@type\":\"WebPage\",\"@id\":\"https:\/\/universofamilia.com\/condiciones-de-uso\/\",\"url\":\"https:\/\/universofamilia.com\/condiciones-de-uso\/\",\"name\":\"Condiciones de uso - Universo Fam\u00edlia\",\"isPartOf\":{\"@id\":\"https:\/\/universofamilia.com\/el\/#website\"},\"datePublished\":\"2023-05-26T20:33:14+00:00\",\"dateModified\":\"2026-03-18T18:10:50+00:00\",\"description\":\"Condiciones de uso\",\"breadcrumb\":{\"@id\":\"https:\/\/universofamilia.com\/condiciones-de-uso\/#breadcrumb\"},\"inLanguage\":\"id\",\"potentialAction\":[{\"@type\":\"ReadAction\",\"target\":[\"https:\/\/universofamilia.com\/condiciones-de-uso\/\"]}]},{\"@type\":\"BreadcrumbList\",\"@id\":\"https:\/\/universofamilia.com\/condiciones-de-uso\/#breadcrumb\",\"itemListElement\":[{\"@type\":\"ListItem\",\"position\":1,\"name\":\"Home\",\"item\":\"https:\/\/universofamilia.com\/el\/\"},{\"@type\":\"ListItem\",\"position\":2,\"name\":\"Condiciones de uso\"}]},{\"@type\":\"WebSite\",\"@id\":\"https:\/\/universofamilia.com\/el\/#website\",\"url\":\"https:\/\/universofamilia.com\/el\/\",\"name\":\"Universo Fam\u00edlia\",\"description\":\"\",\"potentialAction\":[{\"@type\":\"SearchAction\",\"target\":{\"@type\":\"EntryPoint\",\"urlTemplate\":\"https:\/\/universofamilia.com\/el\/?s={search_term_string}\"},\"query-input\":\"required name=search_term_string\"}],\"inLanguage\":\"id\"}]}<\/script>\n<!-- \/ Yoast SEO plugin. -->","yoast_head_json":{"title":"Condiciones de uso - Universo Fam\u00edlia","description":"Condiciones de uso","robots":{"index":"index","follow":"follow","max-snippet":"max-snippet:-1","max-image-preview":"max-image-preview:large","max-video-preview":"max-video-preview:-1"},"canonical":"https:\/\/universofamilia.com\/id\/kondisi-penggunaan\/","og_locale":"id_ID","og_type":"article","og_title":"Condiciones de uso - Universo Fam\u00edlia","og_description":"Condiciones de uso","og_url":"https:\/\/universofamilia.com\/id\/kondisi-penggunaan\/","og_site_name":"Universo Fam\u00edlia","article_modified_time":"2026-03-18T18:10:50+00:00","twitter_card":"summary_large_image","twitter_misc":{"Est. reading time":"4 menit"},"schema":{"@context":"https:\/\/schema.org","@graph":[{"@type":"WebPage","@id":"https:\/\/universofamilia.com\/condiciones-de-uso\/","url":"https:\/\/universofamilia.com\/condiciones-de-uso\/","name":"Condiciones de uso - Universo Fam\u00edlia","isPartOf":{"@id":"https:\/\/universofamilia.com\/el\/#website"},"datePublished":"2023-05-26T20:33:14+00:00","dateModified":"2026-03-18T18:10:50+00:00","description":"Condiciones de uso","breadcrumb":{"@id":"https:\/\/universofamilia.com\/condiciones-de-uso\/#breadcrumb"},"inLanguage":"id","potentialAction":[{"@type":"ReadAction","target":["https:\/\/universofamilia.com\/condiciones-de-uso\/"]}]},{"@type":"BreadcrumbList","@id":"https:\/\/universofamilia.com\/condiciones-de-uso\/#breadcrumb","itemListElement":[{"@type":"ListItem","position":1,"name":"Home","item":"https:\/\/universofamilia.com\/el\/"},{"@type":"ListItem","position":2,"name":"Condiciones de uso"}]},{"@type":"WebSite","@id":"https:\/\/universofamilia.com\/el\/#website","url":"https:\/\/universofamilia.com\/el\/","name":"Universo Fam\u00edlia","description":"","potentialAction":[{"@type":"SearchAction","target":{"@type":"EntryPoint","urlTemplate":"https:\/\/universofamilia.com\/el\/?s={search_term_string}"},"query-input":"required name=search_term_string"}],"inLanguage":"id"}]}},"_links":{"self":[{"href":"https:\/\/universofamilia.com\/id\/wp-json\/wp\/v2\/pages\/1961"}],"collection":[{"href":"https:\/\/universofamilia.com\/id\/wp-json\/wp\/v2\/pages"}],"about":[{"href":"https:\/\/universofamilia.com\/id\/wp-json\/wp\/v2\/types\/page"}],"author":[{"embeddable":true,"href":"https:\/\/universofamilia.com\/id\/wp-json\/wp\/v2\/users\/139"}],"replies":[{"embeddable":true,"href":"https:\/\/universofamilia.com\/id\/wp-json\/wp\/v2\/comments?post=1961"}],"version-history":[{"count":3,"href":"https:\/\/universofamilia.com\/id\/wp-json\/wp\/v2\/pages\/1961\/revisions"}],"predecessor-version":[{"id":10550,"href":"https:\/\/universofamilia.com\/id\/wp-json\/wp\/v2\/pages\/1961\/revisions\/10550"}],"wp:attachment":[{"href":"https:\/\/universofamilia.com\/id\/wp-json\/wp\/v2\/media?parent=1961"}],"curies":[{"name":"wp","href":"https:\/\/api.w.org\/{rel}","templated":true}]}}