{"id":1961,"date":"2023-05-26T20:33:14","date_gmt":"2023-05-26T20:33:14","guid":{"rendered":"https:\/\/universofamilia.com\/?page_id=1961"},"modified":"2026-03-18T15:10:50","modified_gmt":"2026-03-18T18:10:50","slug":"condiciones-de-uso","status":"publish","type":"page","link":"https:\/\/universofamilia.com\/ja\/condiciones-de-uso\/","title":{"rendered":"\u4f7f\u7528\u6761\u4ef6"},"content":{"rendered":"<h2>1. \u898f\u7d04<\/h2>\n<p data-start=\"199\" data-end=\"430\">\u30a6\u30a7\u30d6\u30b5\u30a4\u30c8\u306b\u30a2\u30af\u30bb\u30b9\u3059\u308b\u969b <a href=\"https:\/\/universofamilia.com\/ja\/\">\u30d5\u30a1\u30df\u30ea\u30fc\u30e6\u30cb\u30d0\u30fc\u30b9<\/a>\u672c\u30b5\u30fc\u30d3\u30b9\u3092\u3054\u5229\u7528\u306b\u306a\u308b\u3053\u3068\u306b\u3088\u308a\u3001\u304a\u5ba2\u69d8\u306f\u672c\u5229\u7528\u898f\u7d04\u304a\u3088\u3073\u9069\u7528\u3055\u308c\u308b\u3059\u3079\u3066\u306e\u6cd5\u4ee4\u3092\u9075\u5b88\u3059\u308b\u3053\u3068\u306b\u540c\u610f\u3059\u308b\u3082\u306e\u3068\u3057\u307e\u3059\u3002\u307e\u305f\u3001\u304a\u5ba2\u69d8\u306f\u9069\u7528\u3055\u308c\u308b\u3059\u3079\u3066\u306e\u5730\u57df\u6cd5\u3092\u9075\u5b88\u3059\u308b\u8cac\u4efb\u304c\u3042\u308b\u3053\u3068\u3092\u8a8d\u8b58\u3059\u308b\u3082\u306e\u3068\u3057\u307e\u3059\u3002<\/p>\n<p data-start=\"432\" data-end=\"532\">\u3053\u308c\u3089\u306e\u898f\u7d04\u306e\u3044\u305a\u308c\u304b\u306b\u540c\u610f\u3057\u306a\u3044\u5834\u5408\u306f\u3001\u672c\u30b5\u30a4\u30c8\u306e\u4f7f\u7528\u307e\u305f\u306f\u30a2\u30af\u30bb\u30b9\u306f\u7981\u6b62\u3055\u308c\u3066\u3044\u307e\u3059\u3002<\/p>\n<p data-start=\"534\" data-end=\"672\">\u672c\u30b5\u30a4\u30c8\u306b\u63b2\u8f09\u3055\u308c\u3066\u3044\u308b\u30b3\u30f3\u30c6\u30f3\u30c4\u304a\u3088\u3073\u8cc7\u6599\u306f\u3001\u9069\u7528\u3055\u308c\u308b\u8457\u4f5c\u6a29\u6cd5\u304a\u3088\u3073\u5546\u6a19\u6cd5\u306b\u3088\u3063\u3066\u4fdd\u8b77\u3055\u308c\u3066\u3044\u307e\u3059\u3002<\/p>\n<h2>2. \u30e9\u30a4\u30bb\u30f3\u30b9\u306e\u4f7f\u7528<\/h2>\n<p>Universo Fam\u00edlia \u306e Web \u30b5\u30a4\u30c8\u4e0a\u306e\u8cc7\u6599 (\u60c5\u5831\u307e\u305f\u306f\u30bd\u30d5\u30c8\u30a6\u30a7\u30a2) \u306e\u30b3\u30d4\u30fc\u3092\u3001\u500b\u4eba\u7684\u306a\u975e\u55b6\u5229\u76ee\u7684\u306e\u4e00\u6642\u7684\u306a\u95b2\u89a7\u306e\u307f\u3092\u76ee\u7684\u3068\u3057\u3066 1 \u90e8\u4e00\u6642\u7684\u306b\u30c0\u30a6\u30f3\u30ed\u30fc\u30c9\u3059\u308b\u3053\u3068\u3092\u8a31\u53ef\u3057\u307e\u3059\u3002\u3053\u308c\u306f\u30e9\u30a4\u30bb\u30f3\u30b9\u306e\u4ed8\u4e0e\u3067\u3042\u308a\u3001\u6240\u6709\u6a29\u306e\u8b72\u6e21\u3067\u306f\u3042\u308a\u307e\u305b\u3093\u3002\u3053\u306e\u30e9\u30a4\u30bb\u30f3\u30b9\u3067\u306f\u3001\u6b21\u306e\u884c\u70ba\u306f\u7981\u6b62\u3055\u308c\u3066\u3044\u307e\u3059\u3002<\/p>\n<ol>\n<li>\u8cc7\u6599\u3092\u5909\u66f4\u307e\u305f\u306f\u30b3\u30d4\u30fc\u3059\u308b;<\/li>\n<li>\u8cc7\u6599\u3092\u5546\u696d\u76ee\u7684\u307e\u305f\u306f\u516c\u8846\u5c55\u793a\uff08\u5546\u696d\u7684\u307e\u305f\u306f\u975e\u5546\u696d\u7684\uff09\u306b\u4f7f\u7528\u3059\u308b\u3053\u3068\u3002<\/li>\n<li>Universo Fam\u00edlia \u30a6\u30a7\u30d6\u30b5\u30a4\u30c8\u306b\u542b\u307e\u308c\u308b\u30bd\u30d5\u30c8\u30a6\u30a7\u30a2\u3092\u9006\u30b3\u30f3\u30d1\u30a4\u30eb\u307e\u305f\u306f\u30ea\u30d0\u30fc\u30b9\u30a8\u30f3\u30b8\u30cb\u30a2\u30ea\u30f3\u30b0\u3057\u3088\u3046\u3068\u3059\u308b\u884c\u70ba\u3002<\/li>\n<li>\u8cc7\u6599\u304b\u3089\u8457\u4f5c\u6a29\u307e\u305f\u306f\u305d\u306e\u4ed6\u306e\u6240\u6709\u6a29\u8868\u793a\u3092\u524a\u9664\u3059\u308b;\u3069\u3061\u3089\u304b<\/li>\n<li>\u8cc7\u6599\u3092\u4ed6\u306e\u4eba\u306b\u8ee2\u9001\u3057\u305f\u308a\u3001\u4ed6\u306e\u30b5\u30fc\u30d0\u30fc\u306b\u8cc7\u6599\u3092\u300c\u30df\u30e9\u30fc\u30ea\u30f3\u30b0\u300d\u3057\u305f\u308a\u3057\u306a\u3044\u3067\u304f\u3060\u3055\u3044\u3002<\/li>\n<\/ol>\n<p>\u3053\u308c\u3089\u306e\u5236\u9650\u306e\u3044\u305a\u308c\u304b\u306b\u9055\u53cd\u3057\u305f\u5834\u5408\u3001\u3053\u306e\u30e9\u30a4\u30bb\u30f3\u30b9\u306f\u81ea\u52d5\u7684\u306b\u7d42\u4e86\u3057\u3001Universo Fam\u00edlia \u306b\u3088\u3063\u3066\u3044\u3064\u3067\u3082\u7d42\u4e86\u3055\u308c\u308b\u5834\u5408\u304c\u3042\u308a\u307e\u3059\u3002\u3053\u308c\u3089\u306e\u8cc7\u6599\u306e\u95b2\u89a7\u3092\u7d42\u4e86\u3057\u305f\u5834\u5408\u3001\u307e\u305f\u306f\u3053\u306e\u30e9\u30a4\u30bb\u30f3\u30b9\u304c\u7d42\u4e86\u3057\u305f\u5834\u5408\u306b\u306f\u3001\u96fb\u5b50\u5f62\u5f0f\u304b\u5370\u5237\u5f62\u5f0f\u304b\u3092\u554f\u308f\u305a\u3001\u6240\u6709\u3057\u3066\u3044\u308b\u30c0\u30a6\u30f3\u30ed\u30fc\u30c9\u3057\u305f\u8cc7\u6599\u3092\u3059\u3079\u3066\u524a\u9664\u3059\u308b\u5fc5\u8981\u304c\u3042\u308a\u307e\u3059\u3002<\/p>\n<h2>3. \u514d\u8cac\u4e8b\u9805<\/h2>\n<ol>\n<li>Universe Family \u306e\u30a6\u30a7\u30d6\u30b5\u30a4\u30c8\u4e0a\u306e\u8cc7\u6599\u306f\u300c\u73fe\u72b6\u306e\u307e\u307e\u300d\u63d0\u4f9b\u3055\u308c\u307e\u3059\u3002 Universo Fam\u00edlia \u306f\u3001\u660e\u793a\u7684\u304b\u9ed9\u793a\u7684\u304b\u3092\u554f\u308f\u305a\u3044\u304b\u306a\u308b\u4fdd\u8a3c\u3082\u884c\u3044\u307e\u305b\u3093\u3002\u307e\u305f\u3001\u5546\u54c1\u6027\u3001\u7279\u5b9a\u76ee\u7684\u3078\u306e\u9069\u5408\u6027\u3001\u77e5\u7684\u8ca1\u7523\u6a29\u306e\u975e\u4fb5\u5bb3\u307e\u305f\u306f\u305d\u306e\u4ed6\u306e\u6a29\u5229\u4fb5\u5bb3\u306b\u5bfe\u3059\u308b\u9ed9\u793a\u7684\u4fdd\u8a3c\u307e\u305f\u306f\u6761\u4ef6\u3092\u542b\u3081\u3001\u305d\u306e\u4ed6\u3059\u3079\u3066\u306e\u4fdd\u8a3c\u3092\u3053\u3053\u306b\u5426\u8a8d\u3057\u307e\u3059\u3002<\/li>\n<li>\u3055\u3089\u306b\u3001Universo Fam\u00edlia \u306f\u3001\u5f53\u793e\u306e Web \u30b5\u30a4\u30c8\u4e0a\u306e\u8cc7\u6599\u3001\u307e\u305f\u306f\u5f53\u8a72\u8cc7\u6599\u306b\u95a2\u9023\u3059\u308b\u8cc7\u6599\u3001\u3082\u3057\u304f\u306f\u5f53\u30b5\u30a4\u30c8\u306b\u30ea\u30f3\u30af\u3055\u308c\u3066\u3044\u308b\u30b5\u30a4\u30c8\u4e0a\u306e\u8cc7\u6599\u306e\u4f7f\u7528\u306e\u6b63\u78ba\u6027\u3001\u7d50\u679c\u306e\u53ef\u80fd\u6027\u3001\u307e\u305f\u306f\u4fe1\u983c\u6027\u306b\u95a2\u3057\u3066\u3001\u3044\u304b\u306a\u308b\u4fdd\u8a3c\u307e\u305f\u306f\u8868\u660e\u3082\u884c\u3044\u307e\u305b\u3093\u3002<\/li>\n<\/ol>\n<h2>4. \u5236\u9650\u4e8b\u9805<\/h2>\n<p>\u3044\u304b\u306a\u308b\u5834\u5408\u306b\u304a\u3044\u3066\u3082\u3001Universo Fam\u00edlia \u307e\u305f\u306f\u305d\u306e\u30b5\u30d7\u30e9\u30a4\u30e4\u30fc\u306f\u3001Universo Fam\u00edlia \u4e0a\u306e\u8cc7\u6599\u306e\u4f7f\u7528\u307e\u305f\u306f\u4f7f\u7528\u4e0d\u80fd\u304b\u3089\u751f\u3058\u308b\u3044\u304b\u306a\u308b\u640d\u5bb3\uff08\u30c7\u30fc\u30bf\u640d\u5931\u307e\u305f\u306f\u5229\u76ca\u640d\u5931\u3001\u4e8b\u696d\u4e2d\u65ad\u306b\u3088\u308b\u640d\u5bb3\u3092\u542b\u307f\u307e\u3059\u304c\u3001\u3053\u308c\u3089\u306b\u9650\u5b9a\u3055\u308c\u307e\u305b\u3093\uff09\u306b\u3064\u3044\u3066\u3082\u3001\u305f\u3068\u3048 Universo Fam\u00edlia \u307e\u305f\u306f Universo Fam\u00edlia \u306e\u8a31\u53ef\u3092\u53d7\u3051\u305f\u4ee3\u8868\u8005\u304c\u53e3\u982d\u307e\u305f\u306f\u66f8\u9762\u3067\u5f53\u8a72\u640d\u5bb3\u306e\u53ef\u80fd\u6027\u306b\u3064\u3044\u3066\u901a\u77e5\u3092\u53d7\u3051\u3066\u3044\u305f\u3068\u3057\u3066\u3082\u3001\u4e00\u5207\u306e\u8cac\u4efb\u3092\u8ca0\u308f\u306a\u3044\u3082\u306e\u3068\u3057\u307e\u3059\u3002\u4e00\u90e8\u306e\u6cd5\u57df\u3067\u306f\u9ed9\u793a\u306e\u4fdd\u8a3c\u306e\u5236\u9650\u3001\u307e\u305f\u306f\u7d50\u679c\u7684\u640d\u5bb3\u3082\u3057\u304f\u306f\u4ed8\u968f\u7684\u640d\u5bb3\u306b\u5bfe\u3059\u308b\u8cac\u4efb\u306e\u5236\u9650\u304c\u8a8d\u3081\u3089\u308c\u3066\u3044\u306a\u3044\u305f\u3081\u3001\u3053\u308c\u3089\u306e\u5236\u9650\u306f\u304a\u5ba2\u69d8\u306b\u9069\u7528\u3055\u308c\u306a\u3044\u5834\u5408\u304c\u3042\u308a\u307e\u3059\u3002<\/p>\n<h2>5. \u6750\u6599\u306e\u7cbe\u5ea6<\/h2>\n<p>Universo Fam\u00edlia \u306e Web \u30b5\u30a4\u30c8\u306b\u63b2\u8f09\u3055\u308c\u308b\u8cc7\u6599\u306b\u306f\u3001\u6280\u8853\u7684\u3001\u5370\u5237\u4e0a\u306e\u3001\u307e\u305f\u306f\u5199\u771f\u4e0a\u306e\u8aa4\u308a\u304c\u542b\u307e\u308c\u3066\u3044\u308b\u53ef\u80fd\u6027\u304c\u3042\u308a\u307e\u3059\u3002 Universo Fam\u00edlia \u306f\u3001\u30a6\u30a7\u30d6\u30b5\u30a4\u30c8\u4e0a\u306e\u3044\u304b\u306a\u308b\u8cc7\u6599\u3082\u6b63\u78ba\u3001\u5b8c\u5168\u3001\u6700\u65b0\u3067\u3042\u308b\u3053\u3068\u3092\u4fdd\u8a3c\u3057\u307e\u305b\u3093\u3002 Universo Fam\u00edlia \u306f\u3001\u30a6\u30a7\u30d6\u30b5\u30a4\u30c8\u306b\u542b\u307e\u308c\u308b\u8cc7\u6599\u3092\u4e88\u544a\u306a\u304f\u3044\u3064\u3067\u3082\u5909\u66f4\u3059\u308b\u3053\u3068\u304c\u3042\u308a\u307e\u3059\u3002\u305f\u3060\u3057\u3001\u30e6\u30cb\u30d0\u30fc\u30b9\u30d5\u30a1\u30df\u30ea\u30fc\u306f\u8cc7\u6599\u3092\u66f4\u65b0\u3059\u308b\u7fa9\u52d9\u3092\u8ca0\u3044\u307e\u305b\u3093\u3002<\/p>\n<h2>6. \u30ea\u30f3\u30af<\/h2>\n<p>Universo Fam\u00edlia \u306f\u3001\u5f53\u793e\u306e Web \u30b5\u30a4\u30c8\u306b\u30ea\u30f3\u30af\u3055\u308c\u3066\u3044\u308b\u3059\u3079\u3066\u306e\u30b5\u30a4\u30c8\u3092\u78ba\u8a8d\u3057\u3066\u304a\u3089\u305a\u3001\u305d\u306e\u3088\u3046\u306a\u30ea\u30f3\u30af\u3055\u308c\u305f\u30b5\u30a4\u30c8\u306e\u5185\u5bb9\u306b\u3064\u3044\u3066\u8cac\u4efb\u3092\u8ca0\u3044\u307e\u305b\u3093\u3002\u30ea\u30f3\u30af\u306e\u63b2\u8f09\u306f\u3001Universo Fam\u00edlia \u304c\u305d\u306e\u30b5\u30a4\u30c8\u3092\u63a8\u5968\u3057\u3066\u3044\u308b\u3053\u3068\u3092\u610f\u5473\u3059\u308b\u3082\u306e\u3067\u306f\u3042\u308a\u307e\u305b\u3093\u3002\u30ea\u30f3\u30af\u3055\u308c\u305f\u30b5\u30a4\u30c8\u306e\u4f7f\u7528\u306f\u30e6\u30fc\u30b6\u30fc\u81ea\u8eab\u306e\u8cac\u4efb\u3068\u306a\u308a\u307e\u3059\u3002<\/p>\n<h3>\u5909\u66f4\u70b9<\/h3>\n<p>Universo Fam\u00edlia \u306f\u3001\u4e8b\u524d\u306e\u901a\u77e5\u306a\u304f\u3044\u3064\u3067\u3082\u672c\u30a6\u30a7\u30d6\u30b5\u30a4\u30c8\u306e\u5229\u7528\u898f\u7d04\u3092\u6539\u8a02\u3059\u308b\u3053\u3068\u304c\u3067\u304d\u307e\u3059\u3002\u3053\u306e\u30a6\u30a7\u30d6\u30b5\u30a4\u30c8\u3092\u4f7f\u7528\u3059\u308b\u3053\u3068\u306b\u3088\u308a\u3001\u304a\u5ba2\u69d8\u306f\u672c\u5229\u7528\u898f\u7d04\u306e\u73fe\u5728\u306e\u30d0\u30fc\u30b8\u30e7\u30f3\u306b\u62d8\u675f\u3055\u308c\u308b\u3053\u3068\u306b\u540c\u610f\u3059\u308b\u3082\u306e\u3068\u3057\u307e\u3059\u3002<\/p>\n<h3>\u9069\u7528\u6cd5<\/h3>\n<p>\u3053\u308c\u3089\u306e\u5229\u7528\u898f\u7d04\u306f\u7c73\u56fd\u306e\u6cd5\u5f8b\u306b\u6e96\u62e0\u3057\u3001\u305d\u308c\u306b\u5f93\u3063\u3066\u89e3\u91c8\u3055\u308c\u3001\u304a\u5ba2\u69d8\u306f\u5f53\u8a72\u5dde\u307e\u305f\u306f\u5730\u57df\u306e\u88c1\u5224\u6240\u306e\u5c02\u5c5e\u7ba1\u8f44\u6a29\u306b\u53d6\u6d88\u4e0d\u80fd\u306b\u670d\u3059\u308b\u3082\u306e\u3068\u3057\u307e\u3059\u3002<\/p>","protected":false},"excerpt":{"rendered":"<p>1. T\u00e9rminos Al acceder al sitio web de Universo Familia, usted acepta cumplir con estos t\u00e9rminos de uso, as\u00ed como con todas las leyes y regulaciones aplicables. Asimismo, reconoce que es responsable de cumplir con la legislaci\u00f3n local vigente. Si no est\u00e1 de acuerdo con alguno de estos t\u00e9rminos, tiene prohibido utilizar o acceder a este sitio. Los contenidos y materiales disponibles en este sitio est\u00e1n protegidos por las leyes de derechos de autor y marcas comerciales aplicables. 2. Uso de licencia Se concede permiso para descargar temporalmente una copia de los materiales (informaci\u00f3n o software) en el sitio web de Universo Fam\u00edlia para visualizaci\u00f3n transitoria personal y no comercial [&hellip;]<\/p>","protected":false},"author":139,"featured_media":0,"parent":0,"menu_order":0,"comment_status":"closed","ping_status":"closed","template":"page-nosidebar.php","meta":{"footnotes":""},"yoast_head":"<!-- This site is optimized with the Yoast SEO plugin v23.3 - https:\/\/yoast.com\/wordpress\/plugins\/seo\/ -->\n<title>Condiciones de uso - Universo Fam\u00edlia<\/title>\n<meta name=\"description\" content=\"Condiciones de uso\" \/>\n<meta name=\"robots\" content=\"index, follow, max-snippet:-1, max-image-preview:large, max-video-preview:-1\" \/>\n<link rel=\"canonical\" href=\"https:\/\/universofamilia.com\/ja\/condiciones-de-uso\/\" \/>\n<meta property=\"og:locale\" content=\"ja_JP\" \/>\n<meta property=\"og:type\" content=\"article\" \/>\n<meta property=\"og:title\" content=\"Condiciones de uso - Universo Fam\u00edlia\" \/>\n<meta property=\"og:description\" content=\"Condiciones de uso\" \/>\n<meta property=\"og:url\" content=\"https:\/\/universofamilia.com\/ja\/condiciones-de-uso\/\" \/>\n<meta property=\"og:site_name\" content=\"Universo Fam\u00edlia\" \/>\n<meta property=\"article:modified_time\" content=\"2026-03-18T18:10:50+00:00\" \/>\n<meta name=\"twitter:card\" content=\"summary_large_image\" \/>\n<meta name=\"twitter:label1\" content=\"Est. reading time\" \/>\n\t<meta name=\"twitter:data1\" content=\"4\u5206\" \/>\n<script type=\"application\/ld+json\" class=\"yoast-schema-graph\">{\"@context\":\"https:\/\/schema.org\",\"@graph\":[{\"@type\":\"WebPage\",\"@id\":\"https:\/\/universofamilia.com\/condiciones-de-uso\/\",\"url\":\"https:\/\/universofamilia.com\/condiciones-de-uso\/\",\"name\":\"Condiciones de uso - Universo Fam\u00edlia\",\"isPartOf\":{\"@id\":\"https:\/\/universofamilia.com\/el\/#website\"},\"datePublished\":\"2023-05-26T20:33:14+00:00\",\"dateModified\":\"2026-03-18T18:10:50+00:00\",\"description\":\"Condiciones de uso\",\"breadcrumb\":{\"@id\":\"https:\/\/universofamilia.com\/condiciones-de-uso\/#breadcrumb\"},\"inLanguage\":\"ja\",\"potentialAction\":[{\"@type\":\"ReadAction\",\"target\":[\"https:\/\/universofamilia.com\/condiciones-de-uso\/\"]}]},{\"@type\":\"BreadcrumbList\",\"@id\":\"https:\/\/universofamilia.com\/condiciones-de-uso\/#breadcrumb\",\"itemListElement\":[{\"@type\":\"ListItem\",\"position\":1,\"name\":\"Home\",\"item\":\"https:\/\/universofamilia.com\/el\/\"},{\"@type\":\"ListItem\",\"position\":2,\"name\":\"Condiciones de uso\"}]},{\"@type\":\"WebSite\",\"@id\":\"https:\/\/universofamilia.com\/el\/#website\",\"url\":\"https:\/\/universofamilia.com\/el\/\",\"name\":\"Universo Fam\u00edlia\",\"description\":\"\",\"potentialAction\":[{\"@type\":\"SearchAction\",\"target\":{\"@type\":\"EntryPoint\",\"urlTemplate\":\"https:\/\/universofamilia.com\/el\/?s={search_term_string}\"},\"query-input\":\"required name=search_term_string\"}],\"inLanguage\":\"ja\"}]}<\/script>\n<!-- \/ Yoast SEO plugin. -->","yoast_head_json":{"title":"Condiciones de uso - Universo Fam\u00edlia","description":"Condiciones de uso","robots":{"index":"index","follow":"follow","max-snippet":"max-snippet:-1","max-image-preview":"max-image-preview:large","max-video-preview":"max-video-preview:-1"},"canonical":"https:\/\/universofamilia.com\/ja\/condiciones-de-uso\/","og_locale":"ja_JP","og_type":"article","og_title":"Condiciones de uso - Universo Fam\u00edlia","og_description":"Condiciones de uso","og_url":"https:\/\/universofamilia.com\/ja\/condiciones-de-uso\/","og_site_name":"Universo Fam\u00edlia","article_modified_time":"2026-03-18T18:10:50+00:00","twitter_card":"summary_large_image","twitter_misc":{"Est. reading time":"4\u5206"},"schema":{"@context":"https:\/\/schema.org","@graph":[{"@type":"WebPage","@id":"https:\/\/universofamilia.com\/condiciones-de-uso\/","url":"https:\/\/universofamilia.com\/condiciones-de-uso\/","name":"Condiciones de uso - Universo Fam\u00edlia","isPartOf":{"@id":"https:\/\/universofamilia.com\/el\/#website"},"datePublished":"2023-05-26T20:33:14+00:00","dateModified":"2026-03-18T18:10:50+00:00","description":"Condiciones de uso","breadcrumb":{"@id":"https:\/\/universofamilia.com\/condiciones-de-uso\/#breadcrumb"},"inLanguage":"ja","potentialAction":[{"@type":"ReadAction","target":["https:\/\/universofamilia.com\/condiciones-de-uso\/"]}]},{"@type":"BreadcrumbList","@id":"https:\/\/universofamilia.com\/condiciones-de-uso\/#breadcrumb","itemListElement":[{"@type":"ListItem","position":1,"name":"Home","item":"https:\/\/universofamilia.com\/el\/"},{"@type":"ListItem","position":2,"name":"Condiciones de uso"}]},{"@type":"WebSite","@id":"https:\/\/universofamilia.com\/el\/#website","url":"https:\/\/universofamilia.com\/el\/","name":"Universo Fam\u00edlia","description":"","potentialAction":[{"@type":"SearchAction","target":{"@type":"EntryPoint","urlTemplate":"https:\/\/universofamilia.com\/el\/?s={search_term_string}"},"query-input":"required name=search_term_string"}],"inLanguage":"ja"}]}},"_links":{"self":[{"href":"https:\/\/universofamilia.com\/ja\/wp-json\/wp\/v2\/pages\/1961"}],"collection":[{"href":"https:\/\/universofamilia.com\/ja\/wp-json\/wp\/v2\/pages"}],"about":[{"href":"https:\/\/universofamilia.com\/ja\/wp-json\/wp\/v2\/types\/page"}],"author":[{"embeddable":true,"href":"https:\/\/universofamilia.com\/ja\/wp-json\/wp\/v2\/users\/139"}],"replies":[{"embeddable":true,"href":"https:\/\/universofamilia.com\/ja\/wp-json\/wp\/v2\/comments?post=1961"}],"version-history":[{"count":3,"href":"https:\/\/universofamilia.com\/ja\/wp-json\/wp\/v2\/pages\/1961\/revisions"}],"predecessor-version":[{"id":10550,"href":"https:\/\/universofamilia.com\/ja\/wp-json\/wp\/v2\/pages\/1961\/revisions\/10550"}],"wp:attachment":[{"href":"https:\/\/universofamilia.com\/ja\/wp-json\/wp\/v2\/media?parent=1961"}],"curies":[{"name":"wp","href":"https:\/\/api.w.org\/{rel}","templated":true}]}}