{"id":7945,"date":"2023-05-21T23:46:35","date_gmt":"2023-05-21T23:46:35","guid":{"rendered":"https:\/\/universofamilia.com\/?page_id=3"},"modified":"2026-03-18T15:04:39","modified_gmt":"2026-03-18T18:04:39","slug":"politica-de-privacidad","status":"publish","type":"page","link":"https:\/\/universofamilia.com\/ja\/\u30d7\u30e9\u30a4\u30d0\u30b7\u30fc\u30dd\u30ea\u30b7\u30fc\/","title":{"rendered":"\u30d7\u30e9\u30a4\u30d0\u30b7\u30fc\u30dd\u30ea\u30b7\u30fc"},"content":{"rendered":"<p>\u304a\u5ba2\u69d8\u306e\u30d7\u30e9\u30a4\u30d0\u30b7\u30fc\u306f\u5f53\u793e\u306b\u3068\u3063\u3066\u91cd\u8981\u3067\u3059\u3002Universo Familia\u306f\u3001Universo Familia\u306e\u30a6\u30a7\u30d6\u30b5\u30a4\u30c8\u304a\u3088\u3073\u5f53\u793e\u304c\u6240\u6709\u30fb\u904b\u55b6\u3059\u308b\u305d\u306e\u4ed6\u306e\u30b5\u30a4\u30c8\u3067\u304a\u5ba2\u69d8\u304b\u3089\u53ce\u96c6\u3059\u308b\u3042\u3089\u3086\u308b\u60c5\u5831\u306b\u95a2\u3057\u3066\u3001\u304a\u5ba2\u69d8\u306e\u30d7\u30e9\u30a4\u30d0\u30b7\u30fc\u3092\u5c0a\u91cd\u3059\u308b\u3053\u3068\u3092\u65b9\u91dd\u3068\u3057\u3066\u3044\u307e\u3059\u3002<\/p>\n\n\n\n<p>\u5f53\u793e\u306f\u3001\u304a\u5ba2\u69d8\u306b\u30b5\u30fc\u30d3\u30b9\u3092\u63d0\u4f9b\u3059\u308b\u305f\u3081\u306b\u771f\u306b\u5fc5\u8981\u3068\u306a\u308b\u5834\u5408\u306b\u306e\u307f\u3001\u500b\u4eba\u60c5\u5831\u306e\u63d0\u4f9b\u3092\u304a\u9858\u3044\u3057\u3066\u304a\u308a\u307e\u3059\u3002\u305d\u306e\u969b\u3001\u304a\u5ba2\u69d8\u306e\u3054\u627f\u77e5\u3068\u3054\u540c\u610f\u3092\u5f97\u305f\u4e0a\u3067\u3001\u516c\u6b63\u304b\u3064\u5408\u6cd5\u7684\u306a\u624b\u6bb5\u3092\u7528\u3044\u3066\u60c5\u5831\u3092\u53ce\u96c6\u3044\u305f\u3057\u307e\u3059\u3002\u307e\u305f\u3001\u53ce\u96c6\u306e\u76ee\u7684\u3068\u5229\u7528\u65b9\u6cd5\u306b\u3064\u3044\u3066\u3082\u3054\u8aac\u660e\u3044\u305f\u3057\u307e\u3059\u3002<\/p>\n\n\n\n<p>\u5f53\u793e\u306f\u3001\u3054\u4f9d\u983c\u3044\u305f\u3060\u3044\u305f\u30b5\u30fc\u30d3\u30b9\u3092\u63d0\u4f9b\u3059\u308b\u305f\u3081\u306b\u5fc5\u8981\u306a\u671f\u9593\u306e\u307f\u3001\u53ce\u96c6\u3057\u305f\u60c5\u5831\u3092\u4fdd\u6301\u3057\u307e\u3059\u3002\u30c7\u30fc\u30bf\u306e\u4fdd\u7ba1\u306b\u3042\u305f\u3063\u3066\u306f\u3001\u7d1b\u5931\u3084\u76d7\u96e3\u3001\u4e0d\u6b63\u30a2\u30af\u30bb\u30b9\u3001\u958b\u793a\u3001\u8907\u88fd\u3001\u4f7f\u7528\u3001\u6539\u5909\u3092\u9632\u6b62\u3059\u308b\u305f\u3081\u3001\u5546\u696d\u7684\u306b\u8a8d\u3081\u3089\u308c\u305f\u624b\u6bb5\u3092\u7528\u3044\u3066\u30c7\u30fc\u30bf\u3092\u4fdd\u8b77\u3057\u307e\u3059\u3002<\/p>\n\n\n\n<p>\u5f53\u793e\u306f\u3001\u6cd5\u5f8b\u3067\u7fa9\u52d9\u4ed8\u3051\u3089\u308c\u3066\u3044\u308b\u5834\u5408\u3092\u9664\u304d\u3001\u500b\u4eba\u3092\u7279\u5b9a\u3067\u304d\u308b\u60c5\u5831\u3092\u4e00\u822c\u306b\u516c\u958b\u3057\u305f\u308a\u3001\u7b2c\u4e09\u8005\u3068\u5171\u6709\u3057\u305f\u308a\u3059\u308b\u3053\u3068\u306f\u3042\u308a\u307e\u305b\u3093\u3002<\/p>\n\n\n\n<p>\u5f53\u30b5\u30a4\u30c8\u306b\u306f\u3001\u5f53\u793e\u304c\u904b\u55b6\u3057\u3066\u3044\u306a\u3044\u5916\u90e8\u30b5\u30a4\u30c8\u3078\u306e\u30ea\u30f3\u30af\u304c\u542b\u307e\u308c\u3066\u3044\u308b\u5834\u5408\u304c\u3042\u308a\u307e\u3059\u3002\u3053\u308c\u3089\u306e\u30b5\u30a4\u30c8\u306e\u30b3\u30f3\u30c6\u30f3\u30c4\u3084\u904b\u55b6\u65b9\u6cd5\u306b\u3064\u3044\u3066\u306f\u5f53\u793e\u306f\u4e00\u5207\u7ba1\u7406\u3057\u3066\u304a\u3089\u305a\u3001\u305d\u308c\u305e\u308c\u306e\u30d7\u30e9\u30a4\u30d0\u30b7\u30fc\u30dd\u30ea\u30b7\u30fc\u306b\u3064\u3044\u3066\u3082\u8cac\u4efb\u3092\u8ca0\u3044\u304b\u306d\u307e\u3059\u306e\u3067\u3054\u4e86\u627f\u304f\u3060\u3055\u3044\u3002<\/p>\n\n\n\n<p>\u500b\u4eba\u60c5\u5831\u306e\u63d0\u4f9b\u3092\u62d2\u5426\u3059\u308b\u6a29\u5229\u306f\u3042\u308a\u307e\u3059\u304c\u3001\u305d\u306e\u5834\u5408\u3001\u3054\u5e0c\u671b\u306e\u30b5\u30fc\u30d3\u30b9\u306e\u4e00\u90e8\u3092\u63d0\u4f9b\u3067\u304d\u306a\u304f\u306a\u308b\u53ef\u80fd\u6027\u304c\u3042\u308b\u3053\u3068\u3092\u3054\u4e86\u627f\u304f\u3060\u3055\u3044\u3002<\/p>\n\n\n\n<p>\u5f53\u30b5\u30a4\u30c8\u3092\u7d99\u7d9a\u3057\u3066\u3054\u5229\u7528\u3044\u305f\u3060\u304f\u5834\u5408\u3001\u5f53\u793e\u306e\u30d7\u30e9\u30a4\u30d0\u30b7\u30fc\u30dd\u30ea\u30b7\u30fc\u304a\u3088\u3073\u500b\u4eba\u60c5\u5831\u4fdd\u8b77\u65b9\u91dd\u306b\u540c\u610f\u3044\u305f\u3060\u3044\u305f\u3082\u306e\u3068\u307f\u306a\u3057\u307e\u3059\u3002\u30e6\u30fc\u30b6\u30fc\u30c7\u30fc\u30bf\u304a\u3088\u3073\u500b\u4eba\u60c5\u5831\u306e\u53d6\u308a\u6271\u3044\u306b\u3064\u3044\u3066\u3054\u8cea\u554f\u304c\u3042\u308b\u5834\u5408\u306f\u3001\u5f53\u793e\u307e\u3067\u304a\u554f\u3044\u5408\u308f\u305b\u304f\u3060\u3055\u3044\u3002<\/p>\n\n\n\n<p><strong>\u4e00\u822c\u30c7\u30fc\u30bf\u4fdd\u8b77\u6cd5\uff08LGPD\uff09\u3078\u306e\u6e96\u62e0<\/strong><\/p>\n\n\n\n<p>\u30d6\u30e9\u30b8\u30eb\u306e\u500b\u4eba\u30c7\u30fc\u30bf\u4fdd\u8b77\u4e00\u822c\u6cd5\uff08LGPD \u2013 \u6cd5\u5f8b\u7b2c13.709\/2018\u53f7\uff09\u3092\u9075\u5b88\u3057\u3001\u5f53\u793e\u306f\u30e6\u30fc\u30b6\u30fc\u306e\u500b\u4eba\u30c7\u30fc\u30bf\u306e\u51e6\u7406\u304c\u900f\u660e\u6027\u3001\u5b89\u5168\u6027\u3092\u78ba\u4fdd\u3057\u305f\u4e0a\u3067\u3001\u6b63\u5f53\u306a\u76ee\u7684\u306e\u305f\u3081\u306b\u884c\u308f\u308c\u308b\u3053\u3068\u3092\u4fdd\u8a3c\u3057\u307e\u3059\u3002<\/p>\n\n\n\n<p>\u30e6\u30fc\u30b6\u30fc\u306f\u4ee5\u4e0b\u306e\u6a29\u5229\u3092\u6709\u3057\u307e\u3059\u3002<\/p>\n\n\n\n<p>\u304a\u5ba2\u69d8\u306e\u30c7\u30fc\u30bf\u306e\u51e6\u7406\u304c\u5b58\u5728\u3059\u308b\u3053\u3068\u3092\u78ba\u8a8d\u3057\u3066\u304f\u3060\u3055\u3044<\/p>\n\n\n\n<p>\u500b\u4eba\u30c7\u30fc\u30bf\u306b\u30a2\u30af\u30bb\u30b9\u3059\u308b<\/p>\n\n\n\n<p>\u4e0d\u5b8c\u5168\u3001\u4e0d\u6b63\u78ba\u3001\u307e\u305f\u306f\u53e4\u3044\u30c7\u30fc\u30bf\u3092\u4fee\u6b63\u3059\u308b<\/p>\n\n\n\n<p>\u4e0d\u8981\u306a\u30c7\u30fc\u30bf\u306e\u533f\u540d\u5316\u3001\u30d6\u30ed\u30c3\u30af\u3001\u307e\u305f\u306f\u524a\u9664\u3092\u8981\u6c42\u3059\u308b<\/p>\n\n\n\n<p>\u30c7\u30fc\u30bf\u306e\u30dd\u30fc\u30bf\u30d3\u30ea\u30c6\u30a3\u3092\u8981\u6c42\u3059\u308b<\/p>\n\n\n\n<p>\u3044\u3064\u3067\u3082\u540c\u610f\u3092\u53d6\u308a\u6d88\u3059\u3053\u3068\u304c\u3067\u304d\u307e\u3059<\/p>\n\n\n\n<p>\u304a\u5ba2\u69d8\u306e\u30c7\u30fc\u30bf\u3092\u5171\u6709\u3059\u308b\u76f8\u624b\u306b\u95a2\u3059\u308b\u60c5\u5831\u3092\u3054\u89a7\u304f\u3060\u3055\u3044\u3002<\/p>\n\n\n\n<p>\u3053\u308c\u3089\u306e\u6a29\u5229\u3092\u884c\u4f7f\u3059\u308b\u306b\u306f\u3001\u30e6\u30fc\u30b6\u30fc\u306f\u30b5\u30a4\u30c8\u306b\u63b2\u8f09\u3055\u308c\u3066\u3044\u308b\u9023\u7d61\u624b\u6bb5\u3092\u901a\u3058\u3066\u5f53\u793e\u306b\u9023\u7d61\u3059\u308b\u3053\u3068\u304c\u3067\u304d\u307e\u3059\u3002<\/p>\n\n\n\n<p>\u5f53\u793e\u306f\u3001\u30e6\u30fc\u30b6\u30fc\u306e\u540c\u610f\u3001\u6cd5\u7684\u7fa9\u52d9\u306e\u9075\u5b88\u3001\u8981\u6c42\u3055\u308c\u305f\u30b5\u30fc\u30d3\u30b9\u306e\u5b9f\u884c\u306a\u3069\u3001\u6709\u52b9\u306a\u6cd5\u7684\u6839\u62e0\u304c\u3042\u308b\u5834\u5408\u3001\u304a\u3088\u3073\u8a72\u5f53\u3059\u308b\u5834\u5408\u306f\u6b63\u5f53\u306a\u5229\u76ca\u304c\u3042\u308a\u3001\u304b\u3064\u30e6\u30fc\u30b6\u30fc\u306e\u6a29\u5229\u3092\u5c0a\u91cd\u3059\u308b\u5834\u5408\u306b\u306e\u307f\u3001\u500b\u4eba\u30c7\u30fc\u30bf\u3092\u51e6\u7406\u3057\u307e\u3059\u3002<\/p>\n\n\n\n<p><strong>\u30af\u30c3\u30ad\u30fc\u306e\u4f7f\u7528<\/strong><\/p>\n\n\n\n<p>\u5f53\u793e\u306f\u3001\u30e6\u30fc\u30b6\u30fc\u30a8\u30af\u30b9\u30da\u30ea\u30a8\u30f3\u30b9\u306e\u5411\u4e0a\u3068\u30d1\u30fc\u30bd\u30ca\u30e9\u30a4\u30ba\u3055\u308c\u305f\u30b3\u30f3\u30c6\u30f3\u30c4\u306e\u63d0\u4f9b\u306e\u305f\u3081\u306b\u30af\u30c3\u30ad\u30fc\u3092\u4f7f\u7528\u3057\u3066\u3044\u307e\u3059\u3002<\/p>\n\n\n\n<p>\u3053\u308c\u3089\u306e\u30af\u30c3\u30ad\u30fc\u306b\u306f\u4ee5\u4e0b\u304c\u542b\u307e\u308c\u308b\u5834\u5408\u304c\u3042\u308a\u307e\u3059\u3002<\/p>\n\n\n\n<ul>\n<li>\u30b5\u30a4\u30c8\u904b\u55b6\u306b\u4e0d\u53ef\u6b20\u306a\u30af\u30c3\u30ad\u30fc<\/li>\n\n\n\n<li>\u30e6\u30fc\u30b6\u30fc\u884c\u52d5\u3092\u628a\u63e1\u3059\u308b\u305f\u3081\u306e\u5206\u6790\u30af\u30c3\u30ad\u30fc<\/li>\n\n\n\n<li>\u95a2\u9023\u6027\u306e\u9ad8\u3044\u5e83\u544a\u3092\u8868\u793a\u3059\u308b\u305f\u3081\u306e\u5e83\u544a\u7528Cookie<\/li>\n<\/ul>\n\n\n\n<p>\u30e6\u30fc\u30b6\u30fc\u306f\u3001\u30d6\u30e9\u30a6\u30b6\u306e\u8a2d\u5b9a\u3067\u3044\u3064\u3067\u3082Cookie\u3092\u7ba1\u7406\u307e\u305f\u306f\u7121\u52b9\u306b\u3059\u308b\u3053\u3068\u304c\u3067\u304d\u307e\u3059\u3002<\/p>\n\n\n\n<p><strong>Google AdSense\u3068\u5e83\u544a<\/strong><\/p>\n\n\n\n<p>\u5f53\u793e\u304c\u5e83\u544a\u8868\u793a\u306b\u4f7f\u7528\u3057\u3066\u3044\u308bGoogle AdSense\u30b5\u30fc\u30d3\u30b9\u306f\u3001DoubleClick Cookie\u3092\u4f7f\u7528\u3057\u3066\u3001\u30a6\u30a7\u30d6\u5168\u4f53\u3067\u3088\u308a\u95a2\u9023\u6027\u306e\u9ad8\u3044\u5e83\u544a\u3092\u914d\u4fe1\u3057\u3001\u540c\u3058\u5e83\u544a\u304c\u30e6\u30fc\u30b6\u30fc\u306b\u8868\u793a\u3055\u308c\u308b\u56de\u6570\u3092\u5236\u9650\u3057\u3066\u3044\u307e\u3059\u3002<\/p>\n\n\n\n<p>Google AdSense\u306b\u95a2\u3059\u308b\u8a73\u7d30\u306b\u3064\u3044\u3066\u306f\u3001Google AdSense\u306e\u516c\u5f0f\u30d7\u30e9\u30a4\u30d0\u30b7\u30fc\u306b\u95a2\u3059\u308b\u3088\u304f\u3042\u308b\u8cea\u554f\uff08FAQ\uff09\u3092\u3054\u89a7\u304f\u3060\u3055\u3044\u3002<\/p>\n\n\n\n<p>\u5f53\u30b5\u30a4\u30c8\u3067\u306f\u3001\u904b\u55b6\u30b3\u30b9\u30c8\u3092\u88dc\u586b\u3057\u3001\u4eca\u5f8c\u306e\u958b\u767a\u8cc7\u91d1\u3092\u78ba\u4fdd\u3059\u308b\u305f\u3081\u306b\u5e83\u544a\u3092\u5229\u7528\u3057\u3066\u3044\u307e\u3059\u3002\u5f53\u30b5\u30a4\u30c8\u3067\u4f7f\u7528\u3055\u308c\u3066\u3044\u308b\u884c\u52d5\u30bf\u30fc\u30b2\u30c6\u30a3\u30f3\u30b0\u5e83\u544a\u7528Cookie\u306f\u3001\u304a\u5ba2\u69d8\u306e\u8208\u5473\u95a2\u5fc3\u3092\u533f\u540d\u3067\u8ffd\u8de1\u3057\u3001\u304a\u5ba2\u69d8\u304c\u95a2\u5fc3\u3092\u6301\u3064\u53ef\u80fd\u6027\u306e\u3042\u308b\u985e\u4f3c\u30b3\u30f3\u30c6\u30f3\u30c4\u3092\u8868\u793a\u3059\u308b\u3053\u3068\u3067\u3001\u304a\u5ba2\u69d8\u306b\u6700\u3082\u95a2\u9023\u6027\u306e\u9ad8\u3044\u5e83\u544a\u3092\u304a\u5c4a\u3051\u3059\u308b\u3053\u3068\u3092\u76ee\u7684\u3068\u3057\u3066\u3044\u307e\u3059\u3002<\/p>\n\n\n\n<p><strong>\u56fd\u969b\u30c7\u30fc\u30bf\u8ee2\u9001<\/strong><\/p>\n\n\n\n<p>\u500b\u4eba\u30c7\u30fc\u30bf\u306f\u3001\u7279\u306bGoogle\u306a\u3069\u306e\u7b2c\u4e09\u8005\u30b5\u30fc\u30d3\u30b9\u3092\u5229\u7528\u3059\u308b\u5834\u5408\u3001\u7c73\u56fd\u3092\u542b\u3080\u30e6\u30fc\u30b6\u30fc\u306e\u5c45\u4f4f\u56fd\u4ee5\u5916\u306e\u30b5\u30fc\u30d0\u30fc\u306b\u8ee2\u9001\u304a\u3088\u3073\u4fdd\u5b58\u3055\u308c\u308b\u3053\u3068\u304c\u3042\u308a\u307e\u3059\u3002<\/p>\n\n\n\n<p>\u672c\u30b5\u30a4\u30c8\u3092\u5229\u7528\u3059\u308b\u3053\u3068\u306b\u3088\u308a\u3001\u5229\u7528\u8005\u306f\u3001\u9069\u5207\u306a\u30bb\u30ad\u30e5\u30ea\u30c6\u30a3\u5bfe\u7b56\u3092\u8b1b\u3058\u3001\u9069\u7528\u6cd5\u306b\u5f93\u3063\u3066\u884c\u308f\u308c\u308b\u3053\u306e\u30c7\u30fc\u30bf\u8ee2\u9001\u306b\u540c\u610f\u3059\u308b\u3082\u306e\u3068\u3057\u307e\u3059\u3002<\/p>\n\n\n\n<p><strong>\u95a2\u9023\u4f1a\u793e\u304a\u3088\u3073\u7b2c\u4e09\u8005<\/strong><\/p>\n\n\n\n<p>\u8907\u6570\u306e\u30d1\u30fc\u30c8\u30ca\u30fc\u4f01\u696d\u304c\u5f53\u793e\u306b\u4ee3\u308f\u3063\u3066\u5e83\u544a\u3092\u63b2\u8f09\u3057\u3066\u304a\u308a\u3001\u30a2\u30d5\u30a3\u30ea\u30a8\u30a4\u30c8\u30c8\u30e9\u30c3\u30ad\u30f3\u30b0\u30af\u30c3\u30ad\u30fc\u3092\u4f7f\u7528\u3059\u308b\u3053\u3068\u3067\u3001\u304a\u5ba2\u69d8\u304c\u30d1\u30fc\u30c8\u30ca\u30fc\u4f01\u696d\u306e\u30b5\u30a4\u30c8\u7d4c\u7531\u3067\u5f53\u30b5\u30a4\u30c8\u306b\u30a2\u30af\u30bb\u30b9\u3057\u305f\u304b\u3069\u3046\u304b\u3092\u78ba\u8a8d\u3067\u304d\u307e\u3059\u3002\u3053\u308c\u306b\u3088\u308a\u3001\u30d1\u30fc\u30c8\u30ca\u30fc\u4f01\u696d\u306b\u9069\u5207\u306a\u5831\u916c\u3092\u652f\u6255\u3046\u3053\u3068\u304c\u3067\u304d\u3001\u307e\u305f\u3001\u5fc5\u8981\u306b\u5fdc\u3058\u3066\u3001\u30d1\u30fc\u30c8\u30ca\u30fc\u4f01\u696d\u304c\u304a\u5ba2\u69d8\u304c\u8cfc\u5165\u6642\u306b\u7279\u5178\u3092\u53d7\u3051\u3089\u308c\u308b\u3088\u3046\u306a\u30d7\u30ed\u30e2\u30fc\u30b7\u30e7\u30f3\u3092\u63d0\u4f9b\u3067\u304d\u308b\u3088\u3046\u306b\u306a\u308a\u307e\u3059\u3002<\/p>\n\n\n\n<p><strong>\u30e6\u30fc\u30b6\u30fc\u306e\u30b3\u30df\u30c3\u30c8\u30e1\u30f3\u30c8<\/strong><\/p>\n\n\n\n<p>\u5229\u7528\u8005\u306f\u3001Universo Familia\u304c\u30b5\u30a4\u30c8\u4e0a\u3067\u63d0\u4f9b\u3059\u308b\u30b3\u30f3\u30c6\u30f3\u30c4\u304a\u3088\u3073\u60c5\u5831\u3092\u9069\u5207\u306b\u5229\u7528\u3059\u308b\u3053\u3068\u306b\u540c\u610f\u3059\u308b\u3082\u306e\u3068\u3057\u307e\u3059\u3002\u3053\u308c\u306b\u306f\u3001\u4ee5\u4e0b\u304c\u542b\u307e\u308c\u307e\u3059\u304c\u3001\u3053\u308c\u3089\u306b\u9650\u5b9a\u3055\u308c\u307e\u305b\u3093\u3002<\/p>\n\n\n\n<p>A) \u9055\u6cd5\u884c\u70ba\u3001\u307e\u305f\u306f\u4fe1\u7fa9\u8aa0\u5b9f\u3068\u516c\u5171\u306e\u79e9\u5e8f\u306b\u53cd\u3059\u308b\u884c\u70ba\u306b\u53c2\u52a0\u3057\u306a\u3044\u3053\u3068<\/p>\n\n\n\n<p>B) \u4eba\u7a2e\u5dee\u5225\u7684\u3001\u5916\u56fd\u4eba\u5acc\u60aa\u7684\u306a\u30d7\u30ed\u30d1\u30ac\u30f3\u30c0\u3084\u30b3\u30f3\u30c6\u30f3\u30c4\u3001\u30ae\u30e3\u30f3\u30d6\u30eb\u3001\u3042\u3089\u3086\u308b\u7a2e\u985e\u306e\u9055\u6cd5\u30dd\u30eb\u30ce\u3001\u30c6\u30ed\u30ea\u30ba\u30e0\u306e\u64c1\u8b77\u3001\u4eba\u6a29\u3092\u4fb5\u5bb3\u3059\u308b\u30b3\u30f3\u30c6\u30f3\u30c4\u3092\u62e1\u6563\u3057\u306a\u3044\u3053\u3068\u3002<\/p>\n\n\n\n<p>C) Universo Familia\u3001\u305d\u306e\u30b5\u30d7\u30e9\u30a4\u30e4\u30fc\u3001\u307e\u305f\u306f\u7b2c\u4e09\u8005\u306e\u7269\u7406\u7684\uff08\u30cf\u30fc\u30c9\u30a6\u30a7\u30a2\uff09\u30b7\u30b9\u30c6\u30e0\u304a\u3088\u3073\u8ad6\u7406\u7684\uff08\u30bd\u30d5\u30c8\u30a6\u30a7\u30a2\uff09\u30b7\u30b9\u30c6\u30e0\u306b\u640d\u5bb3\u3092\u4e0e\u3048\u306a\u3044\u3053\u3068\u3001\u307e\u305f\u3001\u30b3\u30f3\u30d4\u30e5\u30fc\u30bf\u30a6\u30a4\u30eb\u30b9\u3084\u305d\u306e\u4ed6\u640d\u5bb3\u3092\u5f15\u304d\u8d77\u3053\u3059\u53ef\u80fd\u6027\u306e\u3042\u308b\u30b7\u30b9\u30c6\u30e0\u3092\u5c0e\u5165\u307e\u305f\u306f\u62e1\u6563\u3057\u306a\u3044\u3053\u3068\u3002<\/p>\n\n\n\n<p><strong>\u8a73\u7d30\u60c5\u5831<\/strong><\/p>\n\n\n\n<p>\u3054\u7406\u89e3\u3044\u305f\u3060\u3051\u305f\u3067\u3057\u3087\u3046\u304b\u3002\u524d\u8ff0\u306e\u3068\u304a\u308a\u3001\u3054\u4e0d\u660e\u306a\u70b9\u304c\u3042\u308b\u5834\u5408\u306f\u3001\u5f53\u30b5\u30a4\u30c8\u306e\u6a5f\u80fd\u3092\u5229\u7528\u3059\u308b\u969b\u306b\u30af\u30c3\u30ad\u30fc\u304c\u6709\u52b9\u306b\u306a\u3063\u3066\u3044\u308b\u53ef\u80fd\u6027\u304c\u3042\u308b\u305f\u3081\u3001\u30af\u30c3\u30ad\u30fc\u3092\u6709\u52b9\u306b\u3057\u3066\u304a\u304f\u65b9\u304c\u4e00\u822c\u7684\u306b\u5b89\u5168\u3067\u3059\u3002<\/p>\n\n\n\n<p><strong>\u6709\u52b9\u671f\u9650<\/strong><\/p>\n\n\n\n<p>\u3053\u306e\u30dd\u30ea\u30b7\u30fc\u306f\u3001 <strong>2026\u5e743\u670818\u65e5\u5348\u5f8c5\u664253\u5206<\/strong>.<\/p>","protected":false},"excerpt":{"rendered":"<p>Tu privacidad es importante para nosotros. Es pol\u00edtica de Universo Familia respetar tu privacidad en relaci\u00f3n con cualquier informaci\u00f3n tuya que podamos recopilar en el sitio web Universo Familia y en otros sitios que poseemos y operamos. Solicitamos informaci\u00f3n personal \u00fanicamente cuando realmente la necesitamos para brindarte un servicio. Lo hacemos por medios justos y legales, con tu conocimiento y consentimiento. Tambi\u00e9n te informamos por qu\u00e9 la recopilamos y c\u00f3mo ser\u00e1 utilizada. Solo retenemos la informaci\u00f3n recopilada durante el tiempo necesario para proporcionar el servicio solicitado. Cuando almacenamos datos, los protegemos mediante medios comercialmente aceptables para evitar p\u00e9rdidas y robos, as\u00ed como accesos, divulgaciones, copias, usos o modificaciones no autorizadas. [&hellip;]<\/p>","protected":false},"author":139,"featured_media":0,"parent":0,"menu_order":0,"comment_status":"closed","ping_status":"closed","template":"page-nosidebar.php","meta":{"footnotes":""},"yoast_head":"<!-- This site is optimized with the Yoast SEO plugin v23.3 - https:\/\/yoast.com\/wordpress\/plugins\/seo\/ -->\n<title>Pol\u00edtica de Privacidad - Universo Fam\u00edlia<\/title>\n<meta name=\"description\" content=\"Pol\u00edtica Privacidade\" \/>\n<meta name=\"robots\" content=\"index, follow, max-snippet:-1, max-image-preview:large, max-video-preview:-1\" \/>\n<link rel=\"canonical\" href=\"https:\/\/universofamilia.com\/ja\/\u30d7\u30e9\u30a4\u30d0\u30b7\u30fc\u30dd\u30ea\u30b7\u30fc\/\" \/>\n<meta property=\"og:locale\" content=\"ja_JP\" \/>\n<meta property=\"og:type\" content=\"article\" \/>\n<meta property=\"og:title\" content=\"Pol\u00edtica de Privacidad - Universo Fam\u00edlia\" \/>\n<meta property=\"og:description\" content=\"Pol\u00edtica Privacidade\" \/>\n<meta property=\"og:url\" content=\"https:\/\/universofamilia.com\/ja\/\u30d7\u30e9\u30a4\u30d0\u30b7\u30fc\u30dd\u30ea\u30b7\u30fc\/\" \/>\n<meta property=\"og:site_name\" content=\"Universo Fam\u00edlia\" \/>\n<meta property=\"article:modified_time\" content=\"2026-03-18T18:04:39+00:00\" \/>\n<meta name=\"twitter:card\" content=\"summary_large_image\" \/>\n<meta name=\"twitter:label1\" content=\"Est. reading time\" \/>\n\t<meta name=\"twitter:data1\" content=\"5\u5206\" \/>\n<script type=\"application\/ld+json\" class=\"yoast-schema-graph\">{\"@context\":\"https:\/\/schema.org\",\"@graph\":[{\"@type\":\"WebPage\",\"@id\":\"https:\/\/universofamilia.com\/politica-de-privacidad\/\",\"url\":\"https:\/\/universofamilia.com\/politica-de-privacidad\/\",\"name\":\"Pol\u00edtica de Privacidad - Universo Fam\u00edlia\",\"isPartOf\":{\"@id\":\"https:\/\/universofamilia.com\/el\/#website\"},\"datePublished\":\"2023-05-21T23:46:35+00:00\",\"dateModified\":\"2026-03-18T18:04:39+00:00\",\"description\":\"Pol\u00edtica Privacidade\",\"breadcrumb\":{\"@id\":\"https:\/\/universofamilia.com\/politica-de-privacidad\/#breadcrumb\"},\"inLanguage\":\"ja\",\"potentialAction\":[{\"@type\":\"ReadAction\",\"target\":[\"https:\/\/universofamilia.com\/politica-de-privacidad\/\"]}]},{\"@type\":\"BreadcrumbList\",\"@id\":\"https:\/\/universofamilia.com\/politica-de-privacidad\/#breadcrumb\",\"itemListElement\":[{\"@type\":\"ListItem\",\"position\":1,\"name\":\"Home\",\"item\":\"https:\/\/universofamilia.com\/el\/\"},{\"@type\":\"ListItem\",\"position\":2,\"name\":\"Pol\u00edtica de Privacidad\"}]},{\"@type\":\"WebSite\",\"@id\":\"https:\/\/universofamilia.com\/el\/#website\",\"url\":\"https:\/\/universofamilia.com\/el\/\",\"name\":\"Universo Fam\u00edlia\",\"description\":\"\",\"potentialAction\":[{\"@type\":\"SearchAction\",\"target\":{\"@type\":\"EntryPoint\",\"urlTemplate\":\"https:\/\/universofamilia.com\/el\/?s={search_term_string}\"},\"query-input\":\"required name=search_term_string\"}],\"inLanguage\":\"ja\"}]}<\/script>\n<!-- \/ Yoast SEO plugin. -->","yoast_head_json":{"title":"Pol\u00edtica de Privacidad - Universo Fam\u00edlia","description":"Pol\u00edtica Privacidade","robots":{"index":"index","follow":"follow","max-snippet":"max-snippet:-1","max-image-preview":"max-image-preview:large","max-video-preview":"max-video-preview:-1"},"canonical":"https:\/\/universofamilia.com\/ja\/\u30d7\u30e9\u30a4\u30d0\u30b7\u30fc\u30dd\u30ea\u30b7\u30fc\/","og_locale":"ja_JP","og_type":"article","og_title":"Pol\u00edtica de Privacidad - Universo Fam\u00edlia","og_description":"Pol\u00edtica Privacidade","og_url":"https:\/\/universofamilia.com\/ja\/\u30d7\u30e9\u30a4\u30d0\u30b7\u30fc\u30dd\u30ea\u30b7\u30fc\/","og_site_name":"Universo Fam\u00edlia","article_modified_time":"2026-03-18T18:04:39+00:00","twitter_card":"summary_large_image","twitter_misc":{"Est. reading time":"5\u5206"},"schema":{"@context":"https:\/\/schema.org","@graph":[{"@type":"WebPage","@id":"https:\/\/universofamilia.com\/politica-de-privacidad\/","url":"https:\/\/universofamilia.com\/politica-de-privacidad\/","name":"Pol\u00edtica de Privacidad - Universo Fam\u00edlia","isPartOf":{"@id":"https:\/\/universofamilia.com\/el\/#website"},"datePublished":"2023-05-21T23:46:35+00:00","dateModified":"2026-03-18T18:04:39+00:00","description":"Pol\u00edtica Privacidade","breadcrumb":{"@id":"https:\/\/universofamilia.com\/politica-de-privacidad\/#breadcrumb"},"inLanguage":"ja","potentialAction":[{"@type":"ReadAction","target":["https:\/\/universofamilia.com\/politica-de-privacidad\/"]}]},{"@type":"BreadcrumbList","@id":"https:\/\/universofamilia.com\/politica-de-privacidad\/#breadcrumb","itemListElement":[{"@type":"ListItem","position":1,"name":"Home","item":"https:\/\/universofamilia.com\/el\/"},{"@type":"ListItem","position":2,"name":"Pol\u00edtica de Privacidad"}]},{"@type":"WebSite","@id":"https:\/\/universofamilia.com\/el\/#website","url":"https:\/\/universofamilia.com\/el\/","name":"Universo Fam\u00edlia","description":"","potentialAction":[{"@type":"SearchAction","target":{"@type":"EntryPoint","urlTemplate":"https:\/\/universofamilia.com\/el\/?s={search_term_string}"},"query-input":"required name=search_term_string"}],"inLanguage":"ja"}]}},"_links":{"self":[{"href":"https:\/\/universofamilia.com\/ja\/wp-json\/wp\/v2\/pages\/7945"}],"collection":[{"href":"https:\/\/universofamilia.com\/ja\/wp-json\/wp\/v2\/pages"}],"about":[{"href":"https:\/\/universofamilia.com\/ja\/wp-json\/wp\/v2\/types\/page"}],"author":[{"embeddable":true,"href":"https:\/\/universofamilia.com\/ja\/wp-json\/wp\/v2\/users\/139"}],"replies":[{"embeddable":true,"href":"https:\/\/universofamilia.com\/ja\/wp-json\/wp\/v2\/comments?post=7945"}],"version-history":[{"count":5,"href":"https:\/\/universofamilia.com\/ja\/wp-json\/wp\/v2\/pages\/7945\/revisions"}],"predecessor-version":[{"id":10548,"href":"https:\/\/universofamilia.com\/ja\/wp-json\/wp\/v2\/pages\/7945\/revisions\/10548"}],"wp:attachment":[{"href":"https:\/\/universofamilia.com\/ja\/wp-json\/wp\/v2\/media?parent=7945"}],"curies":[{"name":"wp","href":"https:\/\/api.w.org\/{rel}","templated":true}]}}