{"id":7944,"date":"2023-05-21T23:46:35","date_gmt":"2023-05-22T02:46:35","guid":{"rendered":"https:\/\/universofamilia.com\/?page_id=2"},"modified":"2025-11-04T11:43:55","modified_gmt":"2025-11-04T14:43:55","slug":"quienes-somos","status":"publish","type":"page","link":"https:\/\/universofamilia.com\/ko\/quienes-somos\/","title":{"rendered":"\ub2f9\uc0ac\ub294 \ub204\uad6c\uc778\uac00"},"content":{"rendered":"<p>~ \uc548\uc5d0 <strong>\ud328\ubc00\ub9ac \uc720\ub2c8\ubc84\uc2a4<\/strong>\uc6b0\ub9ac\ub294 \uc9c0\uc2dd\uacfc \uac00\uc871\uc758 \ub2e8\ud569\uc774 \uc138\uc0c1\uc744 \ubc14\uafc0 \uc218 \uc788\ub2e4\uace0 \ubbff\uc2b5\ub2c8\ub2e4. \uc6b0\ub9ac\ub294 \ud604\ub300 \uac00\uc871\uc758 \uc77c\uc0c1\uc0dd\ud65c\uc5d0\uc11c \uc601\uac10\uacfc \uc815\ubcf4\ub97c \uc81c\uacf5\ud558\uace0, \uc9c0\uc9c0\ud558\uae30 \uc704\ud574 \ub9cc\ub4e4\uc5b4\uc9c4 \ub514\uc9c0\ud138 \uacf5\uac04\uc73c\ub85c, \ub2e4\uc74c\uacfc \uac19\uc740 \uace0\ud488\uc9c8 \ucf58\ud150\uce20\ub97c \uc81c\uacf5\ud569\ub2c8\ub2e4. <strong>\uc2e4\uc0dd\ud65c\uc5d0 \uc601\ud5a5\uc744 \ubbf8\uce58\ub294 \uae30\uc220, \uacbd\ub825 \uacbd\ub85c \ubc0f \ub274\uc2a4<\/strong>.<\/p>\n\n\n\n<p>\uc800\ud76c\uc758 \ubaa9\ud45c\ub294 \ub3c5\uc790\ub4e4\uc774 \uc0b6\uc744 \ub354 \ud3b8\ub9ac\ud558\uac8c \ub9cc\ub4e4\uace0, \uc6f0\ube59\uc744 \ud5a5\uc0c1\uc2dc\ud0a4\uace0, \uac00\uc871 \uac04\uc758 \uc720\ub300\uac10\uc744 \uac15\ud654\ud558\ub294 \uc0c8\ub85c\uc6b4 \ub3c4\uad6c, \uc544\uc774\ub514\uc5b4, \uad00\uc810\uc744 \ubc1c\uacac\ud558\ub3c4\ub85d \ub3d5\ub294 \uac83\uc785\ub2c8\ub2e4. \ub610\ud55c, \uc774 \ubaa8\ub4e0 \uac83\uc774 \ud604\ub300 \uc138\uacc4\uc758 \ubc1c\uc804\uc5d0 \ubc1c\ub9de\ucdb0 \ub098\uac00\ub3c4\ub85d \ub3d5\ub294 \uac83\uc785\ub2c8\ub2e4.<\/p>\n\n\n\n<h2 class=\"wp-block-heading\"><strong>\uc6b0\ub9ac\uc758 \uc0ac\uba85<\/strong><\/h2>\n\n\n\n<p>\uc6b0\ub9ac\uc758 \uc0ac\uba85\uc740 <strong>\uc720\uc6a9\ud558\uace0 \uc2e0\ub8b0\ud560 \uc218 \uc788\ub294 \uc815\ubcf4\ub97c \ub354 \uac00\uae4c\uc774\uc5d0 \uc804\ub2ec\ud558\uae30 \uc704\ud574<\/strong> \uc800\ud76c\ub294 \ubaa8\ub4e0 \uc5f0\ub839\ub300\uc758 \uc0ac\ub78c\ub4e4\uc5d0\uac8c \uba85\ud655\ud558\uace0 \uc811\uadfc\ud558\uae30 \uc26c\uc6b4 \ucd5c\uc2e0 \uc815\ubcf4\ub97c \uc81c\uacf5\ud558\ub294 \uac83\uc744 \ubaa9\ud45c\ub85c \ud569\ub2c8\ub2e4. \uc720\ub2c8\ubca0\ub974\uc18c \ud30c\ubc00\ub9ac\uc544\ub97c \ubc29\ubb38\ud558\uc2dc\ub294 \ubaa8\ub4e0 \ubd84\ub4e4\uc774 \uc0c8\ub85c\uc6b4 \uac83\uc744 \ubc30\uc6b0\uace0 \uac1c\uc778\uc801, \uc9c1\uc5c5\uc801 \ubaa9\ud45c\ub97c \ub2ec\uc131\ud560 \ub3d9\uae30\ub97c \uc5bb\ub294 \ud48d\uc694\ub85c\uc6b4 \uacbd\ud5d8\uc774 \ub418\uae30\ub97c \ubc14\ub78d\ub2c8\ub2e4.<\/p>\n\n\n\n<h2 class=\"wp-block-heading\"><strong>\uc6b0\ub9ac\uc758 \ube44\uc804<\/strong><\/h2>\n\n\n\n<p>\uac00\uc871\ub4e4\uc774 \uc601\uac10, \uae30\uc220 \uc194\ub8e8\uc158, \uc77c\uc790\ub9ac \uc131\uc7a5 \uae30\ud68c, \uadf8\ub9ac\uace0 \uc815\ub9d0 \uc911\uc694\ud55c \ucd5c\uc2e0 \ub274\uc2a4\ub97c \ucc3e\uc744 \uc218 \uc788\ub294 \uc2a4\ud398\uc778\uc5b4\uc5d0\uc11c \uac00\uc7a5 \uc2e0\ub8b0\ubc1b\ub294 \ub514\uc9c0\ud138 \ucee4\ubba4\ub2c8\ud2f0 \uc911 \ud558\ub098\uac00 \ub418\ub294 \uac83\uc785\ub2c8\ub2e4.<br>\uadc0\ud558\uac00 \uac80\uc0c9\ud560 \ub54c \uc6b0\ub9ac\ub294 \uadc0\ud558\uc758 \uccab \ubc88\uc9f8 \uc815\ubcf4 \uc18c\uc2a4\uac00 \ub418\uace0 \uc2f6\uc2b5\ub2c8\ub2e4. <strong>\uae30\uc220\uacfc \uad50\uc721\uc758 \ub3c4\uc6c0\uc73c\ub85c \uc0b6\uc744 \uac1c\uc120\ud558\ub294 \ubc29\ubc95<\/strong>.<\/p>\n\n\n\n<h2 class=\"wp-block-heading\"><strong>\uc6b0\ub9ac\uc758 \uac00\uce58<\/strong><\/h2>\n\n\n\n<ul>\n<li><strong>\ud22c\uba85\ub3c4:<\/strong> \uc6b0\ub9ac\ub294 \uc2e0\ub8b0\ud560 \uc218 \uc788\ub294 \ucd9c\ucc98\uc640 \uc815\uc9c1\ud55c \uc5b8\uc5b4\ub97c \uc0ac\uc6a9\ud558\uc5ec \uac80\uc99d\ub41c \ucf58\ud150\uce20\ub97c \uac8c\uc2dc\ud569\ub2c8\ub2e4.<\/li>\n\n\n\n<li><strong>\uad50\uc721:<\/strong> \uc6b0\ub9ac\ub294 \uae30\uc220 \ub3c4\uad6c\uc640 \uc2e4\uc9c8\uc801\uc778 \uc870\uc5b8\uc744 \ud1b5\ud574 \uc9c0\uc18d\uc801\uc778 \ud559\uc2b5\uc744 \uc7a5\ub824\ud569\ub2c8\ub2e4.<\/li>\n\n\n\n<li><strong>\uadfc\uc0ac:<\/strong> \uc6b0\ub9ac\ub294 \ub204\uad6c\ub098 \uc774\ud574\ud560 \uc218 \uc788\ub294 \uce5c\uc808\ud558\uace0 \uc778\uac04\uc801\uc778 \uc5b4\uc870\ub85c \ub9d0\ud569\ub2c8\ub2e4.<\/li>\n\n\n\n<li><strong>\ud601\uc2e0:<\/strong> \uc6b0\ub9ac\ub294 \uae30\uc220\uc774 \uc77c\uc0c1\uc0dd\ud65c\uc744 \ub2e8\uc21c\ud654\ud558\ub294 \ud798\uc744 \uac00\uc9c0\uace0 \uc788\ub2e4\uace0 \ubbff\uc2b5\ub2c8\ub2e4.<\/li>\n\n\n\n<li><strong>\uac00\uc871:<\/strong> \uc6b0\ub9ac\uac00 \ud558\ub294 \ubaa8\ub4e0 \uc77c\uc740 \uc0ac\ub791\uacfc \uc874\uc911, \uadf8\ub9ac\uace0 \uac00\uc871\uc774 \ud568\uaed8 \ud589\ubcf5\ud574\uc9c0\ub294 \ubaa8\uc2b5\uc744 \ubcf4\uace0 \uc2f6\uc740 \ub9c8\uc74c\uc5d0\uc11c \ube44\ub86f\ub429\ub2c8\ub2e4.<\/li>\n<\/ul>\n\n\n\n<h2 class=\"wp-block-heading\"><strong>Family Universe\uc5d0\uc11c \ucc3e\uc744 \uc218 \uc788\ub294 \uac83<\/strong><\/h2>\n\n\n\n<p>\uc800\ud76c \uc139\uc158\uc5d0\uc11c\ub294 \ud5cc\uc2e0\uc801\uc73c\ub85c \ub9cc\ub4e4\uc5b4\uc9c4 \ucf58\ud150\uce20\uc758 \uc138\uacc4\ub97c \ubc1c\uacac\ud558\uc2e4 \uc218 \uc788\uc2b5\ub2c8\ub2e4.<\/p>\n\n\n\n<h3 class=\"wp-block-heading\"><strong>\uae30\uc220<\/strong><\/h3>\n\n\n\n<p>\uc0c8\ub85c\uc6b4 \ub514\uc9c0\ud138 \ub3c4\uad6c\uac00 \uc5b4\ub5bb\uac8c \uc77c\uc0c1\uc744 \uc815\ub9ac\ud558\uace0, \uac00\uc871\uc744 \ubcf4\ud638\ud558\uace0, \uc0dd\uc0b0\uc131\uc744 \ud5a5\uc0c1\uc2dc\ud0a4\ub294 \ub370 \ub3c4\uc6c0\uc774 \ub418\ub294\uc9c0 \uc54c\uc544\ubcf4\uc138\uc694. \uc720\uc6a9\ud55c \uc571\ubd80\ud130 \ud734\ub300\ud3f0\uc774\ub098 \ucef4\ud4e8\ud130\ub97c \ucd5c\ub300\ud55c \ud65c\uc6a9\ud558\ub294 \uc2e4\uc6a9\uc801\uc778 \uac00\uc774\ub4dc\uae4c\uc9c0, \ub2e4\uc591\ud55c \uc815\ubcf4\ub97c \uc81c\uacf5\ud569\ub2c8\ub2e4.<\/p>\n\n\n\n<h3 class=\"wp-block-heading\"><strong>\uc9c1\uc5c5<\/strong><\/h3>\n\n\n\n<p>\uc5ec\ub7ec\ubd84\uc758 \uc804\ubb38\uc801\uc778 \uc131\uc7a5\uc744 \uc704\ud55c \ud301\uacfc \uc790\ub8cc\ub97c \uc81c\uacf5\ud569\ub2c8\ub2e4. \ucd5c\uace0\uc758 \uc628\ub77c\uc778 \ud559\uc2b5 \ud50c\ub7ab\ud3fc, \uba74\uc811 \uc900\ube44 \ubc29\ubc95, \uadf8\ub9ac\uace0 \ub514\uc9c0\ud138 \uc138\uc0c1\uc5d0\uc11c \ucde8\uc5c5 \uae30\ud68c\ub97c \ud65c\uc6a9\ud558\ub294 \ubc29\ubc95\uc744 \uc54c\uc544\ubcf4\uc138\uc694.<\/p>\n\n\n\n<h3 class=\"wp-block-heading\"><strong>\uc18c\uc2dd<\/strong><\/h3>\n\n\n\n<p>\uad50\uc721, \ud601\uc2e0, \uc6f0\ube59, \uadf8\ub9ac\uace0 \uac00\uc871 \ubc0f \uc9c1\uc7a5 \uc0dd\ud65c\uc5d0 \uc9c1\uc811\uc801\uc778 \uc601\ud5a5\uc744 \ubbf8\uce58\ub294 \uae00\ub85c\ubc8c \ud2b8\ub80c\ub4dc\uc5d0 \ub300\ud55c \ucd5c\uc2e0 \ub274\uc2a4\ub97c \ubc1b\uc544\ubcf4\uc138\uc694.<\/p>\n\n\n\n<h2 class=\"wp-block-heading\"><strong>\uc6b0\ub9ac\ub294 \uc65c \uc874\uc7ac\ud558\ub294\uac00?<\/strong><\/h2>\n\n\n\n<p>\uc6b0\ub9ac\ub294 \ubaa9\uc801\uc744 \uac00\uc9c0\uace0 \ud0dc\uc5b4\ub0ac\uc2b5\ub2c8\ub2e4. <strong>\uae0d\uc815\uc801\uc774\uace0 \uad50\uc721\uc801\uc774\uba70 \uc2e0\ub8b0\ud560 \uc218 \uc788\ub294 \uacf5\uac04\uc744 \ub9cc\ub4dc\uc138\uc694<\/strong>\ubaa8\ub4e0 \uc0ac\ub78c\uc774 \uc601\uac10\uacfc \uc2e4\uc6a9\uc801\uc778 \uc9c0\uc2dd\uc744 \uc5bb\uc744 \uc218 \uc788\ub294 \uacf3\uc785\ub2c8\ub2e4.<br>\uc6b0\ub9ac\ub294 \uadf8\ub807\uac8c \ubbff\uae30 \ub54c\ubb38\uc5d0 <strong>\uc815\ubcf4\ub97c \uc5bb\uace0 \uc5f0\uacb0\ub41c \uac00\uc871\uc740 \ub354 \uac15\ud55c \uac00\uc871\uc785\ub2c8\ub2e4.<\/strong>\uadf8\ub9ac\uace0 \uc9c0\uc18d\uc801\uc778 \ud559\uc2b5\uc774 \ub354 \ub098\uc740 \ubbf8\ub798\ub97c \uac74\uc124\ud558\ub294 \uc5f4\uc1e0\ub77c\ub294 \uac83\uc785\ub2c8\ub2e4.<\/p>","protected":false},"excerpt":{"rendered":"<p>En Universo Familia, creemos que el conocimiento y la uni\u00f3n familiar pueden transformar el mundo. Somos un espacio digital creado para inspirar, informar y acompa\u00f1ar a las familias modernas en su d\u00eda a d\u00eda, brindando contenidos de calidad sobre tecnolog\u00eda, carrera profesional y noticias que impactan la vida real. Nuestro objetivo es ayudar a cada [&hellip;]<\/p>","protected":false},"author":139,"featured_media":1605,"parent":0,"menu_order":0,"comment_status":"closed","ping_status":"closed","template":"page-nosidebar.php","meta":{"footnotes":""},"yoast_head":"<!-- This site is optimized with the Yoast SEO plugin v23.3 - https:\/\/yoast.com\/wordpress\/plugins\/seo\/ -->\n<title>Qui\u00e9nes somos - Universo Fam\u00edlia<\/title>\n<meta name=\"description\" content=\"Qui\u00e9nes somos\" \/>\n<meta name=\"robots\" content=\"index, follow, max-snippet:-1, max-image-preview:large, max-video-preview:-1\" \/>\n<link rel=\"canonical\" href=\"https:\/\/universofamilia.com\/ko\/quienes-somos\/\" \/>\n<meta property=\"og:locale\" content=\"ko_KR\" \/>\n<meta property=\"og:type\" content=\"article\" \/>\n<meta property=\"og:title\" content=\"Qui\u00e9nes somos - Universo Fam\u00edlia\" \/>\n<meta property=\"og:description\" content=\"Qui\u00e9nes somos\" \/>\n<meta property=\"og:url\" content=\"https:\/\/universofamilia.com\/ko\/quienes-somos\/\" \/>\n<meta property=\"og:site_name\" content=\"Universo Fam\u00edlia\" \/>\n<meta property=\"article:modified_time\" content=\"2025-11-04T14:43:55+00:00\" \/>\n<meta property=\"og:image\" content=\"https:\/\/universofamilia.com\/wp-content\/uploads\/sites\/148\/2023\/05\/universo-familia-sobre-familia-2.png\" \/>\n\t<meta property=\"og:image:width\" content=\"550\" \/>\n\t<meta property=\"og:image:height\" content=\"350\" \/>\n\t<meta property=\"og:image:type\" content=\"image\/png\" \/>\n<meta name=\"twitter:card\" content=\"summary_large_image\" \/>\n<meta name=\"twitter:label1\" content=\"Est. reading time\" \/>\n\t<meta name=\"twitter:data1\" content=\"3\ubd84\" \/>\n<script type=\"application\/ld+json\" class=\"yoast-schema-graph\">{\"@context\":\"https:\/\/schema.org\",\"@graph\":[{\"@type\":\"WebPage\",\"@id\":\"https:\/\/universofamilia.com\/quienes-somos\/\",\"url\":\"https:\/\/universofamilia.com\/quienes-somos\/\",\"name\":\"Qui\u00e9nes somos - Universo Fam\u00edlia\",\"isPartOf\":{\"@id\":\"https:\/\/universofamilia.com\/el\/#website\"},\"primaryImageOfPage\":{\"@id\":\"https:\/\/universofamilia.com\/quienes-somos\/#primaryimage\"},\"image\":{\"@id\":\"https:\/\/universofamilia.com\/quienes-somos\/#primaryimage\"},\"thumbnailUrl\":\"https:\/\/universofamilia.com\/wp-content\/uploads\/sites\/148\/2023\/05\/universo-familia-sobre-familia-2.png\",\"datePublished\":\"2023-05-22T02:46:35+00:00\",\"dateModified\":\"2025-11-04T14:43:55+00:00\",\"description\":\"Qui\u00e9nes somos\",\"breadcrumb\":{\"@id\":\"https:\/\/universofamilia.com\/quienes-somos\/#breadcrumb\"},\"inLanguage\":\"ko-KR\",\"potentialAction\":[{\"@type\":\"ReadAction\",\"target\":[\"https:\/\/universofamilia.com\/quienes-somos\/\"]}]},{\"@type\":\"ImageObject\",\"inLanguage\":\"ko-KR\",\"@id\":\"https:\/\/universofamilia.com\/quienes-somos\/#primaryimage\",\"url\":\"https:\/\/universofamilia.com\/wp-content\/uploads\/sites\/148\/2023\/05\/universo-familia-sobre-familia-2.png\",\"contentUrl\":\"https:\/\/universofamilia.com\/wp-content\/uploads\/sites\/148\/2023\/05\/universo-familia-sobre-familia-2.png\",\"width\":550,\"height\":350},{\"@type\":\"BreadcrumbList\",\"@id\":\"https:\/\/universofamilia.com\/quienes-somos\/#breadcrumb\",\"itemListElement\":[{\"@type\":\"ListItem\",\"position\":1,\"name\":\"Home\",\"item\":\"https:\/\/universofamilia.com\/el\/\"},{\"@type\":\"ListItem\",\"position\":2,\"name\":\"Qui\u00e9nes somos\"}]},{\"@type\":\"WebSite\",\"@id\":\"https:\/\/universofamilia.com\/el\/#website\",\"url\":\"https:\/\/universofamilia.com\/el\/\",\"name\":\"Universo Fam\u00edlia\",\"description\":\"\",\"potentialAction\":[{\"@type\":\"SearchAction\",\"target\":{\"@type\":\"EntryPoint\",\"urlTemplate\":\"https:\/\/universofamilia.com\/el\/?s={search_term_string}\"},\"query-input\":\"required name=search_term_string\"}],\"inLanguage\":\"ko-KR\"}]}<\/script>\n<!-- \/ Yoast SEO plugin. -->","yoast_head_json":{"title":"Qui\u00e9nes somos - Universo Fam\u00edlia","description":"Qui\u00e9nes somos","robots":{"index":"index","follow":"follow","max-snippet":"max-snippet:-1","max-image-preview":"max-image-preview:large","max-video-preview":"max-video-preview:-1"},"canonical":"https:\/\/universofamilia.com\/ko\/quienes-somos\/","og_locale":"ko_KR","og_type":"article","og_title":"Qui\u00e9nes somos - Universo Fam\u00edlia","og_description":"Qui\u00e9nes somos","og_url":"https:\/\/universofamilia.com\/ko\/quienes-somos\/","og_site_name":"Universo Fam\u00edlia","article_modified_time":"2025-11-04T14:43:55+00:00","og_image":[{"width":550,"height":350,"url":"https:\/\/universofamilia.com\/wp-content\/uploads\/sites\/148\/2023\/05\/universo-familia-sobre-familia-2.png","type":"image\/png"}],"twitter_card":"summary_large_image","twitter_misc":{"Est. reading time":"3\ubd84"},"schema":{"@context":"https:\/\/schema.org","@graph":[{"@type":"WebPage","@id":"https:\/\/universofamilia.com\/quienes-somos\/","url":"https:\/\/universofamilia.com\/quienes-somos\/","name":"Qui\u00e9nes somos - Universo Fam\u00edlia","isPartOf":{"@id":"https:\/\/universofamilia.com\/el\/#website"},"primaryImageOfPage":{"@id":"https:\/\/universofamilia.com\/quienes-somos\/#primaryimage"},"image":{"@id":"https:\/\/universofamilia.com\/quienes-somos\/#primaryimage"},"thumbnailUrl":"https:\/\/universofamilia.com\/wp-content\/uploads\/sites\/148\/2023\/05\/universo-familia-sobre-familia-2.png","datePublished":"2023-05-22T02:46:35+00:00","dateModified":"2025-11-04T14:43:55+00:00","description":"Qui\u00e9nes somos","breadcrumb":{"@id":"https:\/\/universofamilia.com\/quienes-somos\/#breadcrumb"},"inLanguage":"ko-KR","potentialAction":[{"@type":"ReadAction","target":["https:\/\/universofamilia.com\/quienes-somos\/"]}]},{"@type":"ImageObject","inLanguage":"ko-KR","@id":"https:\/\/universofamilia.com\/quienes-somos\/#primaryimage","url":"https:\/\/universofamilia.com\/wp-content\/uploads\/sites\/148\/2023\/05\/universo-familia-sobre-familia-2.png","contentUrl":"https:\/\/universofamilia.com\/wp-content\/uploads\/sites\/148\/2023\/05\/universo-familia-sobre-familia-2.png","width":550,"height":350},{"@type":"BreadcrumbList","@id":"https:\/\/universofamilia.com\/quienes-somos\/#breadcrumb","itemListElement":[{"@type":"ListItem","position":1,"name":"Home","item":"https:\/\/universofamilia.com\/el\/"},{"@type":"ListItem","position":2,"name":"Qui\u00e9nes somos"}]},{"@type":"WebSite","@id":"https:\/\/universofamilia.com\/el\/#website","url":"https:\/\/universofamilia.com\/el\/","name":"Universo Fam\u00edlia","description":"","potentialAction":[{"@type":"SearchAction","target":{"@type":"EntryPoint","urlTemplate":"https:\/\/universofamilia.com\/el\/?s={search_term_string}"},"query-input":"required name=search_term_string"}],"inLanguage":"ko-KR"}]}},"_links":{"self":[{"href":"https:\/\/universofamilia.com\/ko\/wp-json\/wp\/v2\/pages\/7944"}],"collection":[{"href":"https:\/\/universofamilia.com\/ko\/wp-json\/wp\/v2\/pages"}],"about":[{"href":"https:\/\/universofamilia.com\/ko\/wp-json\/wp\/v2\/types\/page"}],"author":[{"embeddable":true,"href":"https:\/\/universofamilia.com\/ko\/wp-json\/wp\/v2\/users\/139"}],"replies":[{"embeddable":true,"href":"https:\/\/universofamilia.com\/ko\/wp-json\/wp\/v2\/comments?post=7944"}],"version-history":[{"count":3,"href":"https:\/\/universofamilia.com\/ko\/wp-json\/wp\/v2\/pages\/7944\/revisions"}],"predecessor-version":[{"id":10273,"href":"https:\/\/universofamilia.com\/ko\/wp-json\/wp\/v2\/pages\/7944\/revisions\/10273"}],"wp:featuredmedia":[{"embeddable":true,"href":"https:\/\/universofamilia.com\/ko\/wp-json\/wp\/v2\/media\/1605"}],"wp:attachment":[{"href":"https:\/\/universofamilia.com\/ko\/wp-json\/wp\/v2\/media?parent=7944"}],"curies":[{"name":"wp","href":"https:\/\/api.w.org\/{rel}","templated":true}]}}