{"id":1961,"date":"2023-05-26T20:33:14","date_gmt":"2023-05-26T20:33:14","guid":{"rendered":"https:\/\/universofamilia.com\/?page_id=1961"},"modified":"2026-03-18T15:10:50","modified_gmt":"2026-03-18T18:10:50","slug":"condiciones-de-uso","status":"publish","type":"page","link":"https:\/\/universofamilia.com\/nl\/gebruiksvoorwaarden\/","title":{"rendered":"Gebruiksvoorwaarden"},"content":{"rendered":"<h2>1. Voorwaarden<\/h2>\n<p data-start=\"199\" data-end=\"430\">Bij het bezoeken van de website van <a href=\"https:\/\/universofamilia.com\/nl\/\">Familie Universum<\/a>Door gebruik te maken van deze dienst, stemt u ermee in zich te houden aan deze gebruiksvoorwaarden, evenals aan alle toepasselijke wet- en regelgeving. U erkent tevens dat u verantwoordelijk bent voor het naleven van alle toepasselijke lokale wetten.<\/p>\n<p data-start=\"432\" data-end=\"532\">Als u niet akkoord gaat met een van deze voorwaarden, is het u verboden deze site te gebruiken of te bezoeken.<\/p>\n<p data-start=\"534\" data-end=\"672\">De inhoud en materialen op deze site zijn beschermd door de toepasselijke auteursrecht- en merkenwetgeving.<\/p>\n<h2>2. Licentiegebruik<\/h2>\n<p>Het is toegestaan om tijdelijk \u00e9\u00e9n kopie van de materialen (informatie of software) op de website van Universo Fam\u00edlia te downloaden, uitsluitend voor persoonlijk, niet-commercieel en tijdelijk gebruik. Dit is de verlening van een licentie en geen overdracht van het eigendomsrecht. Op grond van deze licentie mag u niet:<\/p>\n<ol>\n<li>de materialen wijzigen of kopi\u00ebren;<\/li>\n<li>de materialen gebruiken voor commerci\u00eble doeleinden of voor openbare vertoning (commercieel of niet-commercieel);<\/li>\n<li>proberen software op de website van Universo Fam\u00edlia te decompileren of reverse engineeren;<\/li>\n<li>alle auteursrechtelijke en andere eigendomsvermeldingen van de materialen verwijderen; of<\/li>\n<li>de materialen overdragen aan een andere persoon of de materialen &#039;spiegelen&#039; op een andere server.<\/li>\n<\/ol>\n<p>Deze licentie wordt automatisch be\u00ebindigd als u een van deze beperkingen overtreedt en kan op elk moment door Universo Fam\u00edlia worden be\u00ebindigd. Wanneer u stopt met het bekijken van deze materialen of wanneer deze licentie wordt be\u00ebindigd, moet u alle gedownloade materialen die in uw bezit zijn, verwijderen, ongeacht of deze in elektronische of gedrukte vorm zijn.<\/p>\n<h2>3. Vrijwaring<\/h2>\n<ol>\n<li>De materialen op de website van Universe Family worden aangeboden \u201czoals ze zijn\u201d. Universo Fam\u00edlia geeft geen garanties, expliciet noch impliciet, en wijst hierbij alle andere garanties af, inclusief maar niet beperkt tot impliciete garanties of voorwaarden van verhandelbaarheid, geschiktheid voor een bepaald doel of niet-inbreuk op intellectuele eigendomsrechten of andere schending van rechten.<\/li>\n<li>Bovendien garandeert Universo Fam\u00edlia niet en doet zij geen uitspraken over de nauwkeurigheid, de verwachte resultaten of de betrouwbaarheid van het gebruik van de materialen op haar website of anderszins met betrekking tot dergelijke materialen of op enige sites die aan deze site zijn gelinkt.<\/li>\n<\/ol>\n<h2>4. Beperkingen<\/h2>\n<p>Universo Fam\u00edlia en haar leveranciers zijn in geen geval aansprakelijk voor schade (inclusief, maar niet beperkt tot, schade door verlies van gegevens of winst, of als gevolg van bedrijfsonderbreking) die voortvloeit uit het gebruik of het onvermogen om de materialen op Universo Fam\u00edlia te gebruiken, zelfs als Universo Fam\u00edlia of een gemachtigde vertegenwoordiger van Universo Fam\u00edlia mondeling of schriftelijk op de hoogte is gesteld van de mogelijkheid van dergelijke schade. Omdat in sommige rechtsgebieden beperkingen op impliciete garanties of beperkingen van aansprakelijkheid voor gevolgschade of incidentele schade niet zijn toegestaan, zijn deze beperkingen mogelijk niet op u van toepassing.<\/p>\n<h2>5. Materiaalnauwkeurigheid<\/h2>\n<p>De materialen op de website van Universo Fam\u00edlia kunnen technische, typografische of fotografische fouten bevatten. Universo Fam\u00edlia garandeert niet dat het materiaal op haar website juist, volledig of actueel is. Universo Fam\u00edlia kan te allen tijde en zonder voorafgaande kennisgeving wijzigingen aanbrengen in het materiaal op haar website. Universe Family aanvaardt echter geen verplichting om de materialen te actualiseren.<\/p>\n<h2>6. Koppelingen<\/h2>\n<p>Universo Fam\u00edlia heeft niet alle sites die aan haar website zijn gelinkt, beoordeeld en is niet verantwoordelijk voor de inhoud van de gelinkte sites. Het opnemen van een link impliceert niet dat Universo Fam\u00edlia de site goedkeurt. Het gebruik van gelinkte sites is voor eigen risico van de gebruiker.<\/p>\n<h3>Wijzigingen<\/h3>\n<p>Universo Fam\u00edlia kan deze servicevoorwaarden voor haar website op elk gewenst moment en zonder voorafgaande kennisgeving wijzigen. Door deze website te gebruiken, gaat u ermee akkoord gebonden te zijn aan de huidige versie van deze Servicevoorwaarden.<\/p>\n<h3>Toepasselijk recht<\/h3>\n<p>Deze algemene voorwaarden worden beheerst door en ge\u00efnterpreteerd in overeenstemming met de wetten van de Verenigde Staten en u onderwerpt zich onherroepelijk aan de exclusieve jurisdictie van de rechtbanken in die staat of locatie.<\/p>","protected":false},"excerpt":{"rendered":"<p>1. T\u00e9rminos Al acceder al sitio web de Universo Familia, usted acepta cumplir con estos t\u00e9rminos de uso, as\u00ed como con todas las leyes y regulaciones aplicables. Asimismo, reconoce que es responsable de cumplir con la legislaci\u00f3n local vigente. Si no est\u00e1 de acuerdo con alguno de estos t\u00e9rminos, tiene prohibido utilizar o acceder a [&hellip;]<\/p>","protected":false},"author":139,"featured_media":0,"parent":0,"menu_order":0,"comment_status":"closed","ping_status":"closed","template":"page-nosidebar.php","meta":{"footnotes":""},"yoast_head":"<!-- This site is optimized with the Yoast SEO plugin v23.3 - https:\/\/yoast.com\/wordpress\/plugins\/seo\/ -->\n<title>Condiciones de uso - Universo Fam\u00edlia<\/title>\n<meta name=\"description\" content=\"Condiciones de uso\" \/>\n<meta name=\"robots\" content=\"index, follow, max-snippet:-1, max-image-preview:large, max-video-preview:-1\" \/>\n<link rel=\"canonical\" href=\"https:\/\/universofamilia.com\/nl\/gebruiksvoorwaarden\/\" \/>\n<meta property=\"og:locale\" content=\"nl_NL\" \/>\n<meta property=\"og:type\" content=\"article\" \/>\n<meta property=\"og:title\" content=\"Condiciones de uso - Universo Fam\u00edlia\" \/>\n<meta property=\"og:description\" content=\"Condiciones de uso\" \/>\n<meta property=\"og:url\" content=\"https:\/\/universofamilia.com\/nl\/gebruiksvoorwaarden\/\" \/>\n<meta property=\"og:site_name\" content=\"Universo Fam\u00edlia\" \/>\n<meta property=\"article:modified_time\" content=\"2026-03-18T18:10:50+00:00\" \/>\n<meta name=\"twitter:card\" content=\"summary_large_image\" \/>\n<meta name=\"twitter:label1\" content=\"Est. reading time\" \/>\n\t<meta name=\"twitter:data1\" content=\"4 minuten\" \/>\n<script type=\"application\/ld+json\" class=\"yoast-schema-graph\">{\"@context\":\"https:\/\/schema.org\",\"@graph\":[{\"@type\":\"WebPage\",\"@id\":\"https:\/\/universofamilia.com\/condiciones-de-uso\/\",\"url\":\"https:\/\/universofamilia.com\/condiciones-de-uso\/\",\"name\":\"Condiciones de uso - Universo Fam\u00edlia\",\"isPartOf\":{\"@id\":\"https:\/\/universofamilia.com\/el\/#website\"},\"datePublished\":\"2023-05-26T20:33:14+00:00\",\"dateModified\":\"2026-03-18T18:10:50+00:00\",\"description\":\"Condiciones de uso\",\"breadcrumb\":{\"@id\":\"https:\/\/universofamilia.com\/condiciones-de-uso\/#breadcrumb\"},\"inLanguage\":\"nl\",\"potentialAction\":[{\"@type\":\"ReadAction\",\"target\":[\"https:\/\/universofamilia.com\/condiciones-de-uso\/\"]}]},{\"@type\":\"BreadcrumbList\",\"@id\":\"https:\/\/universofamilia.com\/condiciones-de-uso\/#breadcrumb\",\"itemListElement\":[{\"@type\":\"ListItem\",\"position\":1,\"name\":\"Home\",\"item\":\"https:\/\/universofamilia.com\/el\/\"},{\"@type\":\"ListItem\",\"position\":2,\"name\":\"Condiciones de uso\"}]},{\"@type\":\"WebSite\",\"@id\":\"https:\/\/universofamilia.com\/el\/#website\",\"url\":\"https:\/\/universofamilia.com\/el\/\",\"name\":\"Universo Fam\u00edlia\",\"description\":\"\",\"potentialAction\":[{\"@type\":\"SearchAction\",\"target\":{\"@type\":\"EntryPoint\",\"urlTemplate\":\"https:\/\/universofamilia.com\/el\/?s={search_term_string}\"},\"query-input\":\"required name=search_term_string\"}],\"inLanguage\":\"nl\"}]}<\/script>\n<!-- \/ Yoast SEO plugin. -->","yoast_head_json":{"title":"Condiciones de uso - Universo Fam\u00edlia","description":"Condiciones de uso","robots":{"index":"index","follow":"follow","max-snippet":"max-snippet:-1","max-image-preview":"max-image-preview:large","max-video-preview":"max-video-preview:-1"},"canonical":"https:\/\/universofamilia.com\/nl\/gebruiksvoorwaarden\/","og_locale":"nl_NL","og_type":"article","og_title":"Condiciones de uso - Universo Fam\u00edlia","og_description":"Condiciones de uso","og_url":"https:\/\/universofamilia.com\/nl\/gebruiksvoorwaarden\/","og_site_name":"Universo Fam\u00edlia","article_modified_time":"2026-03-18T18:10:50+00:00","twitter_card":"summary_large_image","twitter_misc":{"Est. reading time":"4 minuten"},"schema":{"@context":"https:\/\/schema.org","@graph":[{"@type":"WebPage","@id":"https:\/\/universofamilia.com\/condiciones-de-uso\/","url":"https:\/\/universofamilia.com\/condiciones-de-uso\/","name":"Condiciones de uso - Universo Fam\u00edlia","isPartOf":{"@id":"https:\/\/universofamilia.com\/el\/#website"},"datePublished":"2023-05-26T20:33:14+00:00","dateModified":"2026-03-18T18:10:50+00:00","description":"Condiciones de uso","breadcrumb":{"@id":"https:\/\/universofamilia.com\/condiciones-de-uso\/#breadcrumb"},"inLanguage":"nl","potentialAction":[{"@type":"ReadAction","target":["https:\/\/universofamilia.com\/condiciones-de-uso\/"]}]},{"@type":"BreadcrumbList","@id":"https:\/\/universofamilia.com\/condiciones-de-uso\/#breadcrumb","itemListElement":[{"@type":"ListItem","position":1,"name":"Home","item":"https:\/\/universofamilia.com\/el\/"},{"@type":"ListItem","position":2,"name":"Condiciones de uso"}]},{"@type":"WebSite","@id":"https:\/\/universofamilia.com\/el\/#website","url":"https:\/\/universofamilia.com\/el\/","name":"Universo Fam\u00edlia","description":"","potentialAction":[{"@type":"SearchAction","target":{"@type":"EntryPoint","urlTemplate":"https:\/\/universofamilia.com\/el\/?s={search_term_string}"},"query-input":"required name=search_term_string"}],"inLanguage":"nl"}]}},"_links":{"self":[{"href":"https:\/\/universofamilia.com\/nl\/wp-json\/wp\/v2\/pages\/1961"}],"collection":[{"href":"https:\/\/universofamilia.com\/nl\/wp-json\/wp\/v2\/pages"}],"about":[{"href":"https:\/\/universofamilia.com\/nl\/wp-json\/wp\/v2\/types\/page"}],"author":[{"embeddable":true,"href":"https:\/\/universofamilia.com\/nl\/wp-json\/wp\/v2\/users\/139"}],"replies":[{"embeddable":true,"href":"https:\/\/universofamilia.com\/nl\/wp-json\/wp\/v2\/comments?post=1961"}],"version-history":[{"count":3,"href":"https:\/\/universofamilia.com\/nl\/wp-json\/wp\/v2\/pages\/1961\/revisions"}],"predecessor-version":[{"id":10550,"href":"https:\/\/universofamilia.com\/nl\/wp-json\/wp\/v2\/pages\/1961\/revisions\/10550"}],"wp:attachment":[{"href":"https:\/\/universofamilia.com\/nl\/wp-json\/wp\/v2\/media?parent=1961"}],"curies":[{"name":"wp","href":"https:\/\/api.w.org\/{rel}","templated":true}]}}