{"id":7944,"date":"2023-05-21T23:46:35","date_gmt":"2023-05-22T02:46:35","guid":{"rendered":"https:\/\/universofamilia.com\/?page_id=2"},"modified":"2025-11-04T11:43:55","modified_gmt":"2025-11-04T14:43:55","slug":"quienes-somos","status":"publish","type":"page","link":"https:\/\/universofamilia.com\/nl\/wie-wij-zijn\/","title":{"rendered":"Wie we zijn"},"content":{"rendered":"<p>In <strong>Familie Universum<\/strong>Wij geloven dat kennis en gezinseenheid de wereld kunnen veranderen. Wij zijn een digitale ruimte die is opgericht om moderne gezinnen te inspireren, informeren en ondersteunen in hun dagelijks leven, door kwalitatieve content te bieden over <strong>Technologie, carri\u00e8repaden en nieuws dat van invloed is op het echte leven<\/strong>.<\/p>\n\n\n\n<p>Ons doel is om elke lezer te helpen nieuwe hulpmiddelen, idee\u00ebn en perspectieven te ontdekken die hun leven gemakkelijker maken, hun welzijn verbeteren en familiebanden versterken, terwijl ze op de hoogte blijven van de ontwikkelingen in de moderne wereld.<\/p>\n\n\n\n<h2 class=\"wp-block-heading\"><strong>Onze missie<\/strong><\/h2>\n\n\n\n<p>Onze missie is <strong>om nuttige en betrouwbare informatie dichterbij te brengen<\/strong> We streven ernaar om mensen van alle leeftijden duidelijke, toegankelijke en actuele informatie te bieden. We willen dat elk bezoek aan Universo Familia een verrijkende ervaring is, waarin je iets nieuws leert en gemotiveerd raakt om je persoonlijke en professionele doelen te bereiken.<\/p>\n\n\n\n<h2 class=\"wp-block-heading\"><strong>Onze visie<\/strong><\/h2>\n\n\n\n<p>Om een van de meest betrouwbare digitale communities in het Spaans te worden, waar gezinnen inspiratie, technologische oplossingen, kansen voor werkgelegenheid en het laatste nieuws vinden dat er echt toe doet.<br>Wij willen uw eerste bron van informatie zijn wanneer u zoekt <strong>Hoe u uw leven kunt verbeteren met behulp van technologie en onderwijs<\/strong>.<\/p>\n\n\n\n<h2 class=\"wp-block-heading\"><strong>Onze waarden<\/strong><\/h2>\n\n\n\n<ul>\n<li><strong>Transparantie:<\/strong> Wij publiceren geverifieerde content, met betrouwbare bronnen en eerlijke taal.<\/li>\n\n\n\n<li><strong>Onderwijs:<\/strong> Wij stimuleren continu leren door middel van technologische hulpmiddelen en praktisch advies.<\/li>\n\n\n\n<li><strong>Nabijheid:<\/strong> Wij spreken met een vriendelijke, menselijke toon die voor iedereen begrijpelijk is.<\/li>\n\n\n\n<li><strong>Innovatie:<\/strong> Wij geloven in de kracht van technologie om het dagelijks leven te vereenvoudigen.<\/li>\n\n\n\n<li><strong>Familie:<\/strong> Alles wat we doen komt voort uit liefde, respect en de wens om gezinnen samen en gelukkig te zien worden.<\/li>\n<\/ul>\n\n\n\n<h2 class=\"wp-block-heading\"><strong>Wat u bij Family Universe vindt<\/strong><\/h2>\n\n\n\n<p>In onze rubrieken ontdekt u een universum aan content die met toewijding is gecre\u00eberd.<\/p>\n\n\n\n<h3 class=\"wp-block-heading\"><strong>Technologie<\/strong><\/h3>\n\n\n\n<p>Ontdek hoe nieuwe digitale tools je kunnen helpen je leven te organiseren, je gezin te beschermen en je productiviteit te verbeteren. Van handige apps tot praktische handleidingen om alles uit je telefoon of computer te halen.<\/p>\n\n\n\n<h3 class=\"wp-block-heading\"><strong>Carri\u00e8re<\/strong><\/h3>\n\n\n\n<p>We bieden tips en hulpmiddelen om je te helpen professioneel te groeien. Ontdek de beste online leerplatforms, hoe je je kunt voorbereiden op sollicitatiegesprekken en hoe je kunt profiteren van vacatures in de digitale wereld.<\/p>\n\n\n\n<h3 class=\"wp-block-heading\"><strong>Nieuws<\/strong><\/h3>\n\n\n\n<p>Blijf op de hoogte van het laatste nieuws over onderwijs, innovatie, welzijn en wereldwijde trends die een directe impact hebben op het gezins- en beroepsleven.<\/p>\n\n\n\n<h2 class=\"wp-block-heading\"><strong>Waarom bestaan wij?<\/strong><\/h2>\n\n\n\n<p>Wij zijn geboren met een doel: <strong>een positieve, educatieve en betrouwbare ruimte cre\u00ebren<\/strong>waar iedereen inspiratie en praktische kennis kan vinden.<br>Omdat wij geloven dat <strong>Een ge\u00efnformeerd en verbonden gezin is een sterker gezin<\/strong>en dat continu leren de sleutel is tot het bouwen van een betere toekomst.<\/p>","protected":false},"excerpt":{"rendered":"<p>En Universo Familia, creemos que el conocimiento y la uni\u00f3n familiar pueden transformar el mundo. Somos un espacio digital creado para inspirar, informar y acompa\u00f1ar a las familias modernas en su d\u00eda a d\u00eda, brindando contenidos de calidad sobre tecnolog\u00eda, carrera profesional y noticias que impactan la vida real. Nuestro objetivo es ayudar a cada [&hellip;]<\/p>","protected":false},"author":139,"featured_media":1605,"parent":0,"menu_order":0,"comment_status":"closed","ping_status":"closed","template":"page-nosidebar.php","meta":{"footnotes":""},"yoast_head":"<!-- This site is optimized with the Yoast SEO plugin v23.3 - https:\/\/yoast.com\/wordpress\/plugins\/seo\/ -->\n<title>Qui\u00e9nes somos - Universo Fam\u00edlia<\/title>\n<meta name=\"description\" content=\"Qui\u00e9nes somos\" \/>\n<meta name=\"robots\" content=\"index, follow, max-snippet:-1, max-image-preview:large, max-video-preview:-1\" \/>\n<link rel=\"canonical\" href=\"https:\/\/universofamilia.com\/nl\/wie-wij-zijn\/\" \/>\n<meta property=\"og:locale\" content=\"nl_NL\" \/>\n<meta property=\"og:type\" content=\"article\" \/>\n<meta property=\"og:title\" content=\"Qui\u00e9nes somos - Universo Fam\u00edlia\" \/>\n<meta property=\"og:description\" content=\"Qui\u00e9nes somos\" \/>\n<meta property=\"og:url\" content=\"https:\/\/universofamilia.com\/nl\/wie-wij-zijn\/\" \/>\n<meta property=\"og:site_name\" content=\"Universo Fam\u00edlia\" \/>\n<meta property=\"article:modified_time\" content=\"2025-11-04T14:43:55+00:00\" \/>\n<meta property=\"og:image\" content=\"https:\/\/universofamilia.com\/wp-content\/uploads\/sites\/148\/2023\/05\/universo-familia-sobre-familia-2.png\" \/>\n\t<meta property=\"og:image:width\" content=\"550\" \/>\n\t<meta property=\"og:image:height\" content=\"350\" \/>\n\t<meta property=\"og:image:type\" content=\"image\/png\" \/>\n<meta name=\"twitter:card\" content=\"summary_large_image\" \/>\n<meta name=\"twitter:label1\" content=\"Est. reading time\" \/>\n\t<meta name=\"twitter:data1\" content=\"3 minuten\" \/>\n<script type=\"application\/ld+json\" class=\"yoast-schema-graph\">{\"@context\":\"https:\/\/schema.org\",\"@graph\":[{\"@type\":\"WebPage\",\"@id\":\"https:\/\/universofamilia.com\/quienes-somos\/\",\"url\":\"https:\/\/universofamilia.com\/quienes-somos\/\",\"name\":\"Qui\u00e9nes somos - Universo Fam\u00edlia\",\"isPartOf\":{\"@id\":\"https:\/\/universofamilia.com\/el\/#website\"},\"primaryImageOfPage\":{\"@id\":\"https:\/\/universofamilia.com\/quienes-somos\/#primaryimage\"},\"image\":{\"@id\":\"https:\/\/universofamilia.com\/quienes-somos\/#primaryimage\"},\"thumbnailUrl\":\"https:\/\/universofamilia.com\/wp-content\/uploads\/sites\/148\/2023\/05\/universo-familia-sobre-familia-2.png\",\"datePublished\":\"2023-05-22T02:46:35+00:00\",\"dateModified\":\"2025-11-04T14:43:55+00:00\",\"description\":\"Qui\u00e9nes somos\",\"breadcrumb\":{\"@id\":\"https:\/\/universofamilia.com\/quienes-somos\/#breadcrumb\"},\"inLanguage\":\"nl\",\"potentialAction\":[{\"@type\":\"ReadAction\",\"target\":[\"https:\/\/universofamilia.com\/quienes-somos\/\"]}]},{\"@type\":\"ImageObject\",\"inLanguage\":\"nl\",\"@id\":\"https:\/\/universofamilia.com\/quienes-somos\/#primaryimage\",\"url\":\"https:\/\/universofamilia.com\/wp-content\/uploads\/sites\/148\/2023\/05\/universo-familia-sobre-familia-2.png\",\"contentUrl\":\"https:\/\/universofamilia.com\/wp-content\/uploads\/sites\/148\/2023\/05\/universo-familia-sobre-familia-2.png\",\"width\":550,\"height\":350},{\"@type\":\"BreadcrumbList\",\"@id\":\"https:\/\/universofamilia.com\/quienes-somos\/#breadcrumb\",\"itemListElement\":[{\"@type\":\"ListItem\",\"position\":1,\"name\":\"Home\",\"item\":\"https:\/\/universofamilia.com\/el\/\"},{\"@type\":\"ListItem\",\"position\":2,\"name\":\"Qui\u00e9nes somos\"}]},{\"@type\":\"WebSite\",\"@id\":\"https:\/\/universofamilia.com\/el\/#website\",\"url\":\"https:\/\/universofamilia.com\/el\/\",\"name\":\"Universo Fam\u00edlia\",\"description\":\"\",\"potentialAction\":[{\"@type\":\"SearchAction\",\"target\":{\"@type\":\"EntryPoint\",\"urlTemplate\":\"https:\/\/universofamilia.com\/el\/?s={search_term_string}\"},\"query-input\":\"required name=search_term_string\"}],\"inLanguage\":\"nl\"}]}<\/script>\n<!-- \/ Yoast SEO plugin. -->","yoast_head_json":{"title":"Qui\u00e9nes somos - Universo Fam\u00edlia","description":"Qui\u00e9nes somos","robots":{"index":"index","follow":"follow","max-snippet":"max-snippet:-1","max-image-preview":"max-image-preview:large","max-video-preview":"max-video-preview:-1"},"canonical":"https:\/\/universofamilia.com\/nl\/wie-wij-zijn\/","og_locale":"nl_NL","og_type":"article","og_title":"Qui\u00e9nes somos - Universo Fam\u00edlia","og_description":"Qui\u00e9nes somos","og_url":"https:\/\/universofamilia.com\/nl\/wie-wij-zijn\/","og_site_name":"Universo Fam\u00edlia","article_modified_time":"2025-11-04T14:43:55+00:00","og_image":[{"width":550,"height":350,"url":"https:\/\/universofamilia.com\/wp-content\/uploads\/sites\/148\/2023\/05\/universo-familia-sobre-familia-2.png","type":"image\/png"}],"twitter_card":"summary_large_image","twitter_misc":{"Est. reading time":"3 minuten"},"schema":{"@context":"https:\/\/schema.org","@graph":[{"@type":"WebPage","@id":"https:\/\/universofamilia.com\/quienes-somos\/","url":"https:\/\/universofamilia.com\/quienes-somos\/","name":"Qui\u00e9nes somos - Universo Fam\u00edlia","isPartOf":{"@id":"https:\/\/universofamilia.com\/el\/#website"},"primaryImageOfPage":{"@id":"https:\/\/universofamilia.com\/quienes-somos\/#primaryimage"},"image":{"@id":"https:\/\/universofamilia.com\/quienes-somos\/#primaryimage"},"thumbnailUrl":"https:\/\/universofamilia.com\/wp-content\/uploads\/sites\/148\/2023\/05\/universo-familia-sobre-familia-2.png","datePublished":"2023-05-22T02:46:35+00:00","dateModified":"2025-11-04T14:43:55+00:00","description":"Qui\u00e9nes somos","breadcrumb":{"@id":"https:\/\/universofamilia.com\/quienes-somos\/#breadcrumb"},"inLanguage":"nl","potentialAction":[{"@type":"ReadAction","target":["https:\/\/universofamilia.com\/quienes-somos\/"]}]},{"@type":"ImageObject","inLanguage":"nl","@id":"https:\/\/universofamilia.com\/quienes-somos\/#primaryimage","url":"https:\/\/universofamilia.com\/wp-content\/uploads\/sites\/148\/2023\/05\/universo-familia-sobre-familia-2.png","contentUrl":"https:\/\/universofamilia.com\/wp-content\/uploads\/sites\/148\/2023\/05\/universo-familia-sobre-familia-2.png","width":550,"height":350},{"@type":"BreadcrumbList","@id":"https:\/\/universofamilia.com\/quienes-somos\/#breadcrumb","itemListElement":[{"@type":"ListItem","position":1,"name":"Home","item":"https:\/\/universofamilia.com\/el\/"},{"@type":"ListItem","position":2,"name":"Qui\u00e9nes somos"}]},{"@type":"WebSite","@id":"https:\/\/universofamilia.com\/el\/#website","url":"https:\/\/universofamilia.com\/el\/","name":"Universo Fam\u00edlia","description":"","potentialAction":[{"@type":"SearchAction","target":{"@type":"EntryPoint","urlTemplate":"https:\/\/universofamilia.com\/el\/?s={search_term_string}"},"query-input":"required name=search_term_string"}],"inLanguage":"nl"}]}},"_links":{"self":[{"href":"https:\/\/universofamilia.com\/nl\/wp-json\/wp\/v2\/pages\/7944"}],"collection":[{"href":"https:\/\/universofamilia.com\/nl\/wp-json\/wp\/v2\/pages"}],"about":[{"href":"https:\/\/universofamilia.com\/nl\/wp-json\/wp\/v2\/types\/page"}],"author":[{"embeddable":true,"href":"https:\/\/universofamilia.com\/nl\/wp-json\/wp\/v2\/users\/139"}],"replies":[{"embeddable":true,"href":"https:\/\/universofamilia.com\/nl\/wp-json\/wp\/v2\/comments?post=7944"}],"version-history":[{"count":3,"href":"https:\/\/universofamilia.com\/nl\/wp-json\/wp\/v2\/pages\/7944\/revisions"}],"predecessor-version":[{"id":10273,"href":"https:\/\/universofamilia.com\/nl\/wp-json\/wp\/v2\/pages\/7944\/revisions\/10273"}],"wp:featuredmedia":[{"embeddable":true,"href":"https:\/\/universofamilia.com\/nl\/wp-json\/wp\/v2\/media\/1605"}],"wp:attachment":[{"href":"https:\/\/universofamilia.com\/nl\/wp-json\/wp\/v2\/media?parent=7944"}],"curies":[{"name":"wp","href":"https:\/\/api.w.org\/{rel}","templated":true}]}}