{"id":7945,"date":"2023-05-21T23:46:35","date_gmt":"2023-05-21T23:46:35","guid":{"rendered":"https:\/\/universofamilia.com\/?page_id=3"},"modified":"2026-03-18T15:04:39","modified_gmt":"2026-03-18T18:04:39","slug":"politica-de-privacidad","status":"publish","type":"page","link":"https:\/\/universofamilia.com\/nl\/privacybeleid\/","title":{"rendered":"Privacybeleid"},"content":{"rendered":"<p>Uw privacy is belangrijk voor ons. Het is het beleid van Universo Familia om uw privacy te respecteren met betrekking tot alle informatie die we van u verzamelen op de website van Universo Familia en andere sites die we bezitten en beheren.<\/p>\n\n\n\n<p>We vragen alleen om persoonlijke gegevens wanneer we die echt nodig hebben om u een dienst te kunnen leveren. We doen dit op een eerlijke en wettige manier, met uw medeweten en toestemming. We informeren u ook waarom we de gegevens verzamelen en hoe we ze zullen gebruiken.<\/p>\n\n\n\n<p>We bewaren de verzamelde informatie alleen zo lang als nodig is om de gevraagde dienst te leveren. Wanneer we gegevens opslaan, beschermen we deze met commercieel gangbare middelen om verlies en diefstal te voorkomen, evenals ongeautoriseerde toegang, openbaarmaking, kopi\u00ebren, gebruik of wijziging.<\/p>\n\n\n\n<p>Wij delen geen persoonsgegevens openbaar of met derden, tenzij dit wettelijk verplicht is.<\/p>\n\n\n\n<p>Onze website kan links bevatten naar externe websites die niet door ons worden beheerd. Houd er rekening mee dat wij geen controle hebben over de inhoud of werkwijze van deze websites en geen verantwoordelijkheid kunnen aanvaarden voor hun respectievelijke privacybeleid.<\/p>\n\n\n\n<p>U staat het vrij om ons verzoek om persoonlijke gegevens te weigeren, met dien verstande dat wij u in dat geval mogelijk niet alle gewenste diensten kunnen leveren.<\/p>\n\n\n\n<p>Door onze site te blijven gebruiken, gaat u akkoord met ons privacybeleid en de bescherming van persoonsgegevens. Heeft u vragen over hoe wij gebruikersgegevens en persoonsgegevens verwerken, neem dan contact met ons op.<\/p>\n\n\n\n<p><strong>Naleving van de Algemene Verordening Gegevensbescherming (AVG)<\/strong><\/p>\n\n\n\n<p>In overeenstemming met de Braziliaanse Algemene Wet op de Bescherming van Persoonsgegevens (LGPD \u2013 Wet nr. 13.709\/2018) garanderen wij dat de verwerking van de persoonsgegevens van gebruikers op een transparante, veilige manier en voor rechtmatige doeleinden plaatsvindt.<\/p>\n\n\n\n<p>De gebruiker heeft het recht om:<\/p>\n\n\n\n<p>Bevestig dat uw gegevens worden verwerkt.<\/p>\n\n\n\n<p>Toegang tot uw persoonlijke gegevens<\/p>\n\n\n\n<p>Corrigeer onvolledige, onnauwkeurige of verouderde gegevens.<\/p>\n\n\n\n<p>Verzoek om anonimisering, blokkering of verwijdering van onnodige gegevens.<\/p>\n\n\n\n<p>Vraag de overdraagbaarheid van uw gegevens aan.<\/p>\n\n\n\n<p>U kunt uw toestemming op elk moment intrekken.<\/p>\n\n\n\n<p>Ontvang informatie over met wie we uw gegevens delen.<\/p>\n\n\n\n<p>Om gebruik te maken van een van deze rechten, kan de gebruiker contact met ons opnemen via de kanalen die op de site beschikbaar zijn.<\/p>\n\n\n\n<p>Wij verwerken persoonsgegevens alleen wanneer daar een geldige wettelijke grondslag voor is, zoals toestemming van de gebruiker, naleving van wettelijke verplichtingen of de uitvoering van gevraagde diensten, alsook een gerechtvaardigd belang waar van toepassing en met respect voor de rechten van de gebruiker.<\/p>\n\n\n\n<p><strong>Gebruik van cookies<\/strong><\/p>\n\n\n\n<p>We gebruiken cookies om de gebruikerservaring te verbeteren en gepersonaliseerde inhoud te bieden.<\/p>\n\n\n\n<p>Deze cookies kunnen onder andere de volgende bevatten:<\/p>\n\n\n\n<ul>\n<li>Cookies die essentieel zijn voor de werking van de website.<\/li>\n\n\n\n<li>Analytische cookies om het gebruikersgedrag te begrijpen.<\/li>\n\n\n\n<li>Advertentiecookies om relevante advertenties weer te geven.<\/li>\n<\/ul>\n\n\n\n<p>De gebruiker kan cookies op elk gewenst moment beheren of uitschakelen in de browserinstellingen.<\/p>\n\n\n\n<p><strong>Google AdSense en advertenties<\/strong><\/p>\n\n\n\n<p>De Google AdSense-service die we gebruiken om advertenties weer te geven, maakt gebruik van een DoubleClick-cookie om relevantere advertenties op het web te tonen en het aantal keren te beperken dat dezelfde advertentie aan de gebruiker wordt getoond.<\/p>\n\n\n\n<p>Voor meer informatie over Google AdSense kunt u de offici\u00eble veelgestelde vragen over privacy van Google AdSense raadplegen.<\/p>\n\n\n\n<p>We gebruiken advertenties om de operationele kosten van deze site te dekken en toekomstige ontwikkelingen te financieren. De cookies voor gedragsgerichte advertenties op deze site zijn ontworpen om ervoor te zorgen dat u de meest relevante advertenties te zien krijgt door anoniem uw interesses te volgen en u vergelijkbare content te tonen die mogelijk interessant voor u is.<\/p>\n\n\n\n<p><strong>Internationale gegevensoverdracht<\/strong><\/p>\n\n\n\n<p>Persoonsgegevens kunnen worden overgedragen naar en opgeslagen op servers buiten het land van de gebruiker, waaronder de Verenigde Staten, met name wanneer we gebruikmaken van diensten van derden zoals Google.<\/p>\n\n\n\n<p>Door deze site te gebruiken, accepteert de gebruiker deze gegevensoverdracht, die wordt uitgevoerd met passende beveiligingsmaatregelen en in overeenstemming met de toepasselijke wetgeving.<\/p>\n\n\n\n<p><strong>Gelieerde ondernemingen en derden<\/strong><\/p>\n\n\n\n<p>Verschillende partners adverteren namens ons, en affiliate tracking cookies stellen ons in staat te zien of onze klanten de site via een van de sites van onze partners hebben bezocht, zodat we hen de juiste vergoeding kunnen geven en, waar van toepassing, onze affiliate partners promoties kunnen aanbieden die u mogelijk voordelen opleveren bij een aankoop.<\/p>\n\n\n\n<p><strong>Gebruikersbetrokkenheid<\/strong><\/p>\n\n\n\n<p>De gebruiker stemt ermee in om op gepaste wijze gebruik te maken van de inhoud en informatie die Universo Familia op de site aanbiedt, waaronder, maar niet beperkt tot:<\/p>\n\n\n\n<p>A) Niet deelnemen aan activiteiten die illegaal zijn of in strijd met de goede trouw en de openbare orde.<\/p>\n\n\n\n<p>B) Verspreid geen propaganda of inhoud van racistische of xenofobe aard, gokken, illegale pornografie, verheerlijking van terrorisme of inhoud die de mensenrechten schendt.<\/p>\n\n\n\n<p>C) Geen schade toe te brengen aan de fysieke (hardware) en logische (software) systemen van Universo Familia, haar leveranciers of derden, noch computervirussen of andere systemen te introduceren of te verspreiden die schade kunnen veroorzaken.<\/p>\n\n\n\n<p><strong>Meer informatie<\/strong><\/p>\n\n\n\n<p>We hopen dat dit duidelijk is, en zoals eerder vermeld, als u ergens over twijfelt, is het over het algemeen veiliger om cookies ingeschakeld te laten voor het geval u gebruikmaakt van functies op onze site.<\/p>\n\n\n\n<p><strong>Vervaldatum<\/strong><\/p>\n\n\n\n<p>Dit beleid is van kracht vanaf <strong>18 maart 2026, 17:53<\/strong>.<\/p>","protected":false},"excerpt":{"rendered":"<p>Tu privacidad es importante para nosotros. Es pol\u00edtica de Universo Familia respetar tu privacidad en relaci\u00f3n con cualquier informaci\u00f3n tuya que podamos recopilar en el sitio web Universo Familia y en otros sitios que poseemos y operamos. Solicitamos informaci\u00f3n personal \u00fanicamente cuando realmente la necesitamos para brindarte un servicio. Lo hacemos por medios justos y [&hellip;]<\/p>","protected":false},"author":139,"featured_media":0,"parent":0,"menu_order":0,"comment_status":"closed","ping_status":"closed","template":"page-nosidebar.php","meta":{"footnotes":""},"yoast_head":"<!-- This site is optimized with the Yoast SEO plugin v23.3 - https:\/\/yoast.com\/wordpress\/plugins\/seo\/ -->\n<title>Pol\u00edtica de Privacidad - Universo Fam\u00edlia<\/title>\n<meta name=\"description\" content=\"Pol\u00edtica Privacidade\" \/>\n<meta name=\"robots\" content=\"index, follow, max-snippet:-1, max-image-preview:large, max-video-preview:-1\" \/>\n<link rel=\"canonical\" href=\"https:\/\/universofamilia.com\/nl\/privacybeleid\/\" \/>\n<meta property=\"og:locale\" content=\"nl_NL\" \/>\n<meta property=\"og:type\" content=\"article\" \/>\n<meta property=\"og:title\" content=\"Pol\u00edtica de Privacidad - Universo Fam\u00edlia\" \/>\n<meta property=\"og:description\" content=\"Pol\u00edtica Privacidade\" \/>\n<meta property=\"og:url\" content=\"https:\/\/universofamilia.com\/nl\/privacybeleid\/\" \/>\n<meta property=\"og:site_name\" content=\"Universo Fam\u00edlia\" \/>\n<meta property=\"article:modified_time\" content=\"2026-03-18T18:04:39+00:00\" \/>\n<meta name=\"twitter:card\" content=\"summary_large_image\" \/>\n<meta name=\"twitter:label1\" content=\"Est. reading time\" \/>\n\t<meta name=\"twitter:data1\" content=\"5 minuten\" \/>\n<script type=\"application\/ld+json\" class=\"yoast-schema-graph\">{\"@context\":\"https:\/\/schema.org\",\"@graph\":[{\"@type\":\"WebPage\",\"@id\":\"https:\/\/universofamilia.com\/politica-de-privacidad\/\",\"url\":\"https:\/\/universofamilia.com\/politica-de-privacidad\/\",\"name\":\"Pol\u00edtica de Privacidad - Universo Fam\u00edlia\",\"isPartOf\":{\"@id\":\"https:\/\/universofamilia.com\/el\/#website\"},\"datePublished\":\"2023-05-21T23:46:35+00:00\",\"dateModified\":\"2026-03-18T18:04:39+00:00\",\"description\":\"Pol\u00edtica Privacidade\",\"breadcrumb\":{\"@id\":\"https:\/\/universofamilia.com\/politica-de-privacidad\/#breadcrumb\"},\"inLanguage\":\"nl\",\"potentialAction\":[{\"@type\":\"ReadAction\",\"target\":[\"https:\/\/universofamilia.com\/politica-de-privacidad\/\"]}]},{\"@type\":\"BreadcrumbList\",\"@id\":\"https:\/\/universofamilia.com\/politica-de-privacidad\/#breadcrumb\",\"itemListElement\":[{\"@type\":\"ListItem\",\"position\":1,\"name\":\"Home\",\"item\":\"https:\/\/universofamilia.com\/el\/\"},{\"@type\":\"ListItem\",\"position\":2,\"name\":\"Pol\u00edtica de Privacidad\"}]},{\"@type\":\"WebSite\",\"@id\":\"https:\/\/universofamilia.com\/el\/#website\",\"url\":\"https:\/\/universofamilia.com\/el\/\",\"name\":\"Universo Fam\u00edlia\",\"description\":\"\",\"potentialAction\":[{\"@type\":\"SearchAction\",\"target\":{\"@type\":\"EntryPoint\",\"urlTemplate\":\"https:\/\/universofamilia.com\/el\/?s={search_term_string}\"},\"query-input\":\"required name=search_term_string\"}],\"inLanguage\":\"nl\"}]}<\/script>\n<!-- \/ Yoast SEO plugin. -->","yoast_head_json":{"title":"Pol\u00edtica de Privacidad - Universo Fam\u00edlia","description":"Pol\u00edtica Privacidade","robots":{"index":"index","follow":"follow","max-snippet":"max-snippet:-1","max-image-preview":"max-image-preview:large","max-video-preview":"max-video-preview:-1"},"canonical":"https:\/\/universofamilia.com\/nl\/privacybeleid\/","og_locale":"nl_NL","og_type":"article","og_title":"Pol\u00edtica de Privacidad - Universo Fam\u00edlia","og_description":"Pol\u00edtica Privacidade","og_url":"https:\/\/universofamilia.com\/nl\/privacybeleid\/","og_site_name":"Universo Fam\u00edlia","article_modified_time":"2026-03-18T18:04:39+00:00","twitter_card":"summary_large_image","twitter_misc":{"Est. reading time":"5 minuten"},"schema":{"@context":"https:\/\/schema.org","@graph":[{"@type":"WebPage","@id":"https:\/\/universofamilia.com\/politica-de-privacidad\/","url":"https:\/\/universofamilia.com\/politica-de-privacidad\/","name":"Pol\u00edtica de Privacidad - Universo Fam\u00edlia","isPartOf":{"@id":"https:\/\/universofamilia.com\/el\/#website"},"datePublished":"2023-05-21T23:46:35+00:00","dateModified":"2026-03-18T18:04:39+00:00","description":"Pol\u00edtica Privacidade","breadcrumb":{"@id":"https:\/\/universofamilia.com\/politica-de-privacidad\/#breadcrumb"},"inLanguage":"nl","potentialAction":[{"@type":"ReadAction","target":["https:\/\/universofamilia.com\/politica-de-privacidad\/"]}]},{"@type":"BreadcrumbList","@id":"https:\/\/universofamilia.com\/politica-de-privacidad\/#breadcrumb","itemListElement":[{"@type":"ListItem","position":1,"name":"Home","item":"https:\/\/universofamilia.com\/el\/"},{"@type":"ListItem","position":2,"name":"Pol\u00edtica de Privacidad"}]},{"@type":"WebSite","@id":"https:\/\/universofamilia.com\/el\/#website","url":"https:\/\/universofamilia.com\/el\/","name":"Universo Fam\u00edlia","description":"","potentialAction":[{"@type":"SearchAction","target":{"@type":"EntryPoint","urlTemplate":"https:\/\/universofamilia.com\/el\/?s={search_term_string}"},"query-input":"required name=search_term_string"}],"inLanguage":"nl"}]}},"_links":{"self":[{"href":"https:\/\/universofamilia.com\/nl\/wp-json\/wp\/v2\/pages\/7945"}],"collection":[{"href":"https:\/\/universofamilia.com\/nl\/wp-json\/wp\/v2\/pages"}],"about":[{"href":"https:\/\/universofamilia.com\/nl\/wp-json\/wp\/v2\/types\/page"}],"author":[{"embeddable":true,"href":"https:\/\/universofamilia.com\/nl\/wp-json\/wp\/v2\/users\/139"}],"replies":[{"embeddable":true,"href":"https:\/\/universofamilia.com\/nl\/wp-json\/wp\/v2\/comments?post=7945"}],"version-history":[{"count":5,"href":"https:\/\/universofamilia.com\/nl\/wp-json\/wp\/v2\/pages\/7945\/revisions"}],"predecessor-version":[{"id":10548,"href":"https:\/\/universofamilia.com\/nl\/wp-json\/wp\/v2\/pages\/7945\/revisions\/10548"}],"wp:attachment":[{"href":"https:\/\/universofamilia.com\/nl\/wp-json\/wp\/v2\/media?parent=7945"}],"curies":[{"name":"wp","href":"https:\/\/api.w.org\/{rel}","templated":true}]}}