{"id":662,"date":"2022-03-22T05:28:28","date_gmt":"2022-03-22T05:28:28","guid":{"rendered":"https:\/\/universofamilia.com\/contact\/"},"modified":"2026-03-18T14:50:48","modified_gmt":"2026-03-18T17:50:48","slug":"contacto","status":"publish","type":"page","link":"https:\/\/universofamilia.com\/pt\/contato\/","title":{"rendered":"Contato"},"content":{"rendered":"<p>Adoramos receber not\u00edcias suas! No Universo Fam\u00edlia, valorizamos a comunica\u00e7\u00e3o pr\u00f3xima, clara e honesta com nossos leitores e clientes.<\/p>\n\n\n\n<p>Se tiver d\u00favidas, sugest\u00f5es, coment\u00e1rios ou simplesmente quiser falar conosco, use o formul\u00e1rio abaixo. Teremos prazer em atend\u00ea-lo.<\/p>\n\n\n\n<h3 class=\"wp-block-heading\"><strong>Vamos conversar<\/strong><\/h3>\n\n\n\n<p>Tem alguma d\u00favida ou recomenda\u00e7\u00e3o? Entre em contato conosco pelo formul\u00e1rio abaixo. Estamos aqui para ajudar.<\/p>\n\n\n<div class=\"wpforms-container wpforms-container-full wpforms-block wpforms-block-41938fd1-46d3-4ac5-a7a9-2942d75a2330 wpforms-render-modern\" id=\"wpforms-9624\"><form id=\"wpforms-form-9624\" class=\"wpforms-validate wpforms-form wpforms-ajax-form\" data-formid=\"9624\" method=\"post\" enctype=\"multipart\/form-data\" action=\"\/pt\/wp-json\/wp\/v2\/pages\/662\" data-token=\"0ded9ff520a042409377bc76b593605b\" data-token-time=\"1777544258\" data-trp-original-action=\"\/pt\/wp-json\/wp\/v2\/pages\/662\"><noscript class=\"wpforms-error-noscript\">Ative o JavaScript no seu navegador para preencher este formul\u00e1rio.<\/noscript><div class=\"wpforms-hidden\" id=\"wpforms-error-noscript\">Ative o JavaScript no seu navegador para preencher este formul\u00e1rio.<\/div><div class=\"wpforms-field-container\"><div id=\"wpforms-9624-field_1-container\" class=\"wpforms-field wpforms-field-name\" data-field-id=\"1\"><label class=\"wpforms-field-label\" for=\"wpforms-9624-field_1\">Nome <span class=\"wpforms-required-label\" aria-hidden=\"true\">*<\/span><\/label><input type=\"text\" id=\"wpforms-9624-field_1\" class=\"wpforms-field-medium wpforms-field-required\" name=\"wpforms[fields][1]\" aria-errormessage=\"wpforms-9624-field_1-error\" required><\/div><div id=\"wpforms-9624-field_4-container\" class=\"wpforms-field wpforms-field-text\" data-field-id=\"4\"><label class=\"wpforms-field-label\" for=\"wpforms-9624-field_4\">Assunto<\/label><input type=\"text\" id=\"wpforms-9624-field_4\" class=\"wpforms-field-medium\" name=\"wpforms[fields][4]\" aria-errormessage=\"wpforms-9624-field_4-error\" ><\/div>\t\t<div id=\"wpforms-9624-field_5-container\"\n\t\t\tclass=\"wpforms-field wpforms-field-text\"\n\t\t\tdata-field-type=\"text\"\n\t\t\tdata-field-id=\"5\"\n\t\t\t>\n\t\t\t<label class=\"wpforms-field-label\" for=\"wpforms-9624-field_5\" >mensaje Correo o<\/label>\n\t\t\t<input type=\"text\" id=\"wpforms-9624-field_5\" class=\"wpforms-field-medium\" name=\"wpforms[fields][5]\" >\n\t\t<\/div>\n\t\t<div id=\"wpforms-9624-field_2-container\" class=\"wpforms-field wpforms-field-email\" data-field-id=\"2\"><label class=\"wpforms-field-label\" for=\"wpforms-9624-field_2\">E-mail <span class=\"wpforms-required-label\" aria-hidden=\"true\">*<\/span><\/label><input type=\"email\" id=\"wpforms-9624-field_2\" class=\"wpforms-field-medium wpforms-field-required\" name=\"wpforms[fields][2]\" spellcheck=\"false\" aria-errormessage=\"wpforms-9624-field_2-error\" required><\/div><div id=\"wpforms-9624-field_3-container\" class=\"wpforms-field wpforms-field-textarea\" data-field-id=\"3\"><label class=\"wpforms-field-label\" for=\"wpforms-9624-field_3\">Coment\u00e1rio ou mensagem<\/label><textarea id=\"wpforms-9624-field_3\" class=\"wpforms-field-medium\" name=\"wpforms[fields][3]\" aria-errormessage=\"wpforms-9624-field_3-error\" ><\/textarea><\/div><script>\n\t\t\t\t( function() {\n\t\t\t\t\tconst style = document.createElement( 'style' );\n\t\t\t\t\tstyle.appendChild( document.createTextNode( '#wpforms-9624-field_5-container { position: absolute !important; overflow: hidden !important; display: inline !important; height: 1px !important; width: 1px !important; z-index: -1000 !important; padding: 0 !important; } #wpforms-9624-field_5-container input { visibility: hidden; } #wpforms-conversational-form-page #wpforms-9624-field_5-container label { counter-increment: none; }' ) );\n\t\t\t\t\tdocument.head.appendChild( style );\n\t\t\t\t\tdocument.currentScript?.remove();\n\t\t\t\t} )();\n\t\t\t<\/script><\/div><!-- .wpforms-field-container --><div class=\"wpforms-submit-container\" ><input type=\"hidden\" name=\"wpforms[id]\" value=\"9624\"><input type=\"hidden\" name=\"page_title\" value=\"\"><input type=\"hidden\" name=\"page_url\" value=\"https:\/\/universofamilia.com\/pt\/wp-json\/wp\/v2\/pages\/662\"><input type=\"hidden\" name=\"url_referer\" value=\"\"><button type=\"submit\" name=\"wpforms[submit]\" id=\"wpforms-submit-9624\" class=\"wpforms-submit\" data-alt-text=\"Enviando\u2026\" data-submit-text=\"Enviar\" aria-live=\"assertive\" value=\"wpforms-submit\">Enviar<\/button><img loading=\"lazy\" decoding=\"async\" src=\"https:\/\/universofamilia.com\/wp-content\/plugins\/wpforms-lite\/assets\/images\/submit-spin.svg\" class=\"wpforms-submit-spinner\" style=\"display: none;\" width=\"26\" height=\"26\" alt=\"Carregando\"><\/div><input type=\"hidden\" name=\"trp-form-language\" value=\"pt\"\/><\/form><\/div>  <!-- .wpforms-container -->","protected":false},"excerpt":{"rendered":"<p>\u00a1Nos encanta saber de ti! En Universo Fam\u00edlia valoramos la comunicaci\u00f3n cercana, clara y honesta con nuestros lectores y clientes. Si tienes preguntas, sugerencias, comentarios o simplemente quieres hablar con nosotros, utiliza el formulario a continuaci\u00f3n. Estaremos encantados de responderte. Hablemos \u00bfTienes alguna duda o recomendaci\u00f3n? No dudes en escribirnos a trav\u00e9s del siguiente formulario. [&hellip;]<\/p>","protected":false},"author":139,"featured_media":0,"parent":0,"menu_order":0,"comment_status":"closed","ping_status":"closed","template":"page-nosidebar.php","meta":{"footnotes":""},"yoast_head":"<!-- This site is optimized with the Yoast SEO plugin v23.3 - https:\/\/yoast.com\/wordpress\/plugins\/seo\/ -->\n<title>Contacto - Universo Fam\u00edlia<\/title>\n<meta name=\"description\" content=\"contacto\" \/>\n<meta name=\"robots\" content=\"index, follow, max-snippet:-1, max-image-preview:large, max-video-preview:-1\" \/>\n<link rel=\"canonical\" href=\"http:\/\/universofamilia.com\/pt\/\u0441\u0432\u044a\u0440\u0436\u0435\u0442\u0435-\u0441\u0435-\u0441\/\" \/>\n<meta property=\"og:locale\" content=\"pt_BR\" \/>\n<meta property=\"og:type\" content=\"article\" \/>\n<meta property=\"og:title\" content=\"Contacto - Universo Fam\u00edlia\" \/>\n<meta property=\"og:description\" content=\"contacto\" \/>\n<meta property=\"og:url\" content=\"http:\/\/universofamilia.com\/pt\/\u0441\u0432\u044a\u0440\u0436\u0435\u0442\u0435-\u0441\u0435-\u0441\/\" \/>\n<meta property=\"og:site_name\" content=\"Universo Fam\u00edlia\" \/>\n<meta property=\"article:modified_time\" content=\"2026-03-18T17:50:48+00:00\" \/>\n<meta name=\"twitter:card\" content=\"summary_large_image\" \/>\n<meta name=\"twitter:label1\" content=\"Est. reading time\" \/>\n\t<meta name=\"twitter:data1\" content=\"1 minuto\" \/>\n<script type=\"application\/ld+json\" class=\"yoast-schema-graph\">{\"@context\":\"https:\/\/schema.org\",\"@graph\":[{\"@type\":\"WebPage\",\"@id\":\"http:\/\/universofamilia.com\/bg\/\u0441\u0432\u044a\u0440\u0436\u0435\u0442\u0435-\u0441\u0435-\u0441\/\",\"url\":\"http:\/\/universofamilia.com\/bg\/\u0441\u0432\u044a\u0440\u0436\u0435\u0442\u0435-\u0441\u0435-\u0441\/\",\"name\":\"Contacto - Universo Fam\u00edlia\",\"isPartOf\":{\"@id\":\"http:\/\/universofamilia.com\/zh_hk\/#website\"},\"datePublished\":\"2022-03-22T05:28:28+00:00\",\"dateModified\":\"2026-03-18T17:50:48+00:00\",\"description\":\"contacto\",\"breadcrumb\":{\"@id\":\"http:\/\/universofamilia.com\/bg\/\u0441\u0432\u044a\u0440\u0436\u0435\u0442\u0435-\u0441\u0435-\u0441\/#breadcrumb\"},\"inLanguage\":\"pt-BR\",\"potentialAction\":[{\"@type\":\"ReadAction\",\"target\":[\"http:\/\/universofamilia.com\/bg\/\u0441\u0432\u044a\u0440\u0436\u0435\u0442\u0435-\u0441\u0435-\u0441\/\"]}]},{\"@type\":\"BreadcrumbList\",\"@id\":\"http:\/\/universofamilia.com\/bg\/\u0441\u0432\u044a\u0440\u0436\u0435\u0442\u0435-\u0441\u0435-\u0441\/#breadcrumb\",\"itemListElement\":[{\"@type\":\"ListItem\",\"position\":1,\"name\":\"Home\",\"item\":\"http:\/\/universofamilia.com\/zh_hk\/\"},{\"@type\":\"ListItem\",\"position\":2,\"name\":\"Contacto\"}]},{\"@type\":\"WebSite\",\"@id\":\"http:\/\/universofamilia.com\/zh_hk\/#website\",\"url\":\"http:\/\/universofamilia.com\/zh_hk\/\",\"name\":\"Universo Fam\u00edlia\",\"description\":\"\",\"potentialAction\":[{\"@type\":\"SearchAction\",\"target\":{\"@type\":\"EntryPoint\",\"urlTemplate\":\"http:\/\/universofamilia.com\/zh_hk\/?s={search_term_string}\"},\"query-input\":\"required name=search_term_string\"}],\"inLanguage\":\"pt-BR\"}]}<\/script>\n<!-- \/ Yoast SEO plugin. -->","yoast_head_json":{"title":"Contacto - Universo Fam\u00edlia","description":"contacto","robots":{"index":"index","follow":"follow","max-snippet":"max-snippet:-1","max-image-preview":"max-image-preview:large","max-video-preview":"max-video-preview:-1"},"canonical":"http:\/\/universofamilia.com\/pt\/\u0441\u0432\u044a\u0440\u0436\u0435\u0442\u0435-\u0441\u0435-\u0441\/","og_locale":"pt_BR","og_type":"article","og_title":"Contacto - Universo Fam\u00edlia","og_description":"contacto","og_url":"http:\/\/universofamilia.com\/pt\/\u0441\u0432\u044a\u0440\u0436\u0435\u0442\u0435-\u0441\u0435-\u0441\/","og_site_name":"Universo Fam\u00edlia","article_modified_time":"2026-03-18T17:50:48+00:00","twitter_card":"summary_large_image","twitter_misc":{"Est. reading time":"1 minuto"},"schema":{"@context":"https:\/\/schema.org","@graph":[{"@type":"WebPage","@id":"http:\/\/universofamilia.com\/bg\/\u0441\u0432\u044a\u0440\u0436\u0435\u0442\u0435-\u0441\u0435-\u0441\/","url":"http:\/\/universofamilia.com\/bg\/\u0441\u0432\u044a\u0440\u0436\u0435\u0442\u0435-\u0441\u0435-\u0441\/","name":"Contacto - Universo Fam\u00edlia","isPartOf":{"@id":"http:\/\/universofamilia.com\/zh_hk\/#website"},"datePublished":"2022-03-22T05:28:28+00:00","dateModified":"2026-03-18T17:50:48+00:00","description":"contacto","breadcrumb":{"@id":"http:\/\/universofamilia.com\/bg\/\u0441\u0432\u044a\u0440\u0436\u0435\u0442\u0435-\u0441\u0435-\u0441\/#breadcrumb"},"inLanguage":"pt-BR","potentialAction":[{"@type":"ReadAction","target":["http:\/\/universofamilia.com\/bg\/\u0441\u0432\u044a\u0440\u0436\u0435\u0442\u0435-\u0441\u0435-\u0441\/"]}]},{"@type":"BreadcrumbList","@id":"http:\/\/universofamilia.com\/bg\/\u0441\u0432\u044a\u0440\u0436\u0435\u0442\u0435-\u0441\u0435-\u0441\/#breadcrumb","itemListElement":[{"@type":"ListItem","position":1,"name":"Home","item":"http:\/\/universofamilia.com\/zh_hk\/"},{"@type":"ListItem","position":2,"name":"Contacto"}]},{"@type":"WebSite","@id":"http:\/\/universofamilia.com\/zh_hk\/#website","url":"http:\/\/universofamilia.com\/zh_hk\/","name":"Universo Fam\u00edlia","description":"","potentialAction":[{"@type":"SearchAction","target":{"@type":"EntryPoint","urlTemplate":"http:\/\/universofamilia.com\/zh_hk\/?s={search_term_string}"},"query-input":"required name=search_term_string"}],"inLanguage":"pt-BR"}]}},"_links":{"self":[{"href":"https:\/\/universofamilia.com\/pt\/wp-json\/wp\/v2\/pages\/662"}],"collection":[{"href":"https:\/\/universofamilia.com\/pt\/wp-json\/wp\/v2\/pages"}],"about":[{"href":"https:\/\/universofamilia.com\/pt\/wp-json\/wp\/v2\/types\/page"}],"author":[{"embeddable":true,"href":"https:\/\/universofamilia.com\/pt\/wp-json\/wp\/v2\/users\/139"}],"replies":[{"embeddable":true,"href":"https:\/\/universofamilia.com\/pt\/wp-json\/wp\/v2\/comments?post=662"}],"version-history":[{"count":4,"href":"https:\/\/universofamilia.com\/pt\/wp-json\/wp\/v2\/pages\/662\/revisions"}],"predecessor-version":[{"id":10543,"href":"https:\/\/universofamilia.com\/pt\/wp-json\/wp\/v2\/pages\/662\/revisions\/10543"}],"wp:attachment":[{"href":"https:\/\/universofamilia.com\/pt\/wp-json\/wp\/v2\/media?parent=662"}],"curies":[{"name":"wp","href":"https:\/\/api.w.org\/{rel}","templated":true}]}}