{"id":1961,"date":"2023-05-26T20:33:14","date_gmt":"2023-05-26T20:33:14","guid":{"rendered":"https:\/\/universofamilia.com\/?page_id=1961"},"modified":"2026-03-18T15:10:50","modified_gmt":"2026-03-18T18:10:50","slug":"condiciones-de-uso","status":"publish","type":"page","link":"https:\/\/universofamilia.com\/pt_pt\/condiciones-de-uso\/","title":{"rendered":"Condi\u00e7\u00f5es de utiliza\u00e7\u00e3o"},"content":{"rendered":"<h2>1. Termos<\/h2>\n<p data-start=\"199\" data-end=\"430\">Ao acessar o site de <a href=\"https:\/\/universofamilia.com\/pt_pt\/\">Universo da Fam\u00edlia<\/a>Ao utilizar este servi\u00e7o, voc\u00ea concorda em cumprir estes termos de uso, bem como todas as leis e regulamentos aplic\u00e1veis. Voc\u00ea tamb\u00e9m reconhece que \u00e9 respons\u00e1vel por cumprir todas as leis locais aplic\u00e1veis.<\/p>\n<p data-start=\"432\" data-end=\"532\">Caso n\u00e3o concorde com algum destes termos, fica proibido de usar ou acessar este site.<\/p>\n<p data-start=\"534\" data-end=\"672\">O conte\u00fado e os materiais dispon\u00edveis neste site est\u00e3o protegidos pelas leis de direitos autorais e marcas registradas aplic\u00e1veis.<\/p>\n<h2>2. Uso da Licen\u00e7a<\/h2>\n<p>\u00c9 concedida permiss\u00e3o para baixar temporariamente uma c\u00f3pia dos materiais (informa\u00e7\u00f5es ou software) no site Universo Fam\u00edlia apenas para visualiza\u00e7\u00e3o transit\u00f3ria pessoal e n\u00e3o comercial. Esta \u00e9 a concess\u00e3o de uma licen\u00e7a, n\u00e3o uma transfer\u00eancia de t\u00edtulo, e sob esta licen\u00e7a voc\u00ea n\u00e3o pode:<\/p>\n<ol>\n<li>modificar ou copiar os materiais;<\/li>\n<li>usar os materiais para qualquer finalidade comercial ou para exibi\u00e7\u00e3o p\u00fablica (comercial ou n\u00e3o comercial);<\/li>\n<li>tentar descompilar ou fazer engenharia reversa de qualquer software contido no site Universo Fam\u00edlia;<\/li>\n<li>remover quaisquer direitos autorais ou outras nota\u00e7\u00f5es de propriedade dos materiais; qualquer<\/li>\n<li>transferir os materiais para outra pessoa ou \u201cespelhar\u201d os materiais em qualquer outro servidor.<\/li>\n<\/ol>\n<p>Esta licen\u00e7a ser\u00e1 automaticamente rescindida se voc\u00ea violar qualquer uma dessas restri\u00e7\u00f5es e poder\u00e1 ser rescindida pela Universo Fam\u00edlia a qualquer momento. Ao encerrar a visualiza\u00e7\u00e3o destes materiais ou ap\u00f3s o t\u00e9rmino desta licen\u00e7a, voc\u00ea deve excluir quaisquer materiais baixados em sua posse, seja em formato eletr\u00f4nico ou impresso.<\/p>\n<h2>3. Isen\u00e7\u00e3o de responsabilidade<\/h2>\n<ol>\n<li>Os materiais no site da Universe Family s\u00e3o fornecidos \u201ccomo est\u00e3o\u201d. O Universo Fam\u00edlia n\u00e3o oferece garantias, expressas ou impl\u00edcitas, e por meio deste documento isenta e nega todas as outras garantias, incluindo, sem limita\u00e7\u00e3o, garantias impl\u00edcitas ou condi\u00e7\u00f5es de comercializa\u00e7\u00e3o, adequa\u00e7\u00e3o a uma finalidade espec\u00edfica ou n\u00e3o viola\u00e7\u00e3o de propriedade intelectual ou outra viola\u00e7\u00e3o de direitos.<\/li>\n<li>Al\u00e9m disso, o Universo Fam\u00edlia n\u00e3o garante nem faz qualquer representa\u00e7\u00e3o sobre a precis\u00e3o, resultados prov\u00e1veis ou confiabilidade do uso dos materiais em seu site ou de outra forma relacionados a tais materiais ou em quaisquer sites vinculados a este site.<\/li>\n<\/ol>\n<h2>4. Limita\u00e7\u00f5es<\/h2>\n<p>Em nenhuma hip\u00f3tese o Universo Fam\u00edlia ou seus fornecedores ser\u00e3o respons\u00e1veis por quaisquer danos (incluindo, sem limita\u00e7\u00e3o, danos por perda de dados ou lucro, ou devido \u00e0 interrup\u00e7\u00e3o dos neg\u00f3cios) decorrentes do uso ou da incapacidade de usar os materiais no Universo Fam\u00edlia, mesmo que o Universo Fam\u00edlia ou um representante autorizado do Universo Fam\u00edlia tenha sido notificado oralmente ou por escrito da possibilidade de tais danos. Como algumas jurisdi\u00e7\u00f5es n\u00e3o permitem limita\u00e7\u00f5es em garantias impl\u00edcitas ou limita\u00e7\u00f5es de responsabilidade por danos consequentes ou incidentais, essas limita\u00e7\u00f5es podem n\u00e3o se aplicar a voc\u00ea.<\/p>\n<h2>5. Precis\u00e3o do material<\/h2>\n<p>Os materiais que aparecem no site Universo Fam\u00edlia podem incluir erros t\u00e9cnicos, tipogr\u00e1ficos ou fotogr\u00e1ficos. O Universo Fam\u00edlia n\u00e3o garante que qualquer material em seu site seja preciso, completo ou atual. O Universo Fam\u00edlia pode fazer altera\u00e7\u00f5es nos materiais contidos em seu site a qualquer momento, sem aviso pr\u00e9vio. Entretanto, a Universe Family n\u00e3o assume nenhuma obriga\u00e7\u00e3o de atualizar os materiais.<\/p>\n<h2>6. Liga\u00e7\u00f5es<\/h2>\n<p>O Universo Fam\u00edlia n\u00e3o revisou todos os sites vinculados ao seu site e n\u00e3o \u00e9 respons\u00e1vel pelo conte\u00fado de nenhum desses sites vinculados. A inclus\u00e3o de qualquer link n\u00e3o implica endosso do site pelo Universo Fam\u00edlia. O uso de qualquer site vinculado \u00e9 por conta e risco do usu\u00e1rio.<\/p>\n<h3>Modifica\u00e7\u00f5es<\/h3>\n<p>O Universo Fam\u00edlia pode revisar estes termos de servi\u00e7o para seu site a qualquer momento, sem aviso pr\u00e9vio. Ao usar este site, voc\u00ea concorda em ficar vinculado \u00e0 vers\u00e3o atual destes Termos de Servi\u00e7o.<\/p>\n<h3>Lei aplic\u00e1vel<\/h3>\n<p>Estes termos e condi\u00e7\u00f5es s\u00e3o regidos e interpretados de acordo com as leis dos Estados Unidos e voc\u00ea se submete irrevogavelmente \u00e0 jurisdi\u00e7\u00e3o exclusiva dos tribunais daquele estado ou local.<\/p>","protected":false},"excerpt":{"rendered":"<p>1. Termos Ao acessar o site Universo Familia, voc\u00ea concorda em cumprir estes termos de uso, bem como todas as leis e regulamentos aplic\u00e1veis. Voc\u00ea tamb\u00e9m reconhece que \u00e9 respons\u00e1vel por cumprir a legisla\u00e7\u00e3o local aplic\u00e1vel. Se voc\u00ea n\u00e3o concordar com algum destes termos, est\u00e1 proibido de usar ou acessar o site.<\/p>","protected":false},"author":139,"featured_media":0,"parent":0,"menu_order":0,"comment_status":"closed","ping_status":"closed","template":"page-nosidebar.php","meta":{"footnotes":""},"yoast_head":"<!-- This site is optimized with the Yoast SEO plugin v23.3 - https:\/\/yoast.com\/wordpress\/plugins\/seo\/ -->\n<title>Condiciones de uso - Universo Fam\u00edlia<\/title>\n<meta name=\"description\" content=\"Condiciones de uso\" \/>\n<meta name=\"robots\" content=\"index, follow, max-snippet:-1, max-image-preview:large, max-video-preview:-1\" \/>\n<link rel=\"canonical\" href=\"https:\/\/universofamilia.com\/pt_pt\/condiciones-de-uso\/\" \/>\n<meta property=\"og:locale\" content=\"pt_PT\" \/>\n<meta property=\"og:type\" content=\"article\" \/>\n<meta property=\"og:title\" content=\"Condiciones de uso - Universo Fam\u00edlia\" \/>\n<meta property=\"og:description\" content=\"Condiciones de uso\" \/>\n<meta property=\"og:url\" content=\"https:\/\/universofamilia.com\/pt_pt\/condiciones-de-uso\/\" \/>\n<meta property=\"og:site_name\" content=\"Universo Fam\u00edlia\" \/>\n<meta property=\"article:modified_time\" content=\"2026-03-18T18:10:50+00:00\" \/>\n<meta name=\"twitter:card\" content=\"summary_large_image\" \/>\n<meta name=\"twitter:label1\" content=\"Est. reading time\" \/>\n\t<meta name=\"twitter:data1\" content=\"4 minutos\" \/>\n<script type=\"application\/ld+json\" class=\"yoast-schema-graph\">{\"@context\":\"https:\/\/schema.org\",\"@graph\":[{\"@type\":\"WebPage\",\"@id\":\"https:\/\/universofamilia.com\/condiciones-de-uso\/\",\"url\":\"https:\/\/universofamilia.com\/condiciones-de-uso\/\",\"name\":\"Condiciones de uso - Universo Fam\u00edlia\",\"isPartOf\":{\"@id\":\"https:\/\/universofamilia.com\/el\/#website\"},\"datePublished\":\"2023-05-26T20:33:14+00:00\",\"dateModified\":\"2026-03-18T18:10:50+00:00\",\"description\":\"Condiciones de uso\",\"breadcrumb\":{\"@id\":\"https:\/\/universofamilia.com\/condiciones-de-uso\/#breadcrumb\"},\"inLanguage\":\"pt-PT\",\"potentialAction\":[{\"@type\":\"ReadAction\",\"target\":[\"https:\/\/universofamilia.com\/condiciones-de-uso\/\"]}]},{\"@type\":\"BreadcrumbList\",\"@id\":\"https:\/\/universofamilia.com\/condiciones-de-uso\/#breadcrumb\",\"itemListElement\":[{\"@type\":\"ListItem\",\"position\":1,\"name\":\"Home\",\"item\":\"https:\/\/universofamilia.com\/el\/\"},{\"@type\":\"ListItem\",\"position\":2,\"name\":\"Condiciones de uso\"}]},{\"@type\":\"WebSite\",\"@id\":\"https:\/\/universofamilia.com\/el\/#website\",\"url\":\"https:\/\/universofamilia.com\/el\/\",\"name\":\"Universo Fam\u00edlia\",\"description\":\"\",\"potentialAction\":[{\"@type\":\"SearchAction\",\"target\":{\"@type\":\"EntryPoint\",\"urlTemplate\":\"https:\/\/universofamilia.com\/el\/?s={search_term_string}\"},\"query-input\":\"required name=search_term_string\"}],\"inLanguage\":\"pt-PT\"}]}<\/script>\n<!-- \/ Yoast SEO plugin. -->","yoast_head_json":{"title":"Condiciones de uso - Universo Fam\u00edlia","description":"Condiciones de uso","robots":{"index":"index","follow":"follow","max-snippet":"max-snippet:-1","max-image-preview":"max-image-preview:large","max-video-preview":"max-video-preview:-1"},"canonical":"https:\/\/universofamilia.com\/pt_pt\/condiciones-de-uso\/","og_locale":"pt_PT","og_type":"article","og_title":"Condiciones de uso - Universo Fam\u00edlia","og_description":"Condiciones de uso","og_url":"https:\/\/universofamilia.com\/pt_pt\/condiciones-de-uso\/","og_site_name":"Universo Fam\u00edlia","article_modified_time":"2026-03-18T18:10:50+00:00","twitter_card":"summary_large_image","twitter_misc":{"Est. reading time":"4 minutos"},"schema":{"@context":"https:\/\/schema.org","@graph":[{"@type":"WebPage","@id":"https:\/\/universofamilia.com\/condiciones-de-uso\/","url":"https:\/\/universofamilia.com\/condiciones-de-uso\/","name":"Condiciones de uso - Universo Fam\u00edlia","isPartOf":{"@id":"https:\/\/universofamilia.com\/el\/#website"},"datePublished":"2023-05-26T20:33:14+00:00","dateModified":"2026-03-18T18:10:50+00:00","description":"Condiciones de uso","breadcrumb":{"@id":"https:\/\/universofamilia.com\/condiciones-de-uso\/#breadcrumb"},"inLanguage":"pt-PT","potentialAction":[{"@type":"ReadAction","target":["https:\/\/universofamilia.com\/condiciones-de-uso\/"]}]},{"@type":"BreadcrumbList","@id":"https:\/\/universofamilia.com\/condiciones-de-uso\/#breadcrumb","itemListElement":[{"@type":"ListItem","position":1,"name":"Home","item":"https:\/\/universofamilia.com\/el\/"},{"@type":"ListItem","position":2,"name":"Condiciones de uso"}]},{"@type":"WebSite","@id":"https:\/\/universofamilia.com\/el\/#website","url":"https:\/\/universofamilia.com\/el\/","name":"Universo Fam\u00edlia","description":"","potentialAction":[{"@type":"SearchAction","target":{"@type":"EntryPoint","urlTemplate":"https:\/\/universofamilia.com\/el\/?s={search_term_string}"},"query-input":"required name=search_term_string"}],"inLanguage":"pt-PT"}]}},"_links":{"self":[{"href":"https:\/\/universofamilia.com\/pt_pt\/wp-json\/wp\/v2\/pages\/1961"}],"collection":[{"href":"https:\/\/universofamilia.com\/pt_pt\/wp-json\/wp\/v2\/pages"}],"about":[{"href":"https:\/\/universofamilia.com\/pt_pt\/wp-json\/wp\/v2\/types\/page"}],"author":[{"embeddable":true,"href":"https:\/\/universofamilia.com\/pt_pt\/wp-json\/wp\/v2\/users\/139"}],"replies":[{"embeddable":true,"href":"https:\/\/universofamilia.com\/pt_pt\/wp-json\/wp\/v2\/comments?post=1961"}],"version-history":[{"count":3,"href":"https:\/\/universofamilia.com\/pt_pt\/wp-json\/wp\/v2\/pages\/1961\/revisions"}],"predecessor-version":[{"id":10550,"href":"https:\/\/universofamilia.com\/pt_pt\/wp-json\/wp\/v2\/pages\/1961\/revisions\/10550"}],"wp:attachment":[{"href":"https:\/\/universofamilia.com\/pt_pt\/wp-json\/wp\/v2\/media?parent=1961"}],"curies":[{"name":"wp","href":"https:\/\/api.w.org\/{rel}","templated":true}]}}