{"id":7945,"date":"2023-05-21T23:46:35","date_gmt":"2023-05-21T23:46:35","guid":{"rendered":"https:\/\/universofamilia.com\/?page_id=3"},"modified":"2026-03-18T15:04:39","modified_gmt":"2026-03-18T18:04:39","slug":"politica-de-privacidad","status":"publish","type":"page","link":"https:\/\/universofamilia.com\/sk\/politica-de-privacidad\/","title":{"rendered":"Z\u00e1sady ochrany osobn\u00fdch \u00fadajov"},"content":{"rendered":"<p>Va\u0161e s\u00fakromie je pre n\u00e1s d\u00f4le\u017eit\u00e9. Z\u00e1sadou spolo\u010dnosti Universo Familia je re\u0161pektova\u0165 va\u0161e s\u00fakromie, pokia\u013e ide o ak\u00e9ko\u013evek inform\u00e1cie, ktor\u00e9 od v\u00e1s m\u00f4\u017eeme zhroma\u017e\u010fova\u0165 na webovej str\u00e1nke Universo Familia a in\u00fdch str\u00e1nkach, ktor\u00e9 vlastn\u00edme a prev\u00e1dzkujeme.<\/p>\n\n\n\n<p>Osobn\u00e9 \u00fadaje po\u017eadujeme iba vtedy, ke\u010f ich skuto\u010dne potrebujeme na poskytnutie slu\u017eby. Rob\u00edme tak spravodliv\u00fdmi a z\u00e1konn\u00fdmi prostriedkami s va\u0161\u00edm vedom\u00edm a s\u00fahlasom. Taktie\u017e v\u00e1s informujeme, pre\u010do ich zhroma\u017e\u010fujeme a ako bud\u00fa pou\u017eit\u00e9.<\/p>\n\n\n\n<p>Zhroma\u017eden\u00e9 inform\u00e1cie uchov\u00e1vame iba tak dlho, ako je potrebn\u00e9 na poskytnutie po\u017eadovanej slu\u017eby. Pri uchov\u00e1van\u00ed \u00fadajov ich chr\u00e1nime komer\u010dne prijate\u013en\u00fdmi prostriedkami, aby sme predi\u0161li strate a kr\u00e1de\u017ei, ako aj neopr\u00e1vnen\u00e9mu pr\u00edstupu, zverejneniu, kop\u00edrovaniu, pou\u017eitiu alebo \u00faprave.<\/p>\n\n\n\n<p>Osobn\u00e9 \u00fadaje nezdie\u013eame verejne ani s tret\u00edmi stranami, s v\u00fdnimkou pr\u00edpadov, ke\u010f to vy\u017eaduje z\u00e1kon.<\/p>\n\n\n\n<p>Na\u0161a str\u00e1nka m\u00f4\u017ee obsahova\u0165 odkazy na extern\u00e9 str\u00e1nky, ktor\u00e9 neprev\u00e1dzkujeme. Upozor\u0148ujeme, \u017ee nem\u00e1me \u017eiadnu kontrolu nad obsahom ani postupmi t\u00fdchto str\u00e1nok a nem\u00f4\u017eeme prevzia\u0165 zodpovednos\u0165 za ich pr\u00edslu\u0161n\u00e9 z\u00e1sady ochrany osobn\u00fdch \u00fadajov.<\/p>\n\n\n\n<p>Na\u0161u \u017eiados\u0165 o osobn\u00e9 \u00fadaje m\u00f4\u017eete odmietnu\u0165 s vedom\u00edm, \u017ee v\u00e1m mo\u017eno nebudeme m\u00f4c\u0165 poskytn\u00fa\u0165 niektor\u00e9 z po\u017eadovan\u00fdch slu\u017eieb.<\/p>\n\n\n\n<p>Pokra\u010dovanie v pou\u017e\u00edvan\u00ed na\u0161ej str\u00e1nky bude pova\u017eovan\u00e9 za s\u00fahlas s na\u0161imi postupmi ochrany osobn\u00fdch \u00fadajov a osobn\u00fdch \u00fadajov. Ak m\u00e1te ak\u00e9ko\u013evek ot\u00e1zky t\u00fdkaj\u00face sa toho, ako naklad\u00e1me s \u00fadajmi pou\u017e\u00edvate\u013eov a osobn\u00fdmi \u00fadajmi, m\u00f4\u017eete n\u00e1s kontaktova\u0165.<\/p>\n\n\n\n<p><strong>S\u00falad so v\u0161eobecn\u00fdm z\u00e1konom o ochrane \u00fadajov (LGPD)<\/strong><\/p>\n\n\n\n<p>V s\u00falade s braz\u00edlskym v\u0161eobecn\u00fdm z\u00e1konom o ochrane osobn\u00fdch \u00fadajov (LGPD \u2013 z\u00e1kon \u010d. 13.709\/2018) garantujeme, \u017ee spracovanie osobn\u00fdch \u00fadajov pou\u017e\u00edvate\u013eov sa vykon\u00e1va transparentn\u00fdm, bezpe\u010dn\u00fdm sp\u00f4sobom a na legit\u00edmne \u00fa\u010dely.<\/p>\n\n\n\n<p>Pou\u017e\u00edvate\u013e m\u00e1 pr\u00e1vo:<\/p>\n\n\n\n<p>Potvrdenie existencie spracovania va\u0161ich \u00fadajov<\/p>\n\n\n\n<p>Pr\u00edstup k va\u0161im osobn\u00fdm \u00fadajom<\/p>\n\n\n\n<p>Oprava ne\u00fapln\u00fdch, nepresn\u00fdch alebo zastaran\u00fdch \u00fadajov<\/p>\n\n\n\n<p>Po\u017eiada\u0165 o anonymiz\u00e1ciu, blokovanie alebo vymazanie nepotrebn\u00fdch \u00fadajov<\/p>\n\n\n\n<p>Po\u017eiadajte o prenosnos\u0165 va\u0161ich \u00fadajov<\/p>\n\n\n\n<p>S\u00fahlas m\u00f4\u017eete kedyko\u013evek odvola\u0165<\/p>\n\n\n\n<p>Z\u00edskajte inform\u00e1cie o tom, s k\u00fdm zdie\u013eame va\u0161e \u00fadaje<\/p>\n\n\n\n<p>Na uplatnenie ktor\u00e9hoko\u013evek z t\u00fdchto pr\u00e1v n\u00e1s pou\u017e\u00edvate\u013e m\u00f4\u017ee kontaktova\u0165 prostredn\u00edctvom kan\u00e1lov dostupn\u00fdch na str\u00e1nke.<\/p>\n\n\n\n<p>Osobn\u00e9 \u00fadaje spracov\u00e1vame iba vtedy, ak existuje platn\u00fd pr\u00e1vny z\u00e1klad, ako napr\u00edklad s\u00fahlas pou\u017e\u00edvate\u013ea, plnenie z\u00e1konn\u00fdch povinnost\u00ed alebo vykon\u00e1vanie po\u017eadovan\u00fdch slu\u017eieb, ako aj opr\u00e1vnen\u00fd z\u00e1ujem, ak je to relevantn\u00e9, a pri re\u0161pektovan\u00ed pr\u00e1v pou\u017e\u00edvate\u013ea.<\/p>\n\n\n\n<p><strong>Pou\u017e\u00edvanie s\u00faborov cookie<\/strong><\/p>\n\n\n\n<p>Na zlep\u0161enie pou\u017e\u00edvate\u013esk\u00e9ho z\u00e1\u017eitku a poskytovanie personalizovan\u00e9ho obsahu pou\u017e\u00edvame s\u00fabory cookie.<\/p>\n\n\n\n<p>Tieto s\u00fabory cookie m\u00f4\u017eu zah\u0155\u0148a\u0165:<\/p>\n\n\n\n<ul>\n<li>S\u00fabory cookie nevyhnutn\u00e9 pre fungovanie str\u00e1nky<\/li>\n\n\n\n<li>Analytick\u00e9 s\u00fabory cookie na pochopenie spr\u00e1vania pou\u017e\u00edvate\u013eov<\/li>\n\n\n\n<li>Reklamn\u00e9 s\u00fabory cookie na zobrazovanie relevantn\u00fdch rekl\u00e1m<\/li>\n<\/ul>\n\n\n\n<p>Pou\u017e\u00edvate\u013e m\u00f4\u017ee kedyko\u013evek spravova\u0165 alebo zak\u00e1za\u0165 s\u00fabory cookie v nastaveniach svojho prehliada\u010da.<\/p>\n\n\n\n<p><strong>Google AdSense a reklama<\/strong><\/p>\n\n\n\n<p>Slu\u017eba Google AdSense, ktor\u00fa pou\u017e\u00edvame na zobrazovanie rekl\u00e1m, pou\u017e\u00edva s\u00fabor cookie DoubleClick na zobrazovanie relevantnej\u0161\u00edch rekl\u00e1m na webe a obmedzenie po\u010dtu zobrazen\u00ed tej istej reklamy pou\u017e\u00edvate\u013eovi.<\/p>\n\n\n\n<p>Viac inform\u00e1ci\u00ed o slu\u017ebe Google AdSense n\u00e1jdete v ofici\u00e1lnych \u010casto kladen\u00fdch ot\u00e1zkach o ochrane osobn\u00fdch \u00fadajov slu\u017eby Google AdSense.<\/p>\n\n\n\n<p>Reklamy pou\u017e\u00edvame na pokrytie prev\u00e1dzkov\u00fdch n\u00e1kladov tejto str\u00e1nky a na zabezpe\u010denie financovania bud\u00faceho rozvoja. S\u00fabory cookie behavior\u00e1lnej reklamy pou\u017e\u00edvan\u00e9 na tejto str\u00e1nke s\u00fa navrhnut\u00e9 tak, aby v\u00e1m zabezpe\u010dili \u010do najrelevantnej\u0161ie reklamy anonymn\u00fdm sledovan\u00edm va\u0161ich z\u00e1ujmov a zobrazovan\u00edm podobn\u00e9ho obsahu, ktor\u00fd by v\u00e1s mohol zauj\u00edma\u0165.<\/p>\n\n\n\n<p><strong>Medzin\u00e1rodn\u00fd prenos \u00fadajov<\/strong><\/p>\n\n\n\n<p>Osobn\u00e9 \u00fadaje m\u00f4\u017eu by\u0165 pren\u00e1\u0161an\u00e9 a ukladan\u00e9 na serveroch nach\u00e1dzaj\u00facich sa mimo krajiny pou\u017e\u00edvate\u013ea vr\u00e1tane Spojen\u00fdch \u0161t\u00e1tov, najm\u00e4 ak pou\u017e\u00edvame slu\u017eby tret\u00edch str\u00e1n, ako napr\u00edklad Google.<\/p>\n\n\n\n<p>Pou\u017e\u00edvan\u00edm tejto str\u00e1nky pou\u017e\u00edvate\u013e s\u00fahlas\u00ed s t\u00fdmto prevodom, ktor\u00fd sa vykon\u00e1va s primeran\u00fdmi bezpe\u010dnostn\u00fdmi opatreniami a v s\u00falade s platn\u00fdmi pr\u00e1vnymi predpismi.<\/p>\n\n\n\n<p><strong>Pridru\u017een\u00e9 spolo\u010dnosti a tretie strany<\/strong><\/p>\n\n\n\n<p>Nieko\u013eko partnerov inzeruje v na\u0161om mene a s\u00fabory cookie na sledovanie affiliate partnerov n\u00e1m jednoducho umo\u017e\u0148uj\u00fa zisti\u0165, \u010di na\u0161i z\u00e1kazn\u00edci nav\u0161t\u00edvili str\u00e1nku prostredn\u00edctvom str\u00e1nok jedn\u00e9ho z na\u0161ich partnerov, aby sme im mohli spr\u00e1vne prip\u00edsa\u0165 kredit a v pr\u00edpade potreby umo\u017eni\u0165 na\u0161im affiliate partnerom pon\u00faka\u0165 propaga\u010dn\u00e9 akcie, ktor\u00e9 v\u00e1m m\u00f4\u017eu prinies\u0165 v\u00fdhody pri n\u00e1kupe.<\/p>\n\n\n\n<p><strong>Z\u00e1v\u00e4zok pou\u017e\u00edvate\u013ea<\/strong><\/p>\n\n\n\n<p>Pou\u017e\u00edvate\u013e s\u00fahlas\u00ed s vhodn\u00fdm pou\u017e\u00edvan\u00edm obsahu a inform\u00e1ci\u00ed, ktor\u00e9 Universo Familia pon\u00faka na str\u00e1nke, vr\u00e1tane, ale nie v\u00fdlu\u010dne:<\/p>\n\n\n\n<p>A) Nez\u00fa\u010dast\u0148ova\u0165 sa na aktivit\u00e1ch, ktor\u00e9 s\u00fa nez\u00e1konn\u00e9 alebo s\u00fa v rozpore s dobrou vierou a verejn\u00fdm poriadkom<\/p>\n\n\n\n<p>B) Ne\u0161\u00edrte propagandu ani obsah rasistickej, xenof\u00f3bnej povahy, hazardn\u00e9 hry, ak\u00fdko\u013evek druh neleg\u00e1lnej pornografie, ospravedl\u0148ovanie terorizmu alebo obsah, ktor\u00fd poru\u0161uje \u013eudsk\u00e9 pr\u00e1va.<\/p>\n\n\n\n<p>C) Nepo\u0161kodzova\u0165 fyzick\u00e9 (hardv\u00e9rov\u00e9) a logick\u00e9 (softv\u00e9rov\u00e9) syst\u00e9my spolo\u010dnosti Universo Familia, jej dod\u00e1vate\u013eov ani tret\u00edch str\u00e1n, ani zav\u00e1dza\u0165 alebo \u0161\u00edri\u0165 po\u010d\u00edta\u010dov\u00e9 v\u00edrusy alebo ak\u00fdko\u013evek in\u00fd syst\u00e9m, ktor\u00fd m\u00f4\u017ee sp\u00f4sobi\u0165 \u0161kodu.<\/p>\n\n\n\n<p><strong>Viac inform\u00e1ci\u00ed<\/strong><\/p>\n\n\n\n<p>D\u00fafame, \u017ee je to jasn\u00e9, a ako u\u017e bolo spomenut\u00e9, ak si nie ste ist\u00ed, je vo v\u0161eobecnosti bezpe\u010dnej\u0161ie ponecha\u0165 s\u00fabory cookie povolen\u00e9 pre pr\u00edpad, \u017ee by ste interagovali s niektorou z funkci\u00ed, ktor\u00e9 pou\u017e\u00edvate na na\u0161ej str\u00e1nke.<\/p>\n\n\n\n<p><strong>D\u00e1tum expir\u00e1cie<\/strong><\/p>\n\n\n\n<p>T\u00e1to politika je platn\u00e1 od <strong>18. marca 2026, 17:53<\/strong>.<\/p>","protected":false},"excerpt":{"rendered":"<p>Va\u0161e s\u00fakromie je pre n\u00e1s d\u00f4le\u017eit\u00e9. Z\u00e1sadou spolo\u010dnosti Universo Familia je re\u0161pektova\u0165 va\u0161e s\u00fakromie, pokia\u013e ide o ak\u00e9ko\u013evek inform\u00e1cie, ktor\u00e9 od v\u00e1s m\u00f4\u017eeme zhroma\u017e\u010fova\u0165 na webovej str\u00e1nke Universo Familia a in\u00fdch str\u00e1nkach, ktor\u00e9 vlastn\u00edme a prev\u00e1dzkujeme. Osobn\u00e9 \u00fadaje po\u017eadujeme iba vtedy, ke\u010f ich skuto\u010dne potrebujeme na poskytnutie slu\u017eby. Rob\u00edme tak spravodliv\u00fdmi prostriedkami a [\u2026]<\/p>","protected":false},"author":139,"featured_media":0,"parent":0,"menu_order":0,"comment_status":"closed","ping_status":"closed","template":"page-nosidebar.php","meta":{"footnotes":""},"yoast_head":"<!-- This site is optimized with the Yoast SEO plugin v23.3 - https:\/\/yoast.com\/wordpress\/plugins\/seo\/ -->\n<title>Pol\u00edtica de Privacidad - Universo Fam\u00edlia<\/title>\n<meta name=\"description\" content=\"Pol\u00edtica Privacidade\" \/>\n<meta name=\"robots\" content=\"index, follow, max-snippet:-1, max-image-preview:large, max-video-preview:-1\" \/>\n<link rel=\"canonical\" href=\"https:\/\/universofamilia.com\/sk\/politica-de-privacidad\/\" \/>\n<meta property=\"og:locale\" content=\"sk_SK\" \/>\n<meta property=\"og:type\" content=\"article\" \/>\n<meta property=\"og:title\" content=\"Pol\u00edtica de Privacidad - Universo Fam\u00edlia\" \/>\n<meta property=\"og:description\" content=\"Pol\u00edtica Privacidade\" \/>\n<meta property=\"og:url\" content=\"https:\/\/universofamilia.com\/sk\/politica-de-privacidad\/\" \/>\n<meta property=\"og:site_name\" content=\"Universo Fam\u00edlia\" \/>\n<meta property=\"article:modified_time\" content=\"2026-03-18T18:04:39+00:00\" \/>\n<meta name=\"twitter:card\" content=\"summary_large_image\" \/>\n<meta name=\"twitter:label1\" content=\"Est. reading time\" \/>\n\t<meta name=\"twitter:data1\" content=\"5 min\u00fat\" \/>\n<script type=\"application\/ld+json\" class=\"yoast-schema-graph\">{\"@context\":\"https:\/\/schema.org\",\"@graph\":[{\"@type\":\"WebPage\",\"@id\":\"https:\/\/universofamilia.com\/politica-de-privacidad\/\",\"url\":\"https:\/\/universofamilia.com\/politica-de-privacidad\/\",\"name\":\"Pol\u00edtica de Privacidad - Universo Fam\u00edlia\",\"isPartOf\":{\"@id\":\"https:\/\/universofamilia.com\/el\/#website\"},\"datePublished\":\"2023-05-21T23:46:35+00:00\",\"dateModified\":\"2026-03-18T18:04:39+00:00\",\"description\":\"Pol\u00edtica Privacidade\",\"breadcrumb\":{\"@id\":\"https:\/\/universofamilia.com\/politica-de-privacidad\/#breadcrumb\"},\"inLanguage\":\"sk-SK\",\"potentialAction\":[{\"@type\":\"ReadAction\",\"target\":[\"https:\/\/universofamilia.com\/politica-de-privacidad\/\"]}]},{\"@type\":\"BreadcrumbList\",\"@id\":\"https:\/\/universofamilia.com\/politica-de-privacidad\/#breadcrumb\",\"itemListElement\":[{\"@type\":\"ListItem\",\"position\":1,\"name\":\"Home\",\"item\":\"https:\/\/universofamilia.com\/el\/\"},{\"@type\":\"ListItem\",\"position\":2,\"name\":\"Pol\u00edtica de Privacidad\"}]},{\"@type\":\"WebSite\",\"@id\":\"https:\/\/universofamilia.com\/el\/#website\",\"url\":\"https:\/\/universofamilia.com\/el\/\",\"name\":\"Universo Fam\u00edlia\",\"description\":\"\",\"potentialAction\":[{\"@type\":\"SearchAction\",\"target\":{\"@type\":\"EntryPoint\",\"urlTemplate\":\"https:\/\/universofamilia.com\/el\/?s={search_term_string}\"},\"query-input\":\"required name=search_term_string\"}],\"inLanguage\":\"sk-SK\"}]}<\/script>\n<!-- \/ Yoast SEO plugin. -->","yoast_head_json":{"title":"Pol\u00edtica de Privacidad - Universo Fam\u00edlia","description":"Pol\u00edtica Privacidade","robots":{"index":"index","follow":"follow","max-snippet":"max-snippet:-1","max-image-preview":"max-image-preview:large","max-video-preview":"max-video-preview:-1"},"canonical":"https:\/\/universofamilia.com\/sk\/politica-de-privacidad\/","og_locale":"sk_SK","og_type":"article","og_title":"Pol\u00edtica de Privacidad - Universo Fam\u00edlia","og_description":"Pol\u00edtica Privacidade","og_url":"https:\/\/universofamilia.com\/sk\/politica-de-privacidad\/","og_site_name":"Universo Fam\u00edlia","article_modified_time":"2026-03-18T18:04:39+00:00","twitter_card":"summary_large_image","twitter_misc":{"Est. reading time":"5 min\u00fat"},"schema":{"@context":"https:\/\/schema.org","@graph":[{"@type":"WebPage","@id":"https:\/\/universofamilia.com\/politica-de-privacidad\/","url":"https:\/\/universofamilia.com\/politica-de-privacidad\/","name":"Pol\u00edtica de Privacidad - Universo Fam\u00edlia","isPartOf":{"@id":"https:\/\/universofamilia.com\/el\/#website"},"datePublished":"2023-05-21T23:46:35+00:00","dateModified":"2026-03-18T18:04:39+00:00","description":"Pol\u00edtica Privacidade","breadcrumb":{"@id":"https:\/\/universofamilia.com\/politica-de-privacidad\/#breadcrumb"},"inLanguage":"sk-SK","potentialAction":[{"@type":"ReadAction","target":["https:\/\/universofamilia.com\/politica-de-privacidad\/"]}]},{"@type":"BreadcrumbList","@id":"https:\/\/universofamilia.com\/politica-de-privacidad\/#breadcrumb","itemListElement":[{"@type":"ListItem","position":1,"name":"Home","item":"https:\/\/universofamilia.com\/el\/"},{"@type":"ListItem","position":2,"name":"Pol\u00edtica de Privacidad"}]},{"@type":"WebSite","@id":"https:\/\/universofamilia.com\/el\/#website","url":"https:\/\/universofamilia.com\/el\/","name":"Universo Fam\u00edlia","description":"","potentialAction":[{"@type":"SearchAction","target":{"@type":"EntryPoint","urlTemplate":"https:\/\/universofamilia.com\/el\/?s={search_term_string}"},"query-input":"required name=search_term_string"}],"inLanguage":"sk-SK"}]}},"_links":{"self":[{"href":"https:\/\/universofamilia.com\/sk\/wp-json\/wp\/v2\/pages\/7945"}],"collection":[{"href":"https:\/\/universofamilia.com\/sk\/wp-json\/wp\/v2\/pages"}],"about":[{"href":"https:\/\/universofamilia.com\/sk\/wp-json\/wp\/v2\/types\/page"}],"author":[{"embeddable":true,"href":"https:\/\/universofamilia.com\/sk\/wp-json\/wp\/v2\/users\/139"}],"replies":[{"embeddable":true,"href":"https:\/\/universofamilia.com\/sk\/wp-json\/wp\/v2\/comments?post=7945"}],"version-history":[{"count":5,"href":"https:\/\/universofamilia.com\/sk\/wp-json\/wp\/v2\/pages\/7945\/revisions"}],"predecessor-version":[{"id":10548,"href":"https:\/\/universofamilia.com\/sk\/wp-json\/wp\/v2\/pages\/7945\/revisions\/10548"}],"wp:attachment":[{"href":"https:\/\/universofamilia.com\/sk\/wp-json\/wp\/v2\/media?parent=7945"}],"curies":[{"name":"wp","href":"https:\/\/api.w.org\/{rel}","templated":true}]}}