{"id":7945,"date":"2023-05-21T23:46:35","date_gmt":"2023-05-21T23:46:35","guid":{"rendered":"https:\/\/universofamilia.com\/?page_id=3"},"modified":"2026-03-18T15:04:39","modified_gmt":"2026-03-18T18:04:39","slug":"politica-de-privacidad","status":"publish","type":"page","link":"https:\/\/universofamilia.com\/zh_hk\/\u96b1\u79c1\u6b0a\u653f\u7b56\/","title":{"rendered":"\u96b1\u79c1\u6b0a\u653f\u7b56"},"content":{"rendered":"<p>\u60a8\u7684\u96b1\u79c1\u5c0d\u6211\u5011\u81f3\u95dc\u91cd\u8981\u3002 Universo Familia \u7684\u653f\u7b56\u662f\u5c0a\u91cd\u60a8\u7684\u96b1\u79c1\uff0c\u4fdd\u8b77\u6211\u5011\u53ef\u80fd\u900f\u904e Universo Familia \u7db2\u7ad9\u4ee5\u53ca\u6211\u5011\u64c1\u6709\u548c\u7d93\u71df\u7684\u5176\u4ed6\u7db2\u7ad9\u6536\u96c6\u7684\u4efb\u4f55\u8cc7\u8a0a\u3002<\/p>\n\n\n\n<p>\u6211\u5011\u50c5\u5728\u771f\u6b63\u9700\u8981\u6642\u624d\u6703\u5411\u60a8\u7d22\u53d6\u500b\u4eba\u8cc7\u8a0a\uff0c\u4ee5\u4fbf\u70ba\u60a8\u63d0\u4f9b\u670d\u52d9\u3002\u6211\u5011\u6703\u900f\u904e\u516c\u5e73\u5408\u6cd5\u7684\u65b9\u5f0f\uff0c\u5728\u60a8\u77e5\u60c5\u4e26\u540c\u610f\u7684\u60c5\u6cc1\u4e0b\u6536\u96c6\u60a8\u7684\u500b\u4eba\u8cc7\u8a0a\u3002\u6211\u5011\u4e5f\u6703\u544a\u77e5\u60a8\u6536\u96c6\u8cc7\u8a0a\u7684\u539f\u56e0\u4ee5\u53ca\u8cc7\u8a0a\u7684\u4f7f\u7528\u65b9\u5f0f\u3002<\/p>\n\n\n\n<p>\u6211\u5011\u50c5\u5728\u63d0\u4f9b\u6240\u8acb\u6c42\u670d\u52d9\u6240\u9700\u7684\u671f\u9650\u5167\u4fdd\u7559\u6536\u96c6\u5230\u7684\u8cc7\u8a0a\u3002\u5132\u5b58\u8cc7\u6599\u6642\uff0c\u6211\u5011\u6703\u63a1\u53d6\u5546\u696d\u4e0a\u5408\u7406\u7684\u63aa\u65bd\u4fdd\u8b77\u6578\u64da\uff0c\u9632\u6b62\u8cc7\u6599\u907a\u5931\u3001\u88ab\u76dc\u4ee5\u53ca\u672a\u7d93\u6388\u6b0a\u7684\u5b58\u53d6\u3001\u63ed\u9732\u3001\u8907\u88fd\u3001\u4f7f\u7528\u6216\u4fee\u6539\u3002<\/p>\n\n\n\n<p>\u9664\u6cd5\u5f8b\u8981\u6c42\u5916\uff0c\u6211\u5011\u4e0d\u6703\u516c\u958b\u6216\u8207\u7b2c\u4e09\u65b9\u5206\u4eab\u500b\u4eba\u8b58\u5225\u8cc7\u8a0a\u3002<\/p>\n\n\n\n<p>\u6211\u5011\u7684\u7db2\u7ad9\u53ef\u80fd\u5305\u542b\u975e\u6211\u5011\u7d93\u71df\u7684\u5916\u90e8\u7db2\u7ad9\u7684\u9023\u7d50\u3002\u8acb\u6ce8\u610f\uff0c\u6211\u5011\u7121\u6cd5\u63a7\u5236\u9019\u4e9b\u7db2\u7ad9\u7684\u5167\u5bb9\u6216\u505a\u6cd5\uff0c\u4e5f\u7121\u6cd5\u5c0d\u5176\u5404\u81ea\u7684\u96b1\u79c1\u6b0a\u653f\u7b56\u627f\u64d4\u4efb\u4f55\u8cac\u4efb\u3002<\/p>\n\n\n\n<p>\u60a8\u53ef\u4ee5\u62d2\u7d55\u6211\u5011\u7d22\u53d6\u500b\u4eba\u8cc7\u8a0a\u7684\u8981\u6c42\uff0c\u4f46\u8acb\u77ad\u89e3\uff0c\u9019\u53ef\u80fd\u6703\u5c0e\u81f4\u6211\u5011\u7121\u6cd5\u5411\u60a8\u63d0\u4f9b\u67d0\u4e9b\u60a8\u60f3\u8981\u7684\u670d\u52d9\u3002<\/p>\n\n\n\n<p>\u7e7c\u7e8c\u4f7f\u7528\u672c\u7db2\u7ad9\u5373\u8868\u793a\u60a8\u63a5\u53d7\u6211\u5011\u7684\u96b1\u79c1\u548c\u500b\u4eba\u8cc7\u8a0a\u8655\u7406\u65b9\u5f0f\u3002\u5982\u679c\u60a8\u5c0d\u6211\u5011\u5982\u4f55\u8655\u7406\u7528\u6236\u8cc7\u6599\u548c\u500b\u4eba\u8cc7\u8a0a\u6709\u4efb\u4f55\u7591\u554f\uff0c\u8acb\u8207\u6211\u5011\u806f\u7d61\u3002<\/p>\n\n\n\n<p><strong>\u9075\u5b88\u901a\u7528\u8cc7\u6599\u4fdd\u8b77\u6cd5\uff08LGPD\uff09<\/strong><\/p>\n\n\n\n<p>\u6839\u64da\u5df4\u897f\u300a\u500b\u4eba\u8cc7\u6599\u4fdd\u8b77\u6cd5\u300b\uff08LGPD \u2013 \u7b2c 13.709\/2018 \u865f\u6cd5\u5f8b\uff09\uff0c\u6211\u5011\u4fdd\u8b49\u4ee5\u900f\u660e\u3001\u5b89\u5168\u7684\u65b9\u5f0f\u8655\u7406\u7528\u6236\u7684\u500b\u4eba\u6578\u64da\uff0c\u4e26\u7528\u65bc\u5408\u6cd5\u76ee\u7684\u3002<\/p>\n\n\n\n<p>\u7528\u6236\u64c1\u6709\u4ee5\u4e0b\u6b0a\u5229\uff1a<\/p>\n\n\n\n<p>\u78ba\u8a8d\u60a8\u7684\u8cc7\u6599\u662f\u5426\u6b63\u5728\u8655\u7406<\/p>\n\n\n\n<p>\u5b58\u53d6\u60a8\u7684\u500b\u4eba\u6578\u64da<\/p>\n\n\n\n<p>\u66f4\u6b63\u4e0d\u5b8c\u6574\u3001\u4e0d\u6e96\u78ba\u6216\u904e\u6642\u7684\u6578\u64da<\/p>\n\n\n\n<p>\u8acb\u6c42\u5c0d\u4e0d\u5fc5\u8981\u7684\u8cc7\u6599\u9032\u884c\u533f\u540d\u5316\u3001\u5c01\u9396\u6216\u522a\u9664\u3002<\/p>\n\n\n\n<p>\u8acb\u6c42\u8cc7\u6599\u53ef\u651c\u6027<\/p>\n\n\n\n<p>\u60a8\u53ef\u4ee5\u96a8\u6642\u64a4\u56de\u540c\u610f<\/p>\n\n\n\n<p>\u4e86\u89e3\u6211\u5011\u6703\u8207\u54ea\u4e9b\u6a5f\u69cb\u5206\u4eab\u60a8\u7684\u6578\u64da<\/p>\n\n\n\n<p>\u5982\u9700\u884c\u4f7f\u4e0a\u8ff0\u4efb\u4f55\u6b0a\u5229\uff0c\u4f7f\u7528\u8005\u53ef\u900f\u904e\u7db2\u7ad9\u4e0a\u63d0\u4f9b\u7684\u7ba1\u9053\u8207\u6211\u5011\u806f\u7d61\u3002<\/p>\n\n\n\n<p>\u6211\u5011\u50c5\u5728\u6709\u5408\u6cd5\u4f9d\u64da\u7684\u60c5\u6cc1\u4e0b\u8655\u7406\u500b\u4eba\u6578\u64da\uff0c\u4f8b\u5982\u7528\u6236\u540c\u610f\u3001\u9075\u5b88\u6cd5\u5f8b\u7fa9\u52d9\u6216\u57f7\u884c\u6240\u8acb\u6c42\u7684\u670d\u52d9\uff0c\u4ee5\u53ca\u5728\u9069\u7528\u60c5\u6cc1\u4e0b\u51fa\u65bc\u5408\u6cd5\u5229\u76ca\u4e26\u5c0a\u91cd\u7528\u6236\u7684\u6b0a\u5229\u3002<\/p>\n\n\n\n<p><strong>Cookie \u7684\u4f7f\u7528<\/strong><\/p>\n\n\n\n<p>\u6211\u5011\u4f7f\u7528 Cookie \u4f86\u6539\u5584\u4f7f\u7528\u8005\u9ad4\u9a57\u4e26\u63d0\u4f9b\u500b\u4eba\u5316\u5167\u5bb9\u3002<\/p>\n\n\n\n<p>\u9019\u4e9b Cookie \u53ef\u80fd\u5305\u62ec\uff1a<\/p>\n\n\n\n<ul>\n<li>\u7db2\u7ad9\u904b\u4f5c\u6240\u9700\u7684 Cookie<\/li>\n\n\n\n<li>\u7528\u65bc\u4e86\u89e3\u4f7f\u7528\u8005\u884c\u70ba\u7684\u5206\u6790\u578b Cookie<\/li>\n\n\n\n<li>\u7528\u4f86\u5c55\u793a\u76f8\u95dc\u5ee3\u544a\u7684\u5ee3\u544a Cookie<\/li>\n<\/ul>\n\n\n\n<p>\u4f7f\u7528\u8005\u53ef\u96a8\u6642\u5728\u700f\u89bd\u5668\u8a2d\u5b9a\u4e2d\u7ba1\u7406\u6216\u505c\u7528 Cookie\u3002<\/p>\n\n\n\n<p><strong>Google AdSense \u548c\u5ee3\u544a<\/strong><\/p>\n\n\n\n<p>\u6211\u5011\u7528\u65bc\u5c55\u793a\u5ee3\u544a\u7684 Google AdSense \u670d\u52d9\u4f7f\u7528 DoubleClick cookie \u5728\u7db2\u8def\u4e0a\u6295\u653e\u66f4\u76f8\u95dc\u7684\u5ee3\u544a\uff0c\u4e26\u9650\u5236\u76f8\u540c\u5ee3\u544a\u5411\u4f7f\u7528\u8005\u986f\u793a\u7684\u6b21\u6578\u3002<\/p>\n\n\n\n<p>\u6709\u95dc Google AdSense \u7684\u66f4\u591a\u4fe1\u606f\uff0c\u8acb\u53c3\u95b1 Google AdSense \u5b98\u65b9\u96b1\u79c1\u6b0a\u5e38\u898b\u554f\u984c\u89e3\u7b54\u3002<\/p>\n\n\n\n<p>\u6211\u5011\u4f7f\u7528\u5ee3\u544a\u4f86\u62b5\u92b7\u672c\u7db2\u7ad9\u7684\u71df\u904b\u6210\u672c\uff0c\u4e26\u70ba\u672a\u4f86\u7684\u767c\u5c55\u63d0\u4f9b\u8cc7\u91d1\u3002\u672c\u7db2\u7ad9\u4f7f\u7528\u7684\u884c\u70ba\u5ee3\u544a Cookie \u65e8\u5728\u900f\u904e\u533f\u540d\u8ffd\u8e64\u60a8\u7684\u8208\u8da3\u4e26\u5411\u60a8\u5c55\u793a\u60a8\u53ef\u80fd\u611f\u8208\u8da3\u7684\u985e\u4f3c\u5167\u5bb9\uff0c\u5f9e\u800c\u78ba\u4fdd\u60a8\u6536\u5230\u76e1\u53ef\u80fd\u76f8\u95dc\u7684\u5ee3\u544a\u3002<\/p>\n\n\n\n<p><strong>\u570b\u969b\u8cc7\u6599\u50b3\u8f38<\/strong><\/p>\n\n\n\n<p>\u500b\u4eba\u8cc7\u6599\u53ef\u80fd\u6703\u50b3\u8f38\u4e26\u5132\u5b58\u5728\u7528\u6236\u6240\u5728\u570b\u5bb6\/\u5730\u5340\u4ee5\u5916\u7684\u4f3a\u670d\u5668\u4e0a\uff0c\u5305\u62ec\u7f8e\u570b\uff0c\u5c24\u5176\u662f\u7576\u6211\u5011\u4f7f\u7528 Google \u7b49\u7b2c\u4e09\u65b9\u670d\u52d9\u6642\u3002<\/p>\n\n\n\n<p>\u4f7f\u7528\u672c\u7db2\u7ad9\u5373\u8868\u793a\u4f7f\u7528\u8005\u63a5\u53d7\u6b64\u9805\u8f49\u8cec\uff0c\u8a72\u8f49\u5e33\u5c07\u63a1\u53d6\u9069\u7576\u7684\u5b89\u5168\u63aa\u65bd\u4e26\u4f9d\u9069\u7528\u6cd5\u5f8b\u9032\u884c\u3002<\/p>\n\n\n\n<p><strong>\u95dc\u806f\u516c\u53f8\u548c\u7b2c\u4e09\u65b9<\/strong><\/p>\n\n\n\n<p>\u6709\u4e9b\u5408\u4f5c\u5925\u4f34\u6703\u4ee3\u8868\u6211\u5011\u6295\u653e\u5ee3\u544a\uff0c\u806f\u76df\u8ffd\u8e64 cookie \u53ef\u4ee5\u8b93\u6211\u5011\u770b\u5230\u6211\u5011\u7684\u5ba2\u6236\u662f\u5426\u900f\u904e\u6211\u5011\u5408\u4f5c\u5925\u4f34\u7684\u7db2\u7ad9\u9020\u8a2a\u4e86\u672c\u7db2\u7ad9\uff0c\u4ee5\u4fbf\u6211\u5011\u80fd\u5920\u6b63\u78ba\u5730\u5411\u4ed6\u5011\u652f\u4ed8\u4f63\u91d1\uff0c\u4e26\u5728\u9069\u7576\u7684\u6642\u5019\u5141\u8a31\u6211\u5011\u7684\u806f\u76df\u5408\u4f5c\u5925\u4f34\u63d0\u4f9b\u4fc3\u92b7\u6d3b\u52d5\uff0c\u9019\u4e9b\u6d3b\u52d5\u53ef\u80fd\u6703\u5728\u60a8\u8cfc\u7269\u6642\u70ba\u60a8\u5e36\u4f86\u597d\u8655\u3002<\/p>\n\n\n\n<p><strong>\u7528\u6236\u627f\u8afe<\/strong><\/p>\n\n\n\n<p>\u4f7f\u7528\u8005\u540c\u610f\u5408\u7406\u4f7f\u7528Universo Familia\u7db2\u7ad9\u4e0a\u63d0\u4f9b\u7684\u5167\u5bb9\u548c\u8a0a\u606f\uff0c\u5305\u62ec\u4f46\u4e0d\u9650\u65bc\uff1a<\/p>\n\n\n\n<p>A) \u4e0d\u5f97\u53c3\u8207\u4efb\u4f55\u975e\u6cd5\u6216\u9055\u53cd\u8aa0\u4fe1\u548c\u516c\u5171\u79e9\u5e8f\u7684\u6d3b\u52d5<\/p>\n\n\n\n<p>B) \u4e0d\u5f97\u50b3\u64ad\u7a2e\u65cf\u4e3b\u7fa9\u3001\u4ec7\u5916\u6027\u8cea\u7684\u5ba3\u50b3\u6216\u5167\u5bb9\u3001\u8ced\u535a\u5167\u5bb9\u3001\u4efb\u4f55\u985e\u578b\u7684\u975e\u6cd5\u8272\u60c5\u5167\u5bb9\u3001\u70ba\u6050\u6016\u4e3b\u7fa9\u8faf\u8b77\u7684\u5167\u5bb9\u6216\u4fb5\u72af\u4eba\u6b0a\u7684\u5167\u5bb9<\/p>\n\n\n\n<p>C) \u4e0d\u5f97\u5c0dUniverso Familia\u3001\u5176\u4f9b\u61c9\u5546\u6216\u7b2c\u4e09\u65b9\u7684\u5be6\u9ad4\uff08\u786c\u9ad4\uff09\u548c\u908f\u8f2f\uff08\u8edf\u9ad4\uff09\u7cfb\u7d71\u9020\u6210\u640d\u5bb3\uff0c\u4e5f\u4e0d\u5f97\u5f15\u5165\u6216\u50b3\u64ad\u96fb\u8166\u75c5\u6bd2\u6216\u4efb\u4f55\u5176\u4ed6\u53ef\u80fd\u9020\u6210\u640d\u5bb3\u7684\u7cfb\u7d71\u3002<\/p>\n\n\n\n<p><strong>\u66f4\u591a\u8cc7\u8a0a<\/strong><\/p>\n\n\n\n<p>\u6211\u5011\u5e0c\u671b\u9019\u4e00\u9ede\u5df2\u7d93\u5f88\u6e05\u695a\u4e86\u3002\u5982\u524d\u6240\u8ff0\uff0c\u5982\u679c\u60a8\u6709\u4efb\u4f55\u4e0d\u78ba\u5b9a\u4e4b\u8655\uff0c\u70ba\u4e86\u78ba\u4fdd\u60a8\u80fd\u4f7f\u7528\u6211\u5011\u7db2\u7ad9\u4e0a\u7684\u4efb\u4f55\u529f\u80fd\uff0c\u901a\u5e38\u6700\u597d\u4fdd\u6301\u555f\u7528 cookie \u7684\u72c0\u614b\u3002<\/p>\n\n\n\n<p><strong>\u622a\u6b62\u65e5\u671f<\/strong><\/p>\n\n\n\n<p>\u8a72\u653f\u7b56\u81ea[\u65e5\u671f]\u8d77\u751f\u6548 <strong>2026\u5e743\u670818\u65e5\u4e0b\u53485:53<\/strong>.<\/p>","protected":false},"excerpt":{"rendered":"<p>Tu privacidad es importante para nosotros. Es pol\u00edtica de Universo Familia respetar tu privacidad en relaci\u00f3n con cualquier informaci\u00f3n tuya que podamos recopilar en el sitio web Universo Familia y en otros sitios que poseemos y operamos. Solicitamos informaci\u00f3n personal \u00fanicamente cuando realmente la necesitamos para brindarte un servicio. Lo hacemos por medios justos y [&hellip;]<\/p>","protected":false},"author":139,"featured_media":0,"parent":0,"menu_order":0,"comment_status":"closed","ping_status":"closed","template":"page-nosidebar.php","meta":{"footnotes":""},"yoast_head":"<!-- This site is optimized with the Yoast SEO plugin v23.3 - https:\/\/yoast.com\/wordpress\/plugins\/seo\/ -->\n<title>Pol\u00edtica de Privacidad - Universo Fam\u00edlia<\/title>\n<meta name=\"description\" content=\"Pol\u00edtica Privacidade\" \/>\n<meta name=\"robots\" content=\"index, follow, max-snippet:-1, max-image-preview:large, max-video-preview:-1\" \/>\n<link rel=\"canonical\" href=\"https:\/\/universofamilia.com\/zh_hk\/\u96b1\u79c1\u6b0a\u653f\u7b56\/\" \/>\n<meta property=\"og:locale\" content=\"zh_HK\" \/>\n<meta property=\"og:type\" content=\"article\" \/>\n<meta property=\"og:title\" content=\"Pol\u00edtica de Privacidad - Universo Fam\u00edlia\" \/>\n<meta property=\"og:description\" content=\"Pol\u00edtica Privacidade\" \/>\n<meta property=\"og:url\" content=\"https:\/\/universofamilia.com\/zh_hk\/\u96b1\u79c1\u6b0a\u653f\u7b56\/\" \/>\n<meta property=\"og:site_name\" content=\"Universo Fam\u00edlia\" \/>\n<meta property=\"article:modified_time\" content=\"2026-03-18T18:04:39+00:00\" \/>\n<meta name=\"twitter:card\" content=\"summary_large_image\" \/>\n<meta name=\"twitter:label1\" content=\"Est. reading time\" \/>\n\t<meta name=\"twitter:data1\" content=\"5 \u5206\u9418\" \/>\n<script type=\"application\/ld+json\" class=\"yoast-schema-graph\">{\"@context\":\"https:\/\/schema.org\",\"@graph\":[{\"@type\":\"WebPage\",\"@id\":\"https:\/\/universofamilia.com\/politica-de-privacidad\/\",\"url\":\"https:\/\/universofamilia.com\/politica-de-privacidad\/\",\"name\":\"Pol\u00edtica de Privacidad - Universo Fam\u00edlia\",\"isPartOf\":{\"@id\":\"https:\/\/universofamilia.com\/el\/#website\"},\"datePublished\":\"2023-05-21T23:46:35+00:00\",\"dateModified\":\"2026-03-18T18:04:39+00:00\",\"description\":\"Pol\u00edtica Privacidade\",\"breadcrumb\":{\"@id\":\"https:\/\/universofamilia.com\/politica-de-privacidad\/#breadcrumb\"},\"inLanguage\":\"zh-HK\",\"potentialAction\":[{\"@type\":\"ReadAction\",\"target\":[\"https:\/\/universofamilia.com\/politica-de-privacidad\/\"]}]},{\"@type\":\"BreadcrumbList\",\"@id\":\"https:\/\/universofamilia.com\/politica-de-privacidad\/#breadcrumb\",\"itemListElement\":[{\"@type\":\"ListItem\",\"position\":1,\"name\":\"Home\",\"item\":\"https:\/\/universofamilia.com\/el\/\"},{\"@type\":\"ListItem\",\"position\":2,\"name\":\"Pol\u00edtica de Privacidad\"}]},{\"@type\":\"WebSite\",\"@id\":\"https:\/\/universofamilia.com\/el\/#website\",\"url\":\"https:\/\/universofamilia.com\/el\/\",\"name\":\"Universo Fam\u00edlia\",\"description\":\"\",\"potentialAction\":[{\"@type\":\"SearchAction\",\"target\":{\"@type\":\"EntryPoint\",\"urlTemplate\":\"https:\/\/universofamilia.com\/el\/?s={search_term_string}\"},\"query-input\":\"required name=search_term_string\"}],\"inLanguage\":\"zh-HK\"}]}<\/script>\n<!-- \/ Yoast SEO plugin. -->","yoast_head_json":{"title":"Pol\u00edtica de Privacidad - Universo Fam\u00edlia","description":"Pol\u00edtica Privacidade","robots":{"index":"index","follow":"follow","max-snippet":"max-snippet:-1","max-image-preview":"max-image-preview:large","max-video-preview":"max-video-preview:-1"},"canonical":"https:\/\/universofamilia.com\/zh_hk\/\u96b1\u79c1\u6b0a\u653f\u7b56\/","og_locale":"zh_HK","og_type":"article","og_title":"Pol\u00edtica de Privacidad - Universo Fam\u00edlia","og_description":"Pol\u00edtica Privacidade","og_url":"https:\/\/universofamilia.com\/zh_hk\/\u96b1\u79c1\u6b0a\u653f\u7b56\/","og_site_name":"Universo Fam\u00edlia","article_modified_time":"2026-03-18T18:04:39+00:00","twitter_card":"summary_large_image","twitter_misc":{"Est. reading time":"5 \u5206\u9418"},"schema":{"@context":"https:\/\/schema.org","@graph":[{"@type":"WebPage","@id":"https:\/\/universofamilia.com\/politica-de-privacidad\/","url":"https:\/\/universofamilia.com\/politica-de-privacidad\/","name":"Pol\u00edtica de Privacidad - Universo Fam\u00edlia","isPartOf":{"@id":"https:\/\/universofamilia.com\/el\/#website"},"datePublished":"2023-05-21T23:46:35+00:00","dateModified":"2026-03-18T18:04:39+00:00","description":"Pol\u00edtica Privacidade","breadcrumb":{"@id":"https:\/\/universofamilia.com\/politica-de-privacidad\/#breadcrumb"},"inLanguage":"zh-HK","potentialAction":[{"@type":"ReadAction","target":["https:\/\/universofamilia.com\/politica-de-privacidad\/"]}]},{"@type":"BreadcrumbList","@id":"https:\/\/universofamilia.com\/politica-de-privacidad\/#breadcrumb","itemListElement":[{"@type":"ListItem","position":1,"name":"Home","item":"https:\/\/universofamilia.com\/el\/"},{"@type":"ListItem","position":2,"name":"Pol\u00edtica de Privacidad"}]},{"@type":"WebSite","@id":"https:\/\/universofamilia.com\/el\/#website","url":"https:\/\/universofamilia.com\/el\/","name":"Universo Fam\u00edlia","description":"","potentialAction":[{"@type":"SearchAction","target":{"@type":"EntryPoint","urlTemplate":"https:\/\/universofamilia.com\/el\/?s={search_term_string}"},"query-input":"required name=search_term_string"}],"inLanguage":"zh-HK"}]}},"_links":{"self":[{"href":"https:\/\/universofamilia.com\/zh_hk\/wp-json\/wp\/v2\/pages\/7945"}],"collection":[{"href":"https:\/\/universofamilia.com\/zh_hk\/wp-json\/wp\/v2\/pages"}],"about":[{"href":"https:\/\/universofamilia.com\/zh_hk\/wp-json\/wp\/v2\/types\/page"}],"author":[{"embeddable":true,"href":"https:\/\/universofamilia.com\/zh_hk\/wp-json\/wp\/v2\/users\/139"}],"replies":[{"embeddable":true,"href":"https:\/\/universofamilia.com\/zh_hk\/wp-json\/wp\/v2\/comments?post=7945"}],"version-history":[{"count":5,"href":"https:\/\/universofamilia.com\/zh_hk\/wp-json\/wp\/v2\/pages\/7945\/revisions"}],"predecessor-version":[{"id":10548,"href":"https:\/\/universofamilia.com\/zh_hk\/wp-json\/wp\/v2\/pages\/7945\/revisions\/10548"}],"wp:attachment":[{"href":"https:\/\/universofamilia.com\/zh_hk\/wp-json\/wp\/v2\/media?parent=7945"}],"curies":[{"name":"wp","href":"https:\/\/api.w.org\/{rel}","templated":true}]}}